{"id":2194,"date":"2017-11-18T20:20:39","date_gmt":"2017-11-18T20:20:39","guid":{"rendered":"http:\/\/biblian.is\/1981\/esekiel-45-kafli\/"},"modified":"2021-06-06T10:50:57","modified_gmt":"2021-06-06T10:50:57","slug":"esekiel-45-kafli","status":"publish","type":"page","link":"https:\/\/biblian.is\/1981\/esekiel-45-kafli\/","title":{"rendered":"Esek\u00edel 45. kafli"},"content":{"rendered":"<p><a name=\"1\"><span class=\"versanumer\">1<\/span><\/a>\u00deegar \u00fe\u00e9r skipti\u00f0 landinu me\u00f0 hlutkesti til arfleif\u00f0ar, skulu\u00f0 \u00fe\u00e9r gefa Drottni f\u00f3rnargj\u00f6f af \u00fev\u00ed, heilaga landspildu, 25.000 \u00e1lna \u00e1 lengd og 20.000 \u00e1lna \u00e1 breidd. Skal h\u00fan heil\u00f6g vera innan takmarka sinna \u00ed allar \u00e1ttir.<a name=\"2\"><span class=\"versanumer\">2<\/span><\/a>Af \u00feessum m\u00e6lda reit skalt \u00fe\u00fa m\u00e6la spildu 25.000 \u00e1lna langa og 10.000 \u00e1lna brei\u00f0a. \u00c1 henni skal helgid\u00f3murinn, hinn h\u00e1heilagi, standa.<a name=\"3\"><span class=\"versanumer\">3<\/span><\/a>\u00dea\u00f0 er helgigj\u00f6f \u00ed jar\u00f0eign. Skal h\u00fan tilheyra prestunum, \u00feeim er gegna \u00fej\u00f3nustu vi\u00f0 helgid\u00f3minn og n\u00e1lgast mega Drottin til a\u00f0 \u00fej\u00f3na honum. Skal \u00fea\u00f0 vera h\u00fasast\u00e6\u00f0i handa \u00feeim og tilheyra helgid\u00f3minum sem heilagt sv\u00e6\u00f0i.<a name=\"4\"><span class=\"versanumer\">4<\/span><\/a>\u00dear af skal falla undir helgid\u00f3minn ferhyrndur fl\u00f6tur, fimm hundru\u00f0 \u00e1lna \u00e1 hvern veg, og fimmt\u00edu \u00e1lna teigur skal vera kringum hann.<a name=\"5\"><span class=\"versanumer\">5<\/span><\/a>Og 25.000 \u00e1lna l\u00f6ng landspilda og 10.000 \u00e1lna brei\u00f0 skal falla undir lev\u00edtana, \u00fe\u00e1 er \u00fej\u00f3nustu gegna vi\u00f0 musteri\u00f0, sem \u00feeirra land fyrir borgir til \u00feess a\u00f0 b\u00faa \u00ed.<a name=\"6\"><span class=\"versanumer\">6<\/span><\/a>Og sem fasteign borgarinnar skulu\u00f0 \u00fe\u00e9r tiltaka 5.000 \u00e1lna brei\u00f0a spildu og 25.000 \u00e1lna langa, jafnlanga hinni heil\u00f6gu f\u00f3rnargj\u00f6f. Skal h\u00fan vera eign allra \u00cdsraelsmanna.<a name=\"7\"><span class=\"versanumer\">7<\/span><\/a>En handa landsh\u00f6f\u00f0ingjanum skulu\u00f0 \u00fe\u00e9r tiltaka landshluta beggja vegna vi\u00f0 helgu\u00f0u landspilduna og borgarreitinn, me\u00f0fram hinni helgu\u00f0u landspildu og me\u00f0fram borgarreitnum, vestanmegin til vesturs og austanmegin til austurs, og skal hann vera jafnlangur einum erf\u00f0ahluta \u00e6ttkv\u00edslanna og n\u00e1 fr\u00e1 vesturtakm\u00f6rkum til austurtakmarka landsins.<a name=\"8\"><span class=\"versanumer\">8<\/span><\/a>\u00deetta skal vera landeign hans \u00ed \u00cdsrael, svo a\u00f0 h\u00f6f\u00f0ingjar m\u00ednir veiti eigi framar \u00fej\u00f3\u00f0 minni yfirgang, heldur f\u00e1i \u00cdsraelsm\u00f6nnum landi\u00f0 eftir \u00e6ttkv\u00edslum \u00feeirra.<a name=\"9\"><span class=\"versanumer\">9<\/span><\/a>Svo segir Drottinn Gu\u00f0: L\u00e1ti\u00f0 y\u00f0ur n\u00e6gja \u00feetta, \u00fe\u00e9r \u00cdsraels h\u00f6f\u00f0ingjar! L\u00e1ti\u00f0 af ofr\u00edki og yfirgangi, en i\u00f0ki\u00f0 r\u00e9tt og r\u00e9ttl\u00e6ti! L\u00e1ti\u00f0 af a\u00f0 reka \u00fej\u00f3\u00f0 m\u00edna af eignum hennar! _ segir Drottinn Gu\u00f0.<a name=\"10\"><span class=\"versanumer\">10<\/span><\/a>\u00de\u00e9r skulu\u00f0 hafa r\u00e9tta vog, r\u00e9tta efu og r\u00e9tta bat.<a name=\"11\"><span class=\"versanumer\">11<\/span><\/a>Efa og bat skulu vera jafnar a\u00f0 m\u00e1li, svo a\u00f0 bat taki t\u00edunda part g\u00f3mers og s\u00f6mulei\u00f0is efa t\u00edunda part g\u00f3mers. Eftir g\u00f3mer skal hvort tveggja m\u00e6last.<a name=\"12\"><span class=\"versanumer\">12<\/span><\/a>Sikill skal vera tuttugu gerur. Fimm siklar skulu vera r\u00e9ttir fimm og t\u00edu siklar r\u00e9ttir t\u00edu. Fimmt\u00edu siklar skulu vera \u00ed m\u00ednu.<a name=\"13\"><span class=\"versanumer\">13<\/span><\/a>\u00deetta er f\u00f3rnargj\u00f6fin, sem \u00fe\u00e9r skulu\u00f0 gefa: 1\/6 efu af hverjum g\u00f3mer hveitis og 1\/6 efu af hverjum g\u00f3mer byggs.<a name=\"14\"><span class=\"versanumer\">14<\/span><\/a>Og \u00e1kv\u00e6\u00f0i\u00f0 um ol\u00edfuol\u00eduna er \u00feetta: 1\/10 \u00far bat af hverju k\u00f3r  \u00fev\u00ed a\u00f0 t\u00edu bat eru \u00ed einu k\u00f3r .<a name=\"15\"><span class=\"versanumer\">15<\/span><\/a>Enn fremur einn sau\u00f0 af hj\u00f6r\u00f0inni, af hverjum tveim hundru\u00f0um, sem f\u00f3rnargj\u00f6f fr\u00e1 \u00f6llum kynkv\u00edslum \u00cdsraels til matf\u00f3rnar, brennif\u00f3rnar og heillaf\u00f3rnar, til \u00feess a\u00f0 fri\u00f0\u00fe\u00e6gja fyrir \u00fe\u00e1 _ segir Drottinn Gu\u00f0.<a name=\"16\"><span class=\"versanumer\">16<\/span><\/a>Allur landsl\u00fd\u00f0urinn skal vera skyldur til a\u00f0 f\u00e6ra landsh\u00f6f\u00f0ingjanum \u00ed \u00cdsrael \u00feessa f\u00f3rnargj\u00f6f.<a name=\"17\"><span class=\"versanumer\">17<\/span><\/a>En landsh\u00f6f\u00f0inginn skal vera skyldur a\u00f0 leggja til brennif\u00f3rnir, matf\u00f3rn og dreypif\u00f3rn \u00e1 h\u00e1t\u00ed\u00f0um, tunglkomum og hv\u00edldard\u00f6gum vi\u00f0 allar h\u00e1t\u00ed\u00f0asamkomur \u00cdsraelsmanna. Hann skal l\u00e1ta fram bera syndaf\u00f3rnina og matf\u00f3rnina og brennif\u00f3rnina og heillaf\u00f3rnirnar til \u00feess a\u00f0 fri\u00f0\u00fe\u00e6gja fyrir \u00cdsraelsmenn.<a name=\"18\"><span class=\"versanumer\">18<\/span><\/a>Svo segir Drottinn Gu\u00f0: \u00c1 fyrsta degi hins fyrsta m\u00e1na\u00f0ar skalt \u00fe\u00fa taka ungan uxa gallalausan og syndhreinsa helgid\u00f3minn.<a name=\"19\"><span class=\"versanumer\">19<\/span><\/a>Og presturinn skal taka af bl\u00f3\u00f0i syndaf\u00f3rnarinnar og r\u00ed\u00f0a \u00e1 dyrastafi musterisins og \u00e1 fj\u00f3ra hyrninga altarisstallanna og \u00e1 dyrastafi hli\u00f0sins a\u00f0 innri forgar\u00f0inum.<a name=\"20\"><span class=\"versanumer\">20<\/span><\/a>Og eins skalt \u00fe\u00fa gj\u00f6ra \u00e1 fyrsta degi hins sj\u00f6unda m\u00e1na\u00f0ar vegna \u00feeirra, sem af vang\u00e1 e\u00f0a f\u00e1k\u00e6nsku kynnu a\u00f0 hafa misgj\u00f6rt eitthva\u00f0, og \u00feannig skulu\u00f0 \u00fe\u00e9r \u00feiggja musteri\u00f0 \u00ed fri\u00f0.<a name=\"21\"><span class=\"versanumer\">21<\/span><\/a>\u00c1 fj\u00f3rt\u00e1nda degi hins fyrsta m\u00e1na\u00f0ar skulu\u00f0 \u00fe\u00e9r halda p\u00e1skah\u00e1t\u00ed\u00f0ina, \u00ed sj\u00f6 daga skulu etin \u00f3s\u00fdr\u00f0 brau\u00f0.<a name=\"22\"><span class=\"versanumer\">22<\/span><\/a>Og \u00e1 \u00feeim degi skal landsh\u00f6f\u00f0inginn l\u00e1ta bera fram uxa \u00ed syndaf\u00f3rn fyrir sig og allan landsl\u00fd\u00f0inn.<a name=\"23\"><span class=\"versanumer\">23<\/span><\/a>Og sj\u00f6 daga h\u00e1t\u00ed\u00f0arinnar skal hann l\u00e1ta fram bera sem brennif\u00f3rn Drottni til handa sj\u00f6 uxa og sj\u00f6 hr\u00fata gallalausa, \u00e1 hverjum degi \u00feessa sj\u00f6 daga, svo og daglega geithafur \u00ed syndaf\u00f3rn.<a name=\"24\"><span class=\"versanumer\">24<\/span><\/a>Og sem matf\u00f3rn skal hann l\u00e1ta fram bera efu me\u00f0 hverjum uxa og efu me\u00f0 hverjum hr\u00fat, og ol\u00edu, h\u00edn me\u00f0 hverri efu.<a name=\"25\"><span class=\"versanumer\">25<\/span><\/a>\u00c1 fimmt\u00e1nda degi hins sj\u00f6unda m\u00e1na\u00f0ar, \u00e1 h\u00e1t\u00ed\u00f0inni, skal hann \u00ed sj\u00f6 daga l\u00e1ta fram bera jafnmiki\u00f0 \u00feessu, b\u00e6\u00f0i syndaf\u00f3rn og brennif\u00f3rn og matf\u00f3rn og ol\u00edu.<\/p>\n<div class=\"footnote1981\"><b>45.1<\/b> Landinu skipt Esk 48.1-29; J\u00f3s 13.6-21.43 \u2013 heil\u00f6g landsspilda Esk 48.8-12<br \/>\n<b>45.5<\/b> Hutur lev\u00edtanna Esk 48.13-14<br \/>\n<b>45.6<\/b> Hlutur borgarinnar Esk 48.15-20<br \/>\n<b>45.7<\/b> Hlutur landsh\u00f6f\u00f0ingja Esk 48.21-22<br \/>\n<b>45.9<\/b> R\u00e9ttl\u00e1tir stj\u00f3rnendur Jer 22.2-3<br \/>\n<b>45.10<\/b> R\u00e9tt vog 3M\u00f3s 19.35-36<br \/>\n<b>45.13<\/b> Afgjald 2M\u00f3s 30.13-16; sbr Matt 23.23<br \/>\n<b>45.19<\/b> Bl\u00f3\u00f0 f\u00f3rnarinnar 2M\u00f3s 12.7; 3M\u00f3s 16.14-15,18-19; sbr Esk 44.15+<br \/>\n<b>42.21<\/b> P\u00e1skar 2M\u00f3s 12.1-14; 3M\u00f3s 23.5; 4M\u00f3s 28.16-25; 5M\u00f3s 16.1-8 \u2013 \u00f3s\u00fdrt brau\u00f0 2M\u00f3s 12.15-20; 3M\u00f3s 23.6-7<br \/>\n<b>45.25<\/b> H\u00e1t\u00ed\u00f0in 3M\u00f3s 23.34-36,39-43; 4M\u00f3s 29.12-39; 5M\u00f3s 16.13-15<\/div>\n","protected":false},"excerpt":{"rendered":"<p>1\u00deegar \u00fe\u00e9r skipti\u00f0 landinu me\u00f0 hlutkesti til arfleif\u00f0ar, skulu\u00f0 \u00fe\u00e9r gefa Drottni f\u00f3rnargj\u00f6f af \u00fev\u00ed, heilaga landspildu, 25.000 \u00e1lna \u00e1 lengd og 20.000 \u00e1lna \u00e1 breidd. Skal h\u00fan heil\u00f6g vera innan takmarka sinna \u00ed allar \u00e1ttir.2Af \u00feessum m\u00e6lda reit skalt \u00fe\u00fa m\u00e6la spildu 25.000 \u00e1lna langa og 10.000 \u00e1lna brei\u00f0a. \u00c1 henni skal helgid\u00f3murinn, hinn h\u00e1heilagi, standa.3\u00dea\u00f0 er helgigj\u00f6f \u00ed jar\u00f0eign. Skal h\u00fan tilheyra prestunum, \u00feeim er gegna \u00fej\u00f3nustu vi\u00f0 helgid\u00f3minn og n\u00e1lgast mega Drottin til a\u00f0 \u00fej\u00f3na honum. Skal \u00fea\u00f0 vera h\u00fasast\u00e6\u00f0i handa \u00feeim og tilheyra helgid\u00f3minum sem heilagt sv\u00e6\u00f0i.4\u00dear af skal falla undir helgid\u00f3minn ferhyrndur fl\u00f6tur, fimm hundru\u00f0 <a href=\"https:\/\/biblian.is\/1981\/esekiel-45-kafli\/\"> [&#8230;]<\/a><\/p>\n","protected":false},"author":1,"featured_media":0,"parent":0,"menu_order":0,"comment_status":"open","ping_status":"open","template":"bibliukaflar.php","meta":{"footnotes":""},"class_list":["post-2194","page","type-page","status-publish","hentry"],"_links":{"self":[{"href":"https:\/\/biblian.is\/1981\/wp-json\/wp\/v2\/pages\/2194","targetHints":{"allow":["GET"]}}],"collection":[{"href":"https:\/\/biblian.is\/1981\/wp-json\/wp\/v2\/pages"}],"about":[{"href":"https:\/\/biblian.is\/1981\/wp-json\/wp\/v2\/types\/page"}],"author":[{"embeddable":true,"href":"https:\/\/biblian.is\/1981\/wp-json\/wp\/v2\/users\/1"}],"replies":[{"embeddable":true,"href":"https:\/\/biblian.is\/1981\/wp-json\/wp\/v2\/comments?post=2194"}],"version-history":[{"count":0,"href":"https:\/\/biblian.is\/1981\/wp-json\/wp\/v2\/pages\/2194\/revisions"}],"wp:attachment":[{"href":"https:\/\/biblian.is\/1981\/wp-json\/wp\/v2\/media?parent=2194"}],"curies":[{"name":"wp","href":"https:\/\/api.w.org\/{rel}","templated":true}]}}