{"id":2193,"date":"2017-11-18T20:20:39","date_gmt":"2017-11-18T20:20:39","guid":{"rendered":"http:\/\/biblian.is\/1981\/esekiel-44-kafli\/"},"modified":"2021-06-06T10:50:56","modified_gmt":"2021-06-06T10:50:56","slug":"esekiel-44-kafli","status":"publish","type":"page","link":"https:\/\/biblian.is\/1981\/esekiel-44-kafli\/","title":{"rendered":"Esek\u00edel 44. kafli"},"content":{"rendered":"<p><a name=\"1\"><span class=\"versanumer\">1<\/span><\/a>Hann leiddi mig n\u00fa aftur \u00fat a\u00f0 ytra hli\u00f0i helgid\u00f3msins, \u00fev\u00ed er til austurs vissi. \u00dea\u00f0 var loka\u00f0.<a name=\"2\"><span class=\"versanumer\">2<\/span><\/a>Og Drottinn sag\u00f0i vi\u00f0 mig: \u00deetta hli\u00f0 skal vera loka\u00f0 og ekki opna\u00f0 ver\u00f0a. Enginn ma\u00f0ur skal inn um \u00fea\u00f0 ganga, \u00fev\u00ed a\u00f0 Drottinn, \u00cdsraels Gu\u00f0, hefir inn um \u00fea\u00f0 gengi\u00f0. Fyrir \u00fev\u00ed skal \u00fea\u00f0 loka\u00f0 vera.<a name=\"3\"><span class=\"versanumer\">3<\/span><\/a>\u00de\u00f3 m\u00e1 landsh\u00f6f\u00f0inginn setjast \u00fear ni\u00f0ur til \u00feess a\u00f0 eta f\u00f3rnarm\u00e1lt\u00ed\u00f0 frammi fyrir Drottni. Skal hann fara inn um forsal hli\u00f0sins og fara \u00fat aftur sama veg.<a name=\"4\"><span class=\"versanumer\">4<\/span><\/a>\u00dev\u00ed n\u00e6st leiddi hann mig a\u00f0 nor\u00f0urhli\u00f0inu fyrir framan framhli\u00f0 musterisins. S\u00e1 \u00e9g \u00fe\u00e1, hversu d\u00fdr\u00f0 Drottins fyllti musteri Drottins, og \u00e9g f\u00e9ll fram \u00e1 \u00e1sj\u00f3nu m\u00edna.<a name=\"5\"><span class=\"versanumer\">5<\/span><\/a>En Drottinn sag\u00f0i vi\u00f0 mig: Mannsson, legg \u00fe\u00e9r \u00e1 hjarta, sj\u00e1 me\u00f0 augum \u00fe\u00ednum og hl\u00fd\u00f0 me\u00f0 eyrum \u00fe\u00ednum \u00e1 allt \u00fea\u00f0, sem \u00e9g segi \u00fe\u00e9r um \u00f6ll \u00e1kv\u00e6\u00f0i vi\u00f0v\u00edkjandi musteri Drottins og um allar \u00fe\u00e6r tilskipanir, er \u00fea\u00f0 snerta, og g\u00e6t vandlega a\u00f0 inng\u00f6ngunni \u00ed musteri\u00f0 og \u00f6llum \u00fatg\u00f6ngum \u00far helgid\u00f3minum.<a name=\"6\"><span class=\"versanumer\">6<\/span><\/a>Seg vi\u00f0 hina \u00fever\u00fa\u00f0arfullu, vi\u00f0 \u00cdsraelsmenn: Svo segir Drottinn Gu\u00f0: N\u00fa hafi\u00f0 \u00fe\u00e9r, \u00cdsraelsmenn, n\u00f3gu lengi frami\u00f0 allar y\u00f0ar sv\u00edvir\u00f0ingar,<a name=\"7\"><span class=\"versanumer\">7<\/span><\/a>\u00fear sem \u00fe\u00e9r leiddu\u00f0 inn \u00fatlenda menn, \u00f3umskorna b\u00e6\u00f0i \u00e1 hjarta og \u00e1 holdi, a\u00f0 \u00feeir v\u00e6ru \u00ed helgid\u00f3mi m\u00ednum, til \u00feess a\u00f0 vanhelga musteri mitt, \u00feegar \u00fe\u00e9r f\u00e6r\u00f0u\u00f0 m\u00e9r mat minn, m\u00f6r og bl\u00f3\u00f0, og rufu\u00f0 \u00feannig s\u00e1ttm\u00e1la minn ofan \u00e1 allar sv\u00edvir\u00f0ingar y\u00f0ar.<a name=\"8\"><span class=\"versanumer\">8<\/span><\/a>\u00de\u00e9r hafi\u00f0 eigi annast \u00fej\u00f3nustu helgid\u00f3ma minna, heldur settu\u00f0 \u00fe\u00e9r \u00fe\u00e1 til \u00feess a\u00f0 annast \u00fej\u00f3nustuna \u00ed helgid\u00f3mi m\u00ednum.<a name=\"9\"><span class=\"versanumer\">9<\/span><\/a>Svo segir Drottinn Gu\u00f0: Enginn \u00fatlendur ma\u00f0ur, \u00f3umskorinn b\u00e6\u00f0i \u00e1 hjarta og holdi, m\u00e1 inn \u00ed helgid\u00f3m minn koma _ enginn af \u00feeim \u00fatlendingum, sem b\u00faa me\u00f0al \u00cdsraelsmanna.<a name=\"10\"><span class=\"versanumer\">10<\/span><\/a>Lev\u00edtarnir fjarl\u00e6g\u00f0u sig fr\u00e1 m\u00e9r, \u00fe\u00e1 er \u00cdsrael f\u00f3r villur vegar. Me\u00f0 \u00fev\u00ed a\u00f0 \u00feeir villtust burt fr\u00e1 m\u00e9r og eltu falsgu\u00f0i s\u00edna, skulu \u00feeir gj\u00f6ld taka fyrir misgj\u00f6r\u00f0 s\u00edna.<a name=\"11\"><span class=\"versanumer\">11<\/span><\/a>\u00deeir skulu gegna \u00fej\u00f3nustu \u00ed helgid\u00f3mi m\u00ednum sem var\u00f0flokkar vi\u00f0 hli\u00f0 musterisins og sem musteris\u00fej\u00f3nar. \u00deeir skulu sl\u00e1tra brennif\u00f3rninni og sl\u00e1turf\u00f3rninni fyrir l\u00fd\u00f0inn og standa frammi fyrir \u00feeim til \u00feess a\u00f0 \u00fej\u00f3na \u00feeim.<a name=\"12\"><span class=\"versanumer\">12<\/span><\/a>Af \u00fev\u00ed a\u00f0 \u00feeir \u00fej\u00f3nu\u00f0u \u00feeim frammi fyrir skur\u00f0go\u00f0um \u00feeirra og ur\u00f0u \u00cdsraelsm\u00f6nnum f\u00f3takefli til hr\u00f6sunar, fyrir \u00fev\u00ed hefi \u00e9g hafi\u00f0 h\u00f6nd m\u00edna gegn \u00feeim, _ segir Drottinn Gu\u00f0 _ og \u00feeir skulu taka gj\u00f6ld fyrir misgj\u00f6r\u00f0 s\u00edna.<a name=\"13\"><span class=\"versanumer\">13<\/span><\/a>\u00deeir skulu ekki n\u00e1lgast mig til \u00feess a\u00f0 veita m\u00e9r prest\u00fej\u00f3nustu og n\u00e1lgast alla helgid\u00f3ma m\u00edna, hina h\u00e1heil\u00f6gu, heldur skulu \u00feeir bera vanvir\u00f0u s\u00edna og taka gj\u00f6ld fyrir \u00fe\u00e6r sv\u00edvir\u00f0ingar, sem \u00feeir fr\u00f6mdu.<a name=\"14\"><span class=\"versanumer\">14<\/span><\/a>\u00c9g vil setja \u00fe\u00e1 til \u00feess a\u00f0 gegna \u00fej\u00f3nustu vi\u00f0 musteri\u00f0, til \u00feess a\u00f0 annast \u00fea\u00f0 a\u00f0 \u00f6llu leyti og allt, sem \u00fear er a\u00f0 gj\u00f6ra.<a name=\"15\"><span class=\"versanumer\">15<\/span><\/a>En lev\u00edtaprestarnir, ni\u00f0jar Sad\u00f3ks, \u00feeir er r\u00e6ktu \u00fej\u00f3nustu helgid\u00f3ms m\u00edns, \u00fe\u00e1 er \u00cdsraelsmenn villtust fr\u00e1 m\u00e9r, \u00feeir skulu n\u00e1lgast mig til \u00feess a\u00f0 \u00fej\u00f3na m\u00e9r, og \u00feeir skulu ganga fram fyrir mig til \u00feess a\u00f0 f\u00e6ra m\u00e9r m\u00f6r og bl\u00f3\u00f0 _ segir Drottinn Gu\u00f0.<a name=\"16\"><span class=\"versanumer\">16<\/span><\/a>\u00deeir skulu ganga inn \u00ed helgid\u00f3m minn og \u00feeir skulu n\u00e1lgast bor\u00f0 mitt til a\u00f0 \u00fej\u00f3na m\u00e9r, og \u00feeir skulu r\u00e6kja \u00fej\u00f3nustu m\u00edna.<a name=\"17\"><span class=\"versanumer\">17<\/span><\/a>Og er \u00feeir ganga inn \u00ed hli\u00f0 innri forgar\u00f0sins, skulu \u00feeir kl\u00e6\u00f0ast l\u00ednkl\u00e6\u00f0um. Ekkert ullarfat skulu \u00feeir \u00e1 s\u00e9r bera, \u00fe\u00e1 er \u00feeir gegna \u00fej\u00f3nustu \u00ed hli\u00f0um innri forgar\u00f0sins og \u00fear innar af.<a name=\"18\"><span class=\"versanumer\">18<\/span><\/a>\u00deeir skulu hafa ennid\u00faka af l\u00edni um h\u00f6fu\u00f0 s\u00e9r og l\u00ednbr\u00e6kur um lendar s\u00e9r. Eigi skulu \u00feeir gyr\u00f0ast neinu, er svita veldur.<a name=\"19\"><span class=\"versanumer\">19<\/span><\/a>En \u00feegar \u00feeir ganga \u00fat \u00ed ytri forgar\u00f0inn til l\u00fd\u00f0sins, skulu \u00feeir fara \u00far \u00feeim kl\u00e6\u00f0um, er \u00feeir gegna \u00fej\u00f3nustu \u00ed, og leggja \u00feau \u00ed herbergi helgid\u00f3msins og fara \u00ed \u00f6nnur kl\u00e6\u00f0i, svo a\u00f0 \u00feeir helgi ekki l\u00fd\u00f0inn me\u00f0 kl\u00e6\u00f0um s\u00ednum.<a name=\"20\"><span class=\"versanumer\">20<\/span><\/a>\u00deeir skulu ekki raka h\u00f6fu\u00f0 s\u00edn, n\u00e9 l\u00e1ta h\u00e1ri\u00f0 flaka, heldur hafa st\u00fdft h\u00e1r.<a name=\"21\"><span class=\"versanumer\">21<\/span><\/a>V\u00edn skal enginn prestur drekka, \u00feegar hann gengur inn \u00ed innri forgar\u00f0inn.<a name=\"22\"><span class=\"versanumer\">22<\/span><\/a>Enga ekkju n\u00e9 \u00fe\u00e1 konu, sem vi\u00f0 mann er skilin, mega \u00feeir taka s\u00e9r a\u00f0 eiginkonu, heldur a\u00f0eins meyjar af \u00e6tt \u00cdsraelsmanna. \u00de\u00f3 mega \u00feeir kvongast ekkju, s\u00e9 h\u00fan ekkja eftir prest.<a name=\"23\"><span class=\"versanumer\">23<\/span><\/a>\u00deeir skulu kenna l\u00fd\u00f0 m\u00ednum a\u00f0 gj\u00f6ra greinarmun \u00e1 heil\u00f6gu og \u00f3heil\u00f6gu og fr\u00e6\u00f0a hann um muninn \u00e1 \u00f3hreinu og hreinu.<a name=\"24\"><span class=\"versanumer\">24<\/span><\/a>Og \u00feeir skulu standa frammi til \u00feess a\u00f0 d\u00e6ma \u00ed deilum\u00e1lum manna. Eftir m\u00ednum l\u00f6gum skulu \u00feeir d\u00e6ma \u00fe\u00e1, og bo\u00f0or\u00f0a minna og \u00e1kv\u00e6\u00f0a skulu \u00feeir g\u00e6ta \u00e1 \u00f6llum l\u00f6gh\u00e1t\u00ed\u00f0um m\u00ednum og halda helga hv\u00edldardaga m\u00edna.<a name=\"25\"><span class=\"versanumer\">25<\/span><\/a>Eigi mega \u00feeir koma n\u00e6rri l\u00edki, svo a\u00f0 \u00feeir saurgist af, nema s\u00e9 l\u00edk f\u00f6\u00f0ur e\u00f0a m\u00f3\u00f0ur, sonar e\u00f0a d\u00f3ttur, br\u00f3\u00f0ur e\u00f0a systur, sem ekki hefir veri\u00f0 manni gefin, \u00e1 \u00fev\u00ed mega \u00feeir saurga sig.<a name=\"26\"><span class=\"versanumer\">26<\/span><\/a>Og eftir a\u00f0 hann er hreinn or\u00f0inn, skulu honum taldir sj\u00f6 dagar.<a name=\"27\"><span class=\"versanumer\">27<\/span><\/a>Og daginn sem hann gengur aftur inn \u00ed helgid\u00f3minn, inn \u00ed innri forgar\u00f0inn til \u00feess a\u00f0 gegna \u00fej\u00f3nustu \u00ed helgid\u00f3minum, skal hann fram bera syndaf\u00f3rn s\u00edna _ segir Drottinn Gu\u00f0.<a name=\"28\"><span class=\"versanumer\">28<\/span><\/a>\u00d3\u00f0al skulu \u00feeir ekkert f\u00e1. \u00c9g er \u00f3\u00f0al \u00feeirra. Og ekki skulu\u00f0 \u00fe\u00e9r gefa \u00feeim fasteign \u00ed \u00cdsrael, \u00e9g er fasteign \u00feeirra.<a name=\"29\"><span class=\"versanumer\">29<\/span><\/a>\u00deeir skulu hafa uppeldi sitt af matf\u00f3rnum, syndaf\u00f3rnum og sektarf\u00f3rnum, og allt, sem er banni helga\u00f0 \u00ed \u00cdsrael, skal tilheyra \u00feeim.<a name=\"30\"><span class=\"versanumer\">30<\/span><\/a>Og hi\u00f0 besta af \u00f6llum frumgr\u00f3\u00f0a, hvers kyns sem er, og allar f\u00f3rnir, hvers kyns sem eru af \u00f6llu \u00fev\u00ed, er \u00fe\u00e9r f\u00e6ri\u00f0 a\u00f0 f\u00f3rnargj\u00f6f, skal tilheyra prestunum. \u00de\u00e9r skulu\u00f0 og gefa prestunum hi\u00f0 besta af deigi y\u00f0ar til \u00feess a\u00f0 lei\u00f0a blessun ni\u00f0ur yfir h\u00fas y\u00f0ar.<a name=\"31\"><span class=\"versanumer\">31<\/span><\/a>Prestarnir mega ekki eta neitt sj\u00e1lfdautt n\u00e9 \u00fea\u00f0, sem d\u00fdrrifi\u00f0 er, hvort heldur er fugl e\u00f0a f\u00e9na\u00f0ur.<\/p>\n<div class=\"footnote1981\"><b>44.2<\/b> Drottinn kom inn Esk 43.4<br \/>\n<b>44.3<\/b> \u00dej\u00f3\u00f0h\u00f6f\u00f0inginn Esk 45.7; 46.2-18; 48.21-22<br \/>\n<b>44.4<\/b> D\u00fdr\u00f0 Drottins Esk 43.5+<br \/>\n<b>44.7<\/b> M\u00f6r og bl\u00f3\u00f0 Esk 44.15+<br \/>\n<b>44.10<\/b> Misgj\u00f6r\u00f0 lev\u00edtanna 4M\u00f3s 18.1-6<br \/>\n<b>44.11<\/b> Annars v\u00f6rslu hli\u00f0anna 1Kro 9.17-26; 26.1-19 \u2013 musteris\u00fej\u00f3nar 1Kro 9.26-32; 26.20-28<br \/>\n<b>44.15<\/b> Ni\u00f0jar Sad\u00f3ks Esk 40.46+ &#8211; n\u00e1lgast mig 4M\u00f3s 18.7; 1Kro 6.33-38 \u2013 m\u00f6r og bl\u00f3\u00f0 3M\u00f3s 3.2-4,16-17; 4.5-9,16-19,25-29,30-31; 9.9-10,18-19<br \/>\n<b>44.17<\/b> L\u00ednkl\u00e6\u00f0i 2M\u00f3s 28.5,40-42; 3M\u00f3s 6.3; 16.4<br \/>\n<b>44.19<\/b> Kl\u00e6\u00f0i prestanna Esk 42.14<br \/>\n<b>44.20<\/b> Ekki raka h\u00f6fu\u00f0i\u00f0 3M\u00f3s 21.5 \u2013 h\u00e1ri\u00f0 3M\u00f3s 10.6; 21.10; sbr Esk 24.17,23<br \/>\n<b>44.21<\/b> V\u00edn forbo\u00f0i\u00f0 3M\u00f3s 10.9<br \/>\n<b>44.22<\/b> Stofnun hj\u00faskapar 3M\u00f3s 21.7,13<br \/>\n<b>44.23<\/b> Kenna \u00cdsrael 3M\u00f3s 10.10-11; 15.31<br \/>\n<b>44.24<\/b> Halda l\u00f6g og hv\u00edldardaga Esk 20.19-20<br \/>\n<b>44.25<\/b> L\u00edk saurgar 3M\u00f3s 21.1-4<br \/>\n<b>44.28<\/b> Erf\u00f0ahlutur prestanna 4M\u00f3s 18.20-24; 5M\u00f3s 18.1-2; J\u00f3s 13-14<br \/>\n<b>44.31<\/b> Sj\u00e1lfdautt e\u00f0a d\u00fdrrifi\u00f0 Esk 4.14; 2M\u00f3s 22.30; 3M\u00f3s 17.15-16; 22.8; 5M\u00f3s 14.21<\/div>\n","protected":false},"excerpt":{"rendered":"<p>1Hann leiddi mig n\u00fa aftur \u00fat a\u00f0 ytra hli\u00f0i helgid\u00f3msins, \u00fev\u00ed er til austurs vissi. \u00dea\u00f0 var loka\u00f0.2Og Drottinn sag\u00f0i vi\u00f0 mig: \u00deetta hli\u00f0 skal vera loka\u00f0 og ekki opna\u00f0 ver\u00f0a. Enginn ma\u00f0ur skal inn um \u00fea\u00f0 ganga, \u00fev\u00ed a\u00f0 Drottinn, \u00cdsraels Gu\u00f0, hefir inn um \u00fea\u00f0 gengi\u00f0. Fyrir \u00fev\u00ed skal \u00fea\u00f0 loka\u00f0 vera.3\u00de\u00f3 m\u00e1 landsh\u00f6f\u00f0inginn setjast \u00fear ni\u00f0ur til \u00feess a\u00f0 eta f\u00f3rnarm\u00e1lt\u00ed\u00f0 frammi fyrir Drottni. Skal hann fara inn um forsal hli\u00f0sins og fara \u00fat aftur sama veg.4\u00dev\u00ed n\u00e6st leiddi hann mig a\u00f0 nor\u00f0urhli\u00f0inu fyrir framan framhli\u00f0 musterisins. S\u00e1 \u00e9g \u00fe\u00e1, hversu d\u00fdr\u00f0 Drottins fyllti musteri Drottins, og <a href=\"https:\/\/biblian.is\/1981\/esekiel-44-kafli\/\"> [&#8230;]<\/a><\/p>\n","protected":false},"author":1,"featured_media":0,"parent":0,"menu_order":0,"comment_status":"open","ping_status":"open","template":"bibliukaflar.php","meta":{"footnotes":""},"class_list":["post-2193","page","type-page","status-publish","hentry"],"_links":{"self":[{"href":"https:\/\/biblian.is\/1981\/wp-json\/wp\/v2\/pages\/2193","targetHints":{"allow":["GET"]}}],"collection":[{"href":"https:\/\/biblian.is\/1981\/wp-json\/wp\/v2\/pages"}],"about":[{"href":"https:\/\/biblian.is\/1981\/wp-json\/wp\/v2\/types\/page"}],"author":[{"embeddable":true,"href":"https:\/\/biblian.is\/1981\/wp-json\/wp\/v2\/users\/1"}],"replies":[{"embeddable":true,"href":"https:\/\/biblian.is\/1981\/wp-json\/wp\/v2\/comments?post=2193"}],"version-history":[{"count":0,"href":"https:\/\/biblian.is\/1981\/wp-json\/wp\/v2\/pages\/2193\/revisions"}],"wp:attachment":[{"href":"https:\/\/biblian.is\/1981\/wp-json\/wp\/v2\/media?parent=2193"}],"curies":[{"name":"wp","href":"https:\/\/api.w.org\/{rel}","templated":true}]}}