{"id":2192,"date":"2017-11-18T20:20:39","date_gmt":"2017-11-18T20:20:39","guid":{"rendered":"http:\/\/biblian.is\/1981\/esekiel-43-kafli\/"},"modified":"2021-06-06T10:50:56","modified_gmt":"2021-06-06T10:50:56","slug":"esekiel-43-kafli","status":"publish","type":"page","link":"https:\/\/biblian.is\/1981\/esekiel-43-kafli\/","title":{"rendered":"Esek\u00edel 43. kafli"},"content":{"rendered":"<p><a name=\"1\"><span class=\"versanumer\">1<\/span><\/a>\u00de\u00e1 leiddi hann mig a\u00f0 hli\u00f0inu, sem vissi til austurs,<a name=\"2\"><span class=\"versanumer\">2<\/span><\/a>og sj\u00e1, \u00fe\u00e1 kom d\u00fdr\u00f0 \u00cdsraels Gu\u00f0s \u00far austri, og var a\u00f0 heyra sem ni\u00f0 mikilla vatna, og landi\u00f0 var upplj\u00f3ma\u00f0 af d\u00fdr\u00f0 hans.<a name=\"3\"><span class=\"versanumer\">3<\/span><\/a>Og s\u00fa s\u00fdn, sem \u00e9g s\u00e1, var eins og s\u00fdnin, er \u00e9g s\u00e1, \u00fe\u00e1 er hann kom til \u00feess a\u00f0 ey\u00f0a borgina, og sem s\u00fdnin, er \u00e9g s\u00e1 vi\u00f0 Kebarflj\u00f3ti\u00f0. Og \u00e9g f\u00e9ll fram \u00e1 \u00e1sj\u00f3nu m\u00edna.<a name=\"4\"><span class=\"versanumer\">4<\/span><\/a>Og d\u00fdr\u00f0 Drottins f\u00f3r n\u00fa inn \u00ed musteri\u00f0 um hli\u00f0i\u00f0, sem til austurs vissi.<a name=\"5\"><span class=\"versanumer\">5<\/span><\/a>Kraftur andans h\u00f3f mig upp og f\u00e6r\u00f0i mig inn \u00ed innri forgar\u00f0inn, og sj\u00e1, musteri\u00f0 var fullt af d\u00fdr\u00f0 Drottins.<a name=\"6\"><span class=\"versanumer\">6<\/span><\/a>Og \u00e9g heyr\u00f0i einhvern tala til m\u00edn \u00far musterinu, og st\u00f3\u00f0 \u00fe\u00f3 ma\u00f0urinn enn hj\u00e1 m\u00e9r,<a name=\"7\"><span class=\"versanumer\">7<\/span><\/a>og hann sag\u00f0i vi\u00f0 mig: Mannsson, \u00feetta er sta\u00f0ur h\u00e1s\u00e6tis m\u00edns og \u00feetta er sk\u00f6r f\u00f3ta minna, h\u00e9r vil \u00e9g b\u00faa me\u00f0al \u00cdsraelsmanna a\u00f0 eil\u00edfu. Og \u00cdsraelsmenn skulu eigi framar flekka mitt heilaga nafn, hvorki \u00feeir n\u00e9 konungar \u00feeirra, me\u00f0 h\u00f3rd\u00f3mi s\u00ednum og l\u00edkum konunga sinna,<a name=\"8\"><span class=\"versanumer\">8<\/span><\/a>me\u00f0 \u00fev\u00ed a\u00f0 \u00feeir settu \u00fer\u00f6skuld sinn hj\u00e1 m\u00ednum \u00fer\u00f6skuldi og dyrastafi s\u00edna hj\u00e1 m\u00ednum dyrastaf, svo a\u00f0 ekki var nema veggurinn milli m\u00edn og \u00feeirra. Og \u00feannig flekku\u00f0u \u00feeir mitt heilaga nafn me\u00f0 sv\u00edvir\u00f0ingum s\u00ednum, \u00feeim er \u00feeir fr\u00f6mdu, svo a\u00f0 \u00e9g tort\u00edmdi \u00feeim \u00ed rei\u00f0i minni.<a name=\"9\"><span class=\"versanumer\">9<\/span><\/a>N\u00fa munu \u00feeir l\u00e1ta h\u00f3rd\u00f3m sinn og l\u00edk konunga sinna vera langt \u00ed burtu fr\u00e1 m\u00e9r, og \u00e9g mun b\u00faa me\u00f0al \u00feeirra a\u00f0 eil\u00edfu.<a name=\"10\"><span class=\"versanumer\">10<\/span><\/a>En \u00fe\u00fa, mannsson, l\u00fds \u00fe\u00fa musterinu fyrir \u00cdsraelsm\u00f6nnum, til \u00feess a\u00f0 \u00feeir blyg\u00f0ist s\u00edn fyrir misgj\u00f6r\u00f0ir s\u00ednar.<a name=\"11\"><span class=\"versanumer\">11<\/span><\/a>Og \u00feegar \u00feeir blyg\u00f0ast s\u00edn fyrir allt \u00fea\u00f0, sem \u00feeir hafa frami\u00f0, \u00fe\u00e1 skalt \u00fe\u00fa draga upp musteri\u00f0 og skipulag \u00feess, \u00fatgangana \u00far \u00fev\u00ed og inngangana \u00ed \u00fea\u00f0 og alla l\u00f6gun \u00feess og kunngj\u00f6ra \u00feeim allar tilskipanir og lagafyrirm\u00e6li um \u00fea\u00f0, og skrifa \u00fe\u00fa \u00fea\u00f0 upp fyrir augum \u00feeirra, til \u00feess a\u00f0 \u00feeir athugi alla l\u00f6gun \u00feess og \u00f6ll \u00e1kv\u00e6\u00f0i um \u00fea\u00f0 og fari eftir \u00feeim.<a name=\"12\"><span class=\"versanumer\">12<\/span><\/a>\u00deetta er \u00e1kv\u00e6\u00f0i\u00f0 um musteri\u00f0: Efst uppi \u00e1 fjallinu skal allt sv\u00e6\u00f0i \u00feess hringinn \u00ed kring teljast h\u00e1heilagt. Sj\u00e1, \u00feetta er \u00e1kv\u00e6\u00f0i\u00f0 um musteri\u00f0.<a name=\"13\"><span class=\"versanumer\">13<\/span><\/a>\u00deetta er m\u00e1l altarisins a\u00f0 \u00e1lnatali, alinin talin ein alin og \u00feverh\u00f6nd: Umgj\u00f6r\u00f0in ni\u00f0ur vi\u00f0 j\u00f6r\u00f0ina skal vera \u00e1lnar h\u00e1 og \u00e1lnar brei\u00f0 og br\u00fanin \u00fat \u00e1 r\u00f6ndinni hringinn \u00ed kring spannarbrei\u00f0. Og \u00feetta er h\u00e6\u00f0 altarisins:<a name=\"14\"><span class=\"versanumer\">14<\/span><\/a>Fr\u00e1 umgj\u00f6r\u00f0inni ni\u00f0ur vi\u00f0 j\u00f6r\u00f0ina upp a\u00f0 ne\u00f0ri stallinum tv\u00e6r \u00e1lnir og breiddin ein alin, og fr\u00e1 minni stallinum upp \u00e1 meiri stallinn fj\u00f3rar \u00e1lnir og breiddin ein alin.<a name=\"15\"><span class=\"versanumer\">15<\/span><\/a>Og eldst\u00e6\u00f0i\u00f0 var fj\u00f3rar \u00e1lnir, og upp af eldst\u00e6\u00f0inu gengu hornin fj\u00f6gur.<a name=\"16\"><span class=\"versanumer\">16<\/span><\/a>Og eldst\u00e6\u00f0i\u00f0 var t\u00f3lf \u00e1lna langt og t\u00f3lf \u00e1lna breitt, ferhyrningur me\u00f0 fj\u00f3rum j\u00f6fnum hli\u00f0um.<a name=\"17\"><span class=\"versanumer\">17<\/span><\/a>Og meiri stallurinn var fj\u00f3rt\u00e1n \u00e1lna langur og fj\u00f3rt\u00e1n \u00e1lna brei\u00f0ur \u00e1 hli\u00f0arnar fj\u00f3rar, og br\u00fanin \u00ed kringum hann h\u00e1lf alin og umgj\u00f6r\u00f0in um hann ein alin hringinn \u00ed kring. En \u00ferepin upp a\u00f0 altarinu vissu \u00ed austur.<a name=\"18\"><span class=\"versanumer\">18<\/span><\/a>Og hann sag\u00f0i vi\u00f0 mig: Mannsson, svo segir Drottinn Gu\u00f0: \u00deetta eru \u00e1kv\u00e6\u00f0in um altari\u00f0 \u00feann dag, er \u00fea\u00f0 er alb\u00fai\u00f0, svo a\u00f0 \u00e1 \u00fev\u00ed ver\u00f0i f\u00f3rna\u00f0 brennif\u00f3rn og bl\u00f3\u00f0i st\u00f6kkt \u00e1 \u00fea\u00f0.<a name=\"19\"><span class=\"versanumer\">19<\/span><\/a>\u00de\u00e1 skalt \u00fe\u00fa f\u00e1 ungan uxa til syndaf\u00f3rnar lev\u00edtaprestunum, sem eru af \u00e6tt Sad\u00f3ks og mega n\u00e1lgast mig, _ segir Drottinn Gu\u00f0 _ til \u00feess a\u00f0 \u00fej\u00f3na m\u00e9r.<a name=\"20\"><span class=\"versanumer\">20<\/span><\/a>\u00de\u00fa skalt taka nokku\u00f0 af bl\u00f3\u00f0i hans og r\u00ed\u00f0a \u00fev\u00ed \u00e1 fj\u00f6gur horn altarisins, og \u00e1 fj\u00f3rar hyrningar stallanna og \u00e1 umgj\u00f6r\u00f0ina hringinn \u00ed kring og syndhreinsa \u00fea\u00f0 og fri\u00f0\u00fe\u00e6gja fyrir \u00fea\u00f0.<a name=\"21\"><span class=\"versanumer\">21<\/span><\/a>S\u00ed\u00f0an skalt \u00fe\u00fa taka syndaf\u00f3rnaruxann og l\u00e1ta brenna hann hj\u00e1 var\u00f0h\u00fasi musterisins fyrir utan helgid\u00f3minn.<a name=\"22\"><span class=\"versanumer\">22<\/span><\/a>Annan daginn skalt \u00fe\u00fa f\u00e6ra gallalausan geithafur \u00ed syndaf\u00f3rn, til \u00feess a\u00f0 altari\u00f0 ver\u00f0i syndhreinsa\u00f0 me\u00f0 honum, eins og \u00fea\u00f0 var syndhreinsa\u00f0 me\u00f0 uxanum.<a name=\"23\"><span class=\"versanumer\">23<\/span><\/a>\u00deegar \u00fe\u00fa hefir loki\u00f0 syndhreinsuninni, skaltu lei\u00f0a fram ungan uxa, gallalausan, og hr\u00fat af hj\u00f6r\u00f0inni gallalausan.<a name=\"24\"><span class=\"versanumer\">24<\/span><\/a>Skalt \u00fe\u00fa lei\u00f0a \u00fe\u00e1 fram fyrir Drottin, og skulu prestarnir dreifa salti \u00e1 \u00fe\u00e1 og f\u00f3rna \u00feeim \u00ed brennif\u00f3rn Drottni til handa.<a name=\"25\"><span class=\"versanumer\">25<\/span><\/a>Sj\u00f6 daga samfleytt skalt \u00fe\u00fa daglega f\u00f3rna hafri \u00ed syndaf\u00f3rn, og auk \u00feess skal f\u00f3rna ungum uxa og hr\u00fat af hj\u00f6r\u00f0inni, b\u00e1\u00f0um gallalausum.<a name=\"26\"><span class=\"versanumer\">26<\/span><\/a>Sj\u00f6 daga skulu menn \u00feiggja altari\u00f0 \u00ed fri\u00f0 og hreinsa \u00fea\u00f0 og v\u00edgja \u00fea\u00f0.<a name=\"27\"><span class=\"versanumer\">27<\/span><\/a>Og er \u00feeir hafa fullna\u00f0 dagana, \u00fe\u00e1 skulu prestarnir \u00e1ttunda daginn og \u00fea\u00f0an \u00ed fr\u00e1 f\u00f3rna \u00e1 altarinu brennif\u00f3rnum y\u00f0ar og heillaf\u00f3rnum, og \u00e9g vil taka y\u00f0ur n\u00e1\u00f0arsamlega, segir Drottinn Gu\u00f0.<\/p>\n<div class=\"footnote1981\"><b>43.2<\/b> D\u00fdr\u00f0 Gu\u00f0s Esk 1.28+<br \/>\n<b>43.3<\/b> Fyrri s\u00fdnir Esk 1.28; 3.12; 10.18-19; 11.22-23 \u2013 borginni eytt Esk 9<br \/>\n<b>43.5<\/b> Andinn Esk 3.14+ &#8211; d\u00fdr\u00f0 Drottins 2M\u00f3s 40.34-35; 1Kon 8.10-11; Jes 6.1-4<br \/>\n<b>43.7<\/b> H\u00e1s\u00e6ti Drottins Jes 6.1; Jer 3.17; sbr Jes 66.1 \u2013 sk\u00f6r f\u00f3ta minna 1Kro 28.2; Slm 99.5; 132.7; Hlj 2.1 \u2013 b\u00fasta\u00f0ur Drottins 2M\u00f3s 25.8; 1Kon 8.12-13<br \/>\n<b>43.13<\/b> Altari\u00f0 2M\u00f3s 27.1-8; 1Kon 8.64; 2Kro 4.1 \u2013 umgj\u00f6r\u00f0in 1Kon 18.32<br \/>\n<b>43.18<\/b> \u00c1kv\u00e6\u00f0in um altari\u00f0 2M\u00f3s 29.36-37; 3M\u00f3s 8.11,15-16; 16.18-19; sbr 1Makk 4.52-56<br \/>\n<b>43.19<\/b> Ni\u00f0jar Sad\u00f3ks Esk 40.46+<br \/>\n<b>43.25<\/b> \u00cd sj\u00f6 daga 3M\u00f3s 8.33-35<br \/>\n<b>43.27<\/b> N\u00e1\u00f0arsamlega Esk 20.40-41<\/div>\n","protected":false},"excerpt":{"rendered":"<p>1\u00de\u00e1 leiddi hann mig a\u00f0 hli\u00f0inu, sem vissi til austurs,2og sj\u00e1, \u00fe\u00e1 kom d\u00fdr\u00f0 \u00cdsraels Gu\u00f0s \u00far austri, og var a\u00f0 heyra sem ni\u00f0 mikilla vatna, og landi\u00f0 var upplj\u00f3ma\u00f0 af d\u00fdr\u00f0 hans.3Og s\u00fa s\u00fdn, sem \u00e9g s\u00e1, var eins og s\u00fdnin, er \u00e9g s\u00e1, \u00fe\u00e1 er hann kom til \u00feess a\u00f0 ey\u00f0a borgina, og sem s\u00fdnin, er \u00e9g s\u00e1 vi\u00f0 Kebarflj\u00f3ti\u00f0. Og \u00e9g f\u00e9ll fram \u00e1 \u00e1sj\u00f3nu m\u00edna.4Og d\u00fdr\u00f0 Drottins f\u00f3r n\u00fa inn \u00ed musteri\u00f0 um hli\u00f0i\u00f0, sem til austurs vissi.5Kraftur andans h\u00f3f mig upp og f\u00e6r\u00f0i mig inn \u00ed innri forgar\u00f0inn, og sj\u00e1, musteri\u00f0 var fullt af d\u00fdr\u00f0 <a href=\"https:\/\/biblian.is\/1981\/esekiel-43-kafli\/\"> [&#8230;]<\/a><\/p>\n","protected":false},"author":1,"featured_media":0,"parent":0,"menu_order":0,"comment_status":"open","ping_status":"open","template":"bibliukaflar.php","meta":{"footnotes":""},"class_list":["post-2192","page","type-page","status-publish","hentry"],"_links":{"self":[{"href":"https:\/\/biblian.is\/1981\/wp-json\/wp\/v2\/pages\/2192","targetHints":{"allow":["GET"]}}],"collection":[{"href":"https:\/\/biblian.is\/1981\/wp-json\/wp\/v2\/pages"}],"about":[{"href":"https:\/\/biblian.is\/1981\/wp-json\/wp\/v2\/types\/page"}],"author":[{"embeddable":true,"href":"https:\/\/biblian.is\/1981\/wp-json\/wp\/v2\/users\/1"}],"replies":[{"embeddable":true,"href":"https:\/\/biblian.is\/1981\/wp-json\/wp\/v2\/comments?post=2192"}],"version-history":[{"count":0,"href":"https:\/\/biblian.is\/1981\/wp-json\/wp\/v2\/pages\/2192\/revisions"}],"wp:attachment":[{"href":"https:\/\/biblian.is\/1981\/wp-json\/wp\/v2\/media?parent=2192"}],"curies":[{"name":"wp","href":"https:\/\/api.w.org\/{rel}","templated":true}]}}