{"id":2190,"date":"2017-11-18T20:20:39","date_gmt":"2017-11-18T20:20:39","guid":{"rendered":"http:\/\/biblian.is\/1981\/esekiel-41-kafli\/"},"modified":"2021-06-06T10:50:56","modified_gmt":"2021-06-06T10:50:56","slug":"esekiel-41-kafli","status":"publish","type":"page","link":"https:\/\/biblian.is\/1981\/esekiel-41-kafli\/","title":{"rendered":"Esek\u00edel 41. kafli"},"content":{"rendered":"<p><a name=\"1\"><span class=\"versanumer\">1<\/span><\/a>\u00deessu n\u00e6st leiddi hann mig inn \u00ed a\u00f0alh\u00fasi\u00f0 og m\u00e6ldi s\u00falurnar, og voru \u00fe\u00e6r sex \u00e1lnir a\u00f0 \u00feykkt b\u00e1\u00f0umegin.<a name=\"2\"><span class=\"versanumer\">2<\/span><\/a>Og dyrnar voru t\u00edu \u00e1lna brei\u00f0ar og dyraveggurinn fimm \u00e1lnir hvorumegin. Hann m\u00e6ldi lengd Hins heilaga, og var h\u00fan fj\u00f6rut\u00edu \u00e1lnir og breiddin tuttugu \u00e1lnir.<a name=\"3\"><span class=\"versanumer\">3<\/span><\/a>S\u00ed\u00f0an gekk hann inn fyrir og m\u00e6ldi dyrast\u00f6plana, og voru \u00feeir tveggja \u00e1lna \u00feykkir og v\u00eddd dyranna sex \u00e1lnir, og dyraveggurinn sj\u00f6 \u00e1lnir hvorumegin.<a name=\"4\"><span class=\"versanumer\">4<\/span><\/a>Og hann m\u00e6ldi lengd h\u00fassins, og var h\u00fan tuttugu \u00e1lnir, og breiddin tuttugu \u00e1lnir frammi vi\u00f0 a\u00f0alh\u00fasi\u00f0. Og hann sag\u00f0i vi\u00f0 mig: \u00deetta er Hi\u00f0 allrahelgasta.<a name=\"5\"><span class=\"versanumer\">5<\/span><\/a>\u00deessu n\u00e6st m\u00e6ldi hann musterisvegginn, og var hann sex \u00e1lna \u00feykkur og breidd hli\u00f0arh\u00fassins fj\u00f3rar \u00e1lnir allt \u00ed kringum musteri\u00f0.<a name=\"6\"><span class=\"versanumer\">6<\/span><\/a>L\u00e1gu herbergin hvert \u00e1fast vi\u00f0 anna\u00f0, \u00ferj\u00e1t\u00edu herbergi \u00e1 \u00feremur h\u00e6\u00f0um. Stallar voru \u00e1 veggnum, sem var \u00e1 musterinu fyrir hli\u00f0arherbergin allt \u00ed kring, til \u00feess a\u00f0 \u00feau hv\u00edldu \u00e1 honum, en v\u00e6ru eigi fest \u00e1 musterisvegginn.<a name=\"7\"><span class=\"versanumer\">7<\/span><\/a>Og \u00feau ur\u00f0u \u00e6 brei\u00f0ari, \u00fev\u00ed ofar sem \u00feau l\u00e1gu kringum musteri\u00f0, \u00fev\u00ed a\u00f0 hli\u00f0arherbergin voru alveg upp \u00far hringinn \u00ed kringum musteri\u00f0. Fyrir \u00fev\u00ed minnka\u00f0i breidd h\u00fassins upp \u00e1 vi\u00f0, og m\u00e1tti ganga af ne\u00f0sta g\u00f3lfi hli\u00f0arh\u00fassins yfir ne\u00f0ra lofti\u00f0 upp \u00e1 efra lofti\u00f0.<a name=\"8\"><span class=\"versanumer\">8<\/span><\/a>\u00de\u00e1 s\u00e1 \u00e9g, a\u00f0 \u00e1 musterish\u00fasinu var pallur hringinn \u00ed kring, og grundv\u00f6llur hli\u00f0arherbergjanna var full sex \u00e1lna m\u00e6list\u00f6ng.<a name=\"9\"><span class=\"versanumer\">9<\/span><\/a>\u00deykkt \u00fatveggsins \u00e1 hli\u00f0arh\u00fasinu var fimm \u00e1lnir, og var autt sv\u00e6\u00f0i milli hli\u00f0arh\u00fassins og musterisins,<a name=\"10\"><span class=\"versanumer\">10<\/span><\/a>milli herbergjanna, tuttugu \u00e1lna breitt hringinn \u00ed kringum musteri\u00f0.<a name=\"11\"><span class=\"versanumer\">11<\/span><\/a>Dyr gengu fr\u00e1 hli\u00f0arh\u00fasinu a\u00f0 au\u00f0u sv\u00e6\u00f0i, a\u00f0rar dyrnar til nor\u00f0urs, hinar til su\u00f0urs. Og breidd au\u00f0a sv\u00e6\u00f0isins var fimm \u00e1lnir hringinn \u00ed kring.<a name=\"12\"><span class=\"versanumer\">12<\/span><\/a>H\u00fas l\u00e1 gegnt afgirta sv\u00e6\u00f0inu vi\u00f0 vesturhli\u00f0ina. Var \u00fea\u00f0 sj\u00f6t\u00edu \u00e1lna breitt og veggur \u00feess fimm \u00e1lna \u00feykkur hringinn \u00ed kring og lengd \u00feess n\u00edut\u00edu \u00e1lnir.<a name=\"13\"><span class=\"versanumer\">13<\/span><\/a>\u00deessu n\u00e6st m\u00e6ldi hann musterish\u00fasi\u00f0, og var \u00fea\u00f0 hundra\u00f0 \u00e1lna langt. Afgirta sv\u00e6\u00f0i\u00f0 og h\u00fasi\u00f0 me\u00f0 veggjum \u00feess var hundra\u00f0 \u00e1lnir \u00e1 lengd.<a name=\"14\"><span class=\"versanumer\">14<\/span><\/a>Og framhli\u00f0 musterish\u00fassins og afgirta sv\u00e6\u00f0i\u00f0 austan megin var hundra\u00f0 \u00e1lnir \u00e1 breidd.<a name=\"15\"><span class=\"versanumer\">15<\/span><\/a>Og hann m\u00e6ldi lengd h\u00fassins gegnt afgirta sv\u00e6\u00f0inu vestan vi\u00f0 \u00fea\u00f0 og s\u00falnag\u00f6ng \u00feess beggja vegna, og var \u00fea\u00f0 hundra\u00f0 \u00e1lnir. A\u00f0alh\u00fasi\u00f0, innh\u00fasi\u00f0 og forsalur \u00feess,<a name=\"16\"><span class=\"versanumer\">16<\/span><\/a>\u00fer\u00f6skuldarnir og sk\u00e1h\u00f6llu gluggarnir og s\u00falnag\u00f6ngin umhverfis, \u00feessi \u00ferj\u00fa h\u00fas voru \u00feilju\u00f0 fr\u00e1 j\u00f6r\u00f0u og upp a\u00f0 gluggum . . .<a name=\"17\"><span class=\"versanumer\">17<\/span><\/a>Uppi yfir dyrum a\u00f0alh\u00fassins innan og utan og \u00e1 \u00f6llum veggnum innan og utan hringinn \u00ed kring<a name=\"18\"><span class=\"versanumer\">18<\/span><\/a>voru gj\u00f6r\u00f0ir ker\u00fabar og p\u00e1lmar, og var einn p\u00e1lmi milli hverra tveggja ker\u00faba. En ker\u00fabinn haf\u00f0i tv\u00f6 andlit.<a name=\"19\"><span class=\"versanumer\">19<\/span><\/a>Annars vegar sneri mannsandlit a\u00f0 p\u00e1lmanum, en lj\u00f3nsandlit hins vegar. Svo var \u00e1 h\u00fasinu allt um kring.<a name=\"20\"><span class=\"versanumer\">20<\/span><\/a>Ne\u00f0an fr\u00e1 g\u00f3lfi og upp fyrir dyr voru gj\u00f6r\u00f0ir ker\u00fabar og p\u00e1lmar \u00e1 veggnum.<a name=\"21\"><span class=\"versanumer\">21<\/span><\/a>Umgj\u00f6r\u00f0in yfir dyrunum og dyrastafir a\u00f0alh\u00fassins myndu\u00f0u ferhyrning. Fyrir framan helgid\u00f3minn var eitthva\u00f0, sem l\u00edktist<a name=\"22\"><span class=\"versanumer\">22<\/span><\/a>altari af tr\u00e9, \u00feriggja \u00e1lna h\u00e1tt. \u00dea\u00f0 var tv\u00e6r \u00e1lnir \u00e1 lengd og tv\u00e6r \u00e1lnir \u00e1 breidd, og \u00e1 \u00fev\u00ed voru horn, og undirst\u00f6\u00f0ur \u00feess og hli\u00f0veggir voru af tr\u00e9. Og hann sag\u00f0i vi\u00f0 mig: \u00deetta er bor\u00f0i\u00f0, sem stendur frammi fyrir Drottni.<a name=\"23\"><span class=\"versanumer\">23<\/span><\/a>Og tv\u00f6faldar hur\u00f0ir voru \u00e1 a\u00f0alh\u00fasinu og helgid\u00f3minum.<a name=\"24\"><span class=\"versanumer\">24<\/span><\/a>\u00cd hvorum dyrum voru tv\u00e6r hur\u00f0ir, er l\u00e9ku \u00e1 hj\u00f6rum.<a name=\"25\"><span class=\"versanumer\">25<\/span><\/a>Og \u00e1 hur\u00f0unum voru ker\u00fabar og p\u00e1lmar, eins og \u00e1 veggjunum, og \u00feakskyggni af tr\u00e9 var fram af forsalnum.<a name=\"26\"><span class=\"versanumer\">26<\/span><\/a>Og sk\u00e1hallir gluggar og p\u00e1lmar voru beggja vegna \u00e1 hli\u00f0arveggjum forsalsins . . .<\/p>\n<div class=\"footnote1981\"><b>41.1<\/b> Musterissalurinn 1Kon 6.3,17; 2Kro 3.5<br \/>\n<b>41.3<\/b> Inn fyrir 1Kon 6.19-20; 2Kro 3.8<br \/>\n<b>41.6<\/b> Hli\u00f0arherbergin 1Kon 6.5-6,10<br \/>\n<b>41.16<\/b> \u00deilju\u00f0 1Kon 6.15-18<br \/>\n<b>41.22<\/b> Altari\u00f0 1Kon 6.20-21; sbr 2M\u00f3s 30.1-13<br \/>\n<b>41.23<\/b> Tv\u00e6r hur\u00f0ir 1Kon 6.31-35<\/div>\n","protected":false},"excerpt":{"rendered":"<p>1\u00deessu n\u00e6st leiddi hann mig inn \u00ed a\u00f0alh\u00fasi\u00f0 og m\u00e6ldi s\u00falurnar, og voru \u00fe\u00e6r sex \u00e1lnir a\u00f0 \u00feykkt b\u00e1\u00f0umegin.2Og dyrnar voru t\u00edu \u00e1lna brei\u00f0ar og dyraveggurinn fimm \u00e1lnir hvorumegin. Hann m\u00e6ldi lengd Hins heilaga, og var h\u00fan fj\u00f6rut\u00edu \u00e1lnir og breiddin tuttugu \u00e1lnir.3S\u00ed\u00f0an gekk hann inn fyrir og m\u00e6ldi dyrast\u00f6plana, og voru \u00feeir tveggja \u00e1lna \u00feykkir og v\u00eddd dyranna sex \u00e1lnir, og dyraveggurinn sj\u00f6 \u00e1lnir hvorumegin.4Og hann m\u00e6ldi lengd h\u00fassins, og var h\u00fan tuttugu \u00e1lnir, og breiddin tuttugu \u00e1lnir frammi vi\u00f0 a\u00f0alh\u00fasi\u00f0. Og hann sag\u00f0i vi\u00f0 mig: \u00deetta er Hi\u00f0 allrahelgasta.5\u00deessu n\u00e6st m\u00e6ldi hann musterisvegginn, og var hann sex \u00e1lna <a href=\"https:\/\/biblian.is\/1981\/esekiel-41-kafli\/\"> [&#8230;]<\/a><\/p>\n","protected":false},"author":1,"featured_media":0,"parent":0,"menu_order":0,"comment_status":"open","ping_status":"open","template":"bibliukaflar.php","meta":{"footnotes":""},"class_list":["post-2190","page","type-page","status-publish","hentry"],"_links":{"self":[{"href":"https:\/\/biblian.is\/1981\/wp-json\/wp\/v2\/pages\/2190","targetHints":{"allow":["GET"]}}],"collection":[{"href":"https:\/\/biblian.is\/1981\/wp-json\/wp\/v2\/pages"}],"about":[{"href":"https:\/\/biblian.is\/1981\/wp-json\/wp\/v2\/types\/page"}],"author":[{"embeddable":true,"href":"https:\/\/biblian.is\/1981\/wp-json\/wp\/v2\/users\/1"}],"replies":[{"embeddable":true,"href":"https:\/\/biblian.is\/1981\/wp-json\/wp\/v2\/comments?post=2190"}],"version-history":[{"count":0,"href":"https:\/\/biblian.is\/1981\/wp-json\/wp\/v2\/pages\/2190\/revisions"}],"wp:attachment":[{"href":"https:\/\/biblian.is\/1981\/wp-json\/wp\/v2\/media?parent=2190"}],"curies":[{"name":"wp","href":"https:\/\/api.w.org\/{rel}","templated":true}]}}