{"id":2188,"date":"2017-11-18T20:20:39","date_gmt":"2017-11-18T20:20:39","guid":{"rendered":"http:\/\/biblian.is\/1981\/esekiel-39-kafli\/"},"modified":"2021-06-06T10:50:55","modified_gmt":"2021-06-06T10:50:55","slug":"esekiel-39-kafli","status":"publish","type":"page","link":"https:\/\/biblian.is\/1981\/esekiel-39-kafli\/","title":{"rendered":"Esek\u00edel 39. kafli"},"content":{"rendered":"<p><a name=\"1\"><span class=\"versanumer\">1<\/span><\/a>Og \u00fe\u00fa, mannsson, sp\u00e1 \u00fe\u00fa gegn G\u00f3g og seg: Svo segir Drottinn Gu\u00f0: \u00c9g skal finna \u00feig, G\u00f3g, h\u00f6f\u00f0ingi yfir R\u00f3s, Mesek og T\u00fabal,<a name=\"2\"><span class=\"versanumer\">2<\/span><\/a>og sn\u00faa \u00fe\u00e9r vi\u00f0 og fara me\u00f0 \u00feig og l\u00e1ta \u00feig koma lengst \u00far nor\u00f0ri og lei\u00f0a \u00feig upp \u00e1 \u00cdsraels fj\u00f6ll.<a name=\"3\"><span class=\"versanumer\">3<\/span><\/a>Og \u00e9g skal sl\u00e1 bogann \u00far vinstri hendi \u00feinni og l\u00e1ta \u00f6rvarnar detta \u00far h\u00e6gri hendi \u00feinni.<a name=\"4\"><span class=\"versanumer\">4<\/span><\/a>\u00c1 \u00cdsraels fj\u00f6llum skalt \u00fe\u00fa falla, \u00fe\u00fa og allar hersveitir \u00fe\u00ednar og \u00fe\u00e6r \u00fej\u00f3\u00f0ir, sem eru \u00ed f\u00f6r me\u00f0 \u00fe\u00e9r. Alls konar r\u00e1nfuglum og d\u00fdrum merkurinnar gef \u00e9g \u00feig til f\u00e6\u00f0slu.<a name=\"5\"><span class=\"versanumer\">5<\/span><\/a>\u00dati \u00e1 v\u00ed\u00f0avangi skalt \u00fe\u00fa falla, \u00fev\u00ed a\u00f0 \u00e9g hefi tala\u00f0 \u00fea\u00f0, segir Drottinn Gu\u00f0.<a name=\"6\"><span class=\"versanumer\">6<\/span><\/a>Og \u00e9g vil steypa eldi yfir Mag\u00f3g og yfir \u00fe\u00e1, sem ugglausir b\u00faa \u00ed strandbygg\u00f0unum, til \u00feess a\u00f0 \u00feeir vi\u00f0urkenni, a\u00f0 \u00e9g er Drottinn.<a name=\"7\"><span class=\"versanumer\">7<\/span><\/a>En \u00e9g vil gj\u00f6ra mitt heilaga nafn kunnugt me\u00f0al l\u00fd\u00f0s m\u00edns \u00cdsraels og ekki framar l\u00e1ta vanhelga mitt heilaga nafn, til \u00feess a\u00f0 \u00fej\u00f3\u00f0irnar vi\u00f0urkenni, a\u00f0 \u00e9g er Drottinn, heilagur \u00ed \u00cdsrael.<a name=\"8\"><span class=\"versanumer\">8<\/span><\/a>Sj\u00e1, \u00fea\u00f0 kemur fram og ver\u00f0ur, segir Drottinn Gu\u00f0. \u00dea\u00f0 er dagurinn, sem \u00e9g hefi tala\u00f0 um.<a name=\"9\"><span class=\"versanumer\">9<\/span><\/a>\u00de\u00e1 munu \u00edb\u00faar \u00cdsraels borga \u00fat ganga og eld kveikja og kynda me\u00f0 vopnum, t\u00f6rgum og skj\u00f6ldum, me\u00f0 bogum og \u00f6rvum, kylfum og lensum. \u00cd sj\u00f6 \u00e1r skulu \u00feeir elda \u00feessu.<a name=\"10\"><span class=\"versanumer\">10<\/span><\/a>\u00deeir munu ekki s\u00e6kja vi\u00f0 \u00ed m\u00f6rkina n\u00e9 h\u00f6ggva neitt \u00ed sk\u00f3gunum, heldur munu \u00feeir kynda eld me\u00f0 vopnum. Og \u00feeir munu fletta \u00fe\u00e1, sem \u00fe\u00e1 flettu, og r\u00e6na \u00fe\u00e1, sem \u00fe\u00e1 r\u00e6ndu segir Drottinn Gu\u00f0.<a name=\"11\"><span class=\"versanumer\">11<\/span><\/a>En \u00e1 \u00feeim degi mun \u00e9g \u00e1kve\u00f0a G\u00f3g samasta\u00f0, legsta\u00f0 \u00ed \u00cdsrael, Abar\u00edmdal, fyrir austan Dau\u00f0ahafi\u00f0. Menn munu gir\u00f0a fyrir Abar\u00edmdal. \u00dear munu \u00feeir grafa G\u00f3g og allan li\u00f0m\u00fag hans og nefna hann G\u00f3gsm\u00fagadal.<a name=\"12\"><span class=\"versanumer\">12<\/span><\/a>Og \u00cdsraelsmenn munu vera a\u00f0 jar\u00f0a \u00fe\u00e1 \u00ed sj\u00f6 m\u00e1nu\u00f0i til \u00feess a\u00f0 hreinsa landi\u00f0.<a name=\"13\"><span class=\"versanumer\">13<\/span><\/a>Og allur landsl\u00fd\u00f0urinn skal starfa a\u00f0 \u00feeim grefti, og \u00fea\u00f0 skal ver\u00f0a \u00feeim til fr\u00e6g\u00f0ar \u00feann dag, er \u00e9g gj\u00f6ri mig d\u00fdrlegan segir Drottinn Gu\u00f0.<a name=\"14\"><span class=\"versanumer\">14<\/span><\/a>Og \u00feeir munu \u00fatvelja menn til \u00feess st\u00f6\u00f0uga starfa a\u00f0 fara um landi\u00f0 og jar\u00f0a \u00fe\u00e1, sem enn liggja eftir ofan jar\u00f0ar, til \u00feess a\u00f0 hreinsa landi\u00f0. A\u00f0 li\u00f0num sj\u00f6 m\u00e1nu\u00f0um skulu \u00feeir enn kanna \u00fea\u00f0.<a name=\"15\"><span class=\"versanumer\">15<\/span><\/a>Og \u00feegar \u00feeir fara um landi\u00f0 og einhver s\u00e9r mannsbein, \u00fe\u00e1 skal hann hla\u00f0a \u00fear v\u00f6r\u00f0u hj\u00e1, uns graftarmennirnir hafa grafi\u00f0 \u00feau \u00ed G\u00f3gsm\u00fagadal.<a name=\"16\"><span class=\"versanumer\">16<\/span><\/a>Og \u00feannig skulu \u00feeir grafa \u00fear allan li\u00f0m\u00fag sinn og hreinsa \u00feannig landi\u00f0.<a name=\"17\"><span class=\"versanumer\">17<\/span><\/a>En \u00fe\u00fa, mannsson, svo segir Drottinn Gu\u00f0: Seg \u00fe\u00fa vi\u00f0 alls konar fugla og vi\u00f0 \u00f6ll d\u00fdr merkurinnar: Safnist saman og komi\u00f0, \u00feyrpist saman \u00far \u00f6llum \u00e1ttum til f\u00f3rnarveislu minnar, sem \u00e9g held y\u00f0ur, til mikillar f\u00f3rnarveislu \u00e1 \u00cdsraels fj\u00f6llum, \u00fear sem \u00fe\u00e9r skulu\u00f0 eta kj\u00f6t og drekka bl\u00f3\u00f0.<a name=\"18\"><span class=\"versanumer\">18<\/span><\/a>\u00de\u00e9r skulu\u00f0 eta kj\u00f6t af k\u00f6ppum og drekka bl\u00f3\u00f0 \u00far \u00fej\u00f3\u00f0h\u00f6f\u00f0ingjum jar\u00f0arinnar: hr\u00fata, l\u00f6mb og hafra, uxa, allt saman alif\u00e9 fr\u00e1 Basan.<a name=\"19\"><span class=\"versanumer\">19<\/span><\/a>Og \u00fe\u00e9r skulu\u00f0 eta feitt kj\u00f6t, uns \u00fe\u00e9r eru\u00f0 saddir or\u00f0nir, og \u00fe\u00e9r skulu\u00f0 drekka bl\u00f3\u00f0, uns \u00fe\u00e9r eru\u00f0 drukknir or\u00f0nir, \u00ed f\u00f3rnarveislu minni, sem \u00e9g held y\u00f0ur.<a name=\"20\"><span class=\"versanumer\">20<\/span><\/a>Og \u00fe\u00e9r skulu\u00f0 se\u00f0ja y\u00f0ur vi\u00f0 mitt bor\u00f0 \u00e1 rei\u00f0skj\u00f3tum og vagnhestum, \u00e1 k\u00f6ppum og alls konar str\u00ed\u00f0sm\u00f6nnum segir Drottinn Gu\u00f0.<a name=\"21\"><span class=\"versanumer\">21<\/span><\/a>\u00c9g vil augl\u00fdsa d\u00fdr\u00f0 m\u00edna me\u00f0al \u00fej\u00f3\u00f0anna, og allar \u00fej\u00f3\u00f0ir skulu sj\u00e1 refsid\u00f3m minn, \u00feann er \u00e9g hefi framkv\u00e6mt, og h\u00f6nd m\u00edna, er \u00e9g hefi \u00e1 \u00fe\u00e1 lagt.<a name=\"22\"><span class=\"versanumer\">22<\/span><\/a>En \u00cdsraelsmenn skulu vi\u00f0urkenna, a\u00f0 \u00e9g, Drottinn, er Gu\u00f0 \u00feeirra, upp fr\u00e1 \u00feeim degi og framvegis.<a name=\"23\"><span class=\"versanumer\">23<\/span><\/a>\u00dej\u00f3\u00f0irnar skulu vi\u00f0urkenna, a\u00f0 \u00cdsraelsmenn ur\u00f0u a\u00f0 fara \u00far landi eing\u00f6ngu vegna misgj\u00f6r\u00f0ar sinnar, fyrir \u00fe\u00e1 s\u00f6k a\u00f0 \u00feeir h\u00f6f\u00f0u rofi\u00f0 tr\u00fana\u00f0 vi\u00f0 mig, svo a\u00f0 \u00e9g byrg\u00f0i auglit mitt fyrir \u00feeim og seldi \u00fe\u00e1 \u00ed hendur \u00f3vina \u00feeirra, og f\u00e9llu \u00feeir \u00fe\u00e1 allir fyrir sver\u00f0seggjum.<a name=\"24\"><span class=\"versanumer\">24<\/span><\/a>\u00c9g breytti vi\u00f0 \u00fe\u00e1 eins og \u00feeir h\u00f6f\u00f0u til unni\u00f0 me\u00f0 saurugleik s\u00ednum og fr\u00e1hvarfi, og byrg\u00f0i auglit mitt fyrir \u00feeim.<a name=\"25\"><span class=\"versanumer\">25<\/span><\/a>Fyrir \u00fev\u00ed segir Drottinn Gu\u00f0 svo: N\u00fa mun \u00e9g sn\u00faa vi\u00f0 h\u00f6gum Jakobs og miskunna mig yfir allan \u00cdsraelsl\u00fd\u00f0 og vera s\u00f3mak\u00e6r um mitt heilaga nafn.<a name=\"26\"><span class=\"versanumer\">26<\/span><\/a>Og \u00feeir skulu gleyma vanvir\u00f0u sinni og allri \u00feeirri \u00f3trygg\u00f0, er \u00feeir hafa \u00ed frammi haft vi\u00f0 mig, \u00feegar \u00feeir b\u00faa aftur \u00f3hultir \u00ed landi s\u00ednu og enginn skelfir \u00fe\u00e1.<a name=\"27\"><span class=\"versanumer\">27<\/span><\/a>\u00deegar \u00e9g lei\u00f0i \u00fe\u00e1 heim aftur fr\u00e1 \u00fej\u00f3\u00f0unum og safna \u00feeim saman \u00far l\u00f6ndum \u00f3vina \u00feeirra, \u00fe\u00e1 skal \u00e9g augl\u00fdsa heilagleik minn \u00e1 \u00feeim \u00ed augs\u00fdn margra \u00fej\u00f3\u00f0a.<a name=\"28\"><span class=\"versanumer\">28<\/span><\/a>Og \u00fe\u00e1 skulu \u00feeir vi\u00f0urkenna, a\u00f0 \u00e9g, Drottinn, er Gu\u00f0 \u00feeirra, me\u00f0 \u00fev\u00ed a\u00f0 \u00e9g herleiddi \u00fe\u00e1 til \u00fej\u00f3\u00f0anna, en safna \u00feeim n\u00fa saman inn \u00ed \u00feeirra eigi\u00f0 land og l\u00e6t engan \u00feeirra framar ver\u00f0a \u00fear eftir.<a name=\"29\"><span class=\"versanumer\">29<\/span><\/a>Og \u00e9g vil ekki framar byrgja auglit mitt fyrir \u00feeim, me\u00f0 \u00fev\u00ed a\u00f0 \u00e9g hefi \u00fathellt anda m\u00ednum yfir \u00cdsraelsl\u00fd\u00f0, segir Drottinn Gu\u00f0.<\/p>\n<div class=\"footnote1981\"><b>39.1<\/b> G\u00f3g Esk 38<br \/>\n<b>39.4<\/b> F\u00e1 \u00feig r\u00e1nfuglum Esk 29.5; 31.13; 32.4-5; Opb 19.17-18<br \/>\n<b>39.6<\/b> Eldur Esk 21.3<br \/>\n<b>39.7<\/b> Vanhelga nafn Gu\u00f0s Esk 36.20+ &#8211; Drottinn er heilagur Jes 1.4; 5.19; 6.3; 10.17; 41.14; 43.15<br \/>\n<b>39.10<\/b> R\u00e6na &#8230; taka herfang Jes 33.1; Jer 30.16<br \/>\n<b>39.25<\/b> Afbr\u00fd\u00f0i vegna m\u00edns heilaga nafns Esk 5.13+ ; 20.9+<br \/>\n<b>39.26<\/b> \u00d3hultir Esk 28.26+<br \/>\n<b>39.28<\/b> \u00c9g er Drottinn Esk 20.42+<br \/>\n<b>39.29<\/b> Andi Gu\u00f0s Esk 11.19; 36.27; 37.14; Jes 59.21; Jl 3.1<\/div>\n","protected":false},"excerpt":{"rendered":"<p>1Og \u00fe\u00fa, mannsson, sp\u00e1 \u00fe\u00fa gegn G\u00f3g og seg: Svo segir Drottinn Gu\u00f0: \u00c9g skal finna \u00feig, G\u00f3g, h\u00f6f\u00f0ingi yfir R\u00f3s, Mesek og T\u00fabal,2og sn\u00faa \u00fe\u00e9r vi\u00f0 og fara me\u00f0 \u00feig og l\u00e1ta \u00feig koma lengst \u00far nor\u00f0ri og lei\u00f0a \u00feig upp \u00e1 \u00cdsraels fj\u00f6ll.3Og \u00e9g skal sl\u00e1 bogann \u00far vinstri hendi \u00feinni og l\u00e1ta \u00f6rvarnar detta \u00far h\u00e6gri hendi \u00feinni.4\u00c1 \u00cdsraels fj\u00f6llum skalt \u00fe\u00fa falla, \u00fe\u00fa og allar hersveitir \u00fe\u00ednar og \u00fe\u00e6r \u00fej\u00f3\u00f0ir, sem eru \u00ed f\u00f6r me\u00f0 \u00fe\u00e9r. Alls konar r\u00e1nfuglum og d\u00fdrum merkurinnar gef \u00e9g \u00feig til f\u00e6\u00f0slu.5\u00dati \u00e1 v\u00ed\u00f0avangi skalt \u00fe\u00fa falla, \u00fev\u00ed a\u00f0 \u00e9g hefi <a href=\"https:\/\/biblian.is\/1981\/esekiel-39-kafli\/\"> [&#8230;]<\/a><\/p>\n","protected":false},"author":1,"featured_media":0,"parent":0,"menu_order":0,"comment_status":"open","ping_status":"open","template":"bibliukaflar.php","meta":{"footnotes":""},"class_list":["post-2188","page","type-page","status-publish","hentry"],"_links":{"self":[{"href":"https:\/\/biblian.is\/1981\/wp-json\/wp\/v2\/pages\/2188","targetHints":{"allow":["GET"]}}],"collection":[{"href":"https:\/\/biblian.is\/1981\/wp-json\/wp\/v2\/pages"}],"about":[{"href":"https:\/\/biblian.is\/1981\/wp-json\/wp\/v2\/types\/page"}],"author":[{"embeddable":true,"href":"https:\/\/biblian.is\/1981\/wp-json\/wp\/v2\/users\/1"}],"replies":[{"embeddable":true,"href":"https:\/\/biblian.is\/1981\/wp-json\/wp\/v2\/comments?post=2188"}],"version-history":[{"count":0,"href":"https:\/\/biblian.is\/1981\/wp-json\/wp\/v2\/pages\/2188\/revisions"}],"wp:attachment":[{"href":"https:\/\/biblian.is\/1981\/wp-json\/wp\/v2\/media?parent=2188"}],"curies":[{"name":"wp","href":"https:\/\/api.w.org\/{rel}","templated":true}]}}