{"id":2187,"date":"2017-11-18T20:20:32","date_gmt":"2017-11-18T20:20:32","guid":{"rendered":"http:\/\/biblian.is\/1981\/esekiel-38-kafli\/"},"modified":"2021-06-06T10:50:54","modified_gmt":"2021-06-06T10:50:54","slug":"esekiel-38-kafli","status":"publish","type":"page","link":"https:\/\/biblian.is\/1981\/esekiel-38-kafli\/","title":{"rendered":"Esek\u00edel 38. kafli"},"content":{"rendered":"<p><a name=\"1\"><span class=\"versanumer\">1<\/span><\/a>Or\u00f0 Drottins kom til m\u00edn, svohlj\u00f3\u00f0andi:<a name=\"2\"><span class=\"versanumer\">2<\/span><\/a>Mannsson, sn\u00fa \u00fe\u00e9r gegn G\u00f3g \u00ed Mag\u00f3glandi, h\u00f6f\u00f0ingja yfir R\u00f3s, Mesek og T\u00fabal, sp\u00e1 gegn honum<a name=\"3\"><span class=\"versanumer\">3<\/span><\/a>og seg: Svo segir Drottinn Gu\u00f0: \u00c9g skal finna \u00feig, G\u00f3g h\u00f6f\u00f0ingi yfir R\u00f3s, Mesek og T\u00fabal,<a name=\"4\"><span class=\"versanumer\">4<\/span><\/a>og \u00e9g skal setja kr\u00f3ka \u00ed kj\u00e1lka \u00fe\u00edna og lei\u00f0a \u00feig \u00fat, \u00e1samt \u00f6llu herli\u00f0i \u00fe\u00ednu, hestum og riddurum, \u00f6llum me\u00f0 alv\u00e6pni, mikinn manngr\u00faa, me\u00f0 skj\u00f6ld og t\u00f6rgu, alla me\u00f0 sver\u00f0 \u00ed h\u00f6ndum.<a name=\"5\"><span class=\"versanumer\">5<\/span><\/a>Persar, Bl\u00e1lendingar og P\u00fatmenn eru \u00ed f\u00f6r me\u00f0 \u00feeim, allir me\u00f0 t\u00f6rgu og hj\u00e1lm,<a name=\"6\"><span class=\"versanumer\">6<\/span><\/a>G\u00f3mer og allir herflokkar hans, T\u00f3garma-l\u00fd\u00f0ur, hin ysta nor\u00f0ur\u00fej\u00f3\u00f0, og allir herflokkar hans margar \u00fej\u00f3\u00f0ir eru \u00ed f\u00f6r me\u00f0 \u00fe\u00e9r.<a name=\"7\"><span class=\"versanumer\">7<\/span><\/a>B\u00fa \u00feig \u00fat og ver vi\u00f0b\u00fainn, \u00fe\u00fa og allar hersveitirnar, sem safnast hafa til \u00fe\u00edn, og ver \u00fe\u00fa yfirma\u00f0ur \u00feeirra.<a name=\"8\"><span class=\"versanumer\">8<\/span><\/a>Eftir langan t\u00edma munt \u00fe\u00fa \u00fatbo\u00f0sskipun hlj\u00f3ta. \u00c1 s\u00ed\u00f0ustu \u00e1runum munt \u00fe\u00fa koma inn \u00ed \u00fea\u00f0 land, sem aftur er unni\u00f0 undan sver\u00f0inu, til \u00fej\u00f3\u00f0ar, sem safna\u00f0 hefir veri\u00f0 saman fr\u00e1 m\u00f6rgum \u00fej\u00f3\u00f0um \u00e1 \u00cdsraels fj\u00f6ll, sem st\u00f6\u00f0uglega hafa \u00ed ey\u00f0i legi\u00f0, j\u00e1, fr\u00e1 \u00fej\u00f3\u00f0unum var h\u00fan flutt, og n\u00fa b\u00faa allir \u00f6ruggir.<a name=\"9\"><span class=\"versanumer\">9<\/span><\/a>\u00de\u00e1 munt \u00fe\u00fa brj\u00f3tast fram sem \u00ferumuve\u00f0ur, koma sem \u00f3ve\u00f0urssk\u00fd til \u00feess a\u00f0 hylja landi\u00f0, \u00fe\u00fa og allir herflokkar \u00fe\u00ednir og margar \u00fej\u00f3\u00f0ir me\u00f0 \u00fe\u00e9r.<a name=\"10\"><span class=\"versanumer\">10<\/span><\/a>Svo segir Drottinn Gu\u00f0: \u00c1 \u00feeim degi munu illar hugsanir koma upp \u00ed hjarta \u00fe\u00ednu og \u00fe\u00fa munt hafa illar fyrir\u00e6tlanir me\u00f0 h\u00f6ndum<a name=\"11\"><span class=\"versanumer\">11<\/span><\/a>og segja: \u00c9g vil fara \u00ed m\u00f3ti b\u00e6ndab\u00fdlalandi, r\u00e1\u00f0a \u00e1 fri\u00f0sama menn, sem b\u00faa \u00f3hultir, \u00feeir b\u00faa allir m\u00farveggjalausir og hafa hvorki slagbranda n\u00e9 hli\u00f0,<a name=\"12\"><span class=\"versanumer\">12<\/span><\/a>til \u00feess a\u00f0 fara me\u00f0 r\u00e1n og rifs, til \u00feess a\u00f0 leggja h\u00f6nd \u00fe\u00edna \u00e1 borgarr\u00fastir, sem aftur eru bygg\u00f0ar or\u00f0nar, og \u00e1 \u00fej\u00f3\u00f0, sem saman s\u00f6fnu\u00f0 er fr\u00e1 hei\u00f0ingjunum, sem aflar s\u00e9r b\u00fafj\u00e1r og fj\u00e1rmuna, \u00e1 menn, sem b\u00faa \u00e1 nafla jar\u00f0arinnar.<a name=\"13\"><span class=\"versanumer\">13<\/span><\/a>Seba og Dedan og verslunarmenn fr\u00e1 Tarsis og kaupmenn hennar segja vi\u00f0 \u00feig: Kemur \u00fe\u00fa til \u00feess a\u00f0 r\u00e6na? Hefir \u00fe\u00fa dregi\u00f0 saman li\u00f0sveitir \u00fe\u00ednar til \u00feess a\u00f0 rupla, til \u00feess a\u00f0 hafa \u00e1 burt silfur og gull, flytja burt b\u00faf\u00e9 og fj\u00e1rmuni, til \u00feess a\u00f0 afla mikils herfangs?<a name=\"14\"><span class=\"versanumer\">14<\/span><\/a>Fyrir \u00fev\u00ed sp\u00e1 \u00fe\u00fa, mannsson, og seg vi\u00f0 G\u00f3g: Svo segir Drottinn Gu\u00f0: Munt \u00fe\u00fa ekki \u00e1 \u00feeim degi, er l\u00fd\u00f0ur minn \u00cdsrael b\u00fdr \u00f3hultur, leggja af sta\u00f0<a name=\"15\"><span class=\"versanumer\">15<\/span><\/a>og koma fr\u00e1 st\u00f6\u00f0vum \u00fe\u00ednum, lengst \u00far nor\u00f0ri, \u00fe\u00fa og margar \u00fej\u00f3\u00f0ir me\u00f0 \u00fe\u00e9r, allir r\u00ed\u00f0andi hestum, mikill li\u00f0ssafna\u00f0ur, fj\u00f6lmennur her,<a name=\"16\"><span class=\"versanumer\">16<\/span><\/a>og fara \u00ed m\u00f3ti l\u00fd\u00f0 m\u00ednum \u00cdsrael eins og \u00f3ve\u00f0urssk\u00fd til \u00feess a\u00f0 hylja landi\u00f0? \u00c1 hinum s\u00ed\u00f0ustu d\u00f6gum mun \u00e9g lei\u00f0a \u00feig m\u00f3ti landi m\u00ednu, til \u00feess a\u00f0 \u00fej\u00f3\u00f0irnar l\u00e6ri a\u00f0 \u00feekkja mig, \u00feegar \u00e9g augl\u00fdsi heilagleik minn \u00e1 \u00fe\u00e9r, G\u00f3g, fyrir augum \u00feeirra.<a name=\"17\"><span class=\"versanumer\">17<\/span><\/a>Svo segir Drottinn Gu\u00f0: Ert \u00fe\u00fa s\u00e1, er \u00e9g tala\u00f0i um \u00ed fyrri daga fyrir munn \u00fej\u00f3na minna, sp\u00e1manna \u00cdsraels, er sp\u00e1\u00f0u \u00ed \u00fe\u00e1 daga \u00e1rum saman, a\u00f0 \u00e9g mundi lei\u00f0a \u00feig m\u00f3ti \u00feeim?<a name=\"18\"><span class=\"versanumer\">18<\/span><\/a>En \u00feann dag, daginn sem G\u00f3g fer m\u00f3ti \u00cdsraelslandi, segir Drottinn Gu\u00f0 mun rei\u00f0in blossa \u00ed n\u00f6sum m\u00e9r.<a name=\"19\"><span class=\"versanumer\">19<\/span><\/a>\u00cd \u00e1kef\u00f0 minni, \u00ed minni brennandi heift, tala \u00e9g \u00fea\u00f0: Vissulega, \u00e1 \u00feeim degi skal mikill jar\u00f0skj\u00e1lfti ver\u00f0a \u00e1 \u00cdsraelslandi.<a name=\"20\"><span class=\"versanumer\">20<\/span><\/a>\u00de\u00e1 skulu fiskar sj\u00e1varins skj\u00e1lfa fyrir m\u00e9r og fuglar himinsins, d\u00fdr merkurinnar og \u00f6ll skri\u00f0kvikindi, sem skr\u00ed\u00f0a \u00e1 j\u00f6r\u00f0inni, og allir menn, sem eru \u00e1 j\u00f6r\u00f0inni, og fj\u00f6llin skulu kollvarpast og hamrarnir hrynja og hver m\u00farveggur til jar\u00f0ar falla.<a name=\"21\"><span class=\"versanumer\">21<\/span><\/a>Og \u00e1 \u00f6llum fj\u00f6llum m\u00ednum vil \u00e9g kalla \u00e1 sver\u00f0in \u00ed m\u00f3ti honum segir Drottinn Gu\u00f0. Eins sver\u00f0 skal vera \u00ed m\u00f3ti \u00f6\u00f0rum.<a name=\"22\"><span class=\"versanumer\">22<\/span><\/a>Og \u00e9g vil ganga \u00ed d\u00f3m vi\u00f0 hann me\u00f0 dreps\u00f3tt og bl\u00f3\u00f0s\u00fathelling, me\u00f0 dynjandi steypiregni og haglsteinum. Eldi og brennisteini vil \u00e9g rigna l\u00e1ta yfir hann og yfir hersveitir hans og yfir margar \u00fej\u00f3\u00f0ir, sem me\u00f0 honum eru.<a name=\"23\"><span class=\"versanumer\">23<\/span><\/a>Og \u00e9g vil augl\u00fdsa mig d\u00fdrlegan og heilagan og gj\u00f6ra mig kunnan \u00ed augs\u00fdn margra \u00fej\u00f3\u00f0a, til \u00feess a\u00f0 \u00fe\u00e6r vi\u00f0urkenni, a\u00f0 \u00e9g er Drottinn.<\/p>\n<div class=\"footnote1981\"><b>38.8<\/b> B\u00faa \u00f3hult Esk 28.26+<br \/>\n<b>38.12<\/b> Nafli jar\u00f0ar, h\u00e1h\u00e6\u00f0in D\u00f3m 9.37<br \/>\n<b>38.16<\/b> \u00deekkja Drottin Esk 5.13+<br \/>\n<b>38.19<\/b> \u00c1kef\u00f0 Esk 5.13 \u2013 jar\u00f0skj\u00e1lfti Am 8.8; Opb 11.13<br \/>\n<b>38.21<\/b> Sver\u00f0 Esk 21.8+<br \/>\n<b>38.22<\/b> Eldur og brennisteinn 1M\u00f3s 19.24<\/div>\n","protected":false},"excerpt":{"rendered":"<p>1Or\u00f0 Drottins kom til m\u00edn, svohlj\u00f3\u00f0andi:2Mannsson, sn\u00fa \u00fe\u00e9r gegn G\u00f3g \u00ed Mag\u00f3glandi, h\u00f6f\u00f0ingja yfir R\u00f3s, Mesek og T\u00fabal, sp\u00e1 gegn honum3og seg: Svo segir Drottinn Gu\u00f0: \u00c9g skal finna \u00feig, G\u00f3g h\u00f6f\u00f0ingi yfir R\u00f3s, Mesek og T\u00fabal,4og \u00e9g skal setja kr\u00f3ka \u00ed kj\u00e1lka \u00fe\u00edna og lei\u00f0a \u00feig \u00fat, \u00e1samt \u00f6llu herli\u00f0i \u00fe\u00ednu, hestum og riddurum, \u00f6llum me\u00f0 alv\u00e6pni, mikinn manngr\u00faa, me\u00f0 skj\u00f6ld og t\u00f6rgu, alla me\u00f0 sver\u00f0 \u00ed h\u00f6ndum.5Persar, Bl\u00e1lendingar og P\u00fatmenn eru \u00ed f\u00f6r me\u00f0 \u00feeim, allir me\u00f0 t\u00f6rgu og hj\u00e1lm,6G\u00f3mer og allir herflokkar hans, T\u00f3garma-l\u00fd\u00f0ur, hin ysta nor\u00f0ur\u00fej\u00f3\u00f0, og allir herflokkar hans margar \u00fej\u00f3\u00f0ir eru \u00ed f\u00f6r me\u00f0 <a href=\"https:\/\/biblian.is\/1981\/esekiel-38-kafli\/\"> [&#8230;]<\/a><\/p>\n","protected":false},"author":1,"featured_media":0,"parent":0,"menu_order":0,"comment_status":"open","ping_status":"open","template":"bibliukaflar.php","meta":{"footnotes":""},"class_list":["post-2187","page","type-page","status-publish","hentry"],"_links":{"self":[{"href":"https:\/\/biblian.is\/1981\/wp-json\/wp\/v2\/pages\/2187","targetHints":{"allow":["GET"]}}],"collection":[{"href":"https:\/\/biblian.is\/1981\/wp-json\/wp\/v2\/pages"}],"about":[{"href":"https:\/\/biblian.is\/1981\/wp-json\/wp\/v2\/types\/page"}],"author":[{"embeddable":true,"href":"https:\/\/biblian.is\/1981\/wp-json\/wp\/v2\/users\/1"}],"replies":[{"embeddable":true,"href":"https:\/\/biblian.is\/1981\/wp-json\/wp\/v2\/comments?post=2187"}],"version-history":[{"count":0,"href":"https:\/\/biblian.is\/1981\/wp-json\/wp\/v2\/pages\/2187\/revisions"}],"wp:attachment":[{"href":"https:\/\/biblian.is\/1981\/wp-json\/wp\/v2\/media?parent=2187"}],"curies":[{"name":"wp","href":"https:\/\/api.w.org\/{rel}","templated":true}]}}