{"id":2184,"date":"2017-11-18T20:20:32","date_gmt":"2017-11-18T20:20:32","guid":{"rendered":"http:\/\/biblian.is\/1981\/esekiel-35-kafli\/"},"modified":"2021-06-06T10:50:53","modified_gmt":"2021-06-06T10:50:53","slug":"esekiel-35-kafli","status":"publish","type":"page","link":"https:\/\/biblian.is\/1981\/esekiel-35-kafli\/","title":{"rendered":"Esek\u00edel 35. kafli"},"content":{"rendered":"<p><a name=\"1\"><span class=\"versanumer\">1<\/span><\/a>Og or\u00f0 Drottins kom til m\u00edn, svohlj\u00f3\u00f0andi:<a name=\"2\"><span class=\"versanumer\">2<\/span><\/a>Mannsson, sn\u00fa \u00fe\u00e9r gegn Se\u00edr-fjalllendi og sp\u00e1 gegn \u00fev\u00ed<a name=\"3\"><span class=\"versanumer\">3<\/span><\/a>og seg vi\u00f0 \u00fea\u00f0: Svo segir Drottinn Gu\u00f0: Sj\u00e1, \u00e9g skal finna \u00feig, Se\u00edr-fjalllendi, og \u00e9g skal r\u00e9tta h\u00f6nd m\u00edna \u00fat \u00ed m\u00f3ti \u00fe\u00e9r og gj\u00f6ra \u00feig a\u00f0 au\u00f0n og \u00f6r\u00e6fum.<a name=\"4\"><span class=\"versanumer\">4<\/span><\/a>Borgir \u00fe\u00ednar gj\u00f6ri \u00e9g a\u00f0 r\u00fastum, og \u00fe\u00fa skalt sj\u00e1lft ver\u00f0a a\u00f0 au\u00f0n, svo a\u00f0 \u00fe\u00fa vi\u00f0urkennir, a\u00f0 \u00e9g er Drottinn.<a name=\"5\"><span class=\"versanumer\">5<\/span><\/a>Af \u00fev\u00ed a\u00f0 \u00fe\u00fa bj\u00f3st yfir eil\u00edfum fjandskap og seldir \u00cdsraelsmenn undir sver\u00f0seggjar \u00e1 \u00f3g\u00e6fut\u00edma \u00feeirra, \u00fe\u00e1 er t\u00edmi endasektarinnar rann upp,<a name=\"6\"><span class=\"versanumer\">6<\/span><\/a>fyrir \u00fev\u00ed, svo sannarlega sem \u00e9g lifi, segir Drottinn Gu\u00f0 bl\u00f3\u00f0skuld hefir \u00fe\u00fa baka\u00f0 \u00fe\u00e9r, og bl\u00f3\u00f0 skal ofs\u00e6kja \u00feig.<a name=\"7\"><span class=\"versanumer\">7<\/span><\/a>Og \u00e9g gj\u00f6ri Se\u00edr-fjalllendi a\u00f0 au\u00f0n og \u00f6r\u00e6fum og l\u00e6t \u00fear alla umfer\u00f0 af leggjast.<a name=\"8\"><span class=\"versanumer\">8<\/span><\/a>Og \u00e9g fylli fj\u00f6ll \u00feess vegnum m\u00f6nnum. \u00c1 h\u00e6\u00f0um \u00fe\u00ednum, \u00ed d\u00f6lum \u00fe\u00ednum og \u00ed \u00f6llum hv\u00f6mmum \u00fe\u00ednum munu vopnbitnir menn falla.<a name=\"9\"><span class=\"versanumer\">9<\/span><\/a>Og \u00e9g vil gj\u00f6ra \u00feig a\u00f0 \u00e6vinlegri au\u00f0n, og borgir \u00fe\u00ednar skulu vera \u00f3bygg\u00f0ar, til \u00feess a\u00f0 \u00fe\u00e9r vi\u00f0urkenni\u00f0, a\u00f0 \u00e9g er Drottinn.<a name=\"10\"><span class=\"versanumer\">10<\/span><\/a>Af \u00fev\u00ed a\u00f0 \u00fe\u00fa sag\u00f0ir: B\u00e1\u00f0ar \u00fej\u00f3\u00f0irnar og b\u00e6\u00f0i l\u00f6ndin skulu vera m\u00edn, og v\u00e9r skulum taka \u00feau til eignar, enda \u00fe\u00f3tt Drottinn v\u00e6ri \u00fear,<a name=\"11\"><span class=\"versanumer\">11<\/span><\/a>fyrir \u00fev\u00ed, svo sannarlega sem \u00e9g lifi, segir Drottinn Gu\u00f0 mun \u00e9g fara me\u00f0 \u00feig samkv\u00e6mt \u00feeirri \u00e1str\u00ed\u00f0ufullu rei\u00f0i, er \u00fe\u00fa hefir \u00e1 \u00feeim s\u00fdnt vegna haturs \u00fe\u00edns, og \u00e9g mun l\u00e1ta \u00feig kenna \u00e1 m\u00e9r, \u00fe\u00e1 er \u00e9g d\u00e6mi \u00feig,<a name=\"12\"><span class=\"versanumer\">12<\/span><\/a>til \u00feess a\u00f0 \u00fe\u00fa vi\u00f0urkennir, a\u00f0 \u00e9g er Drottinn. \u00c9g hefi heyrt \u00f6ll lastm\u00e6li \u00fe\u00edn, \u00feau er \u00fe\u00fa hefir tala\u00f0 gegn \u00cdsraels fj\u00f6llum, er \u00fe\u00fa sag\u00f0ir: \u00deau eru \u00ed ey\u00f0i l\u00f6g\u00f0! Oss eru \u00feau gefin til afneyslu!<a name=\"13\"><span class=\"versanumer\">13<\/span><\/a>Og \u00fe\u00e9r t\u00f6lu\u00f0u\u00f0 st\u00f3ryr\u00f0i \u00ed gegn m\u00e9r og h\u00f6f\u00f0u\u00f0 or\u00f0m\u00e6lgi vi\u00f0 mig, \u00e9g hefi heyrt \u00fea\u00f0.<a name=\"14\"><span class=\"versanumer\">14<\/span><\/a>Svo segir Drottinn Gu\u00f0: Eins og \u00fe\u00fa fagna\u00f0ir yfir landi m\u00ednu, a\u00f0 \u00fea\u00f0 l\u00e1 \u00ed ey\u00f0i, svo mun \u00e9g l\u00e1ta hi\u00f0 sama fram vi\u00f0 \u00feig koma.<a name=\"15\"><span class=\"versanumer\">15<\/span><\/a>Eins og \u00fe\u00fa fagna\u00f0ir yfir arfleif\u00f0 \u00cdsraels h\u00fass, a\u00f0 h\u00fan var \u00ed ey\u00f0i l\u00f6g\u00f0, svo mun \u00e9g vi\u00f0 \u00feig gj\u00f6ra. A\u00f0 au\u00f0n skalt \u00fe\u00fa ver\u00f0a, Se\u00edr-fjalllendi, og allt Ed\u00f3mland, eins og \u00fea\u00f0 er sig til, til \u00feess a\u00f0 \u00feeir vi\u00f0urkenni, a\u00f0 \u00e9g er Drottinn.<\/p>\n<div class=\"footnote1981\"><b>35.1<\/b> Gegn Se\u00edr (Ed\u00f3m) Esk 25.12+<br \/>\n<b>35.6<\/b> Bl\u00f3\u00f0 1M\u00f3s 9.6<br \/>\n<b>35.9<\/b> \u00deekkja Drottin Esk 5.13+<\/div>\n","protected":false},"excerpt":{"rendered":"<p>1Og or\u00f0 Drottins kom til m\u00edn, svohlj\u00f3\u00f0andi:2Mannsson, sn\u00fa \u00fe\u00e9r gegn Se\u00edr-fjalllendi og sp\u00e1 gegn \u00fev\u00ed3og seg vi\u00f0 \u00fea\u00f0: Svo segir Drottinn Gu\u00f0: Sj\u00e1, \u00e9g skal finna \u00feig, Se\u00edr-fjalllendi, og \u00e9g skal r\u00e9tta h\u00f6nd m\u00edna \u00fat \u00ed m\u00f3ti \u00fe\u00e9r og gj\u00f6ra \u00feig a\u00f0 au\u00f0n og \u00f6r\u00e6fum.4Borgir \u00fe\u00ednar gj\u00f6ri \u00e9g a\u00f0 r\u00fastum, og \u00fe\u00fa skalt sj\u00e1lft ver\u00f0a a\u00f0 au\u00f0n, svo a\u00f0 \u00fe\u00fa vi\u00f0urkennir, a\u00f0 \u00e9g er Drottinn.5Af \u00fev\u00ed a\u00f0 \u00fe\u00fa bj\u00f3st yfir eil\u00edfum fjandskap og seldir \u00cdsraelsmenn undir sver\u00f0seggjar \u00e1 \u00f3g\u00e6fut\u00edma \u00feeirra, \u00fe\u00e1 er t\u00edmi endasektarinnar rann upp,6fyrir \u00fev\u00ed, svo sannarlega sem \u00e9g lifi, segir Drottinn Gu\u00f0 bl\u00f3\u00f0skuld hefir \u00fe\u00fa baka\u00f0 \u00fe\u00e9r, <a href=\"https:\/\/biblian.is\/1981\/esekiel-35-kafli\/\"> [&#8230;]<\/a><\/p>\n","protected":false},"author":1,"featured_media":0,"parent":0,"menu_order":0,"comment_status":"open","ping_status":"open","template":"bibliukaflar.php","meta":{"footnotes":""},"class_list":["post-2184","page","type-page","status-publish","hentry"],"_links":{"self":[{"href":"https:\/\/biblian.is\/1981\/wp-json\/wp\/v2\/pages\/2184","targetHints":{"allow":["GET"]}}],"collection":[{"href":"https:\/\/biblian.is\/1981\/wp-json\/wp\/v2\/pages"}],"about":[{"href":"https:\/\/biblian.is\/1981\/wp-json\/wp\/v2\/types\/page"}],"author":[{"embeddable":true,"href":"https:\/\/biblian.is\/1981\/wp-json\/wp\/v2\/users\/1"}],"replies":[{"embeddable":true,"href":"https:\/\/biblian.is\/1981\/wp-json\/wp\/v2\/comments?post=2184"}],"version-history":[{"count":0,"href":"https:\/\/biblian.is\/1981\/wp-json\/wp\/v2\/pages\/2184\/revisions"}],"wp:attachment":[{"href":"https:\/\/biblian.is\/1981\/wp-json\/wp\/v2\/media?parent=2184"}],"curies":[{"name":"wp","href":"https:\/\/api.w.org\/{rel}","templated":true}]}}