{"id":2183,"date":"2017-11-18T20:20:32","date_gmt":"2017-11-18T20:20:32","guid":{"rendered":"http:\/\/biblian.is\/1981\/esekiel-34-kafli\/"},"modified":"2021-06-06T10:50:53","modified_gmt":"2021-06-06T10:50:53","slug":"esekiel-34-kafli","status":"publish","type":"page","link":"https:\/\/biblian.is\/1981\/esekiel-34-kafli\/","title":{"rendered":"Esek\u00edel 34. kafli"},"content":{"rendered":"<p><a name=\"1\"><span class=\"versanumer\">1<\/span><\/a>Or\u00f0 Drottins kom til m\u00edn, svohlj\u00f3\u00f0andi:<a name=\"2\"><span class=\"versanumer\">2<\/span><\/a>Mannsson, sp\u00e1 \u00fe\u00fa um \u00cdsraels hir\u00f0a, sp\u00e1 \u00fe\u00fa og seg vi\u00f0 \u00fe\u00e1: Svo segir Drottinn Gu\u00f0: Vei hir\u00f0um \u00cdsraels, er h\u00e9ldu sj\u00e1lfum s\u00e9r til haga. Eiga ekki hir\u00f0arnir a\u00f0 halda sau\u00f0unum til haga?<a name=\"3\"><span class=\"versanumer\">3<\/span><\/a>Mj\u00f3lkurinnar neyttu\u00f0 \u00fe\u00e9r, kl\u00e6ddu\u00f0 y\u00f0ur af ullinni, sl\u00e1tru\u00f0u\u00f0 alif\u00e9nu, en sau\u00f0unum hafi\u00f0 \u00fe\u00e9r eigi haldi\u00f0 til haga.<a name=\"4\"><span class=\"versanumer\">4<\/span><\/a>\u00de\u00e9r komu\u00f0 ekki \u00fer\u00f3tti \u00ed veiku skepnurnar og l\u00e6knu\u00f0u\u00f0 ekki hi\u00f0 sj\u00faka, bundu\u00f0 ekki um hi\u00f0 limlesta, s\u00f3ttu\u00f0 ekki \u00fea\u00f0, er hrakist haf\u00f0i, og leitu\u00f0u\u00f0 ekki hins t\u00fdnda, heldur drottnu\u00f0u\u00f0 \u00fe\u00e9r yfir \u00feeim me\u00f0 h\u00f6rku og grimmd.<a name=\"5\"><span class=\"versanumer\">5<\/span><\/a>Og fyrir \u00fev\u00ed tv\u00edstru\u00f0ust \u00feeir, af \u00fev\u00ed a\u00f0 enginn var hir\u00f0irinn, og ur\u00f0u \u00f6llum d\u00fdrum merkurinnar a\u00f0 br\u00e1\u00f0.<a name=\"6\"><span class=\"versanumer\">6<\/span><\/a>Sau\u00f0ir m\u00ednir r\u00e1fu\u00f0u um \u00f6ll fj\u00f6ll og allar h\u00e1ar h\u00e6\u00f0ir, sau\u00f0ir m\u00ednir voru tv\u00edstra\u00f0ir um allt landi\u00f0, og enginn skeytti um \u00fe\u00e1 og enginn leita\u00f0i \u00feeirra.<a name=\"7\"><span class=\"versanumer\">7<\/span><\/a>Heyri\u00f0 \u00fev\u00ed or\u00f0 Drottins, \u00fe\u00e9r hir\u00f0ar!<a name=\"8\"><span class=\"versanumer\">8<\/span><\/a>Svo sannarlega sem \u00e9g lifi, segir Drottinn Gu\u00f0: Vissulega, af \u00fev\u00ed a\u00f0 sau\u00f0ir m\u00ednir ur\u00f0u a\u00f0 herfangi og af \u00fev\u00ed a\u00f0 sau\u00f0ir m\u00ednir ur\u00f0u \u00f6llum d\u00fdrum merkurinnar a\u00f0 br\u00e1\u00f0, me\u00f0 \u00fev\u00ed a\u00f0 enginn var hir\u00f0irinn og me\u00f0 \u00fev\u00ed a\u00f0 hir\u00f0ar m\u00ednir skeyttu eigi um sau\u00f0i m\u00edna, \u00fev\u00ed a\u00f0 hir\u00f0arnir h\u00e9ldu sj\u00e1lfum s\u00e9r til haga, en sau\u00f0um m\u00ednum h\u00e9ldu \u00feeir ekki til haga<a name=\"9\"><span class=\"versanumer\">9<\/span><\/a>fyrir \u00fev\u00ed heyri\u00f0 or\u00f0 Drottins, \u00fe\u00e9r hir\u00f0ar!<a name=\"10\"><span class=\"versanumer\">10<\/span><\/a>Svo segir Drottinn Gu\u00f0: Sj\u00e1, \u00e9g skal finna hir\u00f0ana og \u00e9g skal krefja sau\u00f0a minna af hendi \u00feeirra og gj\u00f6ra enda \u00e1 fj\u00e1rg\u00e6slu \u00feeirra. Og hir\u00f0arnir skulu ekki lengur halda sj\u00e1lfum s\u00e9r til haga, heldur skal \u00e9g hr\u00edfa sau\u00f0i m\u00edna \u00far munni \u00feeirra, svo a\u00f0 \u00feeir ver\u00f0i \u00feeim eigi framar a\u00f0 br\u00e1\u00f0.<a name=\"11\"><span class=\"versanumer\">11<\/span><\/a>Svo segir Drottinn Gu\u00f0: H\u00e9r er \u00e9g sj\u00e1lfur og mun leita sau\u00f0a minna og annast \u00fe\u00e1.<a name=\"12\"><span class=\"versanumer\">12<\/span><\/a>Eins og hir\u00f0ir annast hj\u00f6r\u00f0 s\u00edna \u00feann dag, sem hann er \u00e1 me\u00f0al hinna tv\u00edstru\u00f0u sau\u00f0a sinna, \u00feannig mun \u00e9g annast sau\u00f0i m\u00edna og heimta \u00fe\u00e1 \u00far \u00f6llum \u00feeim st\u00f6\u00f0um, \u00feanga\u00f0 sem \u00feeir hr\u00f6ktust \u00ed \u00feokunni og dimmvi\u00f0rinu.<a name=\"13\"><span class=\"versanumer\">13<\/span><\/a>Og \u00e9g mun s\u00e6kja \u00fe\u00e1 til \u00fej\u00f3\u00f0anna og saman safna \u00feeim \u00far l\u00f6ndunum og lei\u00f0a \u00fe\u00e1 inn \u00ed land \u00feeirra og halda \u00feeim til haga \u00e1 \u00cdsraels fj\u00f6llum, \u00ed d\u00f6lunum og \u00e1 \u00f6llum bygg\u00f0um b\u00f3lum \u00ed landinu.<a name=\"14\"><span class=\"versanumer\">14<\/span><\/a>\u00c9g mun halda \u00feeim \u00ed g\u00f3\u00f0u haglendi, og beitiland \u00feeirra mun vera \u00e1 h\u00e1fj\u00f6llum \u00cdsraels. \u00dear munu \u00feeir liggja \u00ed g\u00f3\u00f0u beitilandi og ganga \u00ed feitu haglendi \u00e1 \u00cdsraels fj\u00f6llum.<a name=\"15\"><span class=\"versanumer\">15<\/span><\/a>\u00c9g mun sj\u00e1lfur halda sau\u00f0um m\u00ednum til haga og sj\u00e1lfur b\u00e6la \u00fe\u00e1, segir Drottinn Gu\u00f0.<a name=\"16\"><span class=\"versanumer\">16<\/span><\/a>\u00c9g mun leita a\u00f0 hinu t\u00fdnda og s\u00e6kja hi\u00f0 hrakta, binda um hi\u00f0 limlesta og koma \u00fer\u00f3tti \u00ed hi\u00f0 veika, en var\u00f0veita hi\u00f0 feita og sterka. \u00c9g mun halda \u00feeim til haga, eins og vera ber.<a name=\"17\"><span class=\"versanumer\">17<\/span><\/a>En \u00fe\u00e9r, sau\u00f0ir m\u00ednir, svo segir Drottinn Gu\u00f0: Sj\u00e1, \u00e9g d\u00e6mi milli kindar og kindar, milli hr\u00fata og hafra.<a name=\"18\"><span class=\"versanumer\">18<\/span><\/a>N\u00e6gir y\u00f0ur ekki a\u00f0 ganga \u00ed hinu besta haglendi, nema \u00fe\u00e9r f\u00f3tum tro\u00f0i\u00f0 \u00fea\u00f0, sem eftir er af haglendi y\u00f0ar? N\u00e6gir y\u00f0ur ekki a\u00f0 drekka t\u00e6ra vatni\u00f0, nema \u00fe\u00e9r gruggi\u00f0 upp \u00fea\u00f0, sem eftir er, me\u00f0 f\u00f3tum y\u00f0ar?<a name=\"19\"><span class=\"versanumer\">19<\/span><\/a>Og svo ver\u00f0a sau\u00f0ir m\u00ednir a\u00f0 b\u00edta \u00fea\u00f0, sem \u00fe\u00e9r hafi\u00f0 tro\u00f0i\u00f0 me\u00f0 f\u00f3tum y\u00f0ar, og drekka \u00fea\u00f0, sem \u00fe\u00e9r hafi\u00f0 grugga\u00f0 upp me\u00f0 f\u00f3tum y\u00f0ar.<a name=\"20\"><span class=\"versanumer\">20<\/span><\/a>Fyrir \u00fev\u00ed segir Drottinn Gu\u00f0 svo: Sj\u00e1, h\u00e9r er \u00e9g sj\u00e1lfur og d\u00e6mi milli hinnar feitu og hinnar m\u00f6gru kindar.<a name=\"21\"><span class=\"versanumer\">21<\/span><\/a>Af \u00fev\u00ed a\u00f0 \u00fe\u00e9r hrundu\u00f0 \u00f6llum veiku skepnunum me\u00f0 s\u00ed\u00f0um og \u00f6xlum og st\u00f6ngu\u00f0u\u00f0 \u00fe\u00e6r me\u00f0 hornum y\u00f0ar, uns \u00fe\u00e9r fengu\u00f0 hraki\u00f0 \u00fe\u00e6r \u00fat,<a name=\"22\"><span class=\"versanumer\">22<\/span><\/a>\u00fe\u00e1 vil \u00e9g n\u00fa hj\u00e1lpa sau\u00f0um m\u00ednum, svo a\u00f0 \u00feeir ver\u00f0i eigi framar a\u00f0 herfangi, og \u00e9g mun d\u00e6ma milli kindar og kindar.<a name=\"23\"><span class=\"versanumer\">23<\/span><\/a>Og \u00e9g mun skipa yfir \u00fe\u00e1 einkahir\u00f0i, hann mun halda \u00feeim til haga, \u00fej\u00f3n minn Dav\u00ed\u00f0. Hann mun halda \u00feeim til haga og hann mun vera \u00feeim hir\u00f0ir.<a name=\"24\"><span class=\"versanumer\">24<\/span><\/a>Og \u00e9g Drottinn, mun vera Gu\u00f0 \u00feeirra, og \u00fej\u00f3nn minn Dav\u00ed\u00f0 mun vera h\u00f6f\u00f0ingi me\u00f0al \u00feeirra. \u00c9g, Drottinn, hefi tala\u00f0 \u00fea\u00f0.<a name=\"25\"><span class=\"versanumer\">25<\/span><\/a>Og \u00e9g mun gj\u00f6ra fri\u00f0ars\u00e1ttm\u00e1la vi\u00f0 \u00fe\u00e1 og reka \u00f6ll illd\u00fdri \u00far landinu, svo a\u00f0 \u00feeir skulu \u00f3hultir b\u00faa mega \u00ed ey\u00f0im\u00f6rkinni og sofa \u00ed sk\u00f3gunum.<a name=\"26\"><span class=\"versanumer\">26<\/span><\/a>Og \u00e9g mun gj\u00f6ra \u00fe\u00e1 og landi\u00f0 umhverfis h\u00e6\u00f0 m\u00edna a\u00f0 blessun, og \u00e9g mun l\u00e1ta steypiregni\u00f0 ni\u00f0ur falla \u00e1 s\u00ednum t\u00edma, \u00fea\u00f0 skulu ver\u00f0a blessunarsk\u00farir.<a name=\"27\"><span class=\"versanumer\">27<\/span><\/a>Og tr\u00e9 merkurinnar munu bera sinn \u00e1v\u00f6xt, og j\u00f6r\u00f0in mun bera sinn gr\u00f3\u00f0a, og \u00feeir munu b\u00faa \u00f3hultir \u00e1 sinni j\u00f6r\u00f0 og vi\u00f0urkenna, a\u00f0 \u00e9g er Drottinn, \u00feegar \u00e9g sundurbr\u00fdt oktr\u00e9 \u00feeirra og frelsa \u00fe\u00e1 undan valdi \u00feeirra, er \u00fe\u00e1 hafa \u00fer\u00e6lka\u00f0.<a name=\"28\"><span class=\"versanumer\">28<\/span><\/a>Og \u00feeir skulu ekki framar ver\u00f0a \u00fej\u00f3\u00f0unum a\u00f0 herfangi, n\u00e9 heldur skulu villid\u00fdrin r\u00edfa \u00fe\u00e1 \u00ed sig, en \u00feeir skulu b\u00faa \u00f3hultir og enginn skelfa \u00fe\u00e1.<a name=\"29\"><span class=\"versanumer\">29<\/span><\/a>Og \u00e9g mun l\u00e1ta til ver\u00f0a handa \u00feeim vel r\u00e6kta\u00f0an gr\u00f3\u00f0urreit og alls engir munu framar farast af hungri \u00ed landinu, og \u00feeir skulu ekki framar liggja undir \u00e1m\u00e6li \u00fej\u00f3\u00f0anna.<a name=\"30\"><span class=\"versanumer\">30<\/span><\/a>Og \u00feeir skulu vi\u00f0urkenna, a\u00f0 \u00e9g, Drottinn, Gu\u00f0 \u00feeirra, er me\u00f0 \u00feeim, og a\u00f0 \u00feeir, \u00cdsraelsmenn, eru m\u00edn \u00fej\u00f3\u00f0, segir Drottinn Gu\u00f0.<a name=\"31\"><span class=\"versanumer\">31<\/span><\/a>En \u00fe\u00e9r eru\u00f0 m\u00ednir sau\u00f0ir. M\u00edn g\u00e6sluhj\u00f6r\u00f0 eru\u00f0 \u00fe\u00e9r. \u00c9g er y\u00f0ar Gu\u00f0, segir Drottinn Gu\u00f0.<\/p>\n<div class=\"footnote1981\"><b>34.2<\/b> Hir\u00f0ir Esk 34.10-16,23; Jes 56.11; Sak 11; Slm 23.1; 80.2; J\u00f3h 10.11<br \/>\n<b>34.4<\/b> Lei\u00f0a me\u00f0 har\u00f0ri hendi Esk 45.9; 1Sam 8.11-18; 1Kon 21; M\u00edk 2.2<br \/>\n<b>34.5<\/b> Hir\u00f0ir var engin 4M\u00f3s 27.10; 1Kon 22.17; Sak 10.2; Matt 9.36<br \/>\n<b>34.14<\/b> Gu\u00f0 er hir\u00f0ir Jes 40.11; Jer 23.3; Slm 23.1-3; 80.2; sbr J\u00f3h 10.1-30; 1P\u00e9t 5.2-4; Opb 7.17<br \/>\n<b>34.16<\/b> Leita \u00feess sem villist L\u00fak 15.4-7<br \/>\n<b>34.17<\/b> D\u00e6ma Matt 25.32-33<br \/>\n<b>34.23<\/b> Einn hir\u00f0ir Esk 37.22,24<br \/>\n<b>34.25<\/b> S\u00e1ttm\u00e1li H\u00f3s 2.20; sbr Jes 11.6-9 \u2013 b\u00faa \u00f3hultir Esk 28.26+<br \/>\n<b>34.26<\/b> Regn 5M\u00f3s 11.14; 28.12; Jer 5.24<br \/>\n<b>34.30<\/b> \u00c9g er Drottinn Esk 20.42+<\/div>\n","protected":false},"excerpt":{"rendered":"<p>1Or\u00f0 Drottins kom til m\u00edn, svohlj\u00f3\u00f0andi:2Mannsson, sp\u00e1 \u00fe\u00fa um \u00cdsraels hir\u00f0a, sp\u00e1 \u00fe\u00fa og seg vi\u00f0 \u00fe\u00e1: Svo segir Drottinn Gu\u00f0: Vei hir\u00f0um \u00cdsraels, er h\u00e9ldu sj\u00e1lfum s\u00e9r til haga. Eiga ekki hir\u00f0arnir a\u00f0 halda sau\u00f0unum til haga?3Mj\u00f3lkurinnar neyttu\u00f0 \u00fe\u00e9r, kl\u00e6ddu\u00f0 y\u00f0ur af ullinni, sl\u00e1tru\u00f0u\u00f0 alif\u00e9nu, en sau\u00f0unum hafi\u00f0 \u00fe\u00e9r eigi haldi\u00f0 til haga.4\u00de\u00e9r komu\u00f0 ekki \u00fer\u00f3tti \u00ed veiku skepnurnar og l\u00e6knu\u00f0u\u00f0 ekki hi\u00f0 sj\u00faka, bundu\u00f0 ekki um hi\u00f0 limlesta, s\u00f3ttu\u00f0 ekki \u00fea\u00f0, er hrakist haf\u00f0i, og leitu\u00f0u\u00f0 ekki hins t\u00fdnda, heldur drottnu\u00f0u\u00f0 \u00fe\u00e9r yfir \u00feeim me\u00f0 h\u00f6rku og grimmd.5Og fyrir \u00fev\u00ed tv\u00edstru\u00f0ust \u00feeir, af \u00fev\u00ed a\u00f0 enginn var hir\u00f0irinn, <a href=\"https:\/\/biblian.is\/1981\/esekiel-34-kafli\/\"> [&#8230;]<\/a><\/p>\n","protected":false},"author":1,"featured_media":0,"parent":0,"menu_order":0,"comment_status":"open","ping_status":"open","template":"bibliukaflar.php","meta":{"footnotes":""},"class_list":["post-2183","page","type-page","status-publish","hentry"],"_links":{"self":[{"href":"https:\/\/biblian.is\/1981\/wp-json\/wp\/v2\/pages\/2183","targetHints":{"allow":["GET"]}}],"collection":[{"href":"https:\/\/biblian.is\/1981\/wp-json\/wp\/v2\/pages"}],"about":[{"href":"https:\/\/biblian.is\/1981\/wp-json\/wp\/v2\/types\/page"}],"author":[{"embeddable":true,"href":"https:\/\/biblian.is\/1981\/wp-json\/wp\/v2\/users\/1"}],"replies":[{"embeddable":true,"href":"https:\/\/biblian.is\/1981\/wp-json\/wp\/v2\/comments?post=2183"}],"version-history":[{"count":0,"href":"https:\/\/biblian.is\/1981\/wp-json\/wp\/v2\/pages\/2183\/revisions"}],"wp:attachment":[{"href":"https:\/\/biblian.is\/1981\/wp-json\/wp\/v2\/media?parent=2183"}],"curies":[{"name":"wp","href":"https:\/\/api.w.org\/{rel}","templated":true}]}}