{"id":2182,"date":"2017-11-18T20:20:32","date_gmt":"2017-11-18T20:20:32","guid":{"rendered":"http:\/\/biblian.is\/1981\/esekiel-33-kafli\/"},"modified":"2021-06-06T10:50:53","modified_gmt":"2021-06-06T10:50:53","slug":"esekiel-33-kafli","status":"publish","type":"page","link":"https:\/\/biblian.is\/1981\/esekiel-33-kafli\/","title":{"rendered":"Esek\u00edel 33. kafli"},"content":{"rendered":"<p><a name=\"1\"><span class=\"versanumer\">1<\/span><\/a>Og or\u00f0 Drottins kom til m\u00edn, svohlj\u00f3\u00f0andi:<a name=\"2\"><span class=\"versanumer\">2<\/span><\/a>Mannsson, tala \u00fe\u00fa til samlanda \u00feinna og seg vi\u00f0 \u00fe\u00e1: \u00deegar \u00e9g l\u00e6t sver\u00f0 koma yfir eitthvert land, og landsmenn taka mann \u00far s\u00ednum h\u00f3p og gj\u00f6ra hann a\u00f0 var\u00f0manni s\u00ednum,<a name=\"3\"><span class=\"versanumer\">3<\/span><\/a>og hann s\u00e9r sver\u00f0i\u00f0 koma yfir landi\u00f0 og bl\u00e6s \u00ed l\u00fa\u00f0urinn og gj\u00f6rir f\u00f3lki\u00f0 vart vi\u00f0,<a name=\"4\"><span class=\"versanumer\">4<\/span><\/a>ef \u00fe\u00e1 s\u00e1, er heyrir l\u00fa\u00f0ur\u00feytinn, vill ekki vara sig, og sver\u00f0i\u00f0 kemur og sviptir honum \u00ed burt, \u00fe\u00e1 mun bl\u00f3\u00f0 hans vera \u00e1 h\u00f6f\u00f0i honum sj\u00e1lfum.<a name=\"5\"><span class=\"versanumer\">5<\/span><\/a>&#8222;Hann heyr\u00f0i l\u00fa\u00f0ur\u00feytinn, en vara\u00f0i sig \u00fe\u00f3 ekki; bl\u00f3\u00f0 hans hv\u00edli \u00e1 honum. En hinn hefir gj\u00f6rt vi\u00f0vart og frelsa\u00f0 l\u00edf sitt.&#8220;<a name=\"6\"><span class=\"versanumer\">6<\/span><\/a>En sj\u00e1i var\u00f0ma\u00f0urinn sver\u00f0i\u00f0 koma, og bl\u00e6s \u00fe\u00f3 ekki \u00ed l\u00fa\u00f0urinn, svo a\u00f0 f\u00f3lki er ekki gj\u00f6rt vart vi\u00f0, og sver\u00f0i\u00f0 kemur og sviptir einhverjum af \u00feeim burt, \u00fe\u00e1 ver\u00f0ur \u00feeim hinum sama burt svipt fyrir sj\u00e1lfs hans misgj\u00f6r\u00f0, en bl\u00f3\u00f0s hans vil \u00e9g krefja af hendi var\u00f0mannsins.<a name=\"7\"><span class=\"versanumer\">7<\/span><\/a>\u00deig, mannsson, hefi \u00e9g skipa\u00f0 var\u00f0mann fyrir \u00cdsraels h\u00fas, til \u00feess a\u00f0 \u00fe\u00fa varir \u00fe\u00e1 vi\u00f0 fyrir m\u00edna h\u00f6nd, er \u00fe\u00fa heyrir or\u00f0 af munni m\u00ednum.<a name=\"8\"><span class=\"versanumer\">8<\/span><\/a>\u00deegar \u00e9g segi vi\u00f0 hinn \u00f3gu\u00f0lega: \u00de\u00fa hinn \u00f3gu\u00f0legi skalt deyja! og \u00fe\u00fa segir ekkert til \u00feess a\u00f0 vara hinn \u00f3gu\u00f0lega vi\u00f0 breytni hans, \u00fe\u00e1 skal a\u00f0 v\u00edsu hinn \u00f3gu\u00f0legi deyja fyrir misgj\u00f6r\u00f0 s\u00edna, en bl\u00f3\u00f0s hans vil \u00e9g krefja af \u00feinni hendi.<a name=\"9\"><span class=\"versanumer\">9<\/span><\/a>En hafir \u00fe\u00fa vara\u00f0 hinn \u00f3gu\u00f0lega vi\u00f0 breytni hans, a\u00f0 hann skuli l\u00e1ta af henni, en hann l\u00e6tur samt ekki af breytni sinni, \u00fe\u00e1 skal hann deyja fyrir misgj\u00f6r\u00f0 s\u00edna, en \u00fe\u00fa hefir frelsa\u00f0 l\u00edf \u00feitt.<a name=\"10\"><span class=\"versanumer\">10<\/span><\/a>Mannsson, seg \u00fe\u00fa vi\u00f0 \u00cdsraelsmenn: \u00de\u00e9r hafi\u00f0 kve\u00f0i\u00f0 svo a\u00f0 or\u00f0i: Afbrot vor og syndir vorar hv\u00edla \u00e1 oss, og \u00feeirra vegna veslumst v\u00e9r upp, og hvernig \u00e6ttum v\u00e9r \u00fe\u00e1 a\u00f0 geta haldi\u00f0 l\u00edfi?<a name=\"11\"><span class=\"versanumer\">11<\/span><\/a>Seg vi\u00f0 \u00fe\u00e1: Svo sannarlega sem \u00e9g lifi, segir Drottinn Gu\u00f0 hefi \u00e9g ekki \u00fe\u00f3knun \u00e1 dau\u00f0a hins \u00f3gu\u00f0lega, heldur a\u00f0 hinn \u00f3gu\u00f0legi hverfi fr\u00e1 breytni sinni og haldi l\u00edfi. Sn\u00fai\u00f0 y\u00f0ur, sn\u00fai\u00f0 y\u00f0ur fr\u00e1 y\u00f0ar vondu breytni! Hv\u00ed vilji\u00f0 \u00fe\u00e9r deyja, \u00cdsraelsmenn?<a name=\"12\"><span class=\"versanumer\">12<\/span><\/a>En \u00fe\u00fa, mannsson, seg vi\u00f0 samlanda \u00fe\u00edna: R\u00e1\u00f0vendni hins r\u00e1\u00f0vanda skal ekki frelsa hann \u00e1 \u00feeim degi, er hann misgj\u00f6rir, og gu\u00f0leysi hins \u00f3gu\u00f0lega skal ekki fella hann \u00e1 \u00feeim degi, er hann hverfur fr\u00e1 gu\u00f0leysi s\u00ednu, og hinn r\u00e1\u00f0vandi skal ekki heldur f\u00e1 l\u00edfi haldi\u00f0 fyrir r\u00e1\u00f0vendni s\u00edna \u00e1 \u00feeim degi, er hann syndgar.<a name=\"13\"><span class=\"versanumer\">13<\/span><\/a>\u00deegar \u00e9g segi vi\u00f0 hinn r\u00e1\u00f0vanda: \u00de\u00fa skalt vissulega l\u00edfi halda! og hann rei\u00f0ir sig \u00e1 r\u00e1\u00f0vendni s\u00edna og fremur gl\u00e6p, \u00fe\u00e1 skulu r\u00e1\u00f0vendniverk hans eigi til \u00e1lita koma, heldur skal hann deyja fyrir gl\u00e6pinn, sem hann hefir dr\u00fdgt.<a name=\"14\"><span class=\"versanumer\">14<\/span><\/a>Og \u00feegar \u00e9g segi vi\u00f0 hinn \u00f3gu\u00f0lega: \u00de\u00fa skalt vissulega deyja! og hann l\u00e6tur af synd sinni og i\u00f0kar r\u00e9tt og r\u00e9ttl\u00e6ti,<a name=\"15\"><span class=\"versanumer\">15<\/span><\/a>skilar aftur ve\u00f0i, endurgrei\u00f0ir \u00fea\u00f0, er hann hefir r\u00e6nt, breytir eftir \u00feeim bo\u00f0or\u00f0um, er lei\u00f0a til l\u00edfsins, svo a\u00f0 hann fremur engan gl\u00e6p, \u00fe\u00e1 skal hann l\u00edfi halda og ekki deyja.<a name=\"16\"><span class=\"versanumer\">16<\/span><\/a>Allar \u00fe\u00e6r syndir, er hann hefir \u00e1\u00f0ur dr\u00fdgt, skulu honum ekki tilreikna\u00f0ar ver\u00f0a. Hann hefir i\u00f0ka\u00f0 r\u00e9tt og r\u00e9ttl\u00e6ti, hann skal l\u00edfi halda!<a name=\"17\"><span class=\"versanumer\">17<\/span><\/a>Og samt segja samlandar \u00fe\u00ednir: Atferli Drottins er ekki r\u00e9tt! Og \u00fea\u00f0 er \u00fe\u00f3 atferli \u00feeirra, sem ekki er r\u00e9tt.<a name=\"18\"><span class=\"versanumer\">18<\/span><\/a>Ef r\u00e1\u00f0vandur ma\u00f0ur hverfur fr\u00e1 r\u00e1\u00f0vendni sinni og fremur gl\u00e6p, \u00fe\u00e1 skal hann deyja fyrir \u00fea\u00f0.<a name=\"19\"><span class=\"versanumer\">19<\/span><\/a>Og ef \u00f3gu\u00f0legur ma\u00f0ur hverfur fr\u00e1 gu\u00f0leysi s\u00ednu og i\u00f0kar r\u00e9tt og r\u00e9ttl\u00e6ti, \u00fe\u00e1 skal hann l\u00edfi halda fyrir \u00fea\u00f0.<a name=\"20\"><span class=\"versanumer\">20<\/span><\/a>Og samt segi\u00f0 \u00fe\u00e9r: Atferli Drottins er ekki r\u00e9tt! S\u00e9rhvern y\u00f0ar mun \u00e9g d\u00e6ma eftir breytni hans, \u00fe\u00e9r \u00cdsraelsmenn!<a name=\"21\"><span class=\"versanumer\">21<\/span><\/a>\u00c1 t\u00f3lfta \u00e1rinu eftir a\u00f0 v\u00e9r vorum herleiddir, fimmta dag hins t\u00edunda m\u00e1na\u00f0ar kom til m\u00edn fl\u00f3ttama\u00f0ur fr\u00e1 Jer\u00fasalem me\u00f0 \u00feau t\u00ed\u00f0indi: Borgin er unnin!<a name=\"22\"><span class=\"versanumer\">22<\/span><\/a>En h\u00f6nd Drottins haf\u00f0i komi\u00f0 yfir mig kveldi\u00f0 \u00e1\u00f0ur en fl\u00f3ttama\u00f0urinn kom, og Gu\u00f0 haf\u00f0i loki\u00f0 upp munni m\u00ednum \u00e1\u00f0ur en hinn kom til m\u00edn um morguninn. Munnur minn var upp lokinn, og \u00e9g \u00feag\u00f0i eigi lengur.<a name=\"23\"><span class=\"versanumer\">23<\/span><\/a>Og or\u00f0 Drottins kom til m\u00edn, svohlj\u00f3\u00f0andi:<a name=\"24\"><span class=\"versanumer\">24<\/span><\/a>Mannsson, \u00feeir sem b\u00faa \u00ed \u00feessum borgarr\u00fastum \u00ed \u00cdsraelslandi segja: Abraham var ekki nema einn og \u00fe\u00f3 f\u00e9kk hann landi\u00f0 til eignar, en v\u00e9r erum margir, oss var landi\u00f0 gefi\u00f0 til eignar.<a name=\"25\"><span class=\"versanumer\">25<\/span><\/a>Seg \u00fev\u00ed vi\u00f0 \u00fe\u00e1: Svo segir Drottinn Gu\u00f0: \u00de\u00e9r eti\u00f0 f\u00f3rnarkj\u00f6t \u00e1 fj\u00f6llunum og hefji\u00f0 augu y\u00f0ar til skur\u00f0go\u00f0anna og \u00fathelli\u00f0 bl\u00f3\u00f0i, og \u00fe\u00e9r vilji\u00f0 eiga landi\u00f0!<a name=\"26\"><span class=\"versanumer\">26<\/span><\/a>\u00de\u00e9r rei\u00f0i\u00f0 y\u00f0ur \u00e1 sver\u00f0 y\u00f0ar, \u00fe\u00e9r hafi\u00f0 sv\u00edvir\u00f0ing \u00ed frammi, \u00fe\u00e9r sm\u00e1ni\u00f0 hver annars konu, og \u00fe\u00e9r vilji\u00f0 eiga landi\u00f0!<a name=\"27\"><span class=\"versanumer\">27<\/span><\/a>\u00de\u00fa skalt m\u00e6la \u00feannig til \u00feeirra: Svo segir Drottinn Gu\u00f0: Svo sannarlega sem \u00e9g lifi, \u00feeir sem hafast vi\u00f0 \u00ed r\u00fastunum, skulu falla fyrir sver\u00f0i, \u00fe\u00e1 sem eru \u00fati \u00e1 bersv\u00e6\u00f0i, gef \u00e9g villid\u00fdrunum a\u00f0 f\u00e6\u00f0slu, og \u00feeir sem hafast vi\u00f0 \u00ed klettav\u00edgjum og hellum, skulu deyja af dreps\u00f3tt.<a name=\"28\"><span class=\"versanumer\">28<\/span><\/a>Og \u00e9g skal gj\u00f6ra landi\u00f0 a\u00f0 au\u00f0n og \u00f6r\u00e6fum, og \u00fati er um \u00feess d\u00fdrlega skraut, og \u00cdsraels fj\u00f6ll skulu \u00ed ey\u00f0i liggja, svo a\u00f0 enginn fer \u00fear um.<a name=\"29\"><span class=\"versanumer\">29<\/span><\/a>Og \u00feeir munu vi\u00f0urkenna, a\u00f0 \u00e9g er Drottinn, \u00feegar \u00e9g gj\u00f6ri landi\u00f0 a\u00f0 au\u00f0n og \u00f6r\u00e6fum vegna allra \u00feeirra sv\u00edvir\u00f0inga, er \u00feeir hafa frami\u00f0.<a name=\"30\"><span class=\"versanumer\">30<\/span><\/a>Mannsson, samlandar \u00fe\u00ednir tala s\u00edn \u00e1 milli um \u00feig hj\u00e1 veggjunum og vi\u00f0 h\u00fasdyrnar, og segja hver vi\u00f0 annan: Komi\u00f0 og heyri\u00f0, hva\u00f0a or\u00f0 kemur fr\u00e1 Drottni!<a name=\"31\"><span class=\"versanumer\">31<\/span><\/a>Og \u00feeir koma til \u00fe\u00edn \u00ed h\u00f3pum og sitja frammi fyrir \u00fe\u00e9r, en \u00feegar \u00feeir hafa heyrt or\u00f0 \u00fe\u00edn, \u00fe\u00e1 breyta \u00feeir ekki eftir \u00feeim. \u00dev\u00ed a\u00f0 lygi er \u00ed munni \u00feeirra, en hjarta \u00feeirra eltir f\u00e9gr\u00f3\u00f0ann.<a name=\"32\"><span class=\"versanumer\">32<\/span><\/a>Og sj\u00e1, \u00fe\u00fa ert \u00feeim eins og \u00e1starkv\u00e6\u00f0i, eins og s\u00e1, er hefir fagra s\u00f6ngr\u00f6dd og vel leikur \u00e1 strengina: \u00deeir hlusta \u00e1 or\u00f0 \u00fe\u00edn, en breyta ekki eftir \u00feeim.<a name=\"33\"><span class=\"versanumer\">33<\/span><\/a>En \u00feegar \u00fea\u00f0 kemur fram, og \u00fea\u00f0 kemur vissulega fram, \u00fe\u00e1 munu \u00feeir vi\u00f0urkenna, a\u00f0 sp\u00e1ma\u00f0ur var me\u00f0al \u00feeirra.<\/p>\n<div class=\"footnote1981\"><b>33.2<\/b> Sver\u00f0 Esk 21.8+ &#8211; var\u00f0ma\u00f0ur Esk 3.17; Jes 21.6,8<br \/>\n<b>33.4<\/b> \u00deyt hornsins Esk 7.14+<br \/>\n<b>33.11<\/b> Breytni hins gu\u00f0lausa Esk 18.23; 32; SSal 1.13<br \/>\n<b>33.15<\/b> Ve\u00f0 Esk 18.7+<br \/>\n<b>33.20<\/b> Hvern og einn eftir breytni Esk 18.30<br \/>\n<b>33.22<\/b> M\u00e1llaus Esk 3.24-27; 24.27<br \/>\n<b>33.24<\/b> Landi\u00f0 til eignar Esk 11.15<br \/>\n<b>32.25<\/b> Eta kj\u00f6ti\u00f0 me\u00f0 bl\u00f3\u00f0inu 3M\u00f3s 17.10-14; 19.26<br \/>\n<b>33.26<\/b> Saurgu\u00f0 kona Esk 22.11+<br \/>\n<b>33.27<\/b> Dreps\u00f3tt Esk 28.23; sbr Esk 5.12+<br \/>\n<b>33.29<\/b> Vi\u00f0urkenna Drottin Esk 5.13+<br \/>\n<b>33.31<\/b> Hlusta en fara ekki eftir Matt 7.26 sbr L\u00fak 8.21<\/div>\n","protected":false},"excerpt":{"rendered":"<p>1Og or\u00f0 Drottins kom til m\u00edn, svohlj\u00f3\u00f0andi:2Mannsson, tala \u00fe\u00fa til samlanda \u00feinna og seg vi\u00f0 \u00fe\u00e1: \u00deegar \u00e9g l\u00e6t sver\u00f0 koma yfir eitthvert land, og landsmenn taka mann \u00far s\u00ednum h\u00f3p og gj\u00f6ra hann a\u00f0 var\u00f0manni s\u00ednum,3og hann s\u00e9r sver\u00f0i\u00f0 koma yfir landi\u00f0 og bl\u00e6s \u00ed l\u00fa\u00f0urinn og gj\u00f6rir f\u00f3lki\u00f0 vart vi\u00f0,4ef \u00fe\u00e1 s\u00e1, er heyrir l\u00fa\u00f0ur\u00feytinn, vill ekki vara sig, og sver\u00f0i\u00f0 kemur og sviptir honum \u00ed burt, \u00fe\u00e1 mun bl\u00f3\u00f0 hans vera \u00e1 h\u00f6f\u00f0i honum sj\u00e1lfum.5&#8222;Hann heyr\u00f0i l\u00fa\u00f0ur\u00feytinn, en vara\u00f0i sig \u00fe\u00f3 ekki; bl\u00f3\u00f0 hans hv\u00edli \u00e1 honum. En hinn hefir gj\u00f6rt vi\u00f0vart og frelsa\u00f0 l\u00edf sitt.&#8220;6En sj\u00e1i <a href=\"https:\/\/biblian.is\/1981\/esekiel-33-kafli\/\"> [&#8230;]<\/a><\/p>\n","protected":false},"author":1,"featured_media":0,"parent":0,"menu_order":0,"comment_status":"open","ping_status":"open","template":"bibliukaflar.php","meta":{"footnotes":""},"class_list":["post-2182","page","type-page","status-publish","hentry"],"_links":{"self":[{"href":"https:\/\/biblian.is\/1981\/wp-json\/wp\/v2\/pages\/2182","targetHints":{"allow":["GET"]}}],"collection":[{"href":"https:\/\/biblian.is\/1981\/wp-json\/wp\/v2\/pages"}],"about":[{"href":"https:\/\/biblian.is\/1981\/wp-json\/wp\/v2\/types\/page"}],"author":[{"embeddable":true,"href":"https:\/\/biblian.is\/1981\/wp-json\/wp\/v2\/users\/1"}],"replies":[{"embeddable":true,"href":"https:\/\/biblian.is\/1981\/wp-json\/wp\/v2\/comments?post=2182"}],"version-history":[{"count":0,"href":"https:\/\/biblian.is\/1981\/wp-json\/wp\/v2\/pages\/2182\/revisions"}],"wp:attachment":[{"href":"https:\/\/biblian.is\/1981\/wp-json\/wp\/v2\/media?parent=2182"}],"curies":[{"name":"wp","href":"https:\/\/api.w.org\/{rel}","templated":true}]}}