{"id":2180,"date":"2017-11-18T20:20:32","date_gmt":"2017-11-18T20:20:32","guid":{"rendered":"http:\/\/biblian.is\/1981\/esekiel-31-kafli\/"},"modified":"2021-06-06T10:50:52","modified_gmt":"2021-06-06T10:50:52","slug":"esekiel-31-kafli","status":"publish","type":"page","link":"https:\/\/biblian.is\/1981\/esekiel-31-kafli\/","title":{"rendered":"Esek\u00edel 31. kafli"},"content":{"rendered":"<p><a name=\"1\"><span class=\"versanumer\">1<\/span><\/a>Og \u00e1 ellefta \u00e1rinu, hinn fyrsta dag hins \u00feri\u00f0ja m\u00e1na\u00f0ar, kom or\u00f0 Drottins til m\u00edn, svohlj\u00f3\u00f0andi:<a name=\"2\"><span class=\"versanumer\">2<\/span><\/a>Mannsson, seg vi\u00f0 Fara\u00f3, Egyptalandskonung, og vi\u00f0 gl\u00e6sili\u00f0 hans: Hverjum ertu l\u00edkur a\u00f0 mikilleik?<a name=\"3\"><span class=\"versanumer\">3<\/span><\/a>Sj\u00e1, sedrusvi\u00f0ur \u00f3x \u00e1 L\u00edbanon. Greinar hans voru fagrar og laufi\u00f0 veitti mikla fors\u00e6lu, hann var h\u00e1vaxinn og n\u00e1\u00f0i topplimi\u00f0 upp \u00ed sk\u00fdin.<a name=\"4\"><span class=\"versanumer\">4<\/span><\/a>Vatnsgn\u00f3ttin haf\u00f0i gj\u00f6rt hann st\u00f3ran og fl\u00f3\u00f0i\u00f0 h\u00e1vaxinn, \u00fea\u00f0 leiddi strauma s\u00edna umhverfis gr\u00f3\u00f0urreit hans og veitti vatnsr\u00e1sum s\u00ednum til allra sk\u00f3gartrj\u00e1nna.<a name=\"5\"><span class=\"versanumer\">5<\/span><\/a>Fyrir \u00fev\u00ed var hann h\u00e1vaxnari en \u00f6ll sk\u00f3gartr\u00e9n, greinum hans fj\u00f6lga\u00f0i og limar hans lengdust af hinni miklu vatnsgn\u00f3tt.<a name=\"6\"><span class=\"versanumer\">6<\/span><\/a>Alls konar fuglar himinsins hrei\u00f0ru\u00f0u sig \u00ed greinum hans og alls konar d\u00fdr merkurinnar l\u00f6g\u00f0u ungum s\u00ednum undir limar hans, og allar hinar m\u00f6rgu \u00fej\u00f3\u00f0ir bjuggu \u00ed fors\u00e6lu hans.<a name=\"7\"><span class=\"versanumer\">7<\/span><\/a>Og hann var fagur s\u00f6kum mikilleiks s\u00edns og vegna \u00feess, hve greinar hans voru langar, \u00fev\u00ed a\u00f0 r\u00e6tur hans l\u00e1gu vi\u00f0 mikla vatnsgn\u00f3tt.<a name=\"8\"><span class=\"versanumer\">8<\/span><\/a>Sedrustr\u00e9n j\u00f6fnu\u00f0ust ekki \u00e1 vi\u00f0 hann \u00ed aldingar\u00f0i Gu\u00f0s, k\u00fdprestr\u00e9n h\u00f6f\u00f0u ekki jafnmiklar greinar og hann, og hlynirnir h\u00f6f\u00f0u ekki eins fallegar limar og hann. Ekkert tr\u00e9 \u00ed aldingar\u00f0i Gu\u00f0s var honum jafnt a\u00f0 fegur\u00f0.<a name=\"9\"><span class=\"versanumer\">9<\/span><\/a>\u00c9g haf\u00f0i pr\u00fdtt hann me\u00f0 fj\u00f6lda af greinum, og \u00f6ll Edentr\u00e9, sem voru \u00ed aldingar\u00f0i Gu\u00f0s, \u00f6fundu\u00f0u hann.<a name=\"10\"><span class=\"versanumer\">10<\/span><\/a>Fyrir \u00fev\u00ed segir Drottinn Gu\u00f0 svo: Af \u00fev\u00ed a\u00f0 hann var\u00f0 h\u00e1vaxinn og teyg\u00f0i topplimi\u00f0 upp \u00ed sk\u00fdin og ofmetna\u00f0ist \u00ed hjarta af h\u00e6\u00f0 sinni,<a name=\"11\"><span class=\"versanumer\">11<\/span><\/a>\u00fe\u00e1 seldi \u00e9g hann \u00ed hendur afarmenni me\u00f0al \u00fej\u00f3\u00f0anna, er fara skyldi me\u00f0 hann samkv\u00e6mt illsku sinni, uns \u00e9g hef\u00f0i reki\u00f0 hann burt.<a name=\"12\"><span class=\"versanumer\">12<\/span><\/a>Og \u00fatlendir menn, hinar grimmustu \u00fej\u00f3\u00f0ir, felldu hann og fleyg\u00f0u honum. Greinar hans f\u00e9llu ni\u00f0ur \u00e1 fj\u00f6llin og ofan \u00ed alla dali, og limar hans l\u00e1gu sundur brotnar \u00ed \u00f6llum giljum landsins, og allar \u00fej\u00f3\u00f0ir jar\u00f0arinnar viku burt \u00far fors\u00e6lu hans og l\u00e9tu hann eiga sig.<a name=\"13\"><span class=\"versanumer\">13<\/span><\/a>Allir fuglar himinsins s\u00e1tu n\u00fa \u00e1 hans fallna stofni og \u00f6ll d\u00fdr merkurinnar l\u00e1gu \u00e1 limum hans,<a name=\"14\"><span class=\"versanumer\">14<\/span><\/a>til \u00feess a\u00f0 engin tr\u00e9 vi\u00f0 vatn skyldu ver\u00f0a h\u00e1vaxin og eigi teygja topplim sitt upp \u00ed sk\u00fdin, og til \u00feess a\u00f0 st\u00f3rh\u00f6f\u00f0ingjar \u00feeirra st\u00e6\u00f0u eigi hreyknir af h\u00e6\u00f0 sinni, allir \u00feeir er \u00e1 vatni v\u00f6kvast. \u00dev\u00ed a\u00f0 allir eru \u00feeir dau\u00f0anum ofurseldir, svo a\u00f0 \u00feeir ver\u00f0a a\u00f0 fara ni\u00f0ur til undirheima, mitt \u00e1 me\u00f0al mannanna, til \u00feeirra, sem ni\u00f0ur stignir eru \u00ed gr\u00f6fina.<a name=\"15\"><span class=\"versanumer\">15<\/span><\/a>Svo segir Drottinn Gu\u00f0: Daginn, sem hann steig ni\u00f0ur til Heljar, l\u00e9t \u00e9g fl\u00f3\u00f0i\u00f0 s\u00fdta missi hans og h\u00e9lt aftur straumum hans og hin miklu v\u00f6tn h\u00e6ttu a\u00f0 renna. \u00c9g kl\u00e6ddi L\u00edbanon sorgarb\u00faningi hans vegna og \u00f6ll tr\u00e9 merkurinnar li\u00f0u \u00ed \u00f3megin yfir l\u00e1ti hans.<a name=\"16\"><span class=\"versanumer\">16<\/span><\/a>\u00c9g skelfdi \u00fej\u00f3\u00f0irnar me\u00f0 \u00feeim gn\u00fd, sem var\u00f0 af falli hans, er \u00e9g steypti honum ni\u00f0ur til Heljar, til \u00feeirra, sem eru ni\u00f0ur stignir \u00ed gr\u00f6fina. Og \u00fe\u00e1 huggu\u00f0ust \u00ed undirheimum \u00f6ll Edentr\u00e9, \u00e1g\u00e6tustu og bestu tr\u00e9 L\u00edbanons, \u00f6ll \u00feau er \u00e1 vatni h\u00f6f\u00f0u v\u00f6kvast.<a name=\"17\"><span class=\"versanumer\">17<\/span><\/a>\u00deau f\u00f3ru l\u00edka me\u00f0 honum ni\u00f0ur til Heljar til hinna vopnbitnu, er b\u00fai\u00f0 h\u00f6f\u00f0u \u00ed fors\u00e6lu hans, mitt \u00e1 me\u00f0al \u00fej\u00f3\u00f0anna.<a name=\"18\"><span class=\"versanumer\">18<\/span><\/a>Vi\u00f0 hvert \u00e1 me\u00f0al Edentrj\u00e1nna er unnt a\u00f0 jafna \u00fe\u00e9r a\u00f0 skrauti og st\u00e6r\u00f0? En \u00fe\u00e9r mun ver\u00f0a steypt ni\u00f0ur \u00ed undirheima me\u00f0 Edentrj\u00e1num, me\u00f0al \u00f3umskorinna munt \u00fe\u00fa liggja hj\u00e1 hinum vopnbitnu. \u00deetta er Fara\u00f3 og gl\u00e6sili\u00f0 hans, segir Drottinn Gu\u00f0.<\/p>\n<div class=\"footnote1981\"><b>31.6<\/b> Fuglar \u00e1 greinum Esk 17.23; Matt 13.23<br \/>\n<b>31.10<\/b> Ofmetna\u00f0ist 1M\u00f3s 11.4; Jes 2.12-17<br \/>\n<b>31.15<\/b> Harma hann Esk 32.7-8+<\/div>\n","protected":false},"excerpt":{"rendered":"<p>1Og \u00e1 ellefta \u00e1rinu, hinn fyrsta dag hins \u00feri\u00f0ja m\u00e1na\u00f0ar, kom or\u00f0 Drottins til m\u00edn, svohlj\u00f3\u00f0andi:2Mannsson, seg vi\u00f0 Fara\u00f3, Egyptalandskonung, og vi\u00f0 gl\u00e6sili\u00f0 hans: Hverjum ertu l\u00edkur a\u00f0 mikilleik?3Sj\u00e1, sedrusvi\u00f0ur \u00f3x \u00e1 L\u00edbanon. Greinar hans voru fagrar og laufi\u00f0 veitti mikla fors\u00e6lu, hann var h\u00e1vaxinn og n\u00e1\u00f0i topplimi\u00f0 upp \u00ed sk\u00fdin.4Vatnsgn\u00f3ttin haf\u00f0i gj\u00f6rt hann st\u00f3ran og fl\u00f3\u00f0i\u00f0 h\u00e1vaxinn, \u00fea\u00f0 leiddi strauma s\u00edna umhverfis gr\u00f3\u00f0urreit hans og veitti vatnsr\u00e1sum s\u00ednum til allra sk\u00f3gartrj\u00e1nna.5Fyrir \u00fev\u00ed var hann h\u00e1vaxnari en \u00f6ll sk\u00f3gartr\u00e9n, greinum hans fj\u00f6lga\u00f0i og limar hans lengdust af hinni miklu vatnsgn\u00f3tt.6Alls konar fuglar himinsins hrei\u00f0ru\u00f0u sig \u00ed greinum hans og alls <a href=\"https:\/\/biblian.is\/1981\/esekiel-31-kafli\/\"> [&#8230;]<\/a><\/p>\n","protected":false},"author":1,"featured_media":0,"parent":0,"menu_order":0,"comment_status":"open","ping_status":"open","template":"bibliukaflar.php","meta":{"footnotes":""},"class_list":["post-2180","page","type-page","status-publish","hentry"],"_links":{"self":[{"href":"https:\/\/biblian.is\/1981\/wp-json\/wp\/v2\/pages\/2180","targetHints":{"allow":["GET"]}}],"collection":[{"href":"https:\/\/biblian.is\/1981\/wp-json\/wp\/v2\/pages"}],"about":[{"href":"https:\/\/biblian.is\/1981\/wp-json\/wp\/v2\/types\/page"}],"author":[{"embeddable":true,"href":"https:\/\/biblian.is\/1981\/wp-json\/wp\/v2\/users\/1"}],"replies":[{"embeddable":true,"href":"https:\/\/biblian.is\/1981\/wp-json\/wp\/v2\/comments?post=2180"}],"version-history":[{"count":0,"href":"https:\/\/biblian.is\/1981\/wp-json\/wp\/v2\/pages\/2180\/revisions"}],"wp:attachment":[{"href":"https:\/\/biblian.is\/1981\/wp-json\/wp\/v2\/media?parent=2180"}],"curies":[{"name":"wp","href":"https:\/\/api.w.org\/{rel}","templated":true}]}}