{"id":2179,"date":"2017-11-18T20:20:32","date_gmt":"2017-11-18T20:20:32","guid":{"rendered":"http:\/\/biblian.is\/1981\/esekiel-30-kafli\/"},"modified":"2021-06-06T10:50:52","modified_gmt":"2021-06-06T10:50:52","slug":"esekiel-30-kafli","status":"publish","type":"page","link":"https:\/\/biblian.is\/1981\/esekiel-30-kafli\/","title":{"rendered":"Esek\u00edel 30. kafli"},"content":{"rendered":"<p><a name=\"1\"><span class=\"versanumer\">1<\/span><\/a>Og or\u00f0 Drottins kom til m\u00edn, svohlj\u00f3\u00f0andi:<a name=\"2\"><span class=\"versanumer\">2<\/span><\/a>Mannsson, sp\u00e1 og seg: Svo segir Drottinn Gu\u00f0: \u00c6pi\u00f0 vei yfir deginum!<a name=\"3\"><span class=\"versanumer\">3<\/span><\/a>\u00dev\u00ed a\u00f0 dagur er n\u00e1l\u00e6gur, j\u00e1, dagur Drottins er n\u00e1l\u00e6gur, dagur sk\u00fd\u00feykknis, endad\u00e6gur \u00fej\u00f3\u00f0anna mun \u00fea\u00f0 ver\u00f0a.<a name=\"4\"><span class=\"versanumer\">4<\/span><\/a>Og sver\u00f0 mun koma til Egyptalands, og Bl\u00e1land mun skelfast, \u00fe\u00e1 er menn hn\u00edga hels\u00e6r\u00f0ir \u00e1 Egyptalandi, og au\u00f0\u00e6fi \u00feess ver\u00f0a burt flutt og undirst\u00f6\u00f0um \u00feess r\u00f3ta\u00f0 upp.<a name=\"5\"><span class=\"versanumer\">5<\/span><\/a>Bl\u00e1lendingar, P\u00fat\u00edtar, L\u00fad\u00edtar og allur \u00fej\u00f3\u00f0blendingurinn og L\u00edb\u00fdumenn og Kretar munu fyrir sver\u00f0i falla \u00e1samt \u00feeim.<a name=\"6\"><span class=\"versanumer\">6<\/span><\/a>Svo segir Drottinn: \u00de\u00e1 munu sto\u00f0ir Egyptalands falla og hi\u00f0 d\u00fdrlega skraut \u00feess hn\u00edga. Fr\u00e1 Migd\u00f3l og allt til S\u00fdene skulu menn fyrir sver\u00f0i falla \u00ed \u00fev\u00ed, segir Drottinn Gu\u00f0.<a name=\"7\"><span class=\"versanumer\">7<\/span><\/a>Og \u00fea\u00f0 mun ver\u00f0a a\u00f0 au\u00f0n innan um ey\u00f0il\u00f6nd, og borgir \u00feess munu liggja innan um borgir, sem eru \u00ed r\u00fastum.<a name=\"8\"><span class=\"versanumer\">8<\/span><\/a>Og \u00feeir munu vi\u00f0urkenna, a\u00f0 \u00e9g er Drottinn, \u00feegar \u00e9g legg eld \u00ed Egyptaland og allir li\u00f0veislumenn \u00feess ver\u00f0a muldir sundur.<a name=\"9\"><span class=\"versanumer\">9<\/span><\/a>\u00c1 \u00feeim degi munu sendibo\u00f0ar fara fr\u00e1 m\u00e9r \u00e1 skipum, til \u00feess a\u00f0 f\u00e6ra hinum ugglausu Bl\u00e1lendingum hin hr\u00e6\u00f0ilegu t\u00ed\u00f0indi, og \u00feeir munu skelfast vegna \u00f3g\u00e6fudags Egyptalands, \u00fev\u00ed a\u00f0 sj\u00e1, hann kemur.<a name=\"10\"><span class=\"versanumer\">10<\/span><\/a>Svo segir Drottinn Gu\u00f0: \u00deannig mun \u00e9g l\u00e1ta Neb\u00fakadresar konung \u00ed Bab\u00fdlon enda gj\u00f6ra \u00e1 mikill\u00e6ti Egyptalands.<a name=\"11\"><span class=\"versanumer\">11<\/span><\/a>Hann mun ver\u00f0a s\u00f3ttur og li\u00f0 hans me\u00f0 honum, hinar grimmustu \u00fej\u00f3\u00f0ir, til \u00feess a\u00f0 herja landi\u00f0, og \u00feeir munu breg\u00f0a sver\u00f0um s\u00ednum gegn Egyptalandi og fylla landi\u00f0 vegnum m\u00f6nnum.<a name=\"12\"><span class=\"versanumer\">12<\/span><\/a>Og \u00e9g mun \u00feurrka upp \u00e1rkv\u00edslarnar og selja Egyptaland \u00ed hendur illmenna og l\u00e1ta \u00fatlenda menn ey\u00f0a landi\u00f0 og \u00f6llu, sem \u00ed \u00fev\u00ed er. \u00c9g, Drottinn, hefi tala\u00f0 \u00fea\u00f0.<a name=\"13\"><span class=\"versanumer\">13<\/span><\/a>Svo segir Drottinn Gu\u00f0: \u00c9g gj\u00f6ri skur\u00f0go\u00f0in a\u00f0 engu og uppr\u00e6ti falsgu\u00f0ina \u00far N\u00f3f og h\u00f6f\u00f0ingjana af Egyptalandi, svo a\u00f0 engir skulu \u00fear framar til vera, og \u00e9g mun skelfa Egyptaland.<a name=\"14\"><span class=\"versanumer\">14<\/span><\/a>Og \u00e9g ey\u00f0i Patr\u00f3s og legg eld \u00ed S\u00f3an og framkv\u00e6mi refsid\u00f3ma \u00e1 N\u00f3.<a name=\"15\"><span class=\"versanumer\">15<\/span><\/a>Og \u00e9g \u00fathelli heift minni yfir S\u00edn, varnarvirki Egyptalands, og tort\u00edmi hinum ysmikla m\u00fag \u00ed N\u00f3.<a name=\"16\"><span class=\"versanumer\">16<\/span><\/a>\u00c9g legg eld \u00ed Egyptaland, S\u00edn mun n\u00f6tra og skar\u00f0 mun broti\u00f0 ver\u00f0a inn \u00ed N\u00f3 og m\u00farar hennar ni\u00f0ur rifnir.<a name=\"17\"><span class=\"versanumer\">17<\/span><\/a>\u00c6skumennirnir \u00ed \u00d3n og P\u00edbeset munu fyrir sver\u00f0i falla og \u00edb\u00faar annarra borga fara \u00ed \u00fatleg\u00f0.<a name=\"18\"><span class=\"versanumer\">18<\/span><\/a>\u00cd Takpanes mun dagurinn myrkvast, er \u00e9g sundurbr\u00fdt \u00fear veldissprota Egyptalands og hi\u00f0 d\u00fdrlega skraut \u00feess ver\u00f0ur a\u00f0 engu gj\u00f6rt. Sk\u00fd\u00feykkni mun hylja hana, og d\u00e6tur hennar munu fara \u00ed \u00fatleg\u00f0.<a name=\"19\"><span class=\"versanumer\">19<\/span><\/a>\u00deannig mun \u00e9g l\u00e1ta refsid\u00f3ma koma yfir Egyptaland, til \u00feess a\u00f0 \u00feeir vi\u00f0urkenni, a\u00f0 \u00e9g er Drottinn.<a name=\"20\"><span class=\"versanumer\">20<\/span><\/a>En \u00e1 ellefta \u00e1rinu, sj\u00f6unda dag hins fyrsta m\u00e1na\u00f0ar, kom or\u00f0 Drottins til m\u00edn, svohlj\u00f3\u00f0andi:<a name=\"21\"><span class=\"versanumer\">21<\/span><\/a>Mannsson, \u00e9g hefi broti\u00f0 armlegg Fara\u00f3s, Egyptalandskonungs, og sj\u00e1, \u00fea\u00f0 skal eigi ver\u00f0a um hann bundi\u00f0, til \u00feess a\u00f0 gj\u00f6ra hann heilan, me\u00f0 \u00fev\u00ed a\u00f0 setja \u00e1 hann s\u00e1raumb\u00fa\u00f0ir, til \u00feess a\u00f0 hann styrktist aftur og fengi gripi\u00f0 sver\u00f0i\u00f0.<a name=\"22\"><span class=\"versanumer\">22<\/span><\/a>Fyrir \u00fev\u00ed segir Drottinn Gu\u00f0 svo: Sj\u00e1, \u00e9g skal finna Fara\u00f3, Egyptalandskonung, \u00e9g skal brj\u00f3ta armleggi hans, hinn heila og hinn brotna, og sl\u00e1 sver\u00f0i\u00f0 \u00far hendi hans.<a name=\"23\"><span class=\"versanumer\">23<\/span><\/a>Og \u00e9g skal tv\u00edstra Egyptum me\u00f0al \u00fej\u00f3\u00f0anna og dreifa \u00feeim \u00fat um l\u00f6ndin.<a name=\"24\"><span class=\"versanumer\">24<\/span><\/a>Og \u00e9g skal styrkja armleggi konungsins \u00ed Bab\u00fdlon og f\u00e1 honum sver\u00f0 mitt \u00ed h\u00f6nd, en armleggi Fara\u00f3s skal \u00e9g brj\u00f3ta, svo a\u00f0 hann skal liggja stynjandi fyrir f\u00f3tum hans, eins og helstunginn ma\u00f0ur.<a name=\"25\"><span class=\"versanumer\">25<\/span><\/a>\u00c9g skal styrkja armleggi konungsins \u00ed Bab\u00fdlon, en armleggir Fara\u00f3s skulu ni\u00f0ur s\u00edga, og menn skulu vi\u00f0urkenna, a\u00f0 \u00e9g er Drottinn, \u00feegar \u00e9g f\u00e6 Babelkonungi sver\u00f0 mitt \u00ed h\u00f6nd, og hann rei\u00f0ir \u00fea\u00f0 a\u00f0 Egyptalandi.<a name=\"26\"><span class=\"versanumer\">26<\/span><\/a>Og \u00e9g skal tv\u00edstra Egyptum me\u00f0al \u00fej\u00f3\u00f0anna og dreifa \u00feeim \u00fat um l\u00f6ndin, til \u00feess a\u00f0 \u00feeir vi\u00f0urkenni, a\u00f0 \u00e9g er Drottinn.<\/p>\n<div class=\"footnote1981\"><b>30.3<\/b> Dagur Drottins Esk 7.7+<br \/>\n<b>30.4<\/b> Sver\u00f0i\u00f0 Esk 21.8+<br \/>\n<b>30.5<\/b> P\u00fat og L\u00fad Esk 27.10+<br \/>\n<b>30.12<\/b> Herfang erlendra manna Esk 7.21; 28.7; 31.12; Jes 1.7; Jer 51.2; H\u00f3s 7.9; 8.8; \u00d3b 11; Hlj 5.2<br \/>\n<b>30.24<\/b> Konungurinn \u00ed Bab\u00fdlon Jer 25.9; 27.6; 43.10<\/div>\n","protected":false},"excerpt":{"rendered":"<p>1Og or\u00f0 Drottins kom til m\u00edn, svohlj\u00f3\u00f0andi:2Mannsson, sp\u00e1 og seg: Svo segir Drottinn Gu\u00f0: \u00c6pi\u00f0 vei yfir deginum!3\u00dev\u00ed a\u00f0 dagur er n\u00e1l\u00e6gur, j\u00e1, dagur Drottins er n\u00e1l\u00e6gur, dagur sk\u00fd\u00feykknis, endad\u00e6gur \u00fej\u00f3\u00f0anna mun \u00fea\u00f0 ver\u00f0a.4Og sver\u00f0 mun koma til Egyptalands, og Bl\u00e1land mun skelfast, \u00fe\u00e1 er menn hn\u00edga hels\u00e6r\u00f0ir \u00e1 Egyptalandi, og au\u00f0\u00e6fi \u00feess ver\u00f0a burt flutt og undirst\u00f6\u00f0um \u00feess r\u00f3ta\u00f0 upp.5Bl\u00e1lendingar, P\u00fat\u00edtar, L\u00fad\u00edtar og allur \u00fej\u00f3\u00f0blendingurinn og L\u00edb\u00fdumenn og Kretar munu fyrir sver\u00f0i falla \u00e1samt \u00feeim.6Svo segir Drottinn: \u00de\u00e1 munu sto\u00f0ir Egyptalands falla og hi\u00f0 d\u00fdrlega skraut \u00feess hn\u00edga. Fr\u00e1 Migd\u00f3l og allt til S\u00fdene skulu menn fyrir sver\u00f0i falla <a href=\"https:\/\/biblian.is\/1981\/esekiel-30-kafli\/\"> [&#8230;]<\/a><\/p>\n","protected":false},"author":1,"featured_media":0,"parent":0,"menu_order":0,"comment_status":"open","ping_status":"open","template":"bibliukaflar.php","meta":{"footnotes":""},"class_list":["post-2179","page","type-page","status-publish","hentry"],"_links":{"self":[{"href":"https:\/\/biblian.is\/1981\/wp-json\/wp\/v2\/pages\/2179","targetHints":{"allow":["GET"]}}],"collection":[{"href":"https:\/\/biblian.is\/1981\/wp-json\/wp\/v2\/pages"}],"about":[{"href":"https:\/\/biblian.is\/1981\/wp-json\/wp\/v2\/types\/page"}],"author":[{"embeddable":true,"href":"https:\/\/biblian.is\/1981\/wp-json\/wp\/v2\/users\/1"}],"replies":[{"embeddable":true,"href":"https:\/\/biblian.is\/1981\/wp-json\/wp\/v2\/comments?post=2179"}],"version-history":[{"count":0,"href":"https:\/\/biblian.is\/1981\/wp-json\/wp\/v2\/pages\/2179\/revisions"}],"wp:attachment":[{"href":"https:\/\/biblian.is\/1981\/wp-json\/wp\/v2\/media?parent=2179"}],"curies":[{"name":"wp","href":"https:\/\/api.w.org\/{rel}","templated":true}]}}