{"id":2178,"date":"2017-11-18T20:20:32","date_gmt":"2017-11-18T20:20:32","guid":{"rendered":"http:\/\/biblian.is\/1981\/esekiel-29-kafli\/"},"modified":"2021-06-06T10:50:51","modified_gmt":"2021-06-06T10:50:51","slug":"esekiel-29-kafli","status":"publish","type":"page","link":"https:\/\/biblian.is\/1981\/esekiel-29-kafli\/","title":{"rendered":"Esek\u00edel 29. kafli"},"content":{"rendered":"<p><a name=\"1\"><span class=\"versanumer\">1<\/span><\/a>\u00c1 t\u00edunda \u00e1rinu, t\u00f3lfta dag hins t\u00edunda m\u00e1na\u00f0ar, kom or\u00f0 Drottins til m\u00edn, svohlj\u00f3\u00f0andi:<a name=\"2\"><span class=\"versanumer\">2<\/span><\/a>Mannsson, sn\u00fa \u00fe\u00e9r a\u00f0 Fara\u00f3, Egyptalandskonungi, og sp\u00e1 gegn honum og gegn \u00f6llu Egyptalandi.<a name=\"3\"><span class=\"versanumer\">3<\/span><\/a>Tala og seg: Svo segir Drottinn Gu\u00f0: Sj\u00e1, \u00e9g skal finna \u00feig, Fara\u00f3, Egyptalandskonungur, \u00fe\u00fa mikli kr\u00f3k\u00f3d\u00edll, sem liggur milli \u00e1rkv\u00edslanna og segir: Flj\u00f3ti\u00f0 er mitt, \u00e9g hefi sj\u00e1lfur b\u00fai\u00f0 \u00fea\u00f0 til!<a name=\"4\"><span class=\"versanumer\">4<\/span><\/a>Og \u00e9g skal setja kr\u00f3ka \u00ed kj\u00e1lka \u00fe\u00edna og l\u00e1ta fiskana \u00ed flj\u00f3tum \u00fe\u00ednum lo\u00f0a \u00e1 hreistri \u00fe\u00ednu og draga \u00feig upp \u00far flj\u00f3tum \u00fe\u00ednum, \u00e1samt \u00f6llum fiskunum \u00ed flj\u00f3tum \u00fe\u00ednum, \u00feeim er lo\u00f0a \u00e1 hreistri \u00fe\u00ednu.<a name=\"5\"><span class=\"versanumer\">5<\/span><\/a>Og \u00e9g skal varpa \u00fe\u00e9r \u00fat \u00e1 ey\u00f0im\u00f6rk, \u00fe\u00e9r og \u00f6llum fiskunum \u00ed flj\u00f3tum \u00fe\u00ednum. \u00de\u00fa skalt falla \u00fati \u00e1 bersv\u00e6\u00f0i, \u00fe\u00fa munt ekki ver\u00f0a tekinn upp n\u00e9 jar\u00f0a\u00f0ur. \u00c9g gef \u00feig d\u00fdrum jar\u00f0arinnar og fuglum himinsins til f\u00e6\u00f0slu.<a name=\"6\"><span class=\"versanumer\">6<\/span><\/a>\u00de\u00e1 skulu allir \u00edb\u00faar Egyptalands vi\u00f0urkenna, a\u00f0 \u00e9g er Drottinn, af \u00fev\u00ed a\u00f0 \u00fe\u00fa ert \u00cdsraelsm\u00f6nnum ekki anna\u00f0 en stafur \u00far sefreyr.<a name=\"7\"><span class=\"versanumer\">7<\/span><\/a>\u00deegar \u00feeir gr\u00edpa um \u00feig me\u00f0 hendinni, \u00fe\u00e1 brotnar \u00fe\u00fa og flei\u00f0rar alla h\u00f6ndina \u00e1 \u00feeim, og \u00feegar \u00feeir sty\u00f0jast vi\u00f0 \u00feig, \u00fe\u00e1 brestur \u00fe\u00fa \u00ed sundur og linar \u00fe\u00e1 \u00ed \u00f6llum mj\u00f6\u00f0munum.<a name=\"8\"><span class=\"versanumer\">8<\/span><\/a>Fyrir \u00fev\u00ed segir Drottinn Gu\u00f0 svo: Sj\u00e1, \u00e9g skal l\u00e1ta sver\u00f0i\u00f0 koma yfir \u00feig og gj\u00f6rey\u00f0a hj\u00e1 \u00fe\u00e9r m\u00f6nnum og f\u00e9na\u00f0i.<a name=\"9\"><span class=\"versanumer\">9<\/span><\/a>Og Egyptaland skal ver\u00f0a a\u00f0 au\u00f0n og \u00f6r\u00e6fum, til \u00feess a\u00f0 \u00feeir vi\u00f0urkenni, a\u00f0 \u00e9g er Drottinn. Af \u00fev\u00ed a\u00f0 \u00fe\u00fa hefir sagt: Flj\u00f3ti\u00f0 er mitt og \u00e9g hefi b\u00fai\u00f0 \u00fea\u00f0 til!<a name=\"10\"><span class=\"versanumer\">10<\/span><\/a>sj\u00e1, fyrir \u00fev\u00ed skal \u00e9g finna \u00feig og \u00e1rkv\u00edslar \u00fe\u00ednar og gj\u00f6ra Egyptaland a\u00f0 \u00f6r\u00e6fum, a\u00f0 ey\u00f0i\u00f6r\u00e6fum fr\u00e1 Migd\u00f3l til S\u00fdene og allt a\u00f0 landamerkjum Bl\u00e1lands.<a name=\"11\"><span class=\"versanumer\">11<\/span><\/a>Enginn ma\u00f0ur skal st\u00edga \u00fear f\u00e6ti s\u00ednum og engin skepna skal st\u00edga \u00fear f\u00e6ti s\u00ednum, og \u00fea\u00f0 skal vera \u00f3byggt \u00ed fj\u00f6rut\u00edu \u00e1r.<a name=\"12\"><span class=\"versanumer\">12<\/span><\/a>Og \u00e9g skal gj\u00f6ra Egyptaland a\u00f0 au\u00f0n innan um ey\u00f0il\u00f6nd, og borgir \u00feess skulu liggja \u00ed ey\u00f0i innan um borgir, sem liggja \u00ed r\u00fastum, \u00ed fj\u00f6rut\u00edu \u00e1r, og \u00e9g mun tv\u00edstra Egyptum me\u00f0al \u00fej\u00f3\u00f0anna og dreifa \u00feeim \u00fat um l\u00f6ndin.<a name=\"13\"><span class=\"versanumer\">13<\/span><\/a>Svo segir Drottinn Gu\u00f0: \u00deegar fj\u00f6rut\u00edu \u00e1r eru li\u00f0in, mun \u00e9g saman safna Egyptum fr\u00e1 \u00feeim \u00fej\u00f3\u00f0um, \u00feanga\u00f0 sem \u00feeim var tv\u00edstra\u00f0,<a name=\"14\"><span class=\"versanumer\">14<\/span><\/a>og \u00e9g mun sn\u00faa vi\u00f0 h\u00f6gum Egyptalands og flytja \u00fe\u00e1 aftur inn \u00ed landi\u00f0 Patr\u00f3s, landi\u00f0 \u00fear sem \u00feeir eru upprunnir, og \u00fear munu \u00feeir vera l\u00edtilfj\u00f6rlegt r\u00edki.<a name=\"15\"><span class=\"versanumer\">15<\/span><\/a>\u00dea\u00f0 mun ver\u00f0a l\u00edtilfj\u00f6rlegra en hin r\u00edkin og ekki framar hefja sig upp yfir \u00fej\u00f3\u00f0irnar, og \u00e9g gj\u00f6ri \u00fe\u00e1 f\u00e1menna, til \u00feess a\u00f0 \u00feeir geti ekki drottna\u00f0 yfir \u00fej\u00f3\u00f0unum.<a name=\"16\"><span class=\"versanumer\">16<\/span><\/a>\u00de\u00e1 mun Egyptaland ekki framar vera \u00cdsraelsm\u00f6nnum traust, er minni \u00e1 misgj\u00f6r\u00f0 \u00feeirra, er \u00feeir leita bandalags vi\u00f0 \u00fea\u00f0, og \u00feeir munu vi\u00f0urkenna, a\u00f0 \u00e9g er Drottinn Gu\u00f0.<a name=\"17\"><span class=\"versanumer\">17<\/span><\/a>En \u00e1 tuttugasta og sj\u00f6unda \u00e1rinu, hinn fyrsta dag hins fyrsta m\u00e1na\u00f0ar, kom or\u00f0 Drottins til m\u00edn, svohlj\u00f3\u00f0andi:<a name=\"18\"><span class=\"versanumer\">18<\/span><\/a>Mannsson, Neb\u00fakadresar konungur \u00ed Bab\u00fdlon hefir l\u00e1ti\u00f0 herli\u00f0 sitt vinna miki\u00f0 verk \u00e1 T\u00fdrus. H\u00f6fu\u00f0 allra manna hans eru or\u00f0in h\u00e1rlaus og axlir \u00feeirra gn\u00fanar, og \u00fe\u00f3 hefir hvorki hann n\u00e9 herli\u00f0 hans fengi\u00f0 nein laun fr\u00e1 T\u00fdrus fyrir \u00fea\u00f0 verk, er hann hefir \u00e1 henni unni\u00f0.<a name=\"19\"><span class=\"versanumer\">19<\/span><\/a>Fyrir \u00fev\u00ed segir Drottinn Gu\u00f0 svo: Sj\u00e1, \u00e9g gef Neb\u00fakadresar Babelkonungi Egyptaland. Hann skal flytja burt au\u00f0\u00e6fi \u00feess og fara \u00fear me\u00f0 r\u00e1n og rifs, \u00fea\u00f0 skulu vera launin handa herli\u00f0i hans.<a name=\"20\"><span class=\"versanumer\">20<\/span><\/a>Sem endurgjald handa \u00fev\u00ed, er \u00fea\u00f0 hefir unni\u00f0 fyrir, gef \u00e9g \u00fev\u00ed Egyptaland, segir Drottinn Gu\u00f0.<a name=\"21\"><span class=\"versanumer\">21<\/span><\/a>\u00c1 \u00feeim degi vil \u00e9g l\u00e1ta \u00cdsraels h\u00fasi horn vaxa, og \u00fe\u00e1 mun \u00e9g gefa \u00fe\u00e9r a\u00f0 upp lj\u00faka munni \u00fe\u00ednum me\u00f0al \u00feeirra, til \u00feess a\u00f0 \u00feeir vi\u00f0urkenni, a\u00f0 \u00e9g er Drottinn.<\/p>\n<div class=\"footnote1981\"><b>29.2<\/b> Gegn Egyptalandi Esk 30-32; Jes 19.1-25; Jer 46.2-6<br \/>\n<b>29.6<\/b> Reyrstafur 2Kon 18.21; Jes 36.6; sbr Jes 30.1-7<br \/>\n<b>29.8<\/b> Sver\u00f0i\u00f0 Esk 21.8+<br \/>\n<b>29.19<\/b> Neb\u00fakadresar Jer 43.8-13<\/div>\n","protected":false},"excerpt":{"rendered":"<p>1\u00c1 t\u00edunda \u00e1rinu, t\u00f3lfta dag hins t\u00edunda m\u00e1na\u00f0ar, kom or\u00f0 Drottins til m\u00edn, svohlj\u00f3\u00f0andi:2Mannsson, sn\u00fa \u00fe\u00e9r a\u00f0 Fara\u00f3, Egyptalandskonungi, og sp\u00e1 gegn honum og gegn \u00f6llu Egyptalandi.3Tala og seg: Svo segir Drottinn Gu\u00f0: Sj\u00e1, \u00e9g skal finna \u00feig, Fara\u00f3, Egyptalandskonungur, \u00fe\u00fa mikli kr\u00f3k\u00f3d\u00edll, sem liggur milli \u00e1rkv\u00edslanna og segir: Flj\u00f3ti\u00f0 er mitt, \u00e9g hefi sj\u00e1lfur b\u00fai\u00f0 \u00fea\u00f0 til!4Og \u00e9g skal setja kr\u00f3ka \u00ed kj\u00e1lka \u00fe\u00edna og l\u00e1ta fiskana \u00ed flj\u00f3tum \u00fe\u00ednum lo\u00f0a \u00e1 hreistri \u00fe\u00ednu og draga \u00feig upp \u00far flj\u00f3tum \u00fe\u00ednum, \u00e1samt \u00f6llum fiskunum \u00ed flj\u00f3tum \u00fe\u00ednum, \u00feeim er lo\u00f0a \u00e1 hreistri \u00fe\u00ednu.5Og \u00e9g skal varpa \u00fe\u00e9r \u00fat \u00e1 <a href=\"https:\/\/biblian.is\/1981\/esekiel-29-kafli\/\"> [&#8230;]<\/a><\/p>\n","protected":false},"author":1,"featured_media":0,"parent":0,"menu_order":0,"comment_status":"open","ping_status":"open","template":"bibliukaflar.php","meta":{"footnotes":""},"class_list":["post-2178","page","type-page","status-publish","hentry"],"_links":{"self":[{"href":"https:\/\/biblian.is\/1981\/wp-json\/wp\/v2\/pages\/2178","targetHints":{"allow":["GET"]}}],"collection":[{"href":"https:\/\/biblian.is\/1981\/wp-json\/wp\/v2\/pages"}],"about":[{"href":"https:\/\/biblian.is\/1981\/wp-json\/wp\/v2\/types\/page"}],"author":[{"embeddable":true,"href":"https:\/\/biblian.is\/1981\/wp-json\/wp\/v2\/users\/1"}],"replies":[{"embeddable":true,"href":"https:\/\/biblian.is\/1981\/wp-json\/wp\/v2\/comments?post=2178"}],"version-history":[{"count":0,"href":"https:\/\/biblian.is\/1981\/wp-json\/wp\/v2\/pages\/2178\/revisions"}],"wp:attachment":[{"href":"https:\/\/biblian.is\/1981\/wp-json\/wp\/v2\/media?parent=2178"}],"curies":[{"name":"wp","href":"https:\/\/api.w.org\/{rel}","templated":true}]}}