{"id":2177,"date":"2017-11-18T20:20:32","date_gmt":"2017-11-18T20:20:32","guid":{"rendered":"http:\/\/biblian.is\/1981\/esekiel-28-kafli\/"},"modified":"2021-06-06T10:50:51","modified_gmt":"2021-06-06T10:50:51","slug":"esekiel-28-kafli","status":"publish","type":"page","link":"https:\/\/biblian.is\/1981\/esekiel-28-kafli\/","title":{"rendered":"Esek\u00edel 28. kafli"},"content":{"rendered":"<p><a name=\"1\"><span class=\"versanumer\">1<\/span><\/a>Og or\u00f0 Drottins kom til m\u00edn, svohlj\u00f3\u00f0andi:<a name=\"2\"><span class=\"versanumer\">2<\/span><\/a>Mannsson, seg tignarm\u00f6nnunum \u00ed T\u00fdrus: Svo segir Drottinn Gu\u00f0: Af \u00fev\u00ed a\u00f0 hjarta \u00feitt var hrokafullt, svo a\u00f0 \u00fe\u00fa sag\u00f0ir: \u00c9g er gu\u00f0, \u00e9g sit \u00ed gu\u00f0as\u00e6ti mitt \u00fati \u00ed hafi! \u00fear sem \u00fe\u00fa ert \u00fe\u00f3 ma\u00f0ur og enginn gu\u00f0, en leist \u00e1 \u00feig eins og gu\u00f0,<a name=\"3\"><span class=\"versanumer\">3<\/span><\/a>j\u00e1, \u00fe\u00fa varst vitrari en Dan\u00edel, ekkert huli\u00f0 var \u00fe\u00e9r of myrkt,<a name=\"4\"><span class=\"versanumer\">4<\/span><\/a>me\u00f0 speki \u00feinni og hyggindum afla\u00f0ir \u00fe\u00fa \u00fe\u00e9r au\u00f0\u00e6fa og safna\u00f0ir gulli og silfri \u00ed f\u00e9hirslur \u00fe\u00ednar . . .<a name=\"5\"><span class=\"versanumer\">5<\/span><\/a>Me\u00f0 viskugn\u00f3tt \u00feinni, me\u00f0 verslun \u00feinni j\u00f3kst \u00fe\u00fa au\u00f0\u00e6fi \u00fe\u00edn, og hjarta \u00feitt var\u00f0 hrokafullt af au\u00f0\u00e6funum<a name=\"6\"><span class=\"versanumer\">6<\/span><\/a>fyrir \u00fev\u00ed segir Drottinn Gu\u00f0 svo: Af \u00fev\u00ed a\u00f0 \u00fe\u00fa leist \u00e1 sj\u00e1lfa \u00feig eins og gu\u00f0,<a name=\"7\"><span class=\"versanumer\">7<\/span><\/a>sj\u00e1, fyrir \u00fev\u00ed l\u00e6t \u00e9g \u00fatlenda menn yfir \u00feig koma, hinar grimmustu \u00fej\u00f3\u00f0ir, \u00feeir skulu breg\u00f0a sver\u00f0um s\u00ednum gegn snilldarfegur\u00f0 \u00feinni og vanhelga pr\u00fd\u00f0i \u00fe\u00edna.<a name=\"8\"><span class=\"versanumer\">8<\/span><\/a>\u00deeir munu steypa s\u00e9r ni\u00f0ur \u00ed gr\u00f6fina og \u00fe\u00fa munt deyja dau\u00f0a hins vopnbitna \u00fati \u00ed hafi.<a name=\"9\"><span class=\"versanumer\">9<\/span><\/a>Hvort munt \u00fe\u00fa \u00fe\u00e1 segja: \u00c9g er gu\u00f0! frammi fyrir banamanni \u00fe\u00ednum, \u00fear sem \u00fe\u00fa ert \u00fe\u00f3 ma\u00f0ur og enginn gu\u00f0 \u00e1 valdi veganda \u00fe\u00edns?<a name=\"10\"><span class=\"versanumer\">10<\/span><\/a>\u00de\u00fa skalt deyja dau\u00f0a \u00f3umskorinna manna fyrir hendi \u00fatlendinga, \u00fev\u00ed a\u00f0 \u00e9g hefi tala\u00f0 \u00fea\u00f0, segir Drottinn Gu\u00f0.<a name=\"11\"><span class=\"versanumer\">11<\/span><\/a>Og or\u00f0 Drottins kom til m\u00edn, svohlj\u00f3\u00f0andi:<a name=\"12\"><span class=\"versanumer\">12<\/span><\/a>Mannsson, hef upp harmlj\u00f3\u00f0 yfir konunginum \u00ed T\u00fdrus og seg vi\u00f0 hann: Svo segir Drottinn Gu\u00f0: \u00de\u00fa varst \u00edmynd innsiglishrings, fullur af speki og fullkominn a\u00f0 fegur\u00f0!<a name=\"13\"><span class=\"versanumer\">13<\/span><\/a>\u00de\u00fa varst \u00ed Eden, aldingar\u00f0i Gu\u00f0s, \u00fe\u00fa varst \u00feakinn alls konar d\u00fdrum steinum: karne\u00f3l, t\u00f3pas, jaspis, kr\u00fdsol\u00edt, sj\u00f3am, on\u00fdx, saf\u00edr, karbunkul, smarag\u00f0, og umgj\u00f6r\u00f0ir \u00fe\u00ednar og \u00fatfl\u00far var gj\u00f6rt af gulli. Daginn, sem \u00fe\u00fa varst skapa\u00f0ur, var \u00fea\u00f0 b\u00fai\u00f0 til.<a name=\"14\"><span class=\"versanumer\">14<\/span><\/a>\u00c9g haf\u00f0i skipa\u00f0 \u00feig verndar-ker\u00fab, \u00fe\u00fa varst \u00e1 hinu heilaga go\u00f0afjalli, \u00fe\u00fa gekkst innan um gl\u00f3andi steina.<a name=\"15\"><span class=\"versanumer\">15<\/span><\/a>\u00de\u00fa varst \u00f3a\u00f0finnanlegur \u00ed breytni \u00feinni fr\u00e1 \u00feeim degi, er \u00fe\u00fa varst skapa\u00f0ur, \u00fear til er yfirsj\u00f3n fannst hj\u00e1 \u00fe\u00e9r.<a name=\"16\"><span class=\"versanumer\">16<\/span><\/a>Fyrir \u00fe\u00edna miklu verslun fylltir \u00fe\u00fa \u00feig hi\u00f0 innra ofr\u00edki og syndga\u00f0ir. \u00de\u00e1 \u00f3helga\u00f0i \u00e9g \u00feig og rak \u00feig burt af go\u00f0afjallinu og tort\u00edmdi \u00fe\u00e9r, \u00fe\u00fa verndar-ker\u00fab, burt fr\u00e1 hinum gl\u00f3andi steinum.<a name=\"17\"><span class=\"versanumer\">17<\/span><\/a>Hjarta \u00feitt var\u00f0 hrokafullt af fegur\u00f0 \u00feinni, \u00fe\u00fa gj\u00f6r\u00f0ir speki \u00fe\u00edna a\u00f0 engu vegna vi\u00f0hafnarlj\u00f3ma \u00fe\u00edns. \u00c9g varpa\u00f0i \u00fe\u00e9r til jar\u00f0ar, ofurseldi \u00feig konungum, svo a\u00f0 \u00feeir m\u00e6ttu horfa n\u00e6gju s\u00edna \u00e1 \u00feig.<a name=\"18\"><span class=\"versanumer\">18<\/span><\/a>Me\u00f0 hinum m\u00f6rgu misgj\u00f6r\u00f0um \u00fe\u00ednum, me\u00f0 hinni \u00f3r\u00e1\u00f0v\u00f6ndu kaupverslun \u00feinni vanhelga\u00f0ir \u00fe\u00fa helgid\u00f3ma \u00fe\u00edna. \u00de\u00e1 l\u00e9t \u00e9g eld brj\u00f3tast \u00fat fr\u00e1 \u00fe\u00e9r, hann eyddi \u00fe\u00e9r, og \u00e9g gj\u00f6r\u00f0i \u00feig a\u00f0 \u00f6sku \u00e1 j\u00f6r\u00f0inni \u00ed augs\u00fdn allra, er s\u00e1u \u00feig.<a name=\"19\"><span class=\"versanumer\">19<\/span><\/a>Allir \u00feeir me\u00f0al \u00fej\u00f3\u00f0anna, er \u00feekktu \u00feig, voru agndofa yfir \u00fe\u00e9r, \u00fe\u00fa f\u00f3rst voveiflega og ert eil\u00edflega horfinn.<a name=\"20\"><span class=\"versanumer\">20<\/span><\/a>Og or\u00f0 Drottins kom til m\u00edn, svohlj\u00f3\u00f0andi:<a name=\"21\"><span class=\"versanumer\">21<\/span><\/a>Mannsson, sn\u00fa \u00fe\u00e9r a\u00f0 S\u00eddon og sp\u00e1 gegn henni<a name=\"22\"><span class=\"versanumer\">22<\/span><\/a>og seg: Svo segir Drottinn Gu\u00f0: Sj\u00e1, \u00e9g skal finna \u00feig, S\u00eddon, og gj\u00f6ra mig vegsamlegan \u00ed \u00fe\u00e9r mi\u00f0ri, til \u00feess a\u00f0 \u00feeir vi\u00f0urkenni, a\u00f0 \u00e9g er Drottinn, er \u00e9g framkv\u00e6mi refsid\u00f3ma \u00ed henni og augl\u00fdsi heilagleik minn \u00e1 henni.<a name=\"23\"><span class=\"versanumer\">23<\/span><\/a>Og \u00e9g mun senda dreps\u00f3tt \u00ed hana og bl\u00f3\u00f0s\u00fathelling \u00e1 str\u00e6ti hennar, og menn skulu \u00ed henni falla hels\u00e6r\u00f0ir fyrir sver\u00f0i, er alla vega skal yfir hana ganga, til \u00feess a\u00f0 \u00feeir vi\u00f0urkenni, a\u00f0 \u00e9g er Drottinn.<a name=\"24\"><span class=\"versanumer\">24<\/span><\/a>En fyrir \u00cdsraelsmenn mun eigi framar vera til neinn kveljandi \u00feyrnir n\u00e9 stingandi \u00feistill af \u00f6llum \u00feeim, sem umhverfis \u00fe\u00e1 eru, \u00feeim er \u00f3virtu \u00fe\u00e1, til \u00feess a\u00f0 \u00feeir vi\u00f0urkenni, a\u00f0 \u00e9g er Drottinn Gu\u00f0 \u00feeirra.<a name=\"25\"><span class=\"versanumer\">25<\/span><\/a>Svo segir Drottinn Gu\u00f0: \u00deegar \u00e9g safna \u00cdsraelsm\u00f6nnum saman fr\u00e1 \u00fej\u00f3\u00f0unum, \u00feanga\u00f0 sem \u00feeim var tv\u00edstra\u00f0, \u00fe\u00e1 skal \u00e9g augl\u00fdsa heilagleik minn \u00e1 \u00feeim \u00ed augs\u00fdn \u00fej\u00f3\u00f0anna, og \u00feeir skulu b\u00faa \u00ed landi s\u00ednu, \u00fev\u00ed er \u00e9g gaf \u00fej\u00f3ni m\u00ednum Jakob.<a name=\"26\"><span class=\"versanumer\">26<\/span><\/a>Og \u00feeir munu b\u00faa \u00fear \u00f3hultir og reisa h\u00fas og planta v\u00edngar\u00f0a og b\u00faa \u00f3hultir, me\u00f0 \u00fev\u00ed a\u00f0 \u00e9g l\u00e6t refsid\u00f3ma ganga yfir alla n\u00e1granna \u00feeirra, er \u00fe\u00e1 hafa \u00f3virt, til \u00feess a\u00f0 \u00feeir vi\u00f0urkenni, a\u00f0 \u00e9g er Drottinn, Gu\u00f0 \u00feeirra.<\/p>\n<div class=\"footnote1981\"><b>28.2<\/b> \u00c9g er Gu\u00f0 1M\u00f3s 3.5; 11.4; Jes 14.13-14; Dan 4.20-23; 2\u00deess 2.4<br \/>\n<b>28.13<\/b> Eden 1M\u00f3s 2.8-15 \u2013 d\u00fdrir steinar Opb 21.18-20<br \/>\n<b>28.21<\/b> Gegn S\u00eddon Esk 26.2+<br \/>\n<b>28.26<\/b> B\u00faa \u00f3hultir Esk 34.25,27,28; 37.25; 38.8; 5M\u00f3s 33.28; Jer 23.6; 32.37; 33.16 \u2013 byggja h\u00fas og gr\u00f3\u00f0ursetja Jes 65.21; Am 9.14<\/div>\n","protected":false},"excerpt":{"rendered":"<p>1Og or\u00f0 Drottins kom til m\u00edn, svohlj\u00f3\u00f0andi:2Mannsson, seg tignarm\u00f6nnunum \u00ed T\u00fdrus: Svo segir Drottinn Gu\u00f0: Af \u00fev\u00ed a\u00f0 hjarta \u00feitt var hrokafullt, svo a\u00f0 \u00fe\u00fa sag\u00f0ir: \u00c9g er gu\u00f0, \u00e9g sit \u00ed gu\u00f0as\u00e6ti mitt \u00fati \u00ed hafi! \u00fear sem \u00fe\u00fa ert \u00fe\u00f3 ma\u00f0ur og enginn gu\u00f0, en leist \u00e1 \u00feig eins og gu\u00f0,3j\u00e1, \u00fe\u00fa varst vitrari en Dan\u00edel, ekkert huli\u00f0 var \u00fe\u00e9r of myrkt,4me\u00f0 speki \u00feinni og hyggindum afla\u00f0ir \u00fe\u00fa \u00fe\u00e9r au\u00f0\u00e6fa og safna\u00f0ir gulli og silfri \u00ed f\u00e9hirslur \u00fe\u00ednar . . .5Me\u00f0 viskugn\u00f3tt \u00feinni, me\u00f0 verslun \u00feinni j\u00f3kst \u00fe\u00fa au\u00f0\u00e6fi \u00fe\u00edn, og hjarta \u00feitt var\u00f0 hrokafullt af au\u00f0\u00e6funum6fyrir \u00fev\u00ed <a href=\"https:\/\/biblian.is\/1981\/esekiel-28-kafli\/\"> [&#8230;]<\/a><\/p>\n","protected":false},"author":1,"featured_media":0,"parent":0,"menu_order":0,"comment_status":"open","ping_status":"open","template":"bibliukaflar.php","meta":{"footnotes":""},"class_list":["post-2177","page","type-page","status-publish","hentry"],"_links":{"self":[{"href":"https:\/\/biblian.is\/1981\/wp-json\/wp\/v2\/pages\/2177","targetHints":{"allow":["GET"]}}],"collection":[{"href":"https:\/\/biblian.is\/1981\/wp-json\/wp\/v2\/pages"}],"about":[{"href":"https:\/\/biblian.is\/1981\/wp-json\/wp\/v2\/types\/page"}],"author":[{"embeddable":true,"href":"https:\/\/biblian.is\/1981\/wp-json\/wp\/v2\/users\/1"}],"replies":[{"embeddable":true,"href":"https:\/\/biblian.is\/1981\/wp-json\/wp\/v2\/comments?post=2177"}],"version-history":[{"count":0,"href":"https:\/\/biblian.is\/1981\/wp-json\/wp\/v2\/pages\/2177\/revisions"}],"wp:attachment":[{"href":"https:\/\/biblian.is\/1981\/wp-json\/wp\/v2\/media?parent=2177"}],"curies":[{"name":"wp","href":"https:\/\/api.w.org\/{rel}","templated":true}]}}