{"id":2176,"date":"2017-11-18T20:20:32","date_gmt":"2017-11-18T20:20:32","guid":{"rendered":"http:\/\/biblian.is\/1981\/esekiel-27-kafli\/"},"modified":"2021-06-06T10:50:51","modified_gmt":"2021-06-06T10:50:51","slug":"esekiel-27-kafli","status":"publish","type":"page","link":"https:\/\/biblian.is\/1981\/esekiel-27-kafli\/","title":{"rendered":"Esek\u00edel 27. kafli"},"content":{"rendered":"<p><a name=\"1\"><span class=\"versanumer\">1<\/span><\/a>Og or\u00f0 Drottins kom til m\u00edn, svohlj\u00f3\u00f0andi:<a name=\"2\"><span class=\"versanumer\">2<\/span><\/a>\u00de\u00fa mannsson, hef upp harmlj\u00f3\u00f0 um T\u00fdrus<a name=\"3\"><span class=\"versanumer\">3<\/span><\/a>og seg vi\u00f0 T\u00fdrus, sem liggur vi\u00f0 v\u00edkurnar og rekur verslun vi\u00f0 \u00fej\u00f3\u00f0irnar til margra eylanda: Svo segir Drottinn Gu\u00f0: T\u00fdrus, \u00fe\u00fa hugsa\u00f0ir: \u00c9g er algj\u00f6r a\u00f0 fegur\u00f0!<a name=\"4\"><span class=\"versanumer\">4<\/span><\/a>Landsv\u00e6\u00f0i \u00feitt er \u00fati \u00ed hafinu, \u00feeir, er reistu \u00feig, hafa gj\u00f6rt \u00feig a\u00f0d\u00e1anlega fagra.<a name=\"5\"><span class=\"versanumer\">5<\/span><\/a>Af k\u00fdprestrj\u00e1m fr\u00e1 Sen\u00edr gj\u00f6r\u00f0u \u00feeir alla innvi\u00f0i \u00fe\u00edna, \u00feeir t\u00f3ku sedrusvi\u00f0 fr\u00e1 L\u00edbanon til \u00feess a\u00f0 gj\u00f6ra af siglutr\u00e9 \u00feitt.<a name=\"6\"><span class=\"versanumer\">6<\/span><\/a>\u00c1rar \u00fe\u00ednar gj\u00f6r\u00f0u \u00feeir \u00far eikitrj\u00e1m fr\u00e1 Basan, \u00feiljurnar gj\u00f6r\u00f0u \u00feeir \u00far buksvi\u00f0i fr\u00e1 eyjum Kitta og greyptu inn \u00ed \u00fe\u00e6r f\u00edlsbein.<a name=\"7\"><span class=\"versanumer\">7<\/span><\/a>Glitofi\u00f0 l\u00edn fr\u00e1 Egyptalandi var \u00fea\u00f0, sem \u00fe\u00fa breiddir \u00fat, til \u00feess a\u00f0 hafa \u00fea\u00f0 a\u00f0 veifu. Tj\u00f6ld \u00fe\u00edn voru \u00far bl\u00e1um og rau\u00f0um purpura fr\u00e1 El\u00edsastr\u00f6ndum.<a name=\"8\"><span class=\"versanumer\">8<\/span><\/a>S\u00eddoningar og Arvadb\u00faar voru h\u00e1setar hj\u00e1 \u00fe\u00e9r, hinir k\u00e6nstu menn, sem til voru hj\u00e1 \u00fe\u00e9r, T\u00fdrus, voru st\u00fdrimenn \u00fe\u00ednir.<a name=\"9\"><span class=\"versanumer\">9<\/span><\/a>Fyrirmenn fr\u00e1 Gebal og listk\u00e6nir menn \u00fea\u00f0an voru \u00feeir, sem gj\u00f6r\u00f0u vi\u00f0 lekann \u00e1 \u00fe\u00e9r, \u00f6ll hafskip og \u00e1h\u00f6fn \u00feeirra kom til \u00fe\u00edn til \u00feess a\u00f0 kaupa varning \u00feinn.<a name=\"10\"><span class=\"versanumer\">10<\/span><\/a>Menn fr\u00e1 Paras, L\u00fad og P\u00fat voru \u00ed her \u00fe\u00ednum sem hermenn \u00fe\u00ednir, skj\u00f6ld og hj\u00e1lm festu \u00feeir upp hj\u00e1 \u00fe\u00e9r, \u00feeir gj\u00f6r\u00f0u \u00feig veglega.<a name=\"11\"><span class=\"versanumer\">11<\/span><\/a>Arvadmenn og her \u00feeirra voru umhverfis \u00e1 m\u00farum \u00fe\u00ednum og Gammadar \u00ed turnum \u00fe\u00ednum. \u00deeir festu skj\u00f6ldu s\u00edna upp \u00e1 m\u00fara \u00fe\u00edna hringinn \u00ed kring, \u00feeir gj\u00f6r\u00f0u \u00feig a\u00f0d\u00e1anlega fagra.<a name=\"12\"><span class=\"versanumer\">12<\/span><\/a>Tarsis \u00e1tti kaupskap vi\u00f0 \u00feig, af \u00fev\u00ed a\u00f0 \u00fe\u00fa \u00e1ttir gn\u00f3tt alls konar kaupeyris. Silfur, j\u00e1rn, tin og bl\u00fd fluttu \u00feeir \u00e1 kauptorg \u00feitt.<a name=\"13\"><span class=\"versanumer\">13<\/span><\/a>Javan, T\u00fabal og Mesek keyptu vi\u00f0 \u00feig, mansmenn og eir\u00edl\u00e1t fluttu \u00feeir til kaupstefnu \u00feinnar.<a name=\"14\"><span class=\"versanumer\">14<\/span><\/a>T\u00f3garmamenn fluttu \u00e1bur\u00f0arhesta, rei\u00f0hesta og m\u00falasna \u00e1 kauptorg \u00feitt.<a name=\"15\"><span class=\"versanumer\">15<\/span><\/a>R\u00f3dusmenn keyptu vi\u00f0 \u00feig, margar eyjar voru \u00fe\u00ednir kaupunautar, f\u00edlsbein og \u00edbenvi\u00f0 greiddu \u00feeir \u00fe\u00e9r \u00ed skatt.<a name=\"16\"><span class=\"versanumer\">16<\/span><\/a>Aram \u00e1tti kaupskap vi\u00f0 \u00feig, s\u00f6kum \u00feess a\u00f0 \u00fe\u00fa \u00e1ttir gn\u00f3tt i\u00f0na\u00f0arvarnings. Karbunkulrau\u00f0an purpura, glitvefna\u00f0, b\u00fdssus, k\u00f3ralla og jaspis fluttu \u00feeir \u00e1 kauptorg \u00feitt.<a name=\"17\"><span class=\"versanumer\">17<\/span><\/a>J\u00fada og \u00cdsraelsland keyptu vi\u00f0 \u00feig. Hveiti fr\u00e1 Minn\u00edt, vax, hunang, ol\u00edu og balsam fluttu \u00feeir til kaupstefnu \u00feinnar.<a name=\"18\"><span class=\"versanumer\">18<\/span><\/a>Damaskus \u00e1tti kaupskap vi\u00f0 \u00feig um \u00feinn margh\u00e1tta\u00f0a i\u00f0na\u00f0arvarning, af \u00fev\u00ed a\u00f0 \u00fe\u00fa \u00e1ttir gn\u00f3tt alls konar kaupeyris, um v\u00edn fr\u00e1 Helb\u00f3n og ull fr\u00e1 Sahar.<a name=\"19\"><span class=\"versanumer\">19<\/span><\/a>Og v\u00edn fr\u00e1 \u00dasal fluttu \u00feeir \u00e1 kauptorg \u00feitt, sm\u00ed\u00f0a\u00f0 j\u00e1rn, kanelvi\u00f0ur og ilmreyr kom til kaupstefnu \u00feinnar.<a name=\"20\"><span class=\"versanumer\">20<\/span><\/a>Dedan versla\u00f0i vi\u00f0 \u00feig me\u00f0 s\u00f6\u00f0ul\u00e1kl\u00e6\u00f0i til a\u00f0 r\u00ed\u00f0a \u00e1.<a name=\"21\"><span class=\"versanumer\">21<\/span><\/a>Arabar og allir h\u00f6f\u00f0ingjar Kedars voru kaupunautar \u00fe\u00ednir, \u00feeir seldu \u00fe\u00e9r l\u00f6mb, hr\u00fata og hafra.<a name=\"22\"><span class=\"versanumer\">22<\/span><\/a>Kaupmenn fr\u00e1 Saba og Raema keyptu vi\u00f0 \u00feig. Hinar bestu kryddjurtir, alls konar d\u00fdrindis steina og gull fluttu \u00feeir \u00e1 kauptorg \u00feitt.<a name=\"23\"><span class=\"versanumer\">23<\/span><\/a>Haran, Kanne og Eden voru kaupunautar \u00fe\u00ednir, og Ass\u00fdr\u00eda og \u00f6ll Med\u00eda keyptu vi\u00f0 \u00feig.<a name=\"24\"><span class=\"versanumer\">24<\/span><\/a>\u00deeir verslu\u00f0u vi\u00f0 \u00feig me\u00f0 skartkl\u00e6\u00f0i, me\u00f0 skikkjur \u00far bl\u00e1um purpura og glitofnar, og me\u00f0 ofnar \u00e1brei\u00f0ur marglitar, og me\u00f0 sn\u00fanar og fast undnar sn\u00farur \u00e1 s\u00f6lutorgi \u00fe\u00ednu.<a name=\"25\"><span class=\"versanumer\">25<\/span><\/a>Tarsis-knerrir fluttu v\u00f6rur \u00fe\u00ednar, og \u00feannig fylltir \u00fe\u00fa \u00feig og var\u00f0st mj\u00f6g hla\u00f0in \u00fati \u00e1 hafinu.<a name=\"26\"><span class=\"versanumer\">26<\/span><\/a>\u00deeir, er reru \u00fe\u00e9r, fluttu \u00feig \u00fat \u00e1 r\u00famsj\u00f3. Austanvindurinn braut \u00feig \u00ed sp\u00f3n \u00fati \u00e1 mi\u00f0ju hafi.<a name=\"27\"><span class=\"versanumer\">27<\/span><\/a>Au\u00f0\u00e6fi \u00fe\u00edn, kaupeyrir \u00feinn og v\u00f6rur \u00fe\u00ednar, h\u00e1setar \u00fe\u00ednir og st\u00fdrimenn, \u00feeir sem gj\u00f6r\u00f0u vi\u00f0 lekann \u00e1 \u00fe\u00e9r og \u00feeir sem seldu v\u00f6rur \u00fe\u00ednar og allir hermenn \u00fe\u00ednir, sem \u00ed \u00fe\u00e9r eru, og allur mannfj\u00f6ldinn, sem \u00ed \u00fe\u00e9r er, munu s\u00f6kkva \u00ed hafi\u00f0 \u00feann dag, er \u00fe\u00fa ferst.<a name=\"28\"><span class=\"versanumer\">28<\/span><\/a>Af hlj\u00f3\u00f0um st\u00fdrimanna \u00feinna munu \u00f6ldudj\u00fapin skj\u00e1lfa.<a name=\"29\"><span class=\"versanumer\">29<\/span><\/a>\u00de\u00e1 munu allir \u00feeir, er \u00e1 \u00e1rum halda, st\u00edga af skipum s\u00ednum, h\u00e1setarnir, allir st\u00fdrimenn \u00e1 sj\u00f3num munu ganga \u00e1 land.<a name=\"30\"><span class=\"versanumer\">30<\/span><\/a>Og \u00feeir munu \u00e6pa h\u00e1st\u00f6fum yfir \u00fe\u00e9r og hlj\u00f3\u00f0a s\u00e1ran og ausa moldu yfir h\u00f6fu\u00f0 s\u00e9r, velta s\u00e9r \u00ed \u00f6sku.<a name=\"31\"><span class=\"versanumer\">31<\/span><\/a>\u00deeir munu raka \u00e1 sig skalla \u00fe\u00edn vegna og gyr\u00f0ast h\u00e6rusekk og gr\u00e1ta yfir \u00fe\u00e9r kv\u00ed\u00f0afullir \u00ed s\u00e1rri hrygg\u00f0.<a name=\"32\"><span class=\"versanumer\">32<\/span><\/a>Og \u00feeir munu hefja upp harmlj\u00f3\u00f0 um \u00feig og harma \u00feig: Hver var sem T\u00fdrus, er n\u00fa er \u00ed ey\u00f0i l\u00f6g\u00f0 \u00fati \u00ed hafinu!<a name=\"33\"><span class=\"versanumer\">33<\/span><\/a>\u00deegar varningur \u00feinn kom af sj\u00f3num, metta\u00f0ir \u00fe\u00fa margar \u00fej\u00f3\u00f0ir, me\u00f0 gn\u00f3tt au\u00f0leg\u00f0ar \u00feinnar og kaupeyris \u00fe\u00edns au\u00f0ga\u00f0ir \u00fe\u00fa konunga jar\u00f0arinnar.<a name=\"34\"><span class=\"versanumer\">34<\/span><\/a>N\u00fa liggur \u00fe\u00fa brotin \u00e1 hafinu, \u00ed dj\u00fapum hafsins, varningur \u00feinn s\u00f6kk og allur mannfj\u00f6ldinn, sem \u00ed \u00fe\u00e9r var.<a name=\"35\"><span class=\"versanumer\">35<\/span><\/a>Allir \u00feeir, sem strandlendin byggja, eru agndofa yfir \u00fe\u00e9r, og konungum \u00feeirra bl\u00f6skrar svo, a\u00f0 \u00e1sj\u00f3nur \u00feeirra blikna.<a name=\"36\"><span class=\"versanumer\">36<\/span><\/a>Verslunarmenn \u00fej\u00f3\u00f0anna bl\u00edstra a\u00f0 \u00fe\u00e9r, \u00fe\u00fa f\u00f3rst voveiflega og ert eil\u00edflega horfin.<\/p>\n<div class=\"footnote1981\"><b>27.10<\/b> L\u00fad og P\u00fat Esk 30.5; Jes 66.19; Jer 46.9<br \/>\n<b>27.13<\/b> T\u00fabal og Mesek Esk 32.26; 38.3; 39.1; Jes 66.19 \u2013 verslu\u00f0u Opb 18.11-13<br \/>\n<b>27.21<\/b> Arab\u00eda 1Kon 10.15 \u2013 Kedar Jes 21.17; 60.7; Jer 49.28-29<br \/>\n<b>27.22<\/b> Au\u00f0ur Saba 1Kon 10.10<br \/>\n<b>27.25<\/b> Tarsisskip Jes 2.16; 23.1; Slm 48.8<br \/>\n<b>27.26<\/b> Austanstormurinn Esk 17.10; 2M\u00f3s 14.21; Jer 18.17; H\u00f3s 13.15<br \/>\n<b>27.30<\/b> Ausa mold J\u00f3s 7.6; 1Sam 4.12; Neh 9.1; Job 2.12; 16.15; Opb 18.19 \u2013 j\u00f6r\u00f0inni Jes 58.5; Jer 6.26; Est 4.3<br \/>\n<b>27.31<\/b> Skalli, h\u00e6rusekkur Esk 7.18; Jes 22.12; Jer 16.6; Am 8.10; Job 1.20; sbr 1M\u00f3s 37.34; 2Sam 3.31<\/div>\n","protected":false},"excerpt":{"rendered":"<p>1Og or\u00f0 Drottins kom til m\u00edn, svohlj\u00f3\u00f0andi:2\u00de\u00fa mannsson, hef upp harmlj\u00f3\u00f0 um T\u00fdrus3og seg vi\u00f0 T\u00fdrus, sem liggur vi\u00f0 v\u00edkurnar og rekur verslun vi\u00f0 \u00fej\u00f3\u00f0irnar til margra eylanda: Svo segir Drottinn Gu\u00f0: T\u00fdrus, \u00fe\u00fa hugsa\u00f0ir: \u00c9g er algj\u00f6r a\u00f0 fegur\u00f0!4Landsv\u00e6\u00f0i \u00feitt er \u00fati \u00ed hafinu, \u00feeir, er reistu \u00feig, hafa gj\u00f6rt \u00feig a\u00f0d\u00e1anlega fagra.5Af k\u00fdprestrj\u00e1m fr\u00e1 Sen\u00edr gj\u00f6r\u00f0u \u00feeir alla innvi\u00f0i \u00fe\u00edna, \u00feeir t\u00f3ku sedrusvi\u00f0 fr\u00e1 L\u00edbanon til \u00feess a\u00f0 gj\u00f6ra af siglutr\u00e9 \u00feitt.6\u00c1rar \u00fe\u00ednar gj\u00f6r\u00f0u \u00feeir \u00far eikitrj\u00e1m fr\u00e1 Basan, \u00feiljurnar gj\u00f6r\u00f0u \u00feeir \u00far buksvi\u00f0i fr\u00e1 eyjum Kitta og greyptu inn \u00ed \u00fe\u00e6r f\u00edlsbein.7Glitofi\u00f0 l\u00edn fr\u00e1 Egyptalandi var \u00fea\u00f0, <a href=\"https:\/\/biblian.is\/1981\/esekiel-27-kafli\/\"> [&#8230;]<\/a><\/p>\n","protected":false},"author":1,"featured_media":0,"parent":0,"menu_order":0,"comment_status":"open","ping_status":"open","template":"bibliukaflar.php","meta":{"footnotes":""},"class_list":["post-2176","page","type-page","status-publish","hentry"],"_links":{"self":[{"href":"https:\/\/biblian.is\/1981\/wp-json\/wp\/v2\/pages\/2176","targetHints":{"allow":["GET"]}}],"collection":[{"href":"https:\/\/biblian.is\/1981\/wp-json\/wp\/v2\/pages"}],"about":[{"href":"https:\/\/biblian.is\/1981\/wp-json\/wp\/v2\/types\/page"}],"author":[{"embeddable":true,"href":"https:\/\/biblian.is\/1981\/wp-json\/wp\/v2\/users\/1"}],"replies":[{"embeddable":true,"href":"https:\/\/biblian.is\/1981\/wp-json\/wp\/v2\/comments?post=2176"}],"version-history":[{"count":0,"href":"https:\/\/biblian.is\/1981\/wp-json\/wp\/v2\/pages\/2176\/revisions"}],"wp:attachment":[{"href":"https:\/\/biblian.is\/1981\/wp-json\/wp\/v2\/media?parent=2176"}],"curies":[{"name":"wp","href":"https:\/\/api.w.org\/{rel}","templated":true}]}}