{"id":2175,"date":"2017-11-18T20:20:32","date_gmt":"2017-11-18T20:20:32","guid":{"rendered":"http:\/\/biblian.is\/1981\/esekiel-26-kafli\/"},"modified":"2021-06-06T10:50:50","modified_gmt":"2021-06-06T10:50:50","slug":"esekiel-26-kafli","status":"publish","type":"page","link":"https:\/\/biblian.is\/1981\/esekiel-26-kafli\/","title":{"rendered":"Esek\u00edel 26. kafli"},"content":{"rendered":"<p><a name=\"1\"><span class=\"versanumer\">1<\/span><\/a>En \u00e1 ellefta \u00e1rinu, hinn fyrsta dag m\u00e1na\u00f0arins, kom or\u00f0 Drottins til m\u00edn, svohlj\u00f3\u00f0andi:<a name=\"2\"><span class=\"versanumer\">2<\/span><\/a>Mannsson, af \u00fev\u00ed a\u00f0 T\u00fdrus hlakka\u00f0i yfir Jer\u00fasalem og sag\u00f0i: N\u00fa er \u00fej\u00f3\u00f0ahli\u00f0i\u00f0 broti\u00f0 upp, hefir opnast a\u00f0 m\u00e9r, n\u00fa vil \u00e9g fylla mig, er h\u00fan er komin \u00ed au\u00f0n!<a name=\"3\"><span class=\"versanumer\">3<\/span><\/a>fyrir \u00fev\u00ed segir Drottinn Gu\u00f0 svo: Sj\u00e1, \u00e9g skal finna \u00feig, T\u00fdrus, \u00e9g skal lei\u00f0a \u00ed m\u00f3ti \u00fe\u00e9r margar \u00fej\u00f3\u00f0ir, eins og \u00feegar hafi\u00f0 l\u00e6tur \u00f6ldur s\u00ednar a\u00f0 streyma.<a name=\"4\"><span class=\"versanumer\">4<\/span><\/a>\u00de\u00e6r skulu brj\u00f3ta m\u00fara T\u00fdrusar og r\u00edfa ni\u00f0ur turna hennar, og \u00e9g mun sj\u00e1lfur s\u00f3pa burt \u00f6llum jar\u00f0veg af henni og gj\u00f6ra hana a\u00f0 berum kletti.<a name=\"5\"><span class=\"versanumer\">5<\/span><\/a>H\u00fan skal ver\u00f0a a\u00f0 \u00feerrireit fyrir fiskinet \u00fati \u00ed hafinu, \u00fev\u00ed a\u00f0 \u00e9g hefi tala\u00f0 \u00fea\u00f0, segir Drottinn Gu\u00f0, og h\u00fan skal ver\u00f0a \u00fej\u00f3\u00f0unum a\u00f0 herfangi.<a name=\"6\"><span class=\"versanumer\">6<\/span><\/a>En d\u00e6tur hennar, sem eru \u00e1 landi, skulu drepnar ver\u00f0a me\u00f0 sver\u00f0i, til \u00feess a\u00f0 \u00fe\u00e6r vi\u00f0urkenni, a\u00f0 \u00e9g er Drottinn.<a name=\"7\"><span class=\"versanumer\">7<\/span><\/a>\u00dev\u00ed a\u00f0 svo segir Drottinn Gu\u00f0: Sj\u00e1 \u00e9g lei\u00f0i Neb\u00fakadresar konung \u00ed Bab\u00fdlon, konung konunganna, gegn T\u00fdrus \u00far nor\u00f0ri, me\u00f0 hestum, v\u00f6gnum, riddurum og manns\u00f6fnu\u00f0i margra \u00fej\u00f3\u00f0a.<a name=\"8\"><span class=\"versanumer\">8<\/span><\/a>Hann mun drepa d\u00e6tur \u00fe\u00ednar \u00e1 landi me\u00f0 sver\u00f0i, hla\u00f0a v\u00edggar\u00f0a gegn \u00fe\u00e9r, hleypa upp jar\u00f0hrygg gegn \u00fe\u00e9r og reisa skj\u00f6ldu \u00ed m\u00f3ti \u00fe\u00e9r.<a name=\"9\"><span class=\"versanumer\">9<\/span><\/a>Og hann mun hleypa v\u00edghr\u00fat s\u00ednum \u00e1 m\u00fara \u00fe\u00edna og r\u00edfa ni\u00f0ur turna \u00fe\u00edna me\u00f0 j\u00e1rnt\u00f3lum s\u00ednum.<a name=\"10\"><span class=\"versanumer\">10<\/span><\/a>Af merg\u00f0 hesta hans munt \u00fe\u00fa hulin ver\u00f0a j\u00f3reyk, og m\u00farar \u00fe\u00ednir munu gn\u00f6tra af gn\u00fd riddaranna, hj\u00f3lanna og vagnanna, \u00feegar hann fer inn um borgarhli\u00f0 \u00fe\u00edn, eins og \u00feegar fari\u00f0 er inn \u00ed hertekna borg.<a name=\"11\"><span class=\"versanumer\">11<\/span><\/a>Me\u00f0 h\u00f3fum hesta sinna mun hann tro\u00f0a sundur \u00f6ll str\u00e6ti \u00fe\u00edn. L\u00fd\u00f0 \u00feinn mun hann brytja ni\u00f0ur me\u00f0 sver\u00f0i, og \u00fe\u00ednar voldugu s\u00falur munu hrapa til jar\u00f0ar.<a name=\"12\"><span class=\"versanumer\">12<\/span><\/a>Og \u00feeir munu r\u00e6na au\u00f0 \u00fe\u00ednum og hrifsa burt kaupeyri \u00feinn, brj\u00f3ta ni\u00f0ur borgarveggi \u00fe\u00edna, r\u00edfa ni\u00f0ur \u00fe\u00edn d\u00fdrlegu h\u00fas og varpa \u00e1 sj\u00f3 \u00fat h\u00fasagrj\u00f3tinu, vi\u00f0unum og rofinu.<a name=\"13\"><span class=\"versanumer\">13<\/span><\/a>\u00c9g skal l\u00e6gja kli\u00f0 lj\u00f3\u00f0a \u00feinna, og hlj\u00f3mur harpna \u00feinna skal ekki framar heyrast.<a name=\"14\"><span class=\"versanumer\">14<\/span><\/a>Og \u00e9g skal gj\u00f6ra \u00feig a\u00f0 berum kletti: \u00de\u00fa skalt ver\u00f0a a\u00f0 \u00feerrireit fyrir fiskinet, \u00fe\u00fa skalt aldrei framar endurreist ver\u00f0a, \u00fev\u00ed a\u00f0 \u00e9g, Drottinn, hefi tala\u00f0 \u00fea\u00f0, segir Drottinn Gu\u00f0.<a name=\"15\"><span class=\"versanumer\">15<\/span><\/a>Svo segir Drottinn Gu\u00f0 um T\u00fdrus: Munu ekki eyjarnar gn\u00f6tra vi\u00f0 dynkinn af hruni \u00fe\u00ednu, \u00fe\u00e1 er hinir vegnu stynja, \u00fe\u00e1 er sver\u00f0i\u00f0 brytjar f\u00f3lki\u00f0 ni\u00f0ur \u00ed \u00fe\u00e9r?<a name=\"16\"><span class=\"versanumer\">16<\/span><\/a>Og allir \u00fej\u00f3\u00f0h\u00f6f\u00f0ingjar vi\u00f0 hafi\u00f0 munu st\u00edga ni\u00f0ur af h\u00e1s\u00e6tum s\u00ednum og leggja af s\u00e9r skikkjur s\u00ednar og fara \u00far litkl\u00e6\u00f0um s\u00ednum. \u00deeir munu \u00edkl\u00e6\u00f0ast skelfingu, \u00feeir munu setjast \u00e1 j\u00f6r\u00f0ina, \u00feeir munu vera s\u00edhr\u00e6ddir og sem agndofa \u00fe\u00edn vegna.<a name=\"17\"><span class=\"versanumer\">17<\/span><\/a>Og \u00feeir munu hefja upp harmlj\u00f3\u00f0 yfir \u00fe\u00e9r og segja um \u00feig: Hversu ert \u00fe\u00fa eydd, horfin fr\u00e1 hafinu, \u00fe\u00fa vegsama\u00f0a borg, sem voldug varst \u00e1 hafinu, h\u00fan og \u00edb\u00faar hennar, sem skutu skelk \u00ed bringu \u00f6llum n\u00e1b\u00faum s\u00ednum.<a name=\"18\"><span class=\"versanumer\">18<\/span><\/a>N\u00fa n\u00f6tra s\u00e6l\u00f6ndin \u00e1 degi falls \u00fe\u00edns og eyjarnar \u00ed hafinu eru skelfdar yfir afdrifum \u00fe\u00ednum.<a name=\"19\"><span class=\"versanumer\">19<\/span><\/a>\u00dev\u00ed a\u00f0 svo segir Drottinn Gu\u00f0: \u00deegar \u00e9g gj\u00f6ri \u00feig a\u00f0 eyddri borg, eins og \u00fe\u00e6r borgir, sem \u00f3bygg\u00f0ar eru, \u00feegar \u00e9g l\u00e6t hafsj\u00f3inn streyma yfir \u00feig, svo a\u00f0 hin miklu v\u00f6tn hylji \u00feig,<a name=\"20\"><span class=\"versanumer\">20<\/span><\/a>\u00fe\u00e1 steypi \u00e9g \u00fe\u00e9r ni\u00f0ur til \u00feeirra, sem ofan eru farnir \u00ed gr\u00f6fina, til manna fr\u00e1 fyrri t\u00ed\u00f0um, og b\u00fd \u00fe\u00e9r sta\u00f0 \u00ed undirheimum, eins og \u00e6vag\u00f6mlum r\u00fastum, hj\u00e1 \u00feeim sem ofan eru farnir \u00ed gr\u00f6fina, til \u00feess a\u00f0 \u00fe\u00fa ver\u00f0ir ekki bygg\u00f0 framar og standir ekki framar \u00e1 landi lifandi manna.<a name=\"21\"><span class=\"versanumer\">21<\/span><\/a>\u00c9g sel \u00feig \u00e1 vald voveiflegri gl\u00f6tun, og \u00fe\u00fa munt farast. \u00de\u00edn mun ver\u00f0a leita\u00f0, en \u00fe\u00fa munt aldrei finnast til eil\u00edf\u00f0ar, segir Drottinn Gu\u00f0.<\/p>\n<div class=\"footnote1981\"><b>26.2<\/b> Gegn T\u00fdrus Esk 27; 28.1-19; Jes 23.1-18; Jl 4.4-8; Am 1.9-10; Sak 9.1-4<br \/>\n<b>26.7<\/b> Neb\u00fakadresar Esk 29.17-21; Jer 46.26; 51.20-23<br \/>\n<b>26.8<\/b> Ums\u00e1tur Esk 21.27+<br \/>\n<b>26.13<\/b> Gu\u00f0 \u00feaggar ni\u00f0ur s\u00f6ngvana Jes 24.8-9; Jer 25.10; Opb 18.22<br \/>\n<b>26.16<\/b> \u00dej\u00f3\u00f0h\u00f6f\u00f0ingjar J\u00f3n 3.6 \u2013 gr\u00e1tur og kveinan Opb 18.9-12<br \/>\n<b>26.17<\/b> Harmlj\u00f3\u00f0 Esk 19.1-14; 27.2-9,25-36<br \/>\n<b>26.20<\/b> \u00cd gryfjuna Esk 32.18-32; Jes 14.9-11<br \/>\n<b>26.21<\/b> T\u00fdnd a\u00f0 eil\u00edfu Opb 18.21<\/div>\n","protected":false},"excerpt":{"rendered":"<p>1En \u00e1 ellefta \u00e1rinu, hinn fyrsta dag m\u00e1na\u00f0arins, kom or\u00f0 Drottins til m\u00edn, svohlj\u00f3\u00f0andi:2Mannsson, af \u00fev\u00ed a\u00f0 T\u00fdrus hlakka\u00f0i yfir Jer\u00fasalem og sag\u00f0i: N\u00fa er \u00fej\u00f3\u00f0ahli\u00f0i\u00f0 broti\u00f0 upp, hefir opnast a\u00f0 m\u00e9r, n\u00fa vil \u00e9g fylla mig, er h\u00fan er komin \u00ed au\u00f0n!3fyrir \u00fev\u00ed segir Drottinn Gu\u00f0 svo: Sj\u00e1, \u00e9g skal finna \u00feig, T\u00fdrus, \u00e9g skal lei\u00f0a \u00ed m\u00f3ti \u00fe\u00e9r margar \u00fej\u00f3\u00f0ir, eins og \u00feegar hafi\u00f0 l\u00e6tur \u00f6ldur s\u00ednar a\u00f0 streyma.4\u00de\u00e6r skulu brj\u00f3ta m\u00fara T\u00fdrusar og r\u00edfa ni\u00f0ur turna hennar, og \u00e9g mun sj\u00e1lfur s\u00f3pa burt \u00f6llum jar\u00f0veg af henni og gj\u00f6ra hana a\u00f0 berum kletti.5H\u00fan skal ver\u00f0a a\u00f0 \u00feerrireit <a href=\"https:\/\/biblian.is\/1981\/esekiel-26-kafli\/\"> [&#8230;]<\/a><\/p>\n","protected":false},"author":1,"featured_media":0,"parent":0,"menu_order":0,"comment_status":"open","ping_status":"open","template":"bibliukaflar.php","meta":{"footnotes":""},"class_list":["post-2175","page","type-page","status-publish","hentry"],"_links":{"self":[{"href":"https:\/\/biblian.is\/1981\/wp-json\/wp\/v2\/pages\/2175","targetHints":{"allow":["GET"]}}],"collection":[{"href":"https:\/\/biblian.is\/1981\/wp-json\/wp\/v2\/pages"}],"about":[{"href":"https:\/\/biblian.is\/1981\/wp-json\/wp\/v2\/types\/page"}],"author":[{"embeddable":true,"href":"https:\/\/biblian.is\/1981\/wp-json\/wp\/v2\/users\/1"}],"replies":[{"embeddable":true,"href":"https:\/\/biblian.is\/1981\/wp-json\/wp\/v2\/comments?post=2175"}],"version-history":[{"count":0,"href":"https:\/\/biblian.is\/1981\/wp-json\/wp\/v2\/pages\/2175\/revisions"}],"wp:attachment":[{"href":"https:\/\/biblian.is\/1981\/wp-json\/wp\/v2\/media?parent=2175"}],"curies":[{"name":"wp","href":"https:\/\/api.w.org\/{rel}","templated":true}]}}