{"id":2174,"date":"2017-11-18T20:20:32","date_gmt":"2017-11-18T20:20:32","guid":{"rendered":"http:\/\/biblian.is\/1981\/esekiel-25-kafli\/"},"modified":"2021-06-06T10:50:50","modified_gmt":"2021-06-06T10:50:50","slug":"esekiel-25-kafli","status":"publish","type":"page","link":"https:\/\/biblian.is\/1981\/esekiel-25-kafli\/","title":{"rendered":"Esek\u00edel 25. kafli"},"content":{"rendered":"<p><a name=\"1\"><span class=\"versanumer\">1<\/span><\/a>Og or\u00f0 Drottins kom til m\u00edn, svohlj\u00f3\u00f0andi:<a name=\"2\"><span class=\"versanumer\">2<\/span><\/a>Mannsson, sn\u00fa \u00fe\u00e9r a\u00f0 Amm\u00f3n\u00edtum og sp\u00e1 gegn \u00feeim<a name=\"3\"><span class=\"versanumer\">3<\/span><\/a>og seg vi\u00f0 Amm\u00f3n\u00edta: Heyri\u00f0 or\u00f0 Drottins Gu\u00f0s! Svo segir Drottinn Gu\u00f0: Af \u00fev\u00ed a\u00f0 \u00fe\u00fa hlakka\u00f0ir yfir \u00fev\u00ed, a\u00f0 helgid\u00f3mur minn var vanhelga\u00f0ur og yfir \u00fev\u00ed a\u00f0 \u00cdsraelsland var \u00ed ey\u00f0i lagt og yfir \u00fev\u00ed a\u00f0 J\u00fadamenn ur\u00f0u a\u00f0 fara \u00ed \u00fatleg\u00f0,<a name=\"4\"><span class=\"versanumer\">4<\/span><\/a>sj\u00e1, fyrir \u00fev\u00ed gef \u00e9g \u00feig austurbyggjum til eignar, a\u00f0 \u00feeir setji tj\u00f6ld s\u00edn \u00ed \u00fe\u00e9r og reisi b\u00fa\u00f0ir s\u00ednar \u00ed \u00fe\u00e9r. \u00deeir munu eta \u00e1v\u00f6xtu \u00fe\u00edna og \u00feeir munu drekka mj\u00f3lk \u00fe\u00edna.<a name=\"5\"><span class=\"versanumer\">5<\/span><\/a>Og \u00e9g vil gj\u00f6ra Rabba a\u00f0 beitilandi fyrir \u00falfalda og land Amm\u00f3n\u00edta a\u00f0 fj\u00e1rb\u00f3li, til \u00feess a\u00f0 \u00fe\u00e9r vi\u00f0urkenni\u00f0, a\u00f0 \u00e9g er Drottinn.<a name=\"6\"><span class=\"versanumer\">6<\/span><\/a>\u00dev\u00ed a\u00f0 svo segir Drottinn Gu\u00f0: Af \u00fev\u00ed a\u00f0 \u00fe\u00fa klappa\u00f0ir lof \u00ed l\u00f3fa og stappa\u00f0ir me\u00f0 f\u00e6tinum og fagna\u00f0ir me\u00f0 fullri fyrirlitning \u00ed hjarta yfir \u00cdsraelslandi,<a name=\"7\"><span class=\"versanumer\">7<\/span><\/a>sj\u00e1, fyrir \u00fev\u00ed r\u00e9tti \u00e9g \u00fat h\u00f6nd m\u00edna \u00ed m\u00f3ti \u00fe\u00e9r og l\u00e6t \u00feig ver\u00f0a hei\u00f0ingjum a\u00f0 herfangi og afm\u00e1i \u00feig \u00far t\u00f6lu \u00fej\u00f3\u00f0anna og t\u00fdni \u00fe\u00e9r \u00far t\u00f6lu landanna. \u00c9g vil tort\u00edma \u00fe\u00e9r, til \u00feess a\u00f0 \u00fe\u00fa vi\u00f0urkennir, a\u00f0 \u00e9g er Drottinn.<a name=\"8\"><span class=\"versanumer\">8<\/span><\/a>Svo segir Drottinn Gu\u00f0: Af \u00fev\u00ed a\u00f0 M\u00f3ab segir: Sj\u00e1, J\u00fadal\u00fd\u00f0ur er eins og allar a\u00f0rar \u00fej\u00f3\u00f0ir!<a name=\"9\"><span class=\"versanumer\">9<\/span><\/a>Sj\u00e1, fyrir \u00fev\u00ed opna \u00e9g hl\u00ed\u00f0ar M\u00f3abs, til \u00feess a\u00f0 landi\u00f0 ver\u00f0i borgalaust, missi borgir s\u00ednar allt til hinnar ystu: pr\u00fd\u00f0i landsins, Bet Jes\u00edm\u00f3t, Baal Meon og Kirjata\u00edm.<a name=\"10\"><span class=\"versanumer\">10<\/span><\/a>Austurbyggjum gef \u00e9g \u00fea\u00f0 til eignar, \u00ed vi\u00f0b\u00f3t vi\u00f0 land Amm\u00f3n\u00edta, til \u00feess a\u00f0 Amm\u00f3n\u00edta ver\u00f0i eigi framar minnst me\u00f0al \u00fej\u00f3\u00f0anna.<a name=\"11\"><span class=\"versanumer\">11<\/span><\/a>Og \u00e9g mun framkv\u00e6ma refsid\u00f3ma \u00e1 M\u00f3ab, til \u00feess a\u00f0 \u00feeir vi\u00f0urkenni, a\u00f0 \u00e9g er Drottinn.<a name=\"12\"><span class=\"versanumer\">12<\/span><\/a>Svo segir Drottinn Gu\u00f0: Af \u00fev\u00ed a\u00f0 Ed\u00f3m hefir breytt vi\u00f0 J\u00fadamenn af mikilli hefndargirni og misgj\u00f6rt st\u00f3rlega me\u00f0 \u00fev\u00ed a\u00f0 hefna s\u00edn \u00e1 \u00feeim,<a name=\"13\"><span class=\"versanumer\">13<\/span><\/a>fyrir \u00fev\u00ed segir Drottinn Gu\u00f0 svo: \u00c9g vil r\u00e9tta \u00fat h\u00f6nd m\u00edna gegn Ed\u00f3m og ey\u00f0a \u00fear m\u00f6nnum og f\u00e9na\u00f0i og gj\u00f6ra landi\u00f0 a\u00f0 au\u00f0n. Fr\u00e1 Teman allt til Dedan skulu \u00feeir fyrir sver\u00f0i falla.<a name=\"14\"><span class=\"versanumer\">14<\/span><\/a>Og \u00e9g fel l\u00fd\u00f0 m\u00ednum \u00cdsrael a\u00f0 framkv\u00e6ma hefnd m\u00edna \u00e1 Ed\u00f3m, svo a\u00f0 \u00feeir fari me\u00f0 Ed\u00f3m samkv\u00e6mt rei\u00f0i minni og heift, og hann f\u00e1i a\u00f0 kenna \u00e1 hefnd minni, segir Drottinn Gu\u00f0.<a name=\"15\"><span class=\"versanumer\">15<\/span><\/a>Svo segir Drottinn Gu\u00f0: Af \u00fev\u00ed a\u00f0 Filistar s\u00fdndu af s\u00e9r hefnigirni og hefndu s\u00edn me\u00f0 fyrirlitning \u00ed hjarta, hyggjandi \u00e1 tort\u00edming me\u00f0 \u00e6varandi fjandskap,<a name=\"16\"><span class=\"versanumer\">16<\/span><\/a>fyrir \u00fev\u00ed segir Drottinn Gu\u00f0 svo: Sj\u00e1, \u00e9g mun r\u00e9tta \u00fat h\u00f6nd m\u00edna gegn Filistum og \u00fatr\u00fdma Kretum og ey\u00f0a \u00feeim, sem eftir eru \u00e1 sj\u00e1varstr\u00f6ndinni.<a name=\"17\"><span class=\"versanumer\">17<\/span><\/a>Og \u00e9g mun koma miklum hefndum fram \u00e1 \u00feeim me\u00f0 grimmilegum hirtingum, til \u00feess a\u00f0 \u00feeir vi\u00f0urkenni, a\u00f0 \u00e9g er Drottinn, \u00fe\u00e1 er \u00e9g l\u00e6t hefnd m\u00edna koma fram \u00e1 \u00feeim.<\/p>\n<div class=\"footnote1981\"><b>25.1<\/b> Ammon\u00edtar Esk 21.33+<br \/>\n<b>25.4<\/b> \u00dej\u00f3\u00f0irnar fyrir austan D\u00f3m 6.3<br \/>\n<b>25.8<\/b> Gegn M\u00f3ab Jes 15-16; 25.10-12; Jer 48; Am 2.1-3; Sef 2.8-11<br \/>\n<b>25.12<\/b> Gegn Ed\u00f3m Esk 35.1-5; Jes 34.5-17; 63.1-6; Jer 49.7-22; Am 1.11-12; \u00d3b 1-15; Mal 1.2-5<br \/>\n<b>25.15<\/b> Gegn Filisteum Jes 14.29-31; Jer 47.1-7; Jl 4.4-8; Am 1.6-8; Sef 2.4-7; Sak 9.5-7<\/div>\n","protected":false},"excerpt":{"rendered":"<p>1Og or\u00f0 Drottins kom til m\u00edn, svohlj\u00f3\u00f0andi:2Mannsson, sn\u00fa \u00fe\u00e9r a\u00f0 Amm\u00f3n\u00edtum og sp\u00e1 gegn \u00feeim3og seg vi\u00f0 Amm\u00f3n\u00edta: Heyri\u00f0 or\u00f0 Drottins Gu\u00f0s! Svo segir Drottinn Gu\u00f0: Af \u00fev\u00ed a\u00f0 \u00fe\u00fa hlakka\u00f0ir yfir \u00fev\u00ed, a\u00f0 helgid\u00f3mur minn var vanhelga\u00f0ur og yfir \u00fev\u00ed a\u00f0 \u00cdsraelsland var \u00ed ey\u00f0i lagt og yfir \u00fev\u00ed a\u00f0 J\u00fadamenn ur\u00f0u a\u00f0 fara \u00ed \u00fatleg\u00f0,4sj\u00e1, fyrir \u00fev\u00ed gef \u00e9g \u00feig austurbyggjum til eignar, a\u00f0 \u00feeir setji tj\u00f6ld s\u00edn \u00ed \u00fe\u00e9r og reisi b\u00fa\u00f0ir s\u00ednar \u00ed \u00fe\u00e9r. \u00deeir munu eta \u00e1v\u00f6xtu \u00fe\u00edna og \u00feeir munu drekka mj\u00f3lk \u00fe\u00edna.5Og \u00e9g vil gj\u00f6ra Rabba a\u00f0 beitilandi fyrir \u00falfalda og land Amm\u00f3n\u00edta <a href=\"https:\/\/biblian.is\/1981\/esekiel-25-kafli\/\"> [&#8230;]<\/a><\/p>\n","protected":false},"author":1,"featured_media":0,"parent":0,"menu_order":0,"comment_status":"open","ping_status":"open","template":"bibliukaflar.php","meta":{"footnotes":""},"class_list":["post-2174","page","type-page","status-publish","hentry"],"_links":{"self":[{"href":"https:\/\/biblian.is\/1981\/wp-json\/wp\/v2\/pages\/2174","targetHints":{"allow":["GET"]}}],"collection":[{"href":"https:\/\/biblian.is\/1981\/wp-json\/wp\/v2\/pages"}],"about":[{"href":"https:\/\/biblian.is\/1981\/wp-json\/wp\/v2\/types\/page"}],"author":[{"embeddable":true,"href":"https:\/\/biblian.is\/1981\/wp-json\/wp\/v2\/users\/1"}],"replies":[{"embeddable":true,"href":"https:\/\/biblian.is\/1981\/wp-json\/wp\/v2\/comments?post=2174"}],"version-history":[{"count":0,"href":"https:\/\/biblian.is\/1981\/wp-json\/wp\/v2\/pages\/2174\/revisions"}],"wp:attachment":[{"href":"https:\/\/biblian.is\/1981\/wp-json\/wp\/v2\/media?parent=2174"}],"curies":[{"name":"wp","href":"https:\/\/api.w.org\/{rel}","templated":true}]}}