{"id":2173,"date":"2017-11-18T20:20:32","date_gmt":"2017-11-18T20:20:32","guid":{"rendered":"http:\/\/biblian.is\/1981\/esekiel-24-kafli\/"},"modified":"2021-06-06T10:50:50","modified_gmt":"2021-06-06T10:50:50","slug":"esekiel-24-kafli","status":"publish","type":"page","link":"https:\/\/biblian.is\/1981\/esekiel-24-kafli\/","title":{"rendered":"Esek\u00edel 24. kafli"},"content":{"rendered":"<p><a name=\"1\"><span class=\"versanumer\">1<\/span><\/a>Og or\u00f0 Drottins kom til m\u00edn n\u00edunda \u00e1ri\u00f0, t\u00edunda dag hins t\u00edunda m\u00e1na\u00f0ar, svohlj\u00f3\u00f0andi:<a name=\"2\"><span class=\"versanumer\">2<\/span><\/a>Mannsson, skrifa \u00fe\u00fa upp hj\u00e1 \u00fe\u00e9r \u00feennan dag, einmitt \u00feennan dag. Einmitt \u00ed dag hefir Babelkonungur r\u00e1\u00f0ist \u00e1 Jer\u00fasalem.<a name=\"3\"><span class=\"versanumer\">3<\/span><\/a>Flyt \u00fev\u00ed hinni \u00fever\u00fa\u00f0ugu kynsl\u00f3\u00f0 l\u00edking og seg vi\u00f0 \u00fe\u00e1: Svo segir Drottinn Gu\u00f0: Set \u00fe\u00fa upp pottinn, set hann upp, og hell vatni \u00ed hann.<a name=\"4\"><span class=\"versanumer\">4<\/span><\/a>L\u00e1t kj\u00f6tstykkin \u00ed hann, \u00f6ll bestu stykkin, l\u00e6rin og b\u00f3gana, fyll hann \u00farvalsbeinbitum.<a name=\"5\"><span class=\"versanumer\">5<\/span><\/a>Tak \u00feau af \u00farvalskindum og legg einnig sk\u00ed\u00f0 undir pottinn. L\u00e1t sj\u00f3\u00f0a \u00e1 kj\u00f6tstykkjunum, beinbitarnir so\u00f0na \u00feegar \u00ed honum.<a name=\"6\"><span class=\"versanumer\">6<\/span><\/a>Fyrir \u00fev\u00ed segir Drottinn Gu\u00f0 svo: Vei hinni bl\u00f3\u00f0seku borg, pottinum me\u00f0 ry\u00f0flekkjunum, sem ry\u00f0flekkirnir gengu ekki af. Allt hefir veri\u00f0 f\u00e6rt upp \u00far honum, hvert stykki\u00f0 eftir anna\u00f0, \u00e1n \u00feess a\u00f0 varpa hlutum um \u00feau.<a name=\"7\"><span class=\"versanumer\">7<\/span><\/a>\u00dev\u00ed a\u00f0 bl\u00f3\u00f0i\u00f0, sem h\u00fan hefir \u00fathellt, er enn \u00ed henni. H\u00fan hefir l\u00e1ti\u00f0 \u00fea\u00f0 renna \u00e1 bera klettana, ekki hellt \u00fev\u00ed \u00e1 j\u00f6r\u00f0ina til \u00feess a\u00f0 hylja \u00fea\u00f0 moldu.<a name=\"8\"><span class=\"versanumer\">8<\/span><\/a>Til \u00feess a\u00f0 s\u00fdna heift og koma fram hefnd, hefi \u00e9g l\u00e1ti\u00f0 bl\u00f3\u00f0i\u00f0, sem h\u00fan hefir \u00fathellt, renna \u00e1 bera klettana, til \u00feess a\u00f0 \u00fea\u00f0 skuli eigi huli\u00f0 ver\u00f0a.<a name=\"9\"><span class=\"versanumer\">9<\/span><\/a>Fyrir \u00fev\u00ed segir Drottinn Gu\u00f0 svo: Vei hinni bl\u00f3\u00f0seku borg! J\u00e1, \u00e9g vil gj\u00f6ra eldgr\u00f3fina st\u00f3ra.<a name=\"10\"><span class=\"versanumer\">10<\/span><\/a>Drag saman mikinn vi\u00f0, kveik upp eldinn, sj\u00f3\u00f0 kj\u00f6ti\u00f0 vandlega, l\u00e1t s\u00fapuna sj\u00f3\u00f0a, svo a\u00f0 beinin brenni.<a name=\"11\"><span class=\"versanumer\">11<\/span><\/a>Set s\u00ed\u00f0an t\u00f3man pottinn \u00e1 gl\u00e6\u00f0urnar, til \u00feess a\u00f0 hann hitni og eirinn \u00ed honum ver\u00f0i gl\u00f3andi og \u00f3hreinindin, sem \u00ed honum eru, renni af og ry\u00f0 hans ey\u00f0ist.<a name=\"12\"><span class=\"versanumer\">12<\/span><\/a>Alla fyrirh\u00f6fn hefir hann a\u00f0 engu gj\u00f6rt, \u00fev\u00ed a\u00f0 hi\u00f0 mikla ry\u00f0 gekk ekki af honum \u00ed eldinum,<a name=\"13\"><span class=\"versanumer\">13<\/span><\/a>s\u00f6kum lausl\u00e6tissaurugleika \u00fe\u00edns. Af \u00fev\u00ed a\u00f0 \u00e9g hefi reynt a\u00f0 hreinsa \u00feig, en \u00fe\u00fa var\u00f0st eigi hrein af saurugleik \u00fe\u00ednum, \u00fe\u00e1 skalt \u00fe\u00fa ekki framar ver\u00f0a hrein, uns \u00e9g hefi svala\u00f0 heift minni \u00e1 \u00fe\u00e9r.<a name=\"14\"><span class=\"versanumer\">14<\/span><\/a>\u00c9g, Drottinn, hefi tala\u00f0 \u00fea\u00f0. \u00dea\u00f0 kemur, og \u00e9g framkv\u00e6mi \u00fea\u00f0, \u00e9g l\u00e6t ekki undan draga, \u00e9g v\u00e6gi ekki og \u00e9g l\u00e6t mig einskis i\u00f0ra. Eftir breytni \u00feinni og eftir gj\u00f6r\u00f0um \u00fe\u00ednum d\u00e6ma menn \u00feig, segir Drottinn Gu\u00f0.<a name=\"15\"><span class=\"versanumer\">15<\/span><\/a>Og or\u00f0 Drottins kom til m\u00edn, svohlj\u00f3\u00f0andi:<a name=\"16\"><span class=\"versanumer\">16<\/span><\/a>Mannsson, \u00e9g mun taka yndi augna \u00feinna fr\u00e1 \u00fe\u00e9r me\u00f0 skyndilegum dau\u00f0a, en \u00fe\u00fa skalt ekki kveina n\u00e9 gr\u00e1ta, og eigi skulu \u00fe\u00e9r t\u00e1r \u00e1 augu koma.<a name=\"17\"><span class=\"versanumer\">17<\/span><\/a>Andvarpa \u00fe\u00fa \u00ed hlj\u00f3\u00f0i, vi\u00f0haf ekkert d\u00e1narkvein. Set vefjarh\u00f6tt \u00feinn \u00e1 \u00feig og l\u00e1t sk\u00f3 \u00fe\u00edna \u00e1 f\u00e6tur \u00fe\u00e9r. \u00de\u00fa skalt ekki hylja kamp \u00feinn og ekki neyta sorgarbrau\u00f0s.<a name=\"18\"><span class=\"versanumer\">18<\/span><\/a>Og \u00e9g tala\u00f0i til l\u00fd\u00f0sins um morguninn, en um kveldi\u00f0 d\u00f3 kona m\u00edn, og \u00e9g gj\u00f6r\u00f0i morguninn eftir eins og m\u00e9r haf\u00f0i veri\u00f0 skipa\u00f0.<a name=\"19\"><span class=\"versanumer\">19<\/span><\/a>\u00de\u00e1 sag\u00f0i f\u00f3lki\u00f0 vi\u00f0 mig: Vilt \u00fe\u00fa ekki segja oss, hva\u00f0 \u00feetta \u00e1 a\u00f0 \u00fe\u00fd\u00f0a, a\u00f0 \u00fe\u00fa hagar \u00fe\u00e9r svo?<a name=\"20\"><span class=\"versanumer\">20<\/span><\/a>\u00c9g svara\u00f0i \u00feeim: Or\u00f0 Drottins kom til m\u00edn, svohlj\u00f3\u00f0andi:<a name=\"21\"><span class=\"versanumer\">21<\/span><\/a>Seg vi\u00f0 \u00cdsraelsmenn: Svo segir Drottinn Gu\u00f0: Sj\u00e1, \u00e9g mun vanhelga helgid\u00f3m minn, y\u00f0ar mikla ofdrambsefni, yndi augna y\u00f0ar og \u00fer\u00e1 s\u00e1lar y\u00f0ar, og synir y\u00f0ar og d\u00e6tur, er \u00fe\u00e9r hafi\u00f0 skili\u00f0 \u00fear eftir, munu falla fyrir sver\u00f0i.<a name=\"22\"><span class=\"versanumer\">22<\/span><\/a>\u00de\u00e1 munu\u00f0 \u00fe\u00e9r gj\u00f6ra eins og \u00e9g hefi gj\u00f6rt: \u00de\u00e9r munu\u00f0 ekki hylja kamp y\u00f0ar og ekki neyta sorgarbrau\u00f0s.<a name=\"23\"><span class=\"versanumer\">23<\/span><\/a>\u00de\u00e9r munu\u00f0 hafa vefjarh\u00f6ttinn \u00e1 h\u00f6f\u00f0inu og sk\u00f3na \u00e1 f\u00f3tunum. \u00de\u00e9r munu\u00f0 ekki kveina n\u00e9 gr\u00e1ta, heldur veslast upp vegna misgj\u00f6r\u00f0a y\u00f0ar og andvarpa hver me\u00f0 \u00f6\u00f0rum.<a name=\"24\"><span class=\"versanumer\">24<\/span><\/a>\u00deannig mun Esek\u00edel ver\u00f0a y\u00f0ur til t\u00e1kns. Me\u00f0 \u00f6llu svo sem hann hefir gj\u00f6rt, munu\u00f0 \u00fe\u00e9r og gj\u00f6ra, er \u00fea\u00f0 ber a\u00f0 h\u00f6ndum, og \u00fe\u00e1 munu\u00f0 \u00fe\u00e9r vi\u00f0urkenna, a\u00f0 \u00e9g er Drottinn Gu\u00f0.<a name=\"25\"><span class=\"versanumer\">25<\/span><\/a>En \u00fe\u00fa, mannsson vissulega mun \u00feann dag, er \u00e9g tek fr\u00e1 \u00feeim varnarvirki \u00feeirra, hinn d\u00fdrlega una\u00f0 \u00feeirra, yndi augna \u00feeirra og \u00fer\u00e1 s\u00e1lar \u00feeirra, sonu \u00feeirra og d\u00e6tur,<a name=\"26\"><span class=\"versanumer\">26<\/span><\/a>\u00feann dag mun fl\u00f3ttama\u00f0ur til \u00fe\u00edn koma, til \u00feess a\u00f0 gj\u00f6ra \u00fea\u00f0 heyrinkunnugt.<a name=\"27\"><span class=\"versanumer\">27<\/span><\/a>\u00c1 \u00feeim degi mun munnur \u00feinn upp lj\u00fakast, um lei\u00f0 og munnur fl\u00f3ttamannsins, og \u00fe\u00e1 munt \u00fe\u00fa tala og ekki framar \u00feegja, og \u00fe\u00fa munt vera \u00feeim til t\u00e1kns, og \u00feeir munu vi\u00f0urkenna, a\u00f0 \u00e9g er Drottinn.<\/p>\n<div class=\"footnote1981\"><b>24.3<\/b> Pottur Esk 11.3-12<br \/>\n<b>24.7<\/b> Bl\u00f3\u00f0i\u00f0 1M\u00f3s 4.10; 37.26; Jes 26.21; Job 16.18<br \/>\n<b>24.14<\/b> Drottinn i\u00f0rast ekki Esk 5.11+<br \/>\n<b>24.27<\/b> Sp\u00e1ma\u00f0urinn \u00feegir Esk 3.26-27; 29.21; 33.22<\/div>\n","protected":false},"excerpt":{"rendered":"<p>1Og or\u00f0 Drottins kom til m\u00edn n\u00edunda \u00e1ri\u00f0, t\u00edunda dag hins t\u00edunda m\u00e1na\u00f0ar, svohlj\u00f3\u00f0andi:2Mannsson, skrifa \u00fe\u00fa upp hj\u00e1 \u00fe\u00e9r \u00feennan dag, einmitt \u00feennan dag. Einmitt \u00ed dag hefir Babelkonungur r\u00e1\u00f0ist \u00e1 Jer\u00fasalem.3Flyt \u00fev\u00ed hinni \u00fever\u00fa\u00f0ugu kynsl\u00f3\u00f0 l\u00edking og seg vi\u00f0 \u00fe\u00e1: Svo segir Drottinn Gu\u00f0: Set \u00fe\u00fa upp pottinn, set hann upp, og hell vatni \u00ed hann.4L\u00e1t kj\u00f6tstykkin \u00ed hann, \u00f6ll bestu stykkin, l\u00e6rin og b\u00f3gana, fyll hann \u00farvalsbeinbitum.5Tak \u00feau af \u00farvalskindum og legg einnig sk\u00ed\u00f0 undir pottinn. L\u00e1t sj\u00f3\u00f0a \u00e1 kj\u00f6tstykkjunum, beinbitarnir so\u00f0na \u00feegar \u00ed honum.6Fyrir \u00fev\u00ed segir Drottinn Gu\u00f0 svo: Vei hinni bl\u00f3\u00f0seku borg, pottinum me\u00f0 ry\u00f0flekkjunum, sem <a href=\"https:\/\/biblian.is\/1981\/esekiel-24-kafli\/\"> [&#8230;]<\/a><\/p>\n","protected":false},"author":1,"featured_media":0,"parent":0,"menu_order":0,"comment_status":"open","ping_status":"open","template":"bibliukaflar.php","meta":{"footnotes":""},"class_list":["post-2173","page","type-page","status-publish","hentry"],"_links":{"self":[{"href":"https:\/\/biblian.is\/1981\/wp-json\/wp\/v2\/pages\/2173","targetHints":{"allow":["GET"]}}],"collection":[{"href":"https:\/\/biblian.is\/1981\/wp-json\/wp\/v2\/pages"}],"about":[{"href":"https:\/\/biblian.is\/1981\/wp-json\/wp\/v2\/types\/page"}],"author":[{"embeddable":true,"href":"https:\/\/biblian.is\/1981\/wp-json\/wp\/v2\/users\/1"}],"replies":[{"embeddable":true,"href":"https:\/\/biblian.is\/1981\/wp-json\/wp\/v2\/comments?post=2173"}],"version-history":[{"count":0,"href":"https:\/\/biblian.is\/1981\/wp-json\/wp\/v2\/pages\/2173\/revisions"}],"wp:attachment":[{"href":"https:\/\/biblian.is\/1981\/wp-json\/wp\/v2\/media?parent=2173"}],"curies":[{"name":"wp","href":"https:\/\/api.w.org\/{rel}","templated":true}]}}