{"id":2171,"date":"2017-11-18T20:20:32","date_gmt":"2017-11-18T20:20:32","guid":{"rendered":"http:\/\/biblian.is\/1981\/esekiel-22-kafli\/"},"modified":"2021-06-06T10:50:49","modified_gmt":"2021-06-06T10:50:49","slug":"esekiel-22-kafli","status":"publish","type":"page","link":"https:\/\/biblian.is\/1981\/esekiel-22-kafli\/","title":{"rendered":"Esek\u00edel 22. kafli"},"content":{"rendered":"<p><a name=\"1\"><span class=\"versanumer\">1<\/span><\/a>Og or\u00f0 Drottins kom til m\u00edn, svohlj\u00f3\u00f0andi:<a name=\"2\"><span class=\"versanumer\">2<\/span><\/a>\u00de\u00fa mannsson, vilt \u00fe\u00fa d\u00e6ma, vilt \u00fe\u00fa d\u00e6ma hina bl\u00f3\u00f0seku borg? Lei\u00f0 henni \u00fe\u00e1 fyrir sj\u00f3nir allar sv\u00edvir\u00f0ingar hennar<a name=\"3\"><span class=\"versanumer\">3<\/span><\/a>og seg: Svo segir Drottinn Gu\u00f0: \u00d3 borg, sem \u00fathellti bl\u00f3\u00f0i innan borgarveggja sinna, til \u00feess a\u00f0 t\u00edmi hennar k\u00e6mi, og gj\u00f6r\u00f0i s\u00e9r skur\u00f0go\u00f0 til \u00feess a\u00f0 saurga sig.<a name=\"4\"><span class=\"versanumer\">4<\/span><\/a>Fyrir bl\u00f3\u00f0i\u00f0, sem \u00fe\u00fa hefir \u00fathellt, ert \u00fe\u00fa sek or\u00f0in, og fyrir skur\u00f0go\u00f0in, sem \u00fe\u00fa gj\u00f6r\u00f0ir, ert \u00fe\u00fa \u00f3hrein or\u00f0in. \u00de\u00fa hefir fl\u00fdtt fyrir degi \u00fe\u00ednum, og \u00e6vilok \u00fe\u00edn eru komin. \u00deess vegna gj\u00f6ri \u00e9g \u00feig a\u00f0 h\u00e1\u00f0ung me\u00f0al \u00fej\u00f3\u00f0anna og a\u00f0 athl\u00e6gi allra landa.<a name=\"5\"><span class=\"versanumer\">5<\/span><\/a>\u00deeir sem eru n\u00e1l\u00e6gt \u00fe\u00e9r og \u00feeir sem eru langt fr\u00e1 \u00fe\u00e9r munu h\u00e6\u00f0a \u00feig, \u00fe\u00fa borg me\u00f0 flekka\u00f0 mannor\u00f0, full af r\u00f3stum.<a name=\"6\"><span class=\"versanumer\">6<\/span><\/a>Sj\u00e1, h\u00f6f\u00f0ingjar \u00cdsraels, sem \u00ed \u00fe\u00e9r b\u00faa, \u00fathella bl\u00f3\u00f0i, hver sem betur getur.<a name=\"7\"><span class=\"versanumer\">7<\/span><\/a>Hj\u00e1 \u00fe\u00e9r eru fa\u00f0ir og m\u00f3\u00f0ir fyrirlitin, vi\u00f0 \u00fatlendinga beita menn k\u00fagun \u00ed \u00fe\u00e9r, muna\u00f0arleysingja og ekkjur undiroka menn hj\u00e1 \u00fe\u00e9r.<a name=\"8\"><span class=\"versanumer\">8<\/span><\/a>\u00de\u00fa fyrirl\u00edtur helgid\u00f3ma m\u00edna og vanhelgar hv\u00edldardaga m\u00edna.<a name=\"9\"><span class=\"versanumer\">9<\/span><\/a>Hj\u00e1 \u00fe\u00e9r eru bakm\u00e6lgismenn, sem koma manndr\u00e1pum til lei\u00f0ar, hj\u00e1 \u00fe\u00e9r eta menn f\u00f3rnarkj\u00f6t \u00e1 fj\u00f6llunum, menn fremja saurlifna\u00f0 \u00ed \u00fe\u00e9r mi\u00f0ri.<a name=\"10\"><span class=\"versanumer\">10<\/span><\/a>Hj\u00e1 \u00fe\u00e9r bera menn blyg\u00f0an f\u00f6\u00f0ur s\u00edns, hj\u00e1 \u00fe\u00e9r nau\u00f0ga menn konum, sem \u00f3hreinar eru vegna t\u00ed\u00f0a.<a name=\"11\"><span class=\"versanumer\">11<\/span><\/a>Einn fremur sv\u00edvir\u00f0u me\u00f0 konu n\u00e1unga s\u00edns, annar flekkar tengdad\u00f3ttur s\u00edna me\u00f0 saurlifna\u00f0i og enn annar nau\u00f0gar hj\u00e1 \u00fe\u00e9r systur sinni, d\u00f3ttur f\u00f6\u00f0ur s\u00edns.<a name=\"12\"><span class=\"versanumer\">12<\/span><\/a>Menn \u00feiggja m\u00fatur hj\u00e1 \u00fe\u00e9r til \u00feess a\u00f0 \u00fathella bl\u00f3\u00f0i. \u00de\u00fa hefir teki\u00f0 fj\u00e1rleigu og vexti og haft af n\u00e1unga \u00fe\u00ednum me\u00f0 ofr\u00edki, en m\u00e9r hefir \u00fe\u00fa gleymt, segir Drottinn Gu\u00f0.<a name=\"13\"><span class=\"versanumer\">13<\/span><\/a>En sj\u00e1: \u00c9g sl\u00e6 h\u00f6ndum saman yfir \u00fev\u00ed rangfengna f\u00e9, sem \u00fe\u00fa hefir dregi\u00f0 \u00fe\u00e9r, og yfir bl\u00f3\u00f0skuld \u00feeirri, sem \u00ed \u00fe\u00e9r er.<a name=\"14\"><span class=\"versanumer\">14<\/span><\/a>Mun kjarkur \u00feinn standast og hendur \u00fe\u00ednar haldast styrkar, \u00feegar \u00feeir dagarnir koma, er \u00e9g tek \u00feig fyrir? \u00c9g, Drottinn, tala \u00fea\u00f0 og mun framkv\u00e6ma \u00fea\u00f0.<a name=\"15\"><span class=\"versanumer\">15<\/span><\/a>Og \u00e9g mun tv\u00edstra \u00fe\u00e9r me\u00f0al \u00fej\u00f3\u00f0anna og dreifa \u00fe\u00e9r \u00fat um l\u00f6ndin og gj\u00f6rsamlega uppr\u00e6ta \u00f3hreinleik \u00feinn \u00far \u00fe\u00e9r,<a name=\"16\"><span class=\"versanumer\">16<\/span><\/a>og \u00fe\u00fa skalt vanhelgu\u00f0 ver\u00f0a \u00ed augs\u00fdn hei\u00f0ingjanna, og \u00fe\u00e1 skalt \u00fe\u00fa vi\u00f0urkenna, a\u00f0 \u00e9g er Drottinn.<a name=\"17\"><span class=\"versanumer\">17<\/span><\/a>Og or\u00f0 Drottins kom til m\u00edn, svohlj\u00f3\u00f0andi:<a name=\"18\"><span class=\"versanumer\">18<\/span><\/a>Mannsson, \u00cdsraelsmenn eru or\u00f0nir fyrir m\u00e9r eins og sori. \u00deeir eru allir eins og eir og tin og j\u00e1rn og bl\u00fd \u00ed br\u00e6\u00f0sluofni, \u00feeir eru or\u00f0nir sorasilfur.<a name=\"19\"><span class=\"versanumer\">19<\/span><\/a>Fyrir \u00fev\u00ed segir Drottinn Gu\u00f0 svo: Af \u00fev\u00ed a\u00f0 \u00fe\u00e9r eru\u00f0 allir or\u00f0nir a\u00f0 sora, \u00fe\u00e1 vil \u00e9g safna y\u00f0ur saman \u00ed Jer\u00fasalem.<a name=\"20\"><span class=\"versanumer\">20<\/span><\/a>Eins og silfur og eir og j\u00e1rn og bl\u00fd og tin er l\u00e1ti\u00f0 saman inn \u00ed br\u00e6\u00f0sluofn til \u00feess a\u00f0 bl\u00e1sa eldi a\u00f0 \u00fev\u00ed og br\u00e6\u00f0a \u00fea\u00f0, \u00feannig mun \u00e9g safna y\u00f0ur saman \u00ed rei\u00f0i minni og gremi, l\u00e1ta y\u00f0ur \u00fear inn og br\u00e6\u00f0a y\u00f0ur.<a name=\"21\"><span class=\"versanumer\">21<\/span><\/a>Og \u00e9g mun stefna y\u00f0ur saman og bl\u00e1sa a\u00f0 y\u00f0ur eldi gremi minnar, svo a\u00f0 \u00fe\u00e9r skulu\u00f0 br\u00e1\u00f0na \u00fear.<a name=\"22\"><span class=\"versanumer\">22<\/span><\/a>Eins og silfri\u00f0 er br\u00e6tt \u00ed br\u00e6\u00f0sluofninum, svo skulu\u00f0 \u00fe\u00e9r br\u00e1\u00f0na \u00ed borginni og \u00fe\u00e1 munu\u00f0 \u00fe\u00e9r vi\u00f0urkenna, a\u00f0 \u00e9g, Drottinn, hefi \u00fathellt rei\u00f0i minni yfir y\u00f0ur.<a name=\"23\"><span class=\"versanumer\">23<\/span><\/a>Og or\u00f0 Drottins kom til m\u00edn, svohlj\u00f3\u00f0andi:<a name=\"24\"><span class=\"versanumer\">24<\/span><\/a>\u00de\u00fa mannsson, seg vi\u00f0 hana: \u00de\u00fa ert eins og land, sem ekki rigndi \u00e1, sem eigi var v\u00f6kva\u00f0 \u00e1 degi rei\u00f0innar,<a name=\"25\"><span class=\"versanumer\">25<\/span><\/a>en \u00fej\u00f3\u00f0h\u00f6f\u00f0ingjar \u00feess voru \u00ed \u00fev\u00ed sem \u00f6skrandi lj\u00f3n, er r\u00edfur sundur br\u00e1\u00f0 s\u00edna. Mannsl\u00edfum hafa \u00feeir eytt, eignir og d\u00fdrgripi hafa \u00feeir teki\u00f0 og fj\u00f6lga\u00f0 ekkjum \u00ed landinu.<a name=\"26\"><span class=\"versanumer\">26<\/span><\/a>Prestar hennar hafa brj\u00e1la\u00f0 l\u00f6gm\u00e1li m\u00ednu og vanhelga\u00f0 helgid\u00f3ma m\u00edna. \u00deeir hafa engan mun gj\u00f6rt \u00e1 \u00fev\u00ed, sem heilagt er og \u00f3heilagt, og eigi fr\u00e6tt menn um muninn \u00e1 \u00f3hreinu og hreinu, og \u00feeir hafa loka\u00f0 augum s\u00ednum fyrir hv\u00edldard\u00f6gum m\u00ednum, svo a\u00f0 \u00e9g vanhelga\u00f0ist me\u00f0al \u00feeirra.<a name=\"27\"><span class=\"versanumer\">27<\/span><\/a>Yfirmenn hennar voru \u00ed henni eins og sundurr\u00edfandi vargar og hugsu\u00f0u ekki um anna\u00f0 en a\u00f0 \u00fathella bl\u00f3\u00f0i og ey\u00f0a mannsl\u00edfum til \u00feess a\u00f0 afla s\u00e9r rangfengins gr\u00f3\u00f0a.<a name=\"28\"><span class=\"versanumer\">28<\/span><\/a>En sp\u00e1menn hennar ri\u00f0u \u00e1 kalki fyrir \u00fe\u00e1 me\u00f0 \u00fev\u00ed a\u00f0 bo\u00f0a \u00feeim h\u00e9g\u00f3mas\u00fdnir og flytja \u00feeim lygisp\u00e1d\u00f3ma og segja: Svo segir Drottinn Gu\u00f0! \u00fe\u00f3tt Drottinn hafi ekki tala\u00f0.<a name=\"29\"><span class=\"versanumer\">29<\/span><\/a>Landsl\u00fd\u00f0urinn hefir haft k\u00fagun og r\u00e1n \u00ed frammi, \u00feeir hafa undiroka\u00f0 vola\u00f0a og snau\u00f0a og k\u00faga\u00f0 \u00fatlendinga \u00e1n nokkurs r\u00e9ttar.<a name=\"30\"><span class=\"versanumer\">30<\/span><\/a>Og \u00e9g leita\u00f0i a\u00f0 einhverjum me\u00f0al \u00feeirra, er hla\u00f0a vildi gar\u00f0 e\u00f0a skipa s\u00e9r \u00ed skar\u00f0i\u00f0 m\u00f3ti m\u00e9r, landinu til varnar, til \u00feess a\u00f0 \u00e9g leg\u00f0i \u00fea\u00f0 ekki \u00ed ey\u00f0i, en \u00e9g fann engan.<a name=\"31\"><span class=\"versanumer\">31<\/span><\/a>\u00de\u00e1 \u00fathellti \u00e9g rei\u00f0i minni yfir \u00fe\u00e1, gj\u00f6reyddi \u00feeim me\u00f0 eldi gremi minnar, \u00e9g l\u00e9t ath\u00e6fi \u00feeirra \u00feeim \u00ed koll koma, segir Drottinn Gu\u00f0.<\/p>\n<div class=\"footnote1981\"><b>22.3<\/b> \u00dathella bl\u00f3\u00f0i 1M\u00f3s 4.10<br \/>\n<b>22.7<\/b> Fa\u00f0ir og m\u00f3\u00f0ir 2M\u00f3s 20.12; 3M\u00f3s 19.3; 5M\u00f3s 5.16; 27. 16 \u2013 \u00feeir sem leita h\u00e6lis 2M\u00f3s 12.48-49; 22.20; 3M\u00f3s 19.10,33-34 \u2013 muna\u00f0arleysingjar og ekkjur 2M\u00f3s 22.21; 5M\u00f3s 10.18; 24.17; 27.19; sbr Slm 146.9<br \/>\n<b>22.8<\/b> Hv\u00edldardagur 2M\u00f3s 20.8-11; 23.12; 31.12-17; 3M\u00f3s 19.3,30; 23.3; 4M\u00f3s 15.32-36; 5M\u00f3s 5.12-15; 1Makk 2.29-38; Mrk 2.27<br \/>\n<b>22.9<\/b> R\u00f3gberar 3M\u00f3s 19.16<br \/>\n<b>22.10<\/b> Sv\u00ed\u00f0vir\u00f0a konu f\u00f6\u00f0ur 3M\u00f3s 18.7 \u2013 kona sem hefur \u00e1 kl\u00e6\u00f0um 3M\u00f3s 18.19<br \/>\n<b>22.11<\/b> Sv\u00edvir\u00f0a 3M\u00f3s 18.9,15,20; 5M\u00f3s 22.22<br \/>\n<b>22.12<\/b> M\u00fatur 2M\u00f3s 23.8; 5M\u00f3s 16.19; 27.25 \u2013 vextir Esk 18.8+<br \/>\n<b>22.15<\/b> Dreifa Esk 5.10+<br \/>\n<b>22.18<\/b> Sori Jes 1.25; Jer 6.28-29<br \/>\n<b>22.20<\/b> M\u00e1lmbr\u00e6\u00f0sla Mal 3.2-3<br \/>\n<b>22.26<\/b> Vanhelgun Sef 3.4 \u2013 helgu og vanhelgu Esk 42.20; 3M\u00f3s 17-22 \u2013 hreint og \u00f3hreint Esk 44.23; 3M\u00f3s 11-16<br \/>\n<b>22.28<\/b> Upplogin sp\u00e1mannsor\u00f0 Esk 13.7+<br \/>\n<b>22.29<\/b> K\u00fagun og r\u00e1n Esk 18.7+<\/div>\n","protected":false},"excerpt":{"rendered":"<p>1Og or\u00f0 Drottins kom til m\u00edn, svohlj\u00f3\u00f0andi:2\u00de\u00fa mannsson, vilt \u00fe\u00fa d\u00e6ma, vilt \u00fe\u00fa d\u00e6ma hina bl\u00f3\u00f0seku borg? Lei\u00f0 henni \u00fe\u00e1 fyrir sj\u00f3nir allar sv\u00edvir\u00f0ingar hennar3og seg: Svo segir Drottinn Gu\u00f0: \u00d3 borg, sem \u00fathellti bl\u00f3\u00f0i innan borgarveggja sinna, til \u00feess a\u00f0 t\u00edmi hennar k\u00e6mi, og gj\u00f6r\u00f0i s\u00e9r skur\u00f0go\u00f0 til \u00feess a\u00f0 saurga sig.4Fyrir bl\u00f3\u00f0i\u00f0, sem \u00fe\u00fa hefir \u00fathellt, ert \u00fe\u00fa sek or\u00f0in, og fyrir skur\u00f0go\u00f0in, sem \u00fe\u00fa gj\u00f6r\u00f0ir, ert \u00fe\u00fa \u00f3hrein or\u00f0in. \u00de\u00fa hefir fl\u00fdtt fyrir degi \u00fe\u00ednum, og \u00e6vilok \u00fe\u00edn eru komin. \u00deess vegna gj\u00f6ri \u00e9g \u00feig a\u00f0 h\u00e1\u00f0ung me\u00f0al \u00fej\u00f3\u00f0anna og a\u00f0 athl\u00e6gi allra landa.5\u00deeir sem eru n\u00e1l\u00e6gt <a href=\"https:\/\/biblian.is\/1981\/esekiel-22-kafli\/\"> [&#8230;]<\/a><\/p>\n","protected":false},"author":1,"featured_media":0,"parent":0,"menu_order":0,"comment_status":"open","ping_status":"open","template":"bibliukaflar.php","meta":{"footnotes":""},"class_list":["post-2171","page","type-page","status-publish","hentry"],"_links":{"self":[{"href":"https:\/\/biblian.is\/1981\/wp-json\/wp\/v2\/pages\/2171","targetHints":{"allow":["GET"]}}],"collection":[{"href":"https:\/\/biblian.is\/1981\/wp-json\/wp\/v2\/pages"}],"about":[{"href":"https:\/\/biblian.is\/1981\/wp-json\/wp\/v2\/types\/page"}],"author":[{"embeddable":true,"href":"https:\/\/biblian.is\/1981\/wp-json\/wp\/v2\/users\/1"}],"replies":[{"embeddable":true,"href":"https:\/\/biblian.is\/1981\/wp-json\/wp\/v2\/comments?post=2171"}],"version-history":[{"count":0,"href":"https:\/\/biblian.is\/1981\/wp-json\/wp\/v2\/pages\/2171\/revisions"}],"wp:attachment":[{"href":"https:\/\/biblian.is\/1981\/wp-json\/wp\/v2\/media?parent=2171"}],"curies":[{"name":"wp","href":"https:\/\/api.w.org\/{rel}","templated":true}]}}