{"id":2170,"date":"2017-11-18T20:20:32","date_gmt":"2017-11-18T20:20:32","guid":{"rendered":"http:\/\/biblian.is\/1981\/esekiel-21-kafli\/"},"modified":"2021-06-06T10:50:48","modified_gmt":"2021-06-06T10:50:48","slug":"esekiel-21-kafli","status":"publish","type":"page","link":"https:\/\/biblian.is\/1981\/esekiel-21-kafli\/","title":{"rendered":"Esek\u00edel 21. kafli"},"content":{"rendered":"<p><a name=\"1\"><span class=\"versanumer\">1<\/span><\/a>\u00de\u00e1 kom or\u00f0 Drottins til m\u00edn, svohlj\u00f3\u00f0andi:<a name=\"2\"><span class=\"versanumer\">2<\/span><\/a>Mannsson, sn\u00fa \u00fe\u00e9r \u00ed m\u00f3ti Jer\u00fasalem og l\u00e1t or\u00f0 \u00fe\u00edn streyma m\u00f3t helgid\u00f3minum og sp\u00e1 gegn \u00cdsraelslandi<a name=\"3\"><span class=\"versanumer\">3<\/span><\/a>og seg vi\u00f0 \u00cdsraelsland: Svo segir Drottinn: Sj\u00e1, \u00e9g skal finna \u00feig og mun draga sver\u00f0 mitt \u00far sl\u00ed\u00f0rum og afm\u00e1 hj\u00e1 \u00fe\u00e9r r\u00e1\u00f0vanda og \u00f3gu\u00f0lega.<a name=\"4\"><span class=\"versanumer\">4<\/span><\/a>Af \u00fev\u00ed a\u00f0 \u00e9g \u00e6tla a\u00f0 afm\u00e1 hj\u00e1 \u00fe\u00e9r r\u00e1\u00f0vanda og \u00f3gu\u00f0lega, fyrir \u00fev\u00ed mun sver\u00f0 mitt hlaupa \u00far sl\u00ed\u00f0rum \u00e1 alla menn fr\u00e1 su\u00f0ri til nor\u00f0urs.<a name=\"5\"><span class=\"versanumer\">5<\/span><\/a>Og allir menn skulu vi\u00f0urkenna, a\u00f0 \u00e9g, Drottinn, hefi dregi\u00f0 sver\u00f0 mitt \u00far sl\u00ed\u00f0rum, \u00fea\u00f0 skal ekki framar \u00feanga\u00f0 aftur hverfa.<a name=\"6\"><span class=\"versanumer\">6<\/span><\/a>En \u00fe\u00fa, mannsson, styn \u00feungan. Mja\u00f0mir \u00fe\u00ednar engist saman, og styn af s\u00e1rri kv\u00f6l \u00ed augs\u00fdn \u00feeirra.<a name=\"7\"><span class=\"versanumer\">7<\/span><\/a>Og er \u00feeir \u00fe\u00e1 segja vi\u00f0 \u00feig: Af hverju stynur \u00fe\u00fa? \u00fe\u00e1 seg: Yfir fregn nokkurri, sem svo er, a\u00f0 \u00feegar h\u00fan kemur mun hvert hjarta br\u00e1\u00f0na, allar hendur ver\u00f0a l\u00e9magna, allur dugur dofna og \u00f6ll kn\u00e9 leysast sundur og ver\u00f0a a\u00f0 vatni. Sj\u00e1, h\u00fan kemur og h\u00fan reynist s\u00f6nn, segir Drottinn Gu\u00f0.<a name=\"8\"><span class=\"versanumer\">8<\/span><\/a>Og or\u00f0 Drottins kom til m\u00edn, svohlj\u00f3\u00f0andi:<a name=\"9\"><span class=\"versanumer\">9<\/span><\/a>Mannsson, sp\u00e1 \u00fe\u00fa og seg: Svo segir Drottinn: Seg \u00fe\u00fa: Sver\u00f0, sver\u00f0 er hvesst og f\u00e6gt.<a name=\"10\"><span class=\"versanumer\">10<\/span><\/a>\u00dea\u00f0 er hvesst til \u00feess a\u00f0 drepa menn unnv\u00f6rpum, \u00fea\u00f0 er f\u00e6gt, til \u00feess a\u00f0 \u00fea\u00f0 bliki sem elding . . .<a name=\"11\"><span class=\"versanumer\">11<\/span><\/a>Og \u00fea\u00f0 var l\u00e1ti\u00f0 burt til f\u00e6gingar, til \u00feess a\u00f0 \u00fea\u00f0 yr\u00f0i hnefa\u00f0. \u00dea\u00f0 var hvesst, sver\u00f0i\u00f0, og \u00fea\u00f0 var f\u00e6gt, til \u00feess a\u00f0 \u00fea\u00f0 yr\u00f0i selt vegandanum \u00ed hendur.<a name=\"12\"><span class=\"versanumer\">12<\/span><\/a>Hlj\u00f3\u00f0a \u00fe\u00fa og \u00e6p, mannsson, \u00fev\u00ed a\u00f0 \u00fea\u00f0 er \u00e6tla\u00f0 til h\u00f6fu\u00f0s \u00fej\u00f3\u00f0 minni, til h\u00f6fu\u00f0s \u00f6llum h\u00f6f\u00f0ingjum \u00cdsraels. Undir sver\u00f0i\u00f0 eru \u00feeir seldir, \u00e1samt \u00fej\u00f3\u00f0 minni, fyrir \u00fev\u00ed skalt \u00fe\u00fa sl\u00e1 \u00fe\u00e9r \u00e1 brj\u00f3st.<a name=\"13\"><span class=\"versanumer\">13<\/span><\/a>\u00dev\u00ed \u00fea\u00f0 er pr\u00f3fraun. Og hva\u00f0, ef jafnvel sprotinn, sem vir\u00f0ir vettugi, ver\u00f0ur eigi framar til? segir Drottinn Gu\u00f0.<a name=\"14\"><span class=\"versanumer\">14<\/span><\/a>En \u00fe\u00fa, mannsson, sp\u00e1 og klappa l\u00f3fum saman, tvisvar, j\u00e1 \u00ferisvar skal sver\u00f0i\u00f0 sveiflast. \u00dea\u00f0 er sver\u00f0 hinna vegnu, sver\u00f0 hins mikla manndr\u00e1ps, er sv\u00edfur \u00ed kringum \u00fe\u00e1.<a name=\"15\"><span class=\"versanumer\">15<\/span><\/a>Til \u00feess a\u00f0 hj\u00f6rtu skj\u00e1lfi og hinir f\u00f6llnu ver\u00f0i margir, hefi \u00e9g sett sver\u00f0 manndr\u00e1psins vi\u00f0 \u00f6ll hli\u00f0 \u00feeirra. Sver\u00f0i\u00f0 er gj\u00f6rt til \u00feess a\u00f0 leiftra, hvesst til \u00feess a\u00f0 brytja.<a name=\"16\"><span class=\"versanumer\">16<\/span><\/a>Sn\u00ed\u00f0 \u00fe\u00fa til h\u00e6gri, bein \u00fe\u00e9r til vinstri, hvert sem egg \u00feinni er sn\u00fai\u00f0.<a name=\"17\"><span class=\"versanumer\">17<\/span><\/a>\u00de\u00e1 skal \u00e9g og klappa l\u00f3fum saman og svala heift minni. \u00c9g, Drottinn, hefi tala\u00f0.<a name=\"18\"><span class=\"versanumer\">18<\/span><\/a>\u00de\u00e1 kom or\u00f0 Drottins til m\u00edn, svohlj\u00f3\u00f0andi:<a name=\"19\"><span class=\"versanumer\">19<\/span><\/a>En \u00fe\u00fa, mannsson, tak til tvo vegu, er sver\u00f0 Babelkonungs skal fara. \u00deeir skulu b\u00e1\u00f0ir liggja fr\u00e1 sama landi. Og set lei\u00f0arv\u00edsi \u00fear sem vegurinn hefst heim a\u00f0 hvorri borg,<a name=\"20\"><span class=\"versanumer\">20<\/span><\/a>til \u00feess a\u00f0 sver\u00f0i\u00f0 komi yfir Rabba, h\u00f6fu\u00f0borg Amm\u00f3n\u00edta, og yfir J\u00fadaland og Jer\u00fasalem \u00ed \u00fev\u00ed mi\u00f0ju.<a name=\"21\"><span class=\"versanumer\">21<\/span><\/a>\u00dev\u00ed a\u00f0 Babelkonungur stendur \u00e1 vegam\u00f3tum, \u00fear sem b\u00e1\u00f0ir vegirnir hefjast, til \u00feess a\u00f0 leita v\u00e9fr\u00e9ttar. Hann hristir \u00f6rvarnar, spyr h\u00fasgo\u00f0in, sko\u00f0ar lifrina.<a name=\"22\"><span class=\"versanumer\">22<\/span><\/a>\u00cd h\u00e6gri hendi hans er hlutur Jer\u00fasalem: Hann skal reisa v\u00edghr\u00fata, opna munninn me\u00f0 \u00f3pum, l\u00e1ta her\u00f3p gjalla, reisa v\u00edghr\u00fata gegn hli\u00f0unum, hleypa upp jar\u00f0hrygg, hla\u00f0a v\u00edggar\u00f0a.<a name=\"23\"><span class=\"versanumer\">23<\/span><\/a>&#8222;Og \u00feeim vir\u00f0ist \u00fea\u00f0 lygav\u00e9fr\u00e9tt; \u00feeir hafa unni\u00f0 hina helgustu ei\u00f0a, en hann minnir \u00e1 misgj\u00f6r\u00f0 \u00feeirra, til \u00feess a\u00f0 \u00feeir ver\u00f0i teknir h\u00f6ndum.&#8220;<a name=\"24\"><span class=\"versanumer\">24<\/span><\/a>Fyrir \u00fev\u00ed segir Drottinn Gu\u00f0 svo: Me\u00f0 \u00fev\u00ed a\u00f0 hann minnti \u00e1 misgj\u00f6r\u00f0 y\u00f0ar, er tr\u00farof y\u00f0ar var\u00f0 opinbert, svo a\u00f0 syndir y\u00f0ar ur\u00f0u berar \u00ed \u00f6llu ath\u00e6fi y\u00f0ar, me\u00f0 \u00fev\u00ed a\u00f0 hann minnti \u00e1 y\u00f0ur, skulu\u00f0 \u00fe\u00e9r ver\u00f0a teknir h\u00f6ndum \u00feeirra vegna.<a name=\"25\"><span class=\"versanumer\">25<\/span><\/a>En \u00fe\u00fa, dau\u00f0ad\u00e6mdi gu\u00f0leysingi, h\u00f6f\u00f0ingi \u00cdsraels, hvers dagur er kominn, \u00fe\u00e1 er t\u00edmi endasektarinnar rennur upp,<a name=\"26\"><span class=\"versanumer\">26<\/span><\/a>svo segir Drottinn Gu\u00f0: Burt me\u00f0 h\u00f6fu\u00f0dj\u00e1sni\u00f0, ni\u00f0ur me\u00f0 k\u00f3r\u00f3nuna! \u00deetta skal ekki lengur vera svo. Upp me\u00f0 hi\u00f0 l\u00e1ga, ni\u00f0ur me\u00f0 hi\u00f0 h\u00e1a!<a name=\"27\"><span class=\"versanumer\">27<\/span><\/a>A\u00f0 r\u00fastum, r\u00fastum, r\u00fastum vil \u00e9g gj\u00f6ra allt. \u00deetta r\u00edki skal ekki heldur vera til, uns s\u00e1 kemur, sem hefir r\u00e9ttinn, er \u00e9g hefi gefi\u00f0 honum.<a name=\"28\"><span class=\"versanumer\">28<\/span><\/a>En \u00fe\u00fa, mannsson, sp\u00e1 \u00fe\u00fa og seg: Svo segir Drottinn Gu\u00f0 um Amm\u00f3n\u00edta og sm\u00e1nan \u00feeirra: Sver\u00f0, sver\u00f0 er dregi\u00f0 \u00far sl\u00ed\u00f0rum, f\u00e6gt til a\u00f0 brytja ni\u00f0ur, til \u00feess a\u00f0 l\u00e1ta eldingar leiftra,<a name=\"29\"><span class=\"versanumer\">29<\/span><\/a>en \u00fe\u00e9r bo\u00f0u\u00f0u menn h\u00e9g\u00f3mas\u00fdnir og fluttu \u00fe\u00e9r lygisp\u00e1d\u00f3ma, til \u00feess a\u00f0 setja \u00fea\u00f0 \u00e1 h\u00e1ls hinna dau\u00f0ad\u00e6mdu gu\u00f0leysingja, hverra dagur er kominn, \u00fe\u00e1 er t\u00edmi endasektarinnar rennur upp.<a name=\"30\"><span class=\"versanumer\">30<\/span><\/a>Sl\u00ed\u00f0ra \u00fea\u00f0 aftur. \u00c9g skal d\u00e6ma \u00feig \u00e1 \u00feeim sta\u00f0, \u00fear sem \u00fe\u00fa varst skapa\u00f0ur, \u00ed \u00fev\u00ed landi, \u00fear sem \u00fe\u00fa ert upp runninn,<a name=\"31\"><span class=\"versanumer\">31<\/span><\/a>og \u00e9g skal \u00fathella yfir \u00feig rei\u00f0i minni og bl\u00e1sa \u00e1 \u00feig m\u00ednum heiftarloga og selja \u00feig \u00ed hendur d\u00fdrslegra manna, gl\u00f6tunarsmi\u00f0a.<a name=\"32\"><span class=\"versanumer\">32<\/span><\/a>Eldsmatur skalt \u00fe\u00fa ver\u00f0a, bl\u00f3\u00f0i \u00fe\u00ednu skal \u00fathellt inni \u00ed landinu. \u00de\u00edn skal eigi framar minnst ver\u00f0a. \u00c9g, Drottinn, hefi tala\u00f0 \u00feetta.<\/p>\n<div class=\"footnote1981\"><b>21.3<\/b> Eldur 1M\u00f3s 19.24; Jes 9.18; 10.16-17; Jer 21.12,14; Am 1.4,7,10,12,14; 2.2,5; 7.4<br \/>\n<b>21.8<\/b> Sver\u00f0 Esk 11.8; 14.17; 21.24,33; 29.8; 38.21; Jer 12.12; 47.6; sbr Esk 5.12+<br \/>\n<b>21.27<\/b> \u00c1r\u00e1s \u00e1 borgina Esk 4.2-3; 26.8-9; 2Sam 20.15-16; Jer 32.24; 1Makk 6.20,51<br \/>\n<b>21.31<\/b> Upp &#8230; ni\u00f0ur Esk 17.24+<br \/>\n<b>21.32<\/b> R\u00e9ttur til r\u00edkis 1M\u00f3s 49.10<br \/>\n<b>21.33<\/b> Gegn Ammon\u00edtum Esk 25.1-7; Jer 49.1-6; Am 1.13-15; Sef 2.8-11<\/div>\n","protected":false},"excerpt":{"rendered":"<p>1\u00de\u00e1 kom or\u00f0 Drottins til m\u00edn, svohlj\u00f3\u00f0andi:2Mannsson, sn\u00fa \u00fe\u00e9r \u00ed m\u00f3ti Jer\u00fasalem og l\u00e1t or\u00f0 \u00fe\u00edn streyma m\u00f3t helgid\u00f3minum og sp\u00e1 gegn \u00cdsraelslandi3og seg vi\u00f0 \u00cdsraelsland: Svo segir Drottinn: Sj\u00e1, \u00e9g skal finna \u00feig og mun draga sver\u00f0 mitt \u00far sl\u00ed\u00f0rum og afm\u00e1 hj\u00e1 \u00fe\u00e9r r\u00e1\u00f0vanda og \u00f3gu\u00f0lega.4Af \u00fev\u00ed a\u00f0 \u00e9g \u00e6tla a\u00f0 afm\u00e1 hj\u00e1 \u00fe\u00e9r r\u00e1\u00f0vanda og \u00f3gu\u00f0lega, fyrir \u00fev\u00ed mun sver\u00f0 mitt hlaupa \u00far sl\u00ed\u00f0rum \u00e1 alla menn fr\u00e1 su\u00f0ri til nor\u00f0urs.5Og allir menn skulu vi\u00f0urkenna, a\u00f0 \u00e9g, Drottinn, hefi dregi\u00f0 sver\u00f0 mitt \u00far sl\u00ed\u00f0rum, \u00fea\u00f0 skal ekki framar \u00feanga\u00f0 aftur hverfa.6En \u00fe\u00fa, mannsson, styn \u00feungan. Mja\u00f0mir \u00fe\u00ednar <a href=\"https:\/\/biblian.is\/1981\/esekiel-21-kafli\/\"> [&#8230;]<\/a><\/p>\n","protected":false},"author":1,"featured_media":0,"parent":0,"menu_order":0,"comment_status":"open","ping_status":"open","template":"bibliukaflar.php","meta":{"footnotes":""},"class_list":["post-2170","page","type-page","status-publish","hentry"],"_links":{"self":[{"href":"https:\/\/biblian.is\/1981\/wp-json\/wp\/v2\/pages\/2170","targetHints":{"allow":["GET"]}}],"collection":[{"href":"https:\/\/biblian.is\/1981\/wp-json\/wp\/v2\/pages"}],"about":[{"href":"https:\/\/biblian.is\/1981\/wp-json\/wp\/v2\/types\/page"}],"author":[{"embeddable":true,"href":"https:\/\/biblian.is\/1981\/wp-json\/wp\/v2\/users\/1"}],"replies":[{"embeddable":true,"href":"https:\/\/biblian.is\/1981\/wp-json\/wp\/v2\/comments?post=2170"}],"version-history":[{"count":0,"href":"https:\/\/biblian.is\/1981\/wp-json\/wp\/v2\/pages\/2170\/revisions"}],"wp:attachment":[{"href":"https:\/\/biblian.is\/1981\/wp-json\/wp\/v2\/media?parent=2170"}],"curies":[{"name":"wp","href":"https:\/\/api.w.org\/{rel}","templated":true}]}}