{"id":2166,"date":"2017-11-18T20:20:27","date_gmt":"2017-11-18T20:20:27","guid":{"rendered":"http:\/\/biblian.is\/1981\/esekiel-17-kafli\/"},"modified":"2021-06-06T10:50:47","modified_gmt":"2021-06-06T10:50:47","slug":"esekiel-17-kafli","status":"publish","type":"page","link":"https:\/\/biblian.is\/1981\/esekiel-17-kafli\/","title":{"rendered":"Esek\u00edel 17. kafli"},"content":{"rendered":"<p><a name=\"1\"><span class=\"versanumer\">1<\/span><\/a>Og or\u00f0 Drottins kom til m\u00edn, svohlj\u00f3\u00f0andi:<a name=\"2\"><span class=\"versanumer\">2<\/span><\/a>Mannsson, ber upp g\u00e1tu og seg \u00cdsraelsm\u00f6nnum l\u00edking<a name=\"3\"><span class=\"versanumer\">3<\/span><\/a>og m\u00e6l: Svo segir Drottinn Gu\u00f0: \u00d6rninn s\u00e1 hinn mikli me\u00f0 st\u00f3ru v\u00e6ngina og l\u00f6ngu flugfja\u00f0rirnar, me\u00f0 \u00feykka og marglita fja\u00f0urhaminn, f\u00f3r upp \u00e1 L\u00edbanon og t\u00f3k toppinn af sedrustr\u00e9nu.<a name=\"4\"><span class=\"versanumer\">4<\/span><\/a>Hann braut af efstu brumkvistina og flutti \u00fe\u00e1 til verslunarlandsins. \u00cd kaupmanna borg setti hann \u00fe\u00e1.<a name=\"5\"><span class=\"versanumer\">5<\/span><\/a>S\u00ed\u00f0an t\u00f3k hann af gr\u00f3\u00f0ri landsins og setti \u00fea\u00f0 \u00ed s\u00e1\u00f0land, hann setti \u00fea\u00f0 \u00fear sem n\u00f3g vatn var, eins og p\u00edlvi\u00f0.<a name=\"6\"><span class=\"versanumer\">6<\/span><\/a>Og \u00fea\u00f0 \u00f3x og var\u00f0 a\u00f0 v\u00ednvi\u00f0, sem breiddist \u00fat l\u00e1gvaxinn, svo a\u00f0 greinar hans sveig\u00f0ust aftur a\u00f0 honum og r\u00e6tur hans h\u00e9ldust undir honum. Og er \u00fea\u00f0 var or\u00f0i\u00f0 a\u00f0 v\u00ednvi\u00f0i, f\u00e9kk \u00fea\u00f0 kvisti og skaut greinum.<a name=\"7\"><span class=\"versanumer\">7<\/span><\/a>En \u00fea\u00f0 var annar mikill \u00f6rn me\u00f0 st\u00f3ra v\u00e6ngi og mikinn fja\u00f0urham, og sj\u00e1, v\u00ednvi\u00f0ur \u00feessi teyg\u00f0i r\u00e6tur s\u00ednar a\u00f0 honum og r\u00e9tti greinar s\u00ednar \u00ed m\u00f3ti honum, til \u00feess a\u00f0 hann skyldi v\u00f6kva hann, en ekki reitinn, sem hann var gr\u00f3\u00f0ursettur \u00ed,<a name=\"8\"><span class=\"versanumer\">8<\/span><\/a>og \u00fe\u00f3 var hann gr\u00f3\u00f0ursettur \u00ed g\u00f3\u00f0ri j\u00f6r\u00f0, \u00fear sem n\u00f3g vatn var, til \u00feess a\u00f0 skj\u00f3ta greinum og bera \u00e1v\u00f6xtu og ver\u00f0a d\u00fdrlegur v\u00ednvi\u00f0ur.<a name=\"9\"><span class=\"versanumer\">9<\/span><\/a>Seg \u00fe\u00fa: Svo segir Drottinn Gu\u00f0: Mun \u00fea\u00f0 vel gefast? Mun hinn \u00f6rninn ekki sl\u00edta upp r\u00e6tur hans og afsn\u00ed\u00f0a \u00e1v\u00f6xtu hans, og \u00f6ll hans n\u00fdsprottnu bl\u00f6\u00f0 visna? Og eigi mun \u00feurfa mikilla krafta a\u00f0 neyta e\u00f0a mannafla vi\u00f0 a\u00f0 hafa til \u00feess a\u00f0 kippa honum upp me\u00f0 r\u00f3tum.<a name=\"10\"><span class=\"versanumer\">10<\/span><\/a>N\u00fa er hann gr\u00f3\u00f0ursettur, en mun \u00fea\u00f0 vel gefast? Mun hann ekki skr\u00e6lna, \u00feegar austanvindurinn fer a\u00f0 leika um hann, mun hann ekki skr\u00e6lna \u00ed reitnum, \u00fear sem hann \u00f3x?<a name=\"11\"><span class=\"versanumer\">11<\/span><\/a>Og or\u00f0 Drottins kom til m\u00edn, svohlj\u00f3\u00f0andi:<a name=\"12\"><span class=\"versanumer\">12<\/span><\/a>Seg vi\u00f0 hina \u00fever\u00fa\u00f0ugu kynsl\u00f3\u00f0: Skilji\u00f0 \u00fe\u00e9r eigi, hva\u00f0 \u00feetta \u00e1 a\u00f0 \u00fe\u00fd\u00f0a? Seg \u00fe\u00fa: Sj\u00e1, konungurinn \u00ed Bab\u00fdlon kom til Jer\u00fasalem og t\u00f3k konung hennar og h\u00f6f\u00f0ingja og f\u00f3r me\u00f0 \u00fe\u00e1 heim til s\u00edn, til Bab\u00fdlon.<a name=\"13\"><span class=\"versanumer\">13<\/span><\/a>Og hann t\u00f3k einn af konungs\u00e6ttinni og gj\u00f6r\u00f0i s\u00e1ttm\u00e1la vi\u00f0 hann og t\u00f3k ei\u00f0 af honum, en lei\u00f0toga landsins haf\u00f0i hann flutt \u00e1 burt,<a name=\"14\"><span class=\"versanumer\">14<\/span><\/a>til \u00feess a\u00f0 konungsvaldi\u00f0 skyldi vera l\u00edti\u00f0 og eigi geta hafi\u00f0 sig aftur, til \u00feess a\u00f0 hann skyldi halda s\u00e1ttm\u00e1la \u00feann, er hann haf\u00f0i gengist undir, og s\u00e1ttm\u00e1linn standa.<a name=\"15\"><span class=\"versanumer\">15<\/span><\/a>En hann h\u00f3f uppreisn gegn honum og gj\u00f6r\u00f0i sendimenn til Egyptalands eftir hestum og miklu li\u00f0i. Mun \u00fea\u00f0 vel gefast? Mun s\u00e1, er sl\u00edkt gj\u00f6rir, klakklaust af komast? Mun s\u00e1, er r\u00fdfur s\u00e1ttm\u00e1la, klakklaust af komast?<a name=\"16\"><span class=\"versanumer\">16<\/span><\/a>Svo sannarlega sem \u00e9g lifi, segir Drottinn Gu\u00f0, \u00ed a\u00f0setursta\u00f0 \u00feess konungs, er h\u00f3f hann til konungd\u00f3ms, hvers s\u00e1ttm\u00e1la hann hefir rofi\u00f0 og a\u00f0 engu haft \u00feann ei\u00f0, er hann vann honum, hj\u00e1 honum skal hann deyja \u00ed Bab\u00fdlon.<a name=\"17\"><span class=\"versanumer\">17<\/span><\/a>En Fara\u00f3 mun ekki hj\u00e1lpa honum \u00ed str\u00ed\u00f0inu me\u00f0 miklum herafla og fj\u00f6lmennu li\u00f0i, \u00fe\u00e1 er jar\u00f0hryggjum ver\u00f0ur hleypt upp og v\u00edggar\u00f0ar hla\u00f0nir, til \u00feess a\u00f0 bana m\u00f6rgum m\u00f6nnum.<a name=\"18\"><span class=\"versanumer\">18<\/span><\/a>\u00dev\u00ed a\u00f0 hann hefir ei\u00f0inn a\u00f0 engu haft me\u00f0 \u00fev\u00ed a\u00f0 rj\u00fafa s\u00e1ttm\u00e1lann. J\u00e1, hann seldi til \u00feess h\u00f6nd s\u00edna og gj\u00f6r\u00f0i \u00fe\u00f3 allt \u00feetta. Hann skal ekki klakklaust af komast.<a name=\"19\"><span class=\"versanumer\">19<\/span><\/a>Fyrir \u00fev\u00ed segir Drottinn Gu\u00f0 svo: Svo sannarlega sem \u00e9g lifi, ei\u00f0inn, sem hann hefir unni\u00f0 m\u00e9r, en \u00fe\u00f3 a\u00f0 engu haft, og s\u00e1ttm\u00e1lann, sem hann hefir gj\u00f6rt vi\u00f0 mig, en \u00fe\u00f3 rofi\u00f0, mun \u00e9g l\u00e1ta honum \u00ed koll koma.<a name=\"20\"><span class=\"versanumer\">20<\/span><\/a>Og \u00e9g mun kasta neti m\u00ednu yfir hann, og hann mun veiddur ver\u00f0a \u00ed vei\u00f0arf\u00e6ri m\u00edn, og \u00e9g mun flytja hann til Bab\u00fdlon og ganga \u00fear \u00ed d\u00f3m vi\u00f0 hann um trygg\u00f0rofin, er hann hefir \u00ed frammi vi\u00f0 mig haft.<a name=\"21\"><span class=\"versanumer\">21<\/span><\/a>Og allt \u00farvalali\u00f0 hans me\u00f0al allra herflokka hans mun fyrir sver\u00f0i falla, og \u00feeir, sem eftir ver\u00f0a, munu tv\u00edstrast \u00ed allar \u00e1ttir og \u00fe\u00e9r vi\u00f0urkenna, a\u00f0 \u00e9g, Drottinn, hefi tala\u00f0 \u00fea\u00f0.<a name=\"22\"><span class=\"versanumer\">22<\/span><\/a>Svo segir Drottinn Gu\u00f0: \u00c9g mun taka nokku\u00f0 af topplimi hins h\u00e1vaxna sedrustr\u00e9s og planta \u00fev\u00ed. Af efstu brumkvistum \u00feess mun \u00e9g brj\u00f3ta einn grannan og gr\u00f3\u00f0ursetja hann \u00e1 h\u00e1u og gn\u00e6fandi fjalli.<a name=\"23\"><span class=\"versanumer\">23<\/span><\/a>\u00c1 h\u00e6\u00f0arhnj\u00faki \u00cdsraels mun \u00e9g gr\u00f3\u00f0ursetja hann, og hann mun f\u00e1 greinar og bera \u00e1v\u00f6xtu og ver\u00f0a d\u00fdrlegur sedrusvi\u00f0ur, og alls konar v\u00e6ngja\u00f0ir fuglar munu undir honum b\u00faa, \u00ed fors\u00e6lunni af greinum hans munu \u00feeir b\u00faa.<a name=\"24\"><span class=\"versanumer\">24<\/span><\/a>Og \u00f6ll tr\u00e9 merkurinnar skulu sj\u00e1, a\u00f0 \u00e9g, Drottinn, ni\u00f0url\u00e6gi hi\u00f0 h\u00e1a tr\u00e9 og upphef hi\u00f0 l\u00e1ga, l\u00e6t hi\u00f0 gr\u00e6na tr\u00e9 \u00feorna og hi\u00f0 \u00feurra bl\u00f3mgast. \u00c9g, Drottinn, hefi sagt \u00fea\u00f0 og gj\u00f6rt \u00fea\u00f0.<\/p>\n<div class=\"footnote1981\"><b>17.24<\/b> Gu\u00f0 l\u00e6kkar og h\u00e6kkar Esk 21.31; Slm 75.8; 113.7-9; L\u00fak 1.51-53<\/div>\n","protected":false},"excerpt":{"rendered":"<p>1Og or\u00f0 Drottins kom til m\u00edn, svohlj\u00f3\u00f0andi:2Mannsson, ber upp g\u00e1tu og seg \u00cdsraelsm\u00f6nnum l\u00edking3og m\u00e6l: Svo segir Drottinn Gu\u00f0: \u00d6rninn s\u00e1 hinn mikli me\u00f0 st\u00f3ru v\u00e6ngina og l\u00f6ngu flugfja\u00f0rirnar, me\u00f0 \u00feykka og marglita fja\u00f0urhaminn, f\u00f3r upp \u00e1 L\u00edbanon og t\u00f3k toppinn af sedrustr\u00e9nu.4Hann braut af efstu brumkvistina og flutti \u00fe\u00e1 til verslunarlandsins. \u00cd kaupmanna borg setti hann \u00fe\u00e1.5S\u00ed\u00f0an t\u00f3k hann af gr\u00f3\u00f0ri landsins og setti \u00fea\u00f0 \u00ed s\u00e1\u00f0land, hann setti \u00fea\u00f0 \u00fear sem n\u00f3g vatn var, eins og p\u00edlvi\u00f0.6Og \u00fea\u00f0 \u00f3x og var\u00f0 a\u00f0 v\u00ednvi\u00f0, sem breiddist \u00fat l\u00e1gvaxinn, svo a\u00f0 greinar hans sveig\u00f0ust aftur a\u00f0 honum og r\u00e6tur hans <a href=\"https:\/\/biblian.is\/1981\/esekiel-17-kafli\/\"> [&#8230;]<\/a><\/p>\n","protected":false},"author":1,"featured_media":0,"parent":0,"menu_order":0,"comment_status":"open","ping_status":"open","template":"bibliukaflar.php","meta":{"footnotes":""},"class_list":["post-2166","page","type-page","status-publish","hentry"],"_links":{"self":[{"href":"https:\/\/biblian.is\/1981\/wp-json\/wp\/v2\/pages\/2166","targetHints":{"allow":["GET"]}}],"collection":[{"href":"https:\/\/biblian.is\/1981\/wp-json\/wp\/v2\/pages"}],"about":[{"href":"https:\/\/biblian.is\/1981\/wp-json\/wp\/v2\/types\/page"}],"author":[{"embeddable":true,"href":"https:\/\/biblian.is\/1981\/wp-json\/wp\/v2\/users\/1"}],"replies":[{"embeddable":true,"href":"https:\/\/biblian.is\/1981\/wp-json\/wp\/v2\/comments?post=2166"}],"version-history":[{"count":0,"href":"https:\/\/biblian.is\/1981\/wp-json\/wp\/v2\/pages\/2166\/revisions"}],"wp:attachment":[{"href":"https:\/\/biblian.is\/1981\/wp-json\/wp\/v2\/media?parent=2166"}],"curies":[{"name":"wp","href":"https:\/\/api.w.org\/{rel}","templated":true}]}}