{"id":2164,"date":"2017-11-18T20:20:27","date_gmt":"2017-11-18T20:20:27","guid":{"rendered":"http:\/\/biblian.is\/1981\/esekiel-15-kafli\/"},"modified":"2021-06-06T10:50:46","modified_gmt":"2021-06-06T10:50:46","slug":"esekiel-15-kafli","status":"publish","type":"page","link":"https:\/\/biblian.is\/1981\/esekiel-15-kafli\/","title":{"rendered":"Esek\u00edel 15. kafli"},"content":{"rendered":"<p><a name=\"1\"><span class=\"versanumer\">1<\/span><\/a>Og or\u00f0 Drottins kom til m\u00edn, svohlj\u00f3\u00f0andi:<a name=\"2\"><span class=\"versanumer\">2<\/span><\/a>Mannsson, hva\u00f0 hefir v\u00ednvi\u00f0urinn fram yfir allan annan vi\u00f0, teinungurinn, sem er \u00e1 me\u00f0al sk\u00f3gartrj\u00e1nna?<a name=\"3\"><span class=\"versanumer\">3<\/span><\/a>Ver\u00f0ur af honum tekinn efnivi\u00f0ur til sm\u00ed\u00f0a, e\u00f0a f\u00e6st \u00far honum snagi, til \u00feess a\u00f0 hengja \u00e1 alls konar verkf\u00e6ri?<a name=\"4\"><span class=\"versanumer\">4<\/span><\/a>Nei, hann er haf\u00f0ur til eldsneytis. \u00deegar eldurinn hefir brennt b\u00e1\u00f0a enda hans, og s\u00e9 mi\u00f0jan svi\u00f0nu\u00f0, hvert gagn er \u00fe\u00e1 a\u00f0 honum til efnivi\u00f0ar?<a name=\"5\"><span class=\"versanumer\">5<\/span><\/a>Me\u00f0an hann enn er heill, ver\u00f0ur ekkert \u00far honum sm\u00ed\u00f0a\u00f0, \u00fev\u00ed s\u00ed\u00f0ur a\u00f0 n\u00fa ver\u00f0i nokku\u00f0 \u00far honum gj\u00f6rt, \u00feegar eldurinn hefir brennt hann og hann er svi\u00f0na\u00f0ur.<a name=\"6\"><span class=\"versanumer\">6<\/span><\/a>Fyrir \u00fev\u00ed segir Drottinn Gu\u00f0 svo: Eins og v\u00ednvi\u00f0inn me\u00f0al sk\u00f3gartrj\u00e1nna, sem \u00e9g hefi \u00e6tla\u00f0 til eldsneytis, svo vil \u00e9g fara me\u00f0 Jer\u00fasalemb\u00faa.<a name=\"7\"><span class=\"versanumer\">7<\/span><\/a>\u00c9g skal sn\u00faa augliti m\u00ednu gegn \u00feeim: \u00deeir hafa komist \u00far eldinum, og eldurinn skal ey\u00f0a \u00feeim, og \u00fe\u00e9r skulu\u00f0 vi\u00f0urkenna, a\u00f0 \u00e9g er Drottinn, \u00feegar \u00e9g sn\u00fd augliti m\u00ednu gegn \u00feeim.<a name=\"8\"><span class=\"versanumer\">8<\/span><\/a>Og \u00e9g gj\u00f6ri landi\u00f0 a\u00f0 au\u00f0n, af \u00fev\u00ed a\u00f0 \u00feeir hafa brug\u00f0i\u00f0 tr\u00fana\u00f0i vi\u00f0 mig segir Drottinn Gu\u00f0.<\/p>\n<div class=\"footnote1981\"><b>15.2<\/b> \u00cdsrael, v\u00ednvi\u00f0ur Gu\u00f0s Esk 17.6-8; 19.10,14; Jes 5.7; H\u00f3s 9.10; 10.1; Slm 80.9,15; Mrk 12.1-11; sbr J\u00f3h 15.1-6 \u2013 \u00f3frj\u00f3samur v\u00ednvi\u00f0ur Jes 5.4; Jer 2.21<\/div>\n","protected":false},"excerpt":{"rendered":"<p>1Og or\u00f0 Drottins kom til m\u00edn, svohlj\u00f3\u00f0andi:2Mannsson, hva\u00f0 hefir v\u00ednvi\u00f0urinn fram yfir allan annan vi\u00f0, teinungurinn, sem er \u00e1 me\u00f0al sk\u00f3gartrj\u00e1nna?3Ver\u00f0ur af honum tekinn efnivi\u00f0ur til sm\u00ed\u00f0a, e\u00f0a f\u00e6st \u00far honum snagi, til \u00feess a\u00f0 hengja \u00e1 alls konar verkf\u00e6ri?4Nei, hann er haf\u00f0ur til eldsneytis. \u00deegar eldurinn hefir brennt b\u00e1\u00f0a enda hans, og s\u00e9 mi\u00f0jan svi\u00f0nu\u00f0, hvert gagn er \u00fe\u00e1 a\u00f0 honum til efnivi\u00f0ar?5Me\u00f0an hann enn er heill, ver\u00f0ur ekkert \u00far honum sm\u00ed\u00f0a\u00f0, \u00fev\u00ed s\u00ed\u00f0ur a\u00f0 n\u00fa ver\u00f0i nokku\u00f0 \u00far honum gj\u00f6rt, \u00feegar eldurinn hefir brennt hann og hann er svi\u00f0na\u00f0ur.6Fyrir \u00fev\u00ed segir Drottinn Gu\u00f0 svo: Eins og v\u00ednvi\u00f0inn me\u00f0al <a href=\"https:\/\/biblian.is\/1981\/esekiel-15-kafli\/\"> [&#8230;]<\/a><\/p>\n","protected":false},"author":1,"featured_media":0,"parent":0,"menu_order":0,"comment_status":"open","ping_status":"open","template":"bibliukaflar.php","meta":{"footnotes":""},"class_list":["post-2164","page","type-page","status-publish","hentry"],"_links":{"self":[{"href":"https:\/\/biblian.is\/1981\/wp-json\/wp\/v2\/pages\/2164","targetHints":{"allow":["GET"]}}],"collection":[{"href":"https:\/\/biblian.is\/1981\/wp-json\/wp\/v2\/pages"}],"about":[{"href":"https:\/\/biblian.is\/1981\/wp-json\/wp\/v2\/types\/page"}],"author":[{"embeddable":true,"href":"https:\/\/biblian.is\/1981\/wp-json\/wp\/v2\/users\/1"}],"replies":[{"embeddable":true,"href":"https:\/\/biblian.is\/1981\/wp-json\/wp\/v2\/comments?post=2164"}],"version-history":[{"count":0,"href":"https:\/\/biblian.is\/1981\/wp-json\/wp\/v2\/pages\/2164\/revisions"}],"wp:attachment":[{"href":"https:\/\/biblian.is\/1981\/wp-json\/wp\/v2\/media?parent=2164"}],"curies":[{"name":"wp","href":"https:\/\/api.w.org\/{rel}","templated":true}]}}