{"id":2163,"date":"2017-11-18T20:20:27","date_gmt":"2017-11-18T20:20:27","guid":{"rendered":"http:\/\/biblian.is\/1981\/esekiel-14-kafli\/"},"modified":"2021-06-06T10:50:46","modified_gmt":"2021-06-06T10:50:46","slug":"esekiel-14-kafli","status":"publish","type":"page","link":"https:\/\/biblian.is\/1981\/esekiel-14-kafli\/","title":{"rendered":"Esek\u00edel 14. kafli"},"content":{"rendered":"<p><a name=\"1\"><span class=\"versanumer\">1<\/span><\/a>En til m\u00edn komu nokkrir af \u00f6ldungum \u00cdsraels og settust ni\u00f0ur frammi fyrir m\u00e9r.<a name=\"2\"><span class=\"versanumer\">2<\/span><\/a>\u00de\u00e1 kom or\u00f0 Drottins til m\u00edn, svohlj\u00f3\u00f0andi:<a name=\"3\"><span class=\"versanumer\">3<\/span><\/a>Mannsson, \u00feessir menn hafa skipa\u00f0 skur\u00f0go\u00f0um s\u00ednum til h\u00e1s\u00e6tis \u00ed hjarta s\u00ednu og sett \u00e1steytingarstein misgj\u00f6r\u00f0ar sinnar upp fyrir framan sig. \u00c6tti \u00e9g \u00fe\u00e1 a\u00f0 l\u00e1ta \u00fe\u00e1 ganga til fr\u00e9tta vi\u00f0 mig?<a name=\"4\"><span class=\"versanumer\">4<\/span><\/a>Fyrir \u00fev\u00ed tala \u00fe\u00fa til \u00feeirra og seg vi\u00f0 \u00fe\u00e1: Svo segir Drottinn Gu\u00f0: Hver s\u00e1 af \u00cdsraelsm\u00f6nnum, sem skipar skur\u00f0go\u00f0um s\u00ednum til h\u00e1s\u00e6tis \u00ed hjarta s\u00ednu og setur \u00e1steytingarstein misgj\u00f6r\u00f0ar sinnar upp fyrir framan sig og fer \u00fe\u00f3 til sp\u00e1manns, honum skal \u00e9g, Drottinn, sj\u00e1lfur sv\u00f6r gefa, \u00fer\u00e1tt fyrir hans m\u00f6rgu skur\u00f0go\u00f0,<a name=\"5\"><span class=\"versanumer\">5<\/span><\/a>til \u00feess a\u00f0 taka um hjarta\u00f0 \u00ed \u00cdsraelsm\u00f6nnum, er gj\u00f6rst hafa m\u00e9r \u00f3kunnugir fyrir \u00f6ll skur\u00f0go\u00f0 s\u00edn.<a name=\"6\"><span class=\"versanumer\">6<\/span><\/a>Seg \u00fev\u00ed vi\u00f0 \u00cdsraelsmenn: Svo segir Drottinn Gu\u00f0: Sn\u00fai\u00f0 vi\u00f0 og sn\u00fai\u00f0 y\u00f0ur fr\u00e1 skur\u00f0go\u00f0um y\u00f0ar og sn\u00fai\u00f0 augliti y\u00f0ar burt fr\u00e1 \u00f6llum sv\u00edvir\u00f0ingum y\u00f0ar.<a name=\"7\"><span class=\"versanumer\">7<\/span><\/a>\u00dev\u00ed a\u00f0 s\u00e9rhver s\u00e1 af \u00cdsraelsm\u00f6nnum og af \u00fatlendingum \u00feeim, er dveljast me\u00f0al \u00cdsraelsmanna, er gj\u00f6rist m\u00e9r fr\u00e1hverfur og skipar skur\u00f0go\u00f0um s\u00ednum til h\u00e1s\u00e6tis \u00ed hjarta s\u00ednu og setur \u00e1steytingarstein misgj\u00f6r\u00f0ar sinnar upp fyrir framan sig og fer \u00fe\u00f3 til sp\u00e1manns til \u00feess a\u00f0 l\u00e1ta hann spyrja mig fyrir sig, honum skal \u00e9g, Drottinn, sj\u00e1lfur sv\u00f6r gefa.<a name=\"8\"><span class=\"versanumer\">8<\/span><\/a>\u00c9g vil sn\u00faa augliti m\u00ednu gegn sl\u00edkum manni og gj\u00f6ra hann a\u00f0 t\u00e1kni og or\u00f0taki og uppr\u00e6ta hann \u00far \u00fej\u00f3\u00f0 minni, til \u00feess a\u00f0 \u00fe\u00e9r vi\u00f0urkenni\u00f0, a\u00f0 \u00e9g er Drottinn.<a name=\"9\"><span class=\"versanumer\">9<\/span><\/a>En l\u00e1ti sp\u00e1ma\u00f0urinn t\u00e6la sig og flytji hann sp\u00e1m\u00e6li, \u00fe\u00e1 hefi \u00e9g, Drottinn, t\u00e6lt \u00feann sp\u00e1mann, og \u00e9g mun r\u00e9tta \u00fat h\u00f6nd m\u00edna m\u00f3ti honum og afm\u00e1 hann \u00far \u00fej\u00f3\u00f0 minni \u00cdsrael.<a name=\"10\"><span class=\"versanumer\">10<\/span><\/a>Og \u00feeir skulu b\u00e1\u00f0ir bera sekt s\u00edna: \u00deeir skulu vera jafnsekir hvor um sig, s\u00e1 er til fr\u00e9tta gengur og sp\u00e1ma\u00f0urinn,<a name=\"11\"><span class=\"versanumer\">11<\/span><\/a>til \u00feess a\u00f0 \u00cdsraelsmenn villist ekki framar fr\u00e1 m\u00e9r og saurgi sig ekki framar \u00e1 alls konar gl\u00e6pum, heldur skulu \u00feeir vera m\u00edn \u00fej\u00f3\u00f0, og \u00e9g skal vera \u00feeirra Gu\u00f0 segir Drottinn Gu\u00f0.<a name=\"12\"><span class=\"versanumer\">12<\/span><\/a>Og or\u00f0 Drottins kom til m\u00edn, svohlj\u00f3\u00f0andi:<a name=\"13\"><span class=\"versanumer\">13<\/span><\/a>Mannsson, ef land syndgar m\u00f3ti m\u00e9r, me\u00f0 \u00fev\u00ed a\u00f0 breg\u00f0a tr\u00fana\u00f0i, og \u00e9g r\u00e9tti \u00fat h\u00f6nd m\u00edna gegn \u00fev\u00ed og br\u00fdt sundur staf brau\u00f0sins fyrir \u00fev\u00ed og sendi hungur \u00ed \u00fea\u00f0 og ey\u00f0i \u00fear m\u00f6nnum og f\u00e9na\u00f0i,<a name=\"14\"><span class=\"versanumer\">14<\/span><\/a>og \u00fe\u00f3tt \u00ed \u00fev\u00ed v\u00e6ru \u00feessir \u00fer\u00edr menn: N\u00f3i, Dan\u00edel og Job, \u00fe\u00e1 mundu \u00feeir \u00fe\u00f3 a\u00f0eins f\u00e1 bjarga\u00f0 sj\u00e1lfum s\u00e9r fyrir r\u00e1\u00f0vendni s\u00edna segir Drottinn Gu\u00f0.<a name=\"15\"><span class=\"versanumer\">15<\/span><\/a>Ef \u00e9g l\u00e9ti \u00f3argad\u00fdr fara yfir landi\u00f0 og \u00feau eyddu \u00fea\u00f0 a\u00f0 m\u00f6nnum, svo a\u00f0 \u00fea\u00f0 yr\u00f0i au\u00f0n, sem enginn f\u00e6ri um vegna d\u00fdranna,<a name=\"16\"><span class=\"versanumer\">16<\/span><\/a>og \u00feessir \u00fer\u00edr menn v\u00e6ru \u00ed \u00fev\u00ed, svo sannarlega sem \u00e9g lifi, segir Drottinn Gu\u00f0, skyldu \u00feeir hvorki f\u00e1 bjarga\u00f0 sonum n\u00e9 d\u00e6trum. \u00deeir mundu a\u00f0eins f\u00e1 bjarga\u00f0 sj\u00e1lfum s\u00e9r, en landi\u00f0 skyldi ver\u00f0a au\u00f0n.<a name=\"17\"><span class=\"versanumer\">17<\/span><\/a>E\u00f0a ef \u00e9g l\u00e9ti sver\u00f0 geisa yfir \u00feetta land og seg\u00f0i: Sver\u00f0i\u00f0 skal fara yfir landi\u00f0! og eyddi \u00ed \u00fev\u00ed m\u00f6nnum og skepnum,<a name=\"18\"><span class=\"versanumer\">18<\/span><\/a>og \u00feessir \u00fer\u00edr menn v\u00e6ru \u00ed \u00fev\u00ed, svo sannarlega sem \u00e9g lifi, segir Drottinn Gu\u00f0, hvorki mundu \u00feeir f\u00e1 bjarga\u00f0 sonum n\u00e9 d\u00e6trum, heldur mundu \u00feeir a\u00f0eins f\u00e1 bjarga\u00f0 sj\u00e1lfum s\u00e9r.<a name=\"19\"><span class=\"versanumer\">19<\/span><\/a>E\u00f0a ef \u00e9g sendi dreps\u00f3tt inn \u00ed \u00feetta land og jysi yfir \u00fea\u00f0 bl\u00f3\u00f0ugri heift minni, til \u00feess a\u00f0 ey\u00f0a \u00ed \u00fev\u00ed m\u00f6nnum og skepnum,<a name=\"20\"><span class=\"versanumer\">20<\/span><\/a>og N\u00f3i, Dan\u00edel og Job v\u00e6ru \u00ed \u00fev\u00ed, svo sannarlega sem Drottinn Gu\u00f0 lifir, skyldu \u00feeir hvorki f\u00e1 bjarga\u00f0 syni n\u00e9 d\u00f3ttur. \u00deeir mundu a\u00f0eins f\u00e1 bjarga\u00f0 sj\u00e1lfum s\u00e9r fyrir r\u00e1\u00f0vendni s\u00edna.<a name=\"21\"><span class=\"versanumer\">21<\/span><\/a>\u00de\u00f3 segir Drottinn Gu\u00f0 svo: Jafnvel \u00fe\u00f3tt \u00e9g sendi fj\u00f3ra m\u00edna vondu refsid\u00f3ma, sver\u00f0, hungur, \u00f3argad\u00fdr og dreps\u00f3tt, yfir Jer\u00fasalem til \u00feess a\u00f0 ey\u00f0a \u00ed henni m\u00f6nnum og skepnum,<a name=\"22\"><span class=\"versanumer\">22<\/span><\/a>\u00fe\u00e1 skal \u00fe\u00f3 h\u00f3pur eftir ver\u00f0a, sem af kemst, \u00feeir er fara \u00fat me\u00f0 sonu og d\u00e6tur. \u00deeir munu koma \u00fat til y\u00f0ar, og \u00fe\u00e9r munu\u00f0 sj\u00e1 breytni \u00feeirra og gj\u00f6r\u00f0ir \u00feeirra og huggast yfir \u00f3g\u00e6fu \u00feeirri, er \u00e9g hefi l\u00e1ti\u00f0 koma yfir Jer\u00fasalem, yfir \u00f6llu \u00fev\u00ed, er \u00e9g hefi l\u00e1ti\u00f0 koma yfir hana.<a name=\"23\"><span class=\"versanumer\">23<\/span><\/a>Og \u00feeir munu hugga y\u00f0ur, er \u00fe\u00e9r sj\u00e1i\u00f0 breytni \u00feeirra og gj\u00f6r\u00f0ir \u00feeirra, og \u00fe\u00e9r munu\u00f0 sj\u00e1, a\u00f0 \u00e9g hefi ekkert gj\u00f6rt \u00e1n orsaka af \u00f6llu \u00fev\u00ed, er \u00e9g hefi \u00ed henni gj\u00f6rt segir Drottinn Gu\u00f0.<\/p>\n<div class=\"footnote1981\"><b>14.3<\/b> Skur\u00f0go\u00f0, \u00f3umskori\u00f0 hjarta Esk 44.7; 3M\u00f3s 26.41; Jer 9.25 \u2013 hart, \u00fever\u00fa\u00f0arfullt Esk 2.4; 3.7; Slm 95.8; Job 36.13 \u2013 steinhjarta Esk 11.19; 36.26 \u2013 ofmetna\u00f0ur, hroki Esk 31.10; Okv 16.5 \u2013 tv\u00edskiptur, l\u00e6v\u00edslegur Slm 12.3; Okv 11.20; 17.20; sbr Esk 11.19+<br \/>\n<b>14.7<\/b> R\u00e9ttur a\u00f0komumanns Esk 47.22; 3M\u00f3s 19.33+<br \/>\n<b>14.9<\/b> Sp\u00e1ma\u00f0ur Esk 13.7+<br \/>\n<b>14.13<\/b> Svipta birg\u00f0um brau\u00f0sins Esk 4.16<br \/>\n<b>14.14<\/b> \u00c1byrg\u00f0 einstaklingsins Esk 18.20+<\/div>\n","protected":false},"excerpt":{"rendered":"<p>1En til m\u00edn komu nokkrir af \u00f6ldungum \u00cdsraels og settust ni\u00f0ur frammi fyrir m\u00e9r.2\u00de\u00e1 kom or\u00f0 Drottins til m\u00edn, svohlj\u00f3\u00f0andi:3Mannsson, \u00feessir menn hafa skipa\u00f0 skur\u00f0go\u00f0um s\u00ednum til h\u00e1s\u00e6tis \u00ed hjarta s\u00ednu og sett \u00e1steytingarstein misgj\u00f6r\u00f0ar sinnar upp fyrir framan sig. \u00c6tti \u00e9g \u00fe\u00e1 a\u00f0 l\u00e1ta \u00fe\u00e1 ganga til fr\u00e9tta vi\u00f0 mig?4Fyrir \u00fev\u00ed tala \u00fe\u00fa til \u00feeirra og seg vi\u00f0 \u00fe\u00e1: Svo segir Drottinn Gu\u00f0: Hver s\u00e1 af \u00cdsraelsm\u00f6nnum, sem skipar skur\u00f0go\u00f0um s\u00ednum til h\u00e1s\u00e6tis \u00ed hjarta s\u00ednu og setur \u00e1steytingarstein misgj\u00f6r\u00f0ar sinnar upp fyrir framan sig og fer \u00fe\u00f3 til sp\u00e1manns, honum skal \u00e9g, Drottinn, sj\u00e1lfur sv\u00f6r gefa, \u00fer\u00e1tt fyrir <a href=\"https:\/\/biblian.is\/1981\/esekiel-14-kafli\/\"> [&#8230;]<\/a><\/p>\n","protected":false},"author":1,"featured_media":0,"parent":0,"menu_order":0,"comment_status":"open","ping_status":"open","template":"bibliukaflar.php","meta":{"footnotes":""},"class_list":["post-2163","page","type-page","status-publish","hentry"],"_links":{"self":[{"href":"https:\/\/biblian.is\/1981\/wp-json\/wp\/v2\/pages\/2163","targetHints":{"allow":["GET"]}}],"collection":[{"href":"https:\/\/biblian.is\/1981\/wp-json\/wp\/v2\/pages"}],"about":[{"href":"https:\/\/biblian.is\/1981\/wp-json\/wp\/v2\/types\/page"}],"author":[{"embeddable":true,"href":"https:\/\/biblian.is\/1981\/wp-json\/wp\/v2\/users\/1"}],"replies":[{"embeddable":true,"href":"https:\/\/biblian.is\/1981\/wp-json\/wp\/v2\/comments?post=2163"}],"version-history":[{"count":0,"href":"https:\/\/biblian.is\/1981\/wp-json\/wp\/v2\/pages\/2163\/revisions"}],"wp:attachment":[{"href":"https:\/\/biblian.is\/1981\/wp-json\/wp\/v2\/media?parent=2163"}],"curies":[{"name":"wp","href":"https:\/\/api.w.org\/{rel}","templated":true}]}}