{"id":2161,"date":"2017-11-18T20:20:27","date_gmt":"2017-11-18T20:20:27","guid":{"rendered":"http:\/\/biblian.is\/1981\/esekiel-12-kafli\/"},"modified":"2021-06-06T10:50:45","modified_gmt":"2021-06-06T10:50:45","slug":"esekiel-12-kafli","status":"publish","type":"page","link":"https:\/\/biblian.is\/1981\/esekiel-12-kafli\/","title":{"rendered":"Esek\u00edel 12. kafli"},"content":{"rendered":"<p><a name=\"1\"><span class=\"versanumer\">1<\/span><\/a>Og or\u00f0 Drottins kom til m\u00edn, svohlj\u00f3\u00f0andi:<a name=\"2\"><span class=\"versanumer\">2<\/span><\/a>Mannsson, \u00fe\u00fa b\u00fdr \u00e1 me\u00f0al \u00fever\u00fa\u00f0ugs l\u00fd\u00f0s, me\u00f0al manna, sem hafa augu til a\u00f0 sj\u00e1 me\u00f0, en sj\u00e1 \u00fe\u00f3 ekki, eyru til a\u00f0 heyra me\u00f0, en heyra \u00fe\u00f3 ekki, \u00fev\u00ed a\u00f0 \u00fever\u00fa\u00f0ugur l\u00fd\u00f0ur eru \u00feeir.<a name=\"3\"><span class=\"versanumer\">3<\/span><\/a>En \u00fe\u00fa, mannsson, haf til fer\u00f0at\u00e6ki \u00fe\u00edn og legg af sta\u00f0 um h\u00e1dag \u00ed augs\u00fdn \u00feeirra, og \u00fe\u00fa skalt fara burt \u00fea\u00f0an, sem \u00fe\u00fa n\u00fa b\u00fdr, \u00e1 annan sta\u00f0, a\u00f0 \u00feeim \u00e1sj\u00e1andi, ef vera m\u00e6tti a\u00f0 augu \u00feeirra lykjust upp, \u00fev\u00ed a\u00f0 \u00feeir eru \u00fever\u00fa\u00f0ugur l\u00fd\u00f0ur.<a name=\"4\"><span class=\"versanumer\">4<\/span><\/a>\u00de\u00fa skalt f\u00e6ra \u00fat f\u00f6ng \u00fe\u00edn svo sem \u00f6nnur fer\u00f0at\u00e6ki um h\u00e1dag \u00ed augs\u00fdn \u00feeirra, en sj\u00e1lfur skalt \u00fe\u00fa \u00fat fara a\u00f0 kveldi a\u00f0 \u00feeim \u00e1sj\u00e1andi, eins og \u00feegar \u00fatleg\u00f0armenn fara burt.<a name=\"5\"><span class=\"versanumer\">5<\/span><\/a>Brj\u00f3t \u00fe\u00fa gat \u00e1 vegginn \u00ed augs\u00fdn \u00feeirra og gakk \u00fear \u00fat um.<a name=\"6\"><span class=\"versanumer\">6<\/span><\/a>\u00de\u00fa skalt bera f\u00f6ng \u00fe\u00edn \u00e1 \u00f6xlinni \u00ed augs\u00fdn \u00feeirra, \u00fe\u00fa skalt fara \u00fat \u00ed myrkri og hylja \u00e1sj\u00f3nu \u00fe\u00edna og ekki sj\u00e1 landi\u00f0. \u00dev\u00ed a\u00f0 \u00e9g gj\u00f6ri \u00feig a\u00f0 t\u00e1kni fyrir \u00cdsraels l\u00fd\u00f0.<a name=\"7\"><span class=\"versanumer\">7<\/span><\/a>\u00c9g gj\u00f6r\u00f0i sem m\u00e9r var bo\u00f0i\u00f0: \u00c9g f\u00e6r\u00f0i f\u00f6ng m\u00edn \u00fat svo sem \u00f6nnur fer\u00f0at\u00e6ki um h\u00e1dag, og a\u00f0 kveldi braut \u00e9g me\u00f0 hendinni gat \u00e1 vegginn. \u00c9g f\u00f3r \u00fat \u00ed myrkri og bar \u00feau \u00e1 \u00f6xlinni \u00ed augs\u00fdn \u00feeirra.<a name=\"8\"><span class=\"versanumer\">8<\/span><\/a>En morguninn eftir kom or\u00f0 Drottins til m\u00edn, svohlj\u00f3\u00f0andi:<a name=\"9\"><span class=\"versanumer\">9<\/span><\/a>\u00de\u00fa mannsson, hafa \u00feeir ekki sagt vi\u00f0 \u00feig, \u00cdsraelsmenn, hinn \u00fever\u00fa\u00f0ugi l\u00fd\u00f0ur: Hva\u00f0 ertu a\u00f0 gj\u00f6ra?<a name=\"10\"><span class=\"versanumer\">10<\/span><\/a>Seg vi\u00f0 \u00fe\u00e1: Svo segir Drottinn Gu\u00f0: \u00deetta gu\u00f0m\u00e6li \u00e1 vi\u00f0 h\u00f6f\u00f0ingjann \u00ed Jer\u00fasalem og alla \u00cdsraelsmenn, \u00fe\u00e1 sem eru me\u00f0al y\u00f0ar.<a name=\"11\"><span class=\"versanumer\">11<\/span><\/a>Seg: \u00c9g er y\u00f0ur t\u00e1kn. Eins og \u00e9g hefi gj\u00f6rt, svo mun me\u00f0 \u00fe\u00e1 fari\u00f0 ver\u00f0a: \u00deeir munu fara \u00ed \u00fatleg\u00f0, herleiddir ver\u00f0a.<a name=\"12\"><span class=\"versanumer\">12<\/span><\/a>Og h\u00f6f\u00f0inginn, sem me\u00f0al \u00feeirra er, mun taka f\u00f6ng s\u00edn \u00e1 \u00f6xl s\u00e9r og fara \u00fat \u00ed myrkri. Hann mun brj\u00f3ta gat \u00e1 vegginn til \u00feess a\u00f0 fara \u00fear \u00fat um, hann mun hylja \u00e1sj\u00f3nu s\u00edna, til \u00feess a\u00f0 hann sj\u00e1i ekki landi\u00f0.<a name=\"13\"><span class=\"versanumer\">13<\/span><\/a>Og \u00e9g mun kasta yfir hann neti m\u00ednu, og hann mun veiddur ver\u00f0a \u00ed vei\u00f0arf\u00e6ri m\u00edn, og \u00e9g mun flytja hann til Bab\u00fdlon, til Kaldealands. \u00dea\u00f0 land skal hann ekki sj\u00e1, og \u00fe\u00f3 mun hann \u00fear deyja.<a name=\"14\"><span class=\"versanumer\">14<\/span><\/a>Og \u00f6llu \u00fev\u00ed, sem umhverfis hann er, fulltingjurum hans og gj\u00f6rv\u00f6llum herflokkum hans, mun \u00e9g tv\u00edstra \u00ed allar \u00e1ttir og vera \u00e1 h\u00e6lum \u00feeim me\u00f0 brug\u00f0i\u00f0 sver\u00f0.<a name=\"15\"><span class=\"versanumer\">15<\/span><\/a>Og \u00fe\u00e1 skulu \u00feeir kannast vi\u00f0, a\u00f0 \u00e9g er Drottinn, er \u00e9g dreifi \u00feeim me\u00f0al hei\u00f0nu \u00fej\u00f3\u00f0anna og tv\u00edstra \u00feeim \u00fat um l\u00f6ndin.<a name=\"16\"><span class=\"versanumer\">16<\/span><\/a>Og \u00e9g l\u00e6t a\u00f0eins f\u00e1eina menn af \u00feeim komast undan sver\u00f0inu, hungrinu og dreps\u00f3ttinni, til \u00feess a\u00f0 \u00feeir segi fr\u00e1 \u00f6llum sv\u00edvir\u00f0ingum s\u00ednum me\u00f0al \u00fej\u00f3\u00f0anna, sem \u00feeir koma til, og \u00feeir skulu kannast vi\u00f0, a\u00f0 \u00e9g er Drottinn.<a name=\"17\"><span class=\"versanumer\">17<\/span><\/a>Og or\u00f0 Drottins kom til m\u00edn, svohlj\u00f3\u00f0andi:<a name=\"18\"><span class=\"versanumer\">18<\/span><\/a>Mannsson, et brau\u00f0 \u00feitt me\u00f0 hr\u00e6\u00f0slu og drekk vatn \u00feitt me\u00f0 skj\u00e1lfta og angist<a name=\"19\"><span class=\"versanumer\">19<\/span><\/a>og seg vi\u00f0 landsl\u00fd\u00f0inn: Svo segir Drottinn Gu\u00f0 um \u00fe\u00e1, sem b\u00faa \u00ed Jer\u00fasalem \u00ed \u00cdsraelslandi! \u00deeir munu eta brau\u00f0 sitt me\u00f0 angist og drekka vatn sitt me\u00f0 skelfingu, til \u00feess a\u00f0 land hennar leggist \u00ed au\u00f0n og ver\u00f0i svipt g\u00e6\u00f0um s\u00ednum, sakir gl\u00e6ps \u00feess, er allir \u00edb\u00faar \u00feess \u00ed frammi hafa.<a name=\"20\"><span class=\"versanumer\">20<\/span><\/a>Bygg\u00f0ar borgir skulu \u00ed ey\u00f0i leggjast og landi\u00f0 ver\u00f0a a\u00f0 \u00f6r\u00e6fum, og \u00fe\u00e1 skulu\u00f0 \u00fe\u00e9r kannast vi\u00f0, a\u00f0 \u00e9g er Drottinn.<a name=\"21\"><span class=\"versanumer\">21<\/span><\/a>Og or\u00f0 Drottins kom til m\u00edn, svohlj\u00f3\u00f0andi:<a name=\"22\"><span class=\"versanumer\">22<\/span><\/a>Mannsson, hva\u00f0a or\u00f0tak er \u00feetta, sem \u00fe\u00e9r hafi\u00f0 \u00ed \u00cdsraelslandi, er \u00fe\u00e9r segi\u00f0: T\u00edminn dregst, og allar vitranir reynast marklausar?<a name=\"23\"><span class=\"versanumer\">23<\/span><\/a>Seg \u00fev\u00ed vi\u00f0 \u00fe\u00e1: Svo segir Drottinn Gu\u00f0: \u00c9g mun gj\u00f6ra enda \u00e1 \u00feessu or\u00f0taki, og menn munu eigi framar nota \u00fea\u00f0 \u00ed \u00cdsrael. Seg \u00feeim \u00fear \u00ed m\u00f3ti: T\u00edminn er n\u00e1l\u00e6gur og allar vitranir r\u00e6tast.<a name=\"24\"><span class=\"versanumer\">24<\/span><\/a>\u00dev\u00ed a\u00f0 h\u00e9r eftir skal engin h\u00e9g\u00f3mas\u00fdn e\u00f0a hr\u00e6snisp\u00e1d\u00f3mur sta\u00f0 hafa me\u00f0al \u00cdsraelsmanna,<a name=\"25\"><span class=\"versanumer\">25<\/span><\/a>\u00fev\u00ed a\u00f0 \u00e9g, Drottinn, mun tala \u00fea\u00f0 or\u00f0, er \u00e9g vil tala, og \u00fea\u00f0 mun koma fram. \u00dea\u00f0 mun ekki dragast lengur, \u00fev\u00ed a\u00f0 \u00e1 y\u00f0ar d\u00f6gum, \u00fever\u00fa\u00f0uga kynsl\u00f3\u00f0, mun \u00e9g tala or\u00f0 og framkv\u00e6ma \u00fea\u00f0 segir Drottinn Gu\u00f0.<a name=\"26\"><span class=\"versanumer\">26<\/span><\/a>Og or\u00f0 Drottins kom til m\u00edn, svohlj\u00f3\u00f0andi:<a name=\"27\"><span class=\"versanumer\">27<\/span><\/a>Mannsson, sj\u00e1, \u00cdsraelsmenn segja: S\u00fdnin, sem hann s\u00e9r, \u00e1 s\u00e9r langan aldur, og hann sp\u00e1ir langt fram \u00ed \u00f3komnar t\u00ed\u00f0ir.<a name=\"28\"><span class=\"versanumer\">28<\/span><\/a>Seg \u00fev\u00ed vi\u00f0 \u00fe\u00e1: Svo segir Drottinn Gu\u00f0: \u00c1 engu m\u00ednu or\u00f0i mun framar frestur ver\u00f0a. \u00dev\u00ed or\u00f0i, er \u00e9g tala, mun framgengt ver\u00f0a segir herrann Drottinn.<\/p>\n<div class=\"footnote1981\"><b>12.2<\/b> Augu til a\u00f0 sj\u00e1, eyra Jes 6.9; Jer 5.21; Matt 13.13-16<br \/>\n<b>12.6<\/b> T\u00e1kn Esk 12.11; 24.24,27; Jes 8.18; sbr Jer 16.1-8<br \/>\n<b>12.13<\/b> Net Jes 8.14; 24.17-18; H\u00f3s 5.1; Slm 91.3; 124.7<br \/>\n<b>12.15<\/b> \u00cdsraelsm\u00f6nnum dreift Esk 5.10+<br \/>\n<b>12.16<\/b> \u00d6rf\u00e1a Jes 4.3+<br \/>\n<b>12.18<\/b> Skj\u00e1lfandi Esk 4.16<br \/>\n<b>12.22<\/b> Or\u00f0tak Esk 18.2-3<\/div>\n","protected":false},"excerpt":{"rendered":"<p>1Og or\u00f0 Drottins kom til m\u00edn, svohlj\u00f3\u00f0andi:2Mannsson, \u00fe\u00fa b\u00fdr \u00e1 me\u00f0al \u00fever\u00fa\u00f0ugs l\u00fd\u00f0s, me\u00f0al manna, sem hafa augu til a\u00f0 sj\u00e1 me\u00f0, en sj\u00e1 \u00fe\u00f3 ekki, eyru til a\u00f0 heyra me\u00f0, en heyra \u00fe\u00f3 ekki, \u00fev\u00ed a\u00f0 \u00fever\u00fa\u00f0ugur l\u00fd\u00f0ur eru \u00feeir.3En \u00fe\u00fa, mannsson, haf til fer\u00f0at\u00e6ki \u00fe\u00edn og legg af sta\u00f0 um h\u00e1dag \u00ed augs\u00fdn \u00feeirra, og \u00fe\u00fa skalt fara burt \u00fea\u00f0an, sem \u00fe\u00fa n\u00fa b\u00fdr, \u00e1 annan sta\u00f0, a\u00f0 \u00feeim \u00e1sj\u00e1andi, ef vera m\u00e6tti a\u00f0 augu \u00feeirra lykjust upp, \u00fev\u00ed a\u00f0 \u00feeir eru \u00fever\u00fa\u00f0ugur l\u00fd\u00f0ur.4\u00de\u00fa skalt f\u00e6ra \u00fat f\u00f6ng \u00fe\u00edn svo sem \u00f6nnur fer\u00f0at\u00e6ki um h\u00e1dag \u00ed augs\u00fdn \u00feeirra, <a href=\"https:\/\/biblian.is\/1981\/esekiel-12-kafli\/\"> [&#8230;]<\/a><\/p>\n","protected":false},"author":1,"featured_media":0,"parent":0,"menu_order":0,"comment_status":"open","ping_status":"open","template":"bibliukaflar.php","meta":{"footnotes":""},"class_list":["post-2161","page","type-page","status-publish","hentry"],"_links":{"self":[{"href":"https:\/\/biblian.is\/1981\/wp-json\/wp\/v2\/pages\/2161","targetHints":{"allow":["GET"]}}],"collection":[{"href":"https:\/\/biblian.is\/1981\/wp-json\/wp\/v2\/pages"}],"about":[{"href":"https:\/\/biblian.is\/1981\/wp-json\/wp\/v2\/types\/page"}],"author":[{"embeddable":true,"href":"https:\/\/biblian.is\/1981\/wp-json\/wp\/v2\/users\/1"}],"replies":[{"embeddable":true,"href":"https:\/\/biblian.is\/1981\/wp-json\/wp\/v2\/comments?post=2161"}],"version-history":[{"count":0,"href":"https:\/\/biblian.is\/1981\/wp-json\/wp\/v2\/pages\/2161\/revisions"}],"wp:attachment":[{"href":"https:\/\/biblian.is\/1981\/wp-json\/wp\/v2\/media?parent=2161"}],"curies":[{"name":"wp","href":"https:\/\/api.w.org\/{rel}","templated":true}]}}