{"id":2160,"date":"2017-11-18T20:20:27","date_gmt":"2017-11-18T20:20:27","guid":{"rendered":"http:\/\/biblian.is\/1981\/esekiel-11-kafli\/"},"modified":"2021-06-06T10:50:45","modified_gmt":"2021-06-06T10:50:45","slug":"esekiel-11-kafli","status":"publish","type":"page","link":"https:\/\/biblian.is\/1981\/esekiel-11-kafli\/","title":{"rendered":"Esek\u00edel 11. kafli"},"content":{"rendered":"<p><a name=\"1\"><span class=\"versanumer\">1<\/span><\/a>Og andinn h\u00f3f mig upp og flutti mig a\u00f0 austurhli\u00f0i musteris Drottins, sem horfir m\u00f3t austri. \u00dear st\u00f3\u00f0u fyrir dyrum hli\u00f0sins tuttugu og fimm menn, og \u00e1 me\u00f0al \u00feeirra s\u00e1 \u00e9g Jaasanja Ass\u00farsson og Pelatja Benajason, foringja l\u00fd\u00f0sins.<a name=\"2\"><span class=\"versanumer\">2<\/span><\/a>\u00de\u00e1 sag\u00f0i hann vi\u00f0 mig: Mannsson, \u00fea\u00f0 eru \u00feessir menn, sem hafa illt \u00ed huga og r\u00e1\u00f0a m\u00f6nnum \u00f3heilt \u00ed \u00feessari borg.<a name=\"3\"><span class=\"versanumer\">3<\/span><\/a>\u00deeir segja: Hafa ekki h\u00fasin n\u00fdlega veri\u00f0 endurreist? Borgin er potturinn, en v\u00e9r erum kj\u00f6ti\u00f0.<a name=\"4\"><span class=\"versanumer\">4<\/span><\/a>Sp\u00e1 \u00fe\u00fa \u00feess vegna m\u00f3ti \u00feeim, sp\u00e1 \u00fe\u00fa, mannsson!<a name=\"5\"><span class=\"versanumer\">5<\/span><\/a>\u00de\u00e1 kom andi Drottins yfir mig og sag\u00f0i vi\u00f0 mig: Seg \u00fe\u00fa: Svo segir Drottinn: Svo segi\u00f0 \u00fe\u00e9r, \u00cdsraelsmenn, og \u00e9g \u00feekki hugrenningar y\u00f0ar.<a name=\"6\"><span class=\"versanumer\">6<\/span><\/a>Marga menn y\u00f0ar hafi\u00f0 \u00fe\u00e9r drepi\u00f0 \u00ed \u00feessari borg og \u00fe\u00e9r hafi\u00f0 fyllt str\u00e6ti hennar vegnum m\u00f6nnum.<a name=\"7\"><span class=\"versanumer\">7<\/span><\/a>Fyrir \u00fev\u00ed segir Drottinn Gu\u00f0 svo: \u00deeir menn, sem \u00fe\u00e9r hafi\u00f0 lagt a\u00f0 velli \u00ed borginni, \u00feeir eru kj\u00f6ti\u00f0 og borgin er potturinn. En \u00fe\u00e9r munu\u00f0 fluttir ver\u00f0a burt \u00far henni.<a name=\"8\"><span class=\"versanumer\">8<\/span><\/a>Vi\u00f0 sver\u00f0i\u00f0 eru\u00f0 \u00fe\u00e9r hr\u00e6ddir, og sver\u00f0i\u00f0 skal \u00e9g l\u00e1ta yfir y\u00f0ur koma, segir Drottinn Gu\u00f0.<a name=\"9\"><span class=\"versanumer\">9<\/span><\/a>Og \u00e9g skal f\u00e6ra y\u00f0ur burt \u00far borginni og selja y\u00f0ur \u00fatlendum m\u00f6nnum \u00ed hendur og framkv\u00e6ma d\u00f3ma me\u00f0al y\u00f0ar.<a name=\"10\"><span class=\"versanumer\">10<\/span><\/a>Fyrir sver\u00f0i skulu\u00f0 \u00fe\u00e9r falla, \u00ed \u00cdsraelslandi skal \u00e9g d\u00e6ma y\u00f0ur, og \u00fe\u00e9r skulu\u00f0 vi\u00f0urkenna, a\u00f0 \u00e9g er Drottinn.<a name=\"11\"><span class=\"versanumer\">11<\/span><\/a>Borgin skal ekki ver\u00f0a y\u00f0ur a\u00f0 potti og \u00fe\u00e9r skulu\u00f0 ekki ver\u00f0a kj\u00f6t \u00ed henni, \u00ed \u00cdsraelslandi skal \u00e9g d\u00e6ma y\u00f0ur.<a name=\"12\"><span class=\"versanumer\">12<\/span><\/a>\u00de\u00e1 skulu\u00f0 \u00fe\u00e9r vi\u00f0urkenna, a\u00f0 \u00e9g er Drottinn. En m\u00ednum bo\u00f0or\u00f0um hafi\u00f0 \u00fe\u00e9r ekki hl\u00fdtt og m\u00edna setninga hafi\u00f0 \u00fe\u00e9r ekki haldi\u00f0, heldur hafi\u00f0 \u00fe\u00e9r breytt eftir setningum hei\u00f0nu \u00fej\u00f3\u00f0anna, sem umhverfis y\u00f0ur eru.<a name=\"13\"><span class=\"versanumer\">13<\/span><\/a>Me\u00f0an \u00e9g sp\u00e1\u00f0i \u00feannig, f\u00e9ll Pelatja Benajason dau\u00f0ur ni\u00f0ur. \u00de\u00e1 f\u00e9ll \u00e9g fram \u00e1 \u00e1sj\u00f3nu m\u00edna, kalla\u00f0i upp h\u00e1rri r\u00f6ddu og sag\u00f0i: \u00c6, Drottinn Gu\u00f0, \u00e6tlar \u00fe\u00fa a\u00f0 gj\u00f6rey\u00f0a \u00f6llum eftirleifum \u00cdsraels?<a name=\"14\"><span class=\"versanumer\">14<\/span><\/a>Or\u00f0 Drottins kom til m\u00edn, svohlj\u00f3\u00f0andi:<a name=\"15\"><span class=\"versanumer\">15<\/span><\/a>Mannsson, um br\u00e6\u00f0ur \u00fe\u00edna, br\u00e6\u00f0ur \u00fe\u00edna, \u00fe\u00e1 menn, er me\u00f0 \u00fe\u00e9r voru herleiddir, og gj\u00f6rvallan \u00cdsraels l\u00fd\u00f0, segja Jer\u00fasalemb\u00faar: \u00deeir eru langt \u00ed burtu fr\u00e1 Drottni, oss er landi\u00f0 gefi\u00f0 til eignar!<a name=\"16\"><span class=\"versanumer\">16<\/span><\/a>Fyrir \u00fev\u00ed skalt \u00fe\u00fa segja: Svo segir Drottinn Gu\u00f0: J\u00e1, \u00e9g hefi reki\u00f0 \u00fe\u00e1 langt burt til hei\u00f0inna \u00fej\u00f3\u00f0a og dreift \u00feeim \u00fat um l\u00f6ndin, og \u00e9g var\u00f0 \u00feeim skamma hr\u00ed\u00f0 a\u00f0 helgid\u00f3mi \u00ed l\u00f6ndum \u00feeim, sem \u00feeir eru komnir til.<a name=\"17\"><span class=\"versanumer\">17<\/span><\/a>Fyrir \u00fev\u00ed skalt \u00fe\u00fa segja: Svo segir Drottinn Gu\u00f0: \u00c9g vil safna y\u00f0ur saman fr\u00e1 \u00fej\u00f3\u00f0unum og stefna y\u00f0ur saman fr\u00e1 l\u00f6ndunum, \u00feanga\u00f0 sem y\u00f0ur var dreift, og gefa y\u00f0ur \u00cdsraelsland.<a name=\"18\"><span class=\"versanumer\">18<\/span><\/a>\u00deanga\u00f0 munu \u00feeir komast og \u00fatr\u00fdma \u00fea\u00f0an \u00f6llum vi\u00f0urstygg\u00f0um \u00feess og \u00f6llum sv\u00edvir\u00f0ingum \u00feess.<a name=\"19\"><span class=\"versanumer\">19<\/span><\/a>Og \u00e9g mun gefa \u00feeim n\u00fdtt hjarta og leggja \u00feeim n\u00fdjan anda \u00ed brj\u00f3st. \u00c9g mun taka steinhjarta\u00f0 \u00far l\u00edkama \u00feeirra og gefa \u00feeim hjarta af holdi,<a name=\"20\"><span class=\"versanumer\">20<\/span><\/a>til \u00feess a\u00f0 \u00feeir hl\u00fd\u00f0i bo\u00f0or\u00f0um m\u00ednum og var\u00f0veiti setninga m\u00edna og breyti eftir \u00feeim. Og \u00fe\u00e1 skulu \u00feeir vera m\u00edn \u00fej\u00f3\u00f0 og \u00e9g skal vera \u00feeirra Gu\u00f0.<a name=\"21\"><span class=\"versanumer\">21<\/span><\/a>En \u00feessir hjarta \u00feeirra eltir vi\u00f0urstygg\u00f0ir \u00feeirra og andstygg\u00f0ir. \u00c9g skal l\u00e1ta ath\u00e6fi \u00feeirra koma \u00feeim \u00ed koll, segir Drottinn Gu\u00f0.<a name=\"22\"><span class=\"versanumer\">22<\/span><\/a>N\u00fa h\u00f3fu ker\u00fabarnir v\u00e6ngi s\u00edna og hj\u00f3lin f\u00e6r\u00f0ust til samt\u00edmis \u00feeim, en d\u00fdr\u00f0 \u00cdsraels Gu\u00f0s var uppi yfir \u00feeim.<a name=\"23\"><span class=\"versanumer\">23<\/span><\/a>Og d\u00fdr\u00f0 Drottins h\u00f3f sig upp fr\u00e1 borginni og sta\u00f0n\u00e6mdist \u00e1 fjallinu, sem er fyrir austan borgina.<a name=\"24\"><span class=\"versanumer\">24<\/span><\/a>Og andinn h\u00f3f mig upp og flutti mig \u00ed s\u00fdninni, fyrir Gu\u00f0s anda, til hinna herleiddu \u00ed Kaldealandi. Og s\u00fdnin, sem \u00e9g haf\u00f0i s\u00e9\u00f0, lei\u00f0 upp fr\u00e1 m\u00e9r.<a name=\"25\"><span class=\"versanumer\">25<\/span><\/a>\u00dev\u00ed n\u00e6st flutti \u00e9g hinum herleiddu \u00f6ll or\u00f0 Drottins, \u00feau er hann haf\u00f0i birt m\u00e9r.<\/p>\n<div class=\"footnote1981\"><b>11.1<\/b> Andinn Esk 3.14+<br \/>\n<b>11.6<\/b> Fylla g\u00f6turnar l\u00edkum sbr Esk 22.3-4,25-29<br \/>\n<b>11.8<\/b> Sver\u00f0 Esk 21.3+<br \/>\n<b>11.12<\/b> Skilja a\u00f0 \u00e9g er Drottin Esk 5.13+ &#8211; reglur \u00fej\u00f3\u00f0anna 3M\u00f3s 18.3; 5M\u00f3s 12.30<br \/>\n<b>11.13<\/b> Ey\u00f0a Esk 9.8,9<br \/>\n<b>11.15<\/b> Landi\u00f0 gefi\u00f0 Esk 33.24; 1M\u00f3s 15.18; 17.8; 2M\u00f3s 6.8; J\u00f3s 1.2-5<br \/>\n<b>11.19<\/b> Eitt hjarta, n\u00fdr andi Esk 18.31; Jer 32.39; Slm 11.7 \u2013 hjarta \u00far holdi Esk 36.26 \u2013 umskori\u00f0 5M\u00f3s 30.6; Jer 4.4 \u2013 hreint Slm 24.3-4; 51.12; Matt 5.8<br \/>\n<b>11.20<\/b> M\u00edn \u00fej\u00f3\u00f0 Esk 36.28+<br \/>\n<b>11.22<\/b> Ker\u00fabarnir Esk 1.5-14; 10.1-17 \u2013 d\u00fdr\u00f0 Esk 1.28+ ; 9.3<br \/>\n<b>11.24<\/b> Andinn &#8230; Esk 3.14+<\/div>\n","protected":false},"excerpt":{"rendered":"<p>1Og andinn h\u00f3f mig upp og flutti mig a\u00f0 austurhli\u00f0i musteris Drottins, sem horfir m\u00f3t austri. \u00dear st\u00f3\u00f0u fyrir dyrum hli\u00f0sins tuttugu og fimm menn, og \u00e1 me\u00f0al \u00feeirra s\u00e1 \u00e9g Jaasanja Ass\u00farsson og Pelatja Benajason, foringja l\u00fd\u00f0sins.2\u00de\u00e1 sag\u00f0i hann vi\u00f0 mig: Mannsson, \u00fea\u00f0 eru \u00feessir menn, sem hafa illt \u00ed huga og r\u00e1\u00f0a m\u00f6nnum \u00f3heilt \u00ed \u00feessari borg.3\u00deeir segja: Hafa ekki h\u00fasin n\u00fdlega veri\u00f0 endurreist? Borgin er potturinn, en v\u00e9r erum kj\u00f6ti\u00f0.4Sp\u00e1 \u00fe\u00fa \u00feess vegna m\u00f3ti \u00feeim, sp\u00e1 \u00fe\u00fa, mannsson!5\u00de\u00e1 kom andi Drottins yfir mig og sag\u00f0i vi\u00f0 mig: Seg \u00fe\u00fa: Svo segir Drottinn: Svo segi\u00f0 \u00fe\u00e9r, \u00cdsraelsmenn, og <a href=\"https:\/\/biblian.is\/1981\/esekiel-11-kafli\/\"> [&#8230;]<\/a><\/p>\n","protected":false},"author":1,"featured_media":0,"parent":0,"menu_order":0,"comment_status":"open","ping_status":"open","template":"bibliukaflar.php","meta":{"footnotes":""},"class_list":["post-2160","page","type-page","status-publish","hentry"],"_links":{"self":[{"href":"https:\/\/biblian.is\/1981\/wp-json\/wp\/v2\/pages\/2160","targetHints":{"allow":["GET"]}}],"collection":[{"href":"https:\/\/biblian.is\/1981\/wp-json\/wp\/v2\/pages"}],"about":[{"href":"https:\/\/biblian.is\/1981\/wp-json\/wp\/v2\/types\/page"}],"author":[{"embeddable":true,"href":"https:\/\/biblian.is\/1981\/wp-json\/wp\/v2\/users\/1"}],"replies":[{"embeddable":true,"href":"https:\/\/biblian.is\/1981\/wp-json\/wp\/v2\/comments?post=2160"}],"version-history":[{"count":0,"href":"https:\/\/biblian.is\/1981\/wp-json\/wp\/v2\/pages\/2160\/revisions"}],"wp:attachment":[{"href":"https:\/\/biblian.is\/1981\/wp-json\/wp\/v2\/media?parent=2160"}],"curies":[{"name":"wp","href":"https:\/\/api.w.org\/{rel}","templated":true}]}}