{"id":2159,"date":"2017-11-18T20:20:27","date_gmt":"2017-11-18T20:20:27","guid":{"rendered":"http:\/\/biblian.is\/1981\/esekiel-10-kafli\/"},"modified":"2021-06-06T10:50:44","modified_gmt":"2021-06-06T10:50:44","slug":"esekiel-10-kafli","status":"publish","type":"page","link":"https:\/\/biblian.is\/1981\/esekiel-10-kafli\/","title":{"rendered":"Esek\u00edel 10. kafli"},"content":{"rendered":"<p><a name=\"1\"><span class=\"versanumer\">1<\/span><\/a>\u00c9g s\u00e1, og sj\u00e1: \u00c1 festingunni, er var yfir h\u00f6f\u00f0i ker\u00fabanna, var \u00fev\u00ed l\u00edkast sem saf\u00edrsteinn v\u00e6ri. Eitthva\u00f0, sem tils\u00fdndar var sem h\u00e1s\u00e6ti \u00ed laginu, s\u00e1st uppi yfir \u00feeim.<a name=\"2\"><span class=\"versanumer\">2<\/span><\/a>\u00de\u00e1 sag\u00f0i hann vi\u00f0 l\u00ednkl\u00e6dda manninn: Gakk inn \u00e1 millum hj\u00f3lanna undir ker\u00fabunum, tak handfylli \u00fe\u00edna af gl\u00f3\u00f0um milli ker\u00fabanna og dreif \u00feeim \u00fat yfir borgina. Og hann gekk \u00fear inn a\u00f0 m\u00e9r \u00e1sj\u00e1andi.<a name=\"3\"><span class=\"versanumer\">3<\/span><\/a>En ker\u00fabarnir st\u00f3\u00f0u h\u00e6gra megin vi\u00f0 musteri\u00f0, \u00feegar ma\u00f0urinn gekk inn, og fyllti sk\u00fdi\u00f0 innra forgar\u00f0inn.<a name=\"4\"><span class=\"versanumer\">4<\/span><\/a>En d\u00fdr\u00f0 Drottins h\u00f3f sig fr\u00e1 ker\u00fabunum yfir \u00e1 \u00fer\u00f6skuld musterisins. Var\u00f0 musteri\u00f0 \u00fe\u00e1 fullt af sk\u00fdmekki, en forgar\u00f0urinn fylltist lj\u00f3ma af d\u00fdr\u00f0 Drottins.<a name=\"5\"><span class=\"versanumer\">5<\/span><\/a>Og v\u00e6ngja\u00feytur ker\u00fabanna heyr\u00f0ist allt til hins ytra forgar\u00f0s, eins og r\u00f6dd Gu\u00f0s alm\u00e1ttugs, \u00fe\u00e1 er hann talar.<a name=\"6\"><span class=\"versanumer\">6<\/span><\/a>N\u00fa er hann haf\u00f0i bo\u00f0i\u00f0 l\u00ednkl\u00e6dda manninum og sagt: Tak eld \u00e1 millum hj\u00f3lanna, \u00e1 millum ker\u00fabanna! \u00fe\u00e1 gekk hann til og sta\u00f0n\u00e6mdist hj\u00e1 einu hj\u00f3linu.<a name=\"7\"><span class=\"versanumer\">7<\/span><\/a>\u00de\u00e1 r\u00e9tti einn ker\u00fabinn h\u00f6nd s\u00edna \u00fat milli ker\u00fabanna a\u00f0 eldinum, sem var \u00e1 milli ker\u00fabanna, t\u00f3k \u00fear af og f\u00e9kk \u00ed hendur l\u00ednkl\u00e6dda manninum. Hann t\u00f3k vi\u00f0 og gekk burt.<a name=\"8\"><span class=\"versanumer\">8<\/span><\/a>En \u00e1 ker\u00fabunum s\u00e1st eitthva\u00f0, sem l\u00edktist mannshendi, undir v\u00e6ngjum \u00feeirra.<a name=\"9\"><span class=\"versanumer\">9<\/span><\/a>\u00c9g leit til, og voru \u00fe\u00e1 fj\u00f6gur hj\u00f3l hj\u00e1 ker\u00fabunum, sitt hj\u00f3l hj\u00e1 hverjum ker\u00fab, og hj\u00f3lin voru \u00e1 a\u00f0 l\u00edta eins og \u00feegar blikar \u00e1 kr\u00fdsol\u00edtstein.<a name=\"10\"><span class=\"versanumer\">10<\/span><\/a>Og a\u00f0 \u00fev\u00ed er ger\u00f0 \u00feeirra snertir, \u00fe\u00e1 voru \u00feau \u00f6ll fj\u00f6gur saml\u00edk, eins og eitt hj\u00f3li\u00f0 v\u00e6ri innan \u00ed \u00f6\u00f0ru hj\u00f3li.<a name=\"11\"><span class=\"versanumer\">11<\/span><\/a>\u00deegar \u00feau gengu, gengu \u00feau til allra fj\u00f6gurra hli\u00f0a. \u00deau snerust eigi vi\u00f0 \u00ed g\u00f6ngunni, heldur gengu \u00feau \u00ed \u00fe\u00e1 \u00e1tt, sem h\u00f6fu\u00f0i\u00f0 sneri, \u00feau snerust eigi vi\u00f0 \u00ed g\u00f6ngunni.<a name=\"12\"><span class=\"versanumer\">12<\/span><\/a>Og allur l\u00edkami \u00feeirra og bak \u00feeirra, hendur og v\u00e6ngir voru alsett augum allt umhverfis \u00e1 \u00feeim fj\u00f3rum.<a name=\"13\"><span class=\"versanumer\">13<\/span><\/a>En hj\u00f3lin voru \u00ed m\u00edn eyru nefnd hvirfilbylur.<a name=\"14\"><span class=\"versanumer\">14<\/span><\/a>Og hver haf\u00f0i fj\u00f6gur andlit. Andlit eins var nautsandlit, andlit hins annars mannsandlit, hinn \u00feri\u00f0ji haf\u00f0i lj\u00f3nsandlit og hinn fj\u00f3r\u00f0i arnarandlit.<a name=\"15\"><span class=\"versanumer\">15<\/span><\/a>Og ker\u00fabarnir h\u00f3fu sig upp. \u00dea\u00f0 voru s\u00f6mu verurnar, sem \u00e9g haf\u00f0i s\u00e9\u00f0 vi\u00f0 Kebarflj\u00f3ti\u00f0.<a name=\"16\"><span class=\"versanumer\">16<\/span><\/a>Og \u00feegar ker\u00fabarnir gengu, \u00fe\u00e1 gengu og hj\u00f3lin vi\u00f0 hli\u00f0ina \u00e1 \u00feeim, og \u00feegar ker\u00fabarnir h\u00f3fu upp v\u00e6ngi s\u00edna til \u00feess a\u00f0 lyfta s\u00e9r fr\u00e1 j\u00f6r\u00f0inni, \u00fe\u00e1 snerust hj\u00f3lin ekki burt fr\u00e1 \u00feeim.<a name=\"17\"><span class=\"versanumer\">17<\/span><\/a>\u00deegar \u00feeir st\u00f3\u00f0u kyrrir, st\u00f3\u00f0u \u00feau og kyrr, og \u00feegar \u00feeir h\u00f3fust upp, h\u00f3fust \u00feau og upp me\u00f0 \u00feeim, \u00fev\u00ed a\u00f0 andi verunnar var \u00ed \u00feeim.<a name=\"18\"><span class=\"versanumer\">18<\/span><\/a>D\u00fdr\u00f0 Drottins f\u00f3r n\u00fa burt af \u00fer\u00f6skuldi musterisins og nam sta\u00f0ar uppi \u00e1 ker\u00fabunum.<a name=\"19\"><span class=\"versanumer\">19<\/span><\/a>\u00de\u00e1 h\u00f3fu ker\u00fabarnir upp v\u00e6ngi s\u00edna og lyftu s\u00e9r fr\u00e1 j\u00f6r\u00f0inni a\u00f0 m\u00e9r \u00e1sj\u00e1andi, er \u00feeir f\u00f3ru burt, og hj\u00f3lin samt\u00edmis \u00feeim. Og \u00feeir n\u00e1mu sta\u00f0ar \u00fati fyrir austurhli\u00f0i musteris Drottins, en d\u00fdr\u00f0 \u00cdsraels Gu\u00f0s var uppi yfir \u00feeim.<a name=\"20\"><span class=\"versanumer\">20<\/span><\/a>\u00dea\u00f0 voru s\u00f6mu verurnar, sem \u00e9g haf\u00f0i s\u00e9\u00f0 undir \u00cdsraels Gu\u00f0i vi\u00f0 Kebarflj\u00f3ti\u00f0, og \u00e9g \u00feekkti, a\u00f0 \u00fea\u00f0 voru ker\u00fabar.<a name=\"21\"><span class=\"versanumer\">21<\/span><\/a>\u00deeir h\u00f6f\u00f0u fj\u00f6gur andlit og fj\u00f3ra v\u00e6ngi hver, og undir v\u00e6ngjum s\u00e9r eitthva\u00f0, sem l\u00edktist mannsh\u00f6ndum.<a name=\"22\"><span class=\"versanumer\">22<\/span><\/a>&#8222;Og hva\u00f0 andlitsskapna\u00f0inn snerti, \u00fe\u00e1 voru \u00fea\u00f0 s\u00f6mu andlitin, sem \u00e9g haf\u00f0i s\u00e9\u00f0 vi\u00f0 Kebarflj\u00f3ti\u00f0; \u00feeir gengu hver fyrir sig beint af augum fram.  &#8220;<\/p>\n<div class=\"footnote1981\"><b>10.1<\/b> Hvelfingin Esk 1.22 \u2013 h\u00e1s\u00e6ti Esk 1.26<br \/>\n<b>10.2<\/b> Gl\u00f3\u00f0um dreift Opb 8.5<br \/>\n<b>10.3<\/b> Sk\u00fdi\u00f0 2M\u00f3s 40.34; 1Kon 8.10; 2Kro 5.13<br \/>\n<b>10.5<\/b> V\u00e6ngja\u00feytur Esk 1.24; 3.12-13<br \/>\n<b>10.9<\/b> Hj\u00f3l Esk 1.15-21<br \/>\n<b>10.15<\/b> Ker\u00fabarnir Esk 1.5-14<br \/>\n<b>10.18<\/b> Yfir ker\u00fabunum 1Sam 4.4; 2Sam 6.2; Slm 18.11; 80.2; 99.1<\/div>\n","protected":false},"excerpt":{"rendered":"<p>1\u00c9g s\u00e1, og sj\u00e1: \u00c1 festingunni, er var yfir h\u00f6f\u00f0i ker\u00fabanna, var \u00fev\u00ed l\u00edkast sem saf\u00edrsteinn v\u00e6ri. Eitthva\u00f0, sem tils\u00fdndar var sem h\u00e1s\u00e6ti \u00ed laginu, s\u00e1st uppi yfir \u00feeim.2\u00de\u00e1 sag\u00f0i hann vi\u00f0 l\u00ednkl\u00e6dda manninn: Gakk inn \u00e1 millum hj\u00f3lanna undir ker\u00fabunum, tak handfylli \u00fe\u00edna af gl\u00f3\u00f0um milli ker\u00fabanna og dreif \u00feeim \u00fat yfir borgina. Og hann gekk \u00fear inn a\u00f0 m\u00e9r \u00e1sj\u00e1andi.3En ker\u00fabarnir st\u00f3\u00f0u h\u00e6gra megin vi\u00f0 musteri\u00f0, \u00feegar ma\u00f0urinn gekk inn, og fyllti sk\u00fdi\u00f0 innra forgar\u00f0inn.4En d\u00fdr\u00f0 Drottins h\u00f3f sig fr\u00e1 ker\u00fabunum yfir \u00e1 \u00fer\u00f6skuld musterisins. Var\u00f0 musteri\u00f0 \u00fe\u00e1 fullt af sk\u00fdmekki, en forgar\u00f0urinn fylltist lj\u00f3ma af d\u00fdr\u00f0 Drottins.5Og <a href=\"https:\/\/biblian.is\/1981\/esekiel-10-kafli\/\"> [&#8230;]<\/a><\/p>\n","protected":false},"author":1,"featured_media":0,"parent":0,"menu_order":0,"comment_status":"open","ping_status":"open","template":"bibliukaflar.php","meta":{"footnotes":""},"class_list":["post-2159","page","type-page","status-publish","hentry"],"_links":{"self":[{"href":"https:\/\/biblian.is\/1981\/wp-json\/wp\/v2\/pages\/2159","targetHints":{"allow":["GET"]}}],"collection":[{"href":"https:\/\/biblian.is\/1981\/wp-json\/wp\/v2\/pages"}],"about":[{"href":"https:\/\/biblian.is\/1981\/wp-json\/wp\/v2\/types\/page"}],"author":[{"embeddable":true,"href":"https:\/\/biblian.is\/1981\/wp-json\/wp\/v2\/users\/1"}],"replies":[{"embeddable":true,"href":"https:\/\/biblian.is\/1981\/wp-json\/wp\/v2\/comments?post=2159"}],"version-history":[{"count":0,"href":"https:\/\/biblian.is\/1981\/wp-json\/wp\/v2\/pages\/2159\/revisions"}],"wp:attachment":[{"href":"https:\/\/biblian.is\/1981\/wp-json\/wp\/v2\/media?parent=2159"}],"curies":[{"name":"wp","href":"https:\/\/api.w.org\/{rel}","templated":true}]}}