{"id":2158,"date":"2017-11-18T20:20:27","date_gmt":"2017-11-18T20:20:27","guid":{"rendered":"http:\/\/biblian.is\/1981\/esekiel-9-kafli\/"},"modified":"2021-06-06T10:50:59","modified_gmt":"2021-06-06T10:50:59","slug":"esekiel-9-kafli","status":"publish","type":"page","link":"https:\/\/biblian.is\/1981\/esekiel-9-kafli\/","title":{"rendered":"Esek\u00edel 9. kafli"},"content":{"rendered":"<p><a name=\"1\"><span class=\"versanumer\">1<\/span><\/a>\u00deessu n\u00e6st kalla\u00f0i hann h\u00e1rri r\u00f6ddu \u00ed eyru m\u00edn: Refsingar borgarinnar n\u00e1lgast!<a name=\"2\"><span class=\"versanumer\">2<\/span><\/a>\u00de\u00e1 komu sex menn fr\u00e1 efra hli\u00f0inu, sem sn\u00fdr \u00ed nor\u00f0ur, og haf\u00f0i hver \u00feeirra ey\u00f0ingarverkf\u00e6ri \u00ed hendi s\u00e9r, og me\u00f0al \u00feeirra var einn ma\u00f0ur, sem var l\u00edni kl\u00e6ddur og haf\u00f0i skriff\u00e6ri vi\u00f0 s\u00ed\u00f0u s\u00e9r. \u00deeir komu og n\u00e1mu sta\u00f0ar hj\u00e1 eiraltarinu.<a name=\"3\"><span class=\"versanumer\">3<\/span><\/a>D\u00fdr\u00f0 \u00cdsraels Gu\u00f0s haf\u00f0i hafi\u00f0 sig fr\u00e1 ker\u00fabunum, \u00fear sem h\u00fan haf\u00f0i veri\u00f0, yfir a\u00f0 \u00fer\u00f6skuldi h\u00fassins. Og hann kalla\u00f0i \u00e1 l\u00ednkl\u00e6dda manninn, sem haf\u00f0i skriff\u00e6rin vi\u00f0 s\u00ed\u00f0u s\u00e9r.<a name=\"4\"><span class=\"versanumer\">4<\/span><\/a>Og Drottinn sag\u00f0i vi\u00f0 hann: Gakk \u00fe\u00fa mitt \u00ed gegnum borgina, mitt \u00ed gegnum Jer\u00fasalem, og set merki \u00e1 enni \u00feeirra manna, sem andvarpa og kveina yfir \u00f6llum \u00feeim sv\u00edvir\u00f0ingum, sem framdar eru inni \u00ed henni.<a name=\"5\"><span class=\"versanumer\">5<\/span><\/a>En til hinna m\u00e6lti hann a\u00f0 m\u00e9r \u00e1heyrandi: Fari\u00f0 \u00e1 eftir honum um borgina og h\u00f6ggvi\u00f0 ni\u00f0ur, l\u00edti\u00f0 engan v\u00e6g\u00f0arauga og s\u00fdni\u00f0 enga me\u00f0aumkun.<a name=\"6\"><span class=\"versanumer\">6<\/span><\/a>\u00d6ldunga og \u00e6skumenn, meyjar og b\u00f6rn og konur skulu\u00f0 \u00fe\u00e9r brytja ni\u00f0ur, en engan mann skulu\u00f0 \u00fe\u00e9r snerta, sem merki\u00f0 er \u00e1. Og taki\u00f0 fyrst til hj\u00e1 helgid\u00f3mi m\u00ednum! Og \u00feeir t\u00f3ku fyrst til \u00e1 \u00f6ldungum \u00feeim, sem voru fyrir framan musteri\u00f0.<a name=\"7\"><span class=\"versanumer\">7<\/span><\/a>Og hann sag\u00f0i vi\u00f0 \u00fe\u00e1: Horfi\u00f0 ekki \u00ed a\u00f0 saurga musteri\u00f0 og fylli\u00f0 str\u00e6tin vegnum m\u00f6nnum. Gangi\u00f0 n\u00fa \u00fat! \u00deeir gengu \u00fe\u00e1 \u00fat og hjuggu ni\u00f0ur mannf\u00f3lki\u00f0 \u00ed borginni.<a name=\"8\"><span class=\"versanumer\">8<\/span><\/a>Me\u00f0an \u00feeir brytju\u00f0u ni\u00f0ur, f\u00e9ll \u00e9g fram \u00e1 \u00e1sj\u00f3nu m\u00edna, kalla\u00f0i og sag\u00f0i: \u00c6, Drottinn Gu\u00f0, \u00e6tlar \u00fe\u00fa a\u00f0 gj\u00f6rey\u00f0a \u00f6llum eftirleifum \u00cdsraels, \u00fear sem \u00fe\u00fa eys \u00fat rei\u00f0i \u00feinni yfir Jer\u00fasalem?<a name=\"9\"><span class=\"versanumer\">9<\/span><\/a>\u00de\u00e1 sag\u00f0i hann vi\u00f0 mig: Misgj\u00f6r\u00f0 \u00cdsraelsmanna og J\u00fadamanna er afskaplega mikil, og landi\u00f0 er fullt af bl\u00f3\u00f0ugu rangl\u00e6ti og borgin er full af ofbeldisverkum, \u00fev\u00ed a\u00f0 \u00feeir segja: Drottinn hefir yfirgefi\u00f0 landi\u00f0 og Drottinn s\u00e9r \u00fea\u00f0 ekki.<a name=\"10\"><span class=\"versanumer\">10<\/span><\/a>Fyrir \u00fev\u00ed skal \u00e9g heldur ekki l\u00edta \u00fe\u00e1 v\u00e6g\u00f0arauga og enga me\u00f0aumkun s\u00fdna. \u00c9g l\u00e6t ath\u00e6fi \u00feeirra \u00feeim sj\u00e1lfum \u00ed koll koma.<a name=\"11\"><span class=\"versanumer\">11<\/span><\/a>\u00de\u00e1 kom l\u00ednkl\u00e6ddi ma\u00f0urinn, sem haf\u00f0i skriff\u00e6rin vi\u00f0 s\u00ed\u00f0u s\u00e9r, aftur og sag\u00f0i: \u00c9g hefi gj\u00f6rt eins og \u00fe\u00fa bau\u00f0st m\u00e9r.<\/p>\n<div class=\"footnote1981\"><b>9.3<\/b> D\u00fdr\u00f0 Esk 1.28+<br \/>\n<b>9.4<\/b> T\u00e1kn 2M\u00f3s 12.7,13; Opb 7.2-4; 9.4<br \/>\n<b>9.6<\/b> Fyrst hj\u00e1 helgid\u00f3minum 1P\u00e9t 4.17; sbr Jer 25.29<br \/>\n<b>9.8<\/b> Sem eftir eru Jes 4.3 \u2013 me\u00f0alganga sp\u00e1mannsins Esk 11.13; Jes 37.4; Jer 27.18; Am 7.2-5; sbr 2M\u00f3s 32.11+<br \/>\n<b>9.9<\/b> Drottinn s\u00e9r ekkert Esk 8.12; Slm 10.11; 94.7; sbr Slm 73.11; Job 22.13<\/div>\n","protected":false},"excerpt":{"rendered":"<p>1\u00deessu n\u00e6st kalla\u00f0i hann h\u00e1rri r\u00f6ddu \u00ed eyru m\u00edn: Refsingar borgarinnar n\u00e1lgast!2\u00de\u00e1 komu sex menn fr\u00e1 efra hli\u00f0inu, sem sn\u00fdr \u00ed nor\u00f0ur, og haf\u00f0i hver \u00feeirra ey\u00f0ingarverkf\u00e6ri \u00ed hendi s\u00e9r, og me\u00f0al \u00feeirra var einn ma\u00f0ur, sem var l\u00edni kl\u00e6ddur og haf\u00f0i skriff\u00e6ri vi\u00f0 s\u00ed\u00f0u s\u00e9r. \u00deeir komu og n\u00e1mu sta\u00f0ar hj\u00e1 eiraltarinu.3D\u00fdr\u00f0 \u00cdsraels Gu\u00f0s haf\u00f0i hafi\u00f0 sig fr\u00e1 ker\u00fabunum, \u00fear sem h\u00fan haf\u00f0i veri\u00f0, yfir a\u00f0 \u00fer\u00f6skuldi h\u00fassins. Og hann kalla\u00f0i \u00e1 l\u00ednkl\u00e6dda manninn, sem haf\u00f0i skriff\u00e6rin vi\u00f0 s\u00ed\u00f0u s\u00e9r.4Og Drottinn sag\u00f0i vi\u00f0 hann: Gakk \u00fe\u00fa mitt \u00ed gegnum borgina, mitt \u00ed gegnum Jer\u00fasalem, og set merki \u00e1 enni <a href=\"https:\/\/biblian.is\/1981\/esekiel-9-kafli\/\"> [&#8230;]<\/a><\/p>\n","protected":false},"author":1,"featured_media":0,"parent":0,"menu_order":0,"comment_status":"open","ping_status":"open","template":"bibliukaflar.php","meta":{"footnotes":""},"class_list":["post-2158","page","type-page","status-publish","hentry"],"_links":{"self":[{"href":"https:\/\/biblian.is\/1981\/wp-json\/wp\/v2\/pages\/2158","targetHints":{"allow":["GET"]}}],"collection":[{"href":"https:\/\/biblian.is\/1981\/wp-json\/wp\/v2\/pages"}],"about":[{"href":"https:\/\/biblian.is\/1981\/wp-json\/wp\/v2\/types\/page"}],"author":[{"embeddable":true,"href":"https:\/\/biblian.is\/1981\/wp-json\/wp\/v2\/users\/1"}],"replies":[{"embeddable":true,"href":"https:\/\/biblian.is\/1981\/wp-json\/wp\/v2\/comments?post=2158"}],"version-history":[{"count":0,"href":"https:\/\/biblian.is\/1981\/wp-json\/wp\/v2\/pages\/2158\/revisions"}],"wp:attachment":[{"href":"https:\/\/biblian.is\/1981\/wp-json\/wp\/v2\/media?parent=2158"}],"curies":[{"name":"wp","href":"https:\/\/api.w.org\/{rel}","templated":true}]}}