{"id":2156,"date":"2017-11-18T20:20:27","date_gmt":"2017-11-18T20:20:27","guid":{"rendered":"http:\/\/biblian.is\/1981\/esekiel-7-kafli\/"},"modified":"2021-06-06T10:50:59","modified_gmt":"2021-06-06T10:50:59","slug":"esekiel-7-kafli","status":"publish","type":"page","link":"https:\/\/biblian.is\/1981\/esekiel-7-kafli\/","title":{"rendered":"Esek\u00edel 7. kafli"},"content":{"rendered":"<p><a name=\"1\"><span class=\"versanumer\">1<\/span><\/a>Or\u00f0 Drottins kom til m\u00edn, svohlj\u00f3\u00f0andi:<a name=\"2\"><span class=\"versanumer\">2<\/span><\/a>En \u00fe\u00fa, mannsson, seg: Svo talar Drottinn Gu\u00f0 til \u00cdsraelslands: Endir kemur, endirinn kemur yfir fj\u00f3rar \u00e1lfur landsins.<a name=\"3\"><span class=\"versanumer\">3<\/span><\/a>N\u00fa kemur endirinn yfir \u00feig, og \u00e9g sendi rei\u00f0i m\u00edna m\u00f3ti \u00fe\u00e9r og d\u00e6mi \u00feig eftir heg\u00f0un \u00feinni og l\u00e6t allar sv\u00edvir\u00f0ingar \u00fe\u00ednar ni\u00f0ur \u00e1 \u00fe\u00e9r koma.<a name=\"4\"><span class=\"versanumer\">4<\/span><\/a>Og \u00e9g skal ekki l\u00edta \u00feig v\u00e6g\u00f0arauga og enga me\u00f0aumkun s\u00fdna, heldur l\u00e1ta heg\u00f0un \u00fe\u00edna koma ni\u00f0ur \u00e1 \u00fe\u00e9r, og sv\u00edvir\u00f0ingar \u00fe\u00ednar skulu vera mitt \u00e1 me\u00f0al \u00fe\u00edn, og \u00feannig skulu\u00f0 \u00fe\u00e9r vi\u00f0urkenna, a\u00f0 \u00e9g er Drottinn.<a name=\"5\"><span class=\"versanumer\">5<\/span><\/a>Svo segir Drottinn Gu\u00f0: \u00d3g\u00e6fa, j\u00e1 \u00f3g\u00e6fa kemur!<a name=\"6\"><span class=\"versanumer\">6<\/span><\/a>Endir kemur, endirinn kemur, hann er a\u00f0 vakna gegn \u00fe\u00e9r, sj\u00e1, hann kemur!<a name=\"7\"><span class=\"versanumer\">7<\/span><\/a>\u00d6rl\u00f6gin koma yfir \u00feig, \u00edb\u00fai landsins, t\u00edminn kemur, dagurinn er n\u00e1l\u00e6gur, dagur skelfingar, en ekki fagna\u00f0arl\u00e1ta \u00e1 fj\u00f6llunum.<a name=\"8\"><span class=\"versanumer\">8<\/span><\/a>N\u00fa \u00fathelli \u00e9g br\u00e1\u00f0um heift minni yfir \u00feig og l\u00e6t alla rei\u00f0i m\u00edna yfir \u00feig dynja, \u00e9g d\u00e6mi \u00feig eftir heg\u00f0un \u00feinni og l\u00e6t allar sv\u00edvir\u00f0ingar \u00fe\u00ednar ni\u00f0ur \u00e1 \u00fe\u00e9r koma.<a name=\"9\"><span class=\"versanumer\">9<\/span><\/a>Og \u00e9g skal ekki l\u00edta \u00feig v\u00e6g\u00f0arauga og enga me\u00f0aumkun s\u00fdna, heldur l\u00e1ta heg\u00f0un \u00fe\u00edna koma ni\u00f0ur \u00e1 \u00fe\u00e9r, og sv\u00edvir\u00f0ingar \u00fe\u00ednar skulu vera mitt \u00e1 me\u00f0al \u00fe\u00edn, og \u00feannig skulu\u00f0 \u00fe\u00e9r vi\u00f0urkenna, a\u00f0 \u00e9g, Drottinn, er s\u00e1 sem tyftar.<a name=\"10\"><span class=\"versanumer\">10<\/span><\/a>Sj\u00e1, \u00fearna er dagurinn, sj\u00e1, hann kemur. K\u00f3r\u00f3nan sprettur fram, sprotinn bl\u00f3mgast, drambsemin \u00fer\u00f3ast.<a name=\"11\"><span class=\"versanumer\">11<\/span><\/a>Ofbeldi\u00f0 r\u00eds upp sem v\u00f6ndur \u00e1 rangl\u00e6ti\u00f0. Ekkert ver\u00f0ur eftir af \u00feeim, ekkert af skrauti \u00feeirra og ekkert af au\u00f0\u00e6fum \u00feeirra, d\u00fdr\u00f0 \u00feeirra er \u00f6ll \u00fati.<a name=\"12\"><span class=\"versanumer\">12<\/span><\/a>T\u00edminn kemur, dagurinn n\u00e1lgast. Kaupandinn fagni ekki og seljandinn syrgi ekki, \u00fev\u00ed a\u00f0 rei\u00f0i m\u00edn er upptendru\u00f0 gegn \u00f6llu skrauti landsins.<a name=\"13\"><span class=\"versanumer\">13<\/span><\/a>\u00dev\u00ed a\u00f0 seljandinn mun ekki aftur a\u00f0 seldu komast og kaupandinn mun ekki halda hinu keypta.<a name=\"14\"><span class=\"versanumer\">14<\/span><\/a>Menn bl\u00e1sa \u00ed horni\u00f0 og b\u00faa allt \u00fat, en enginn fer \u00ed orustuna, \u00fev\u00ed a\u00f0 rei\u00f0i m\u00edn er upptendru\u00f0 gegn \u00f6llum au\u00f0\u00e6fum hennar.<a name=\"15\"><span class=\"versanumer\">15<\/span><\/a>Sver\u00f0i\u00f0 \u00fati, og hungri\u00f0 og dreps\u00f3ttin inni. S\u00e1 sem er \u00e1 akri skal fyrir sver\u00f0i falla og \u00feeim, sem innan borgar er, skal hungur og dreps\u00f3tt ey\u00f0a.<a name=\"16\"><span class=\"versanumer\">16<\/span><\/a>Komist nokkrir af \u00feeim undan, munu \u00feeir vera \u00e1 fj\u00f6llunum, eins og dalad\u00fafurnar, sem allar kurra, hver og einn vegna misgj\u00f6r\u00f0ar sinnar.<a name=\"17\"><span class=\"versanumer\">17<\/span><\/a>Allar hendur munu ver\u00f0a l\u00e9magna og \u00f6ll kn\u00e9 leysast sundur og ver\u00f0a a\u00f0 vatni.<a name=\"18\"><span class=\"versanumer\">18<\/span><\/a>Og \u00feeir munu gyr\u00f0ast h\u00e6rusekk, og skelfing mun hylja \u00fe\u00e1. Sk\u00f6mm mun sitja \u00e1 hverju andliti, og hvert h\u00f6fu\u00f0 vera sk\u00f6ll\u00f3tt.<a name=\"19\"><span class=\"versanumer\">19<\/span><\/a>Silfri s\u00ednu munu \u00feeir varpa \u00fat \u00e1 str\u00e6tin, og gull \u00feeirra mun vera \u00feeim sem saur. Silfur \u00feeirra og gull f\u00e6r eigi frelsa\u00f0 \u00fe\u00e1 \u00e1 rei\u00f0idegi Drottins. \u00deeir munu eigi se\u00f0ja me\u00f0 \u00fev\u00ed hungur sitt n\u00e9 fylla me\u00f0 \u00fev\u00ed kvi\u00f0 sinn, \u00fev\u00ed a\u00f0 \u00fea\u00f0 var\u00f0 \u00feeim f\u00f3takefli til hr\u00f6sunar.<a name=\"20\"><span class=\"versanumer\">20<\/span><\/a>S\u00ednu d\u00fdrlega skrauti var\u00f0i \u00fej\u00f3\u00f0in til drambl\u00e6tis, og \u00feeir gj\u00f6r\u00f0u af \u00fev\u00ed sv\u00edvir\u00f0ilegar l\u00edkneskjur, vi\u00f0urstygg\u00f0ir s\u00ednar. Fyrir \u00fev\u00ed gj\u00f6ri \u00e9g \u00fea\u00f0 \u00ed augum \u00feeirra sem saur.<a name=\"21\"><span class=\"versanumer\">21<\/span><\/a>Og \u00e9g skal selja \u00fea\u00f0 \u00fatlendingum \u00ed hendur a\u00f0 herfangi og hinum \u00f3gu\u00f0legustu m\u00f6nnum \u00e1 j\u00f6r\u00f0unni a\u00f0 r\u00e1nsfeng, og \u00feeir skulu vanhelga \u00fea\u00f0.<a name=\"22\"><span class=\"versanumer\">22<\/span><\/a>Og \u00e9g skal sn\u00faa augliti m\u00ednu fr\u00e1 \u00feeim, og \u00fe\u00e1 munu menn vanhelga kj\u00f6rgrip minn, og r\u00e6ningjar skulu brj\u00f3tast inn \u00ed hann og vanhelga hann.<a name=\"23\"><span class=\"versanumer\">23<\/span><\/a>B\u00fa \u00fe\u00fa til fj\u00f6tur, \u00fev\u00ed a\u00f0 landi\u00f0 er fullt af bl\u00f3\u00f0skuld og borgin er full af ofbeldisverkum.<a name=\"24\"><span class=\"versanumer\">24<\/span><\/a>Og \u00e9g mun stefna hinga\u00f0 hinum verstu hei\u00f0ingjum. \u00deeir skulu kasta eign sinni \u00e1 h\u00fas \u00feeirra, og \u00e9g mun gj\u00f6ra enda \u00e1 hinu ofmetna\u00f0arfulla valdi \u00feeirra, og helgid\u00f3mar \u00feeirra skulu ver\u00f0a vanhelga\u00f0ir.<a name=\"25\"><span class=\"versanumer\">25<\/span><\/a>Angist kemur, og \u00feeir munu hj\u00e1lpar leita, en enga f\u00e1.<a name=\"26\"><span class=\"versanumer\">26<\/span><\/a>Eitt \u00f3happi\u00f0 fylgir \u00f6\u00f0ru, og hver \u00f3t\u00ed\u00f0indin koma \u00e1 f\u00e6tur \u00f6\u00f0rum. \u00de\u00e1 munu \u00feeir bei\u00f0ast vitrunar af sp\u00e1manni, og \u00fe\u00e1 mun lei\u00f0beiningin vera horfin fr\u00e1 prestunum og r\u00e1\u00f0in fr\u00e1 \u00f6ldungunum.<a name=\"27\"><span class=\"versanumer\">27<\/span><\/a>Konungurinn mun syrgja og landsh\u00f6f\u00f0inginn kl\u00e6\u00f0ast skelfingu og hendur landsl\u00fd\u00f0sins ver\u00f0a magn\u00ferota af hr\u00e6\u00f0slu. Eftir breytni \u00feeirra mun \u00e9g me\u00f0 \u00fe\u00e1 fara og d\u00e6ma \u00fe\u00e1 eftir ver\u00f0leikum \u00feeirra, og \u00feeir skulu vi\u00f0urkenna, a\u00f0 \u00e9g er Drottinn.<\/p>\n<div class=\"footnote1981\"><b>7.7<\/b> Dagurinn Jes 2.10-21; Jl 2.1-2; Am 5.18,20; Sef 1.14-15<br \/>\n<b>7.14<\/b> Horn Jes 18.3; Jer 6.1; H\u00f3s 5.8; Am 3.6<br \/>\n<b>7.23<\/b> Bl\u00f3\u00f0s\u00fathellingar og ofbeldisverk Jes 3.5; H\u00f3s 4.2; Am 2.6-7; M\u00edk 3.9-11<br \/>\n<b>7.26<\/b> Engar vitranir, lei\u00f0beiningar e\u00f0a r\u00e1\u00f0 M\u00edk 3.6; Hlj 2.9; sbr Esk 13.9<br \/>\n<b>7.27<\/b> Breytni Esk 7.3-4,9; 9.10; 11.21; 22.31; Jak 2.24 \u2013 eins og \u00feeir hafa d\u00e6mt S\u00edr 28.1-3; Matt 6.14-15; 7.2; Jak 2.13<\/div>\n","protected":false},"excerpt":{"rendered":"<p>1Or\u00f0 Drottins kom til m\u00edn, svohlj\u00f3\u00f0andi:2En \u00fe\u00fa, mannsson, seg: Svo talar Drottinn Gu\u00f0 til \u00cdsraelslands: Endir kemur, endirinn kemur yfir fj\u00f3rar \u00e1lfur landsins.3N\u00fa kemur endirinn yfir \u00feig, og \u00e9g sendi rei\u00f0i m\u00edna m\u00f3ti \u00fe\u00e9r og d\u00e6mi \u00feig eftir heg\u00f0un \u00feinni og l\u00e6t allar sv\u00edvir\u00f0ingar \u00fe\u00ednar ni\u00f0ur \u00e1 \u00fe\u00e9r koma.4Og \u00e9g skal ekki l\u00edta \u00feig v\u00e6g\u00f0arauga og enga me\u00f0aumkun s\u00fdna, heldur l\u00e1ta heg\u00f0un \u00fe\u00edna koma ni\u00f0ur \u00e1 \u00fe\u00e9r, og sv\u00edvir\u00f0ingar \u00fe\u00ednar skulu vera mitt \u00e1 me\u00f0al \u00fe\u00edn, og \u00feannig skulu\u00f0 \u00fe\u00e9r vi\u00f0urkenna, a\u00f0 \u00e9g er Drottinn.5Svo segir Drottinn Gu\u00f0: \u00d3g\u00e6fa, j\u00e1 \u00f3g\u00e6fa kemur!6Endir kemur, endirinn kemur, hann er a\u00f0 vakna gegn <a href=\"https:\/\/biblian.is\/1981\/esekiel-7-kafli\/\"> [&#8230;]<\/a><\/p>\n","protected":false},"author":1,"featured_media":0,"parent":0,"menu_order":0,"comment_status":"open","ping_status":"open","template":"bibliukaflar.php","meta":{"footnotes":""},"class_list":["post-2156","page","type-page","status-publish","hentry"],"_links":{"self":[{"href":"https:\/\/biblian.is\/1981\/wp-json\/wp\/v2\/pages\/2156","targetHints":{"allow":["GET"]}}],"collection":[{"href":"https:\/\/biblian.is\/1981\/wp-json\/wp\/v2\/pages"}],"about":[{"href":"https:\/\/biblian.is\/1981\/wp-json\/wp\/v2\/types\/page"}],"author":[{"embeddable":true,"href":"https:\/\/biblian.is\/1981\/wp-json\/wp\/v2\/users\/1"}],"replies":[{"embeddable":true,"href":"https:\/\/biblian.is\/1981\/wp-json\/wp\/v2\/comments?post=2156"}],"version-history":[{"count":0,"href":"https:\/\/biblian.is\/1981\/wp-json\/wp\/v2\/pages\/2156\/revisions"}],"wp:attachment":[{"href":"https:\/\/biblian.is\/1981\/wp-json\/wp\/v2\/media?parent=2156"}],"curies":[{"name":"wp","href":"https:\/\/api.w.org\/{rel}","templated":true}]}}