{"id":2155,"date":"2017-11-18T20:20:27","date_gmt":"2017-11-18T20:20:27","guid":{"rendered":"http:\/\/biblian.is\/1981\/esekiel-6-kafli\/"},"modified":"2021-06-06T10:50:58","modified_gmt":"2021-06-06T10:50:58","slug":"esekiel-6-kafli","status":"publish","type":"page","link":"https:\/\/biblian.is\/1981\/esekiel-6-kafli\/","title":{"rendered":"Esek\u00edel 6. kafli"},"content":{"rendered":"<p><a name=\"1\"><span class=\"versanumer\">1<\/span><\/a>Or\u00f0 Drottins kom til m\u00edn svohlj\u00f3\u00f0andi:<a name=\"2\"><span class=\"versanumer\">2<\/span><\/a>\u00de\u00fa mannsson, sn\u00fa \u00fe\u00fa augliti \u00fe\u00ednu gegn \u00cdsraels fj\u00f6llum og sp\u00e1 \u00ed m\u00f3ti \u00feeim<a name=\"3\"><span class=\"versanumer\">3<\/span><\/a>og seg: \u00de\u00e9r \u00cdsraels fj\u00f6ll, heyri\u00f0 or\u00f0 Drottins Gu\u00f0s! Svo talar Drottinn Gu\u00f0 til fjallanna og h\u00e6\u00f0anna, til hvammanna og dalanna: Sj\u00e1, \u00e9g l\u00e6t sver\u00f0i\u00f0 koma yfir y\u00f0ur og ey\u00f0i f\u00f3rnarh\u00e6\u00f0um y\u00f0ar.<a name=\"4\"><span class=\"versanumer\">4<\/span><\/a>\u00d6lturu y\u00f0ar skulu \u00ed ey\u00f0i l\u00f6g\u00f0 ver\u00f0a og s\u00f3ls\u00falur y\u00f0ar brotnar, og vegnum m\u00f6nnum y\u00f0ar mun \u00e9g kasta ni\u00f0ur fyrir framan skur\u00f0go\u00f0 y\u00f0ar,<a name=\"5\"><span class=\"versanumer\">5<\/span><\/a>og \u00e9g mun varpa hr\u00e6jum \u00cdsraelsmanna fyrir skur\u00f0go\u00f0 \u00feeirra og dreifa beinum y\u00f0ar umhverfis \u00f6lturu y\u00f0ar.<a name=\"6\"><span class=\"versanumer\">6<\/span><\/a>Svo langt sem bygg\u00f0 y\u00f0ar n\u00e6r, skulu borgirnar \u00ed ey\u00f0i liggja og f\u00f3rnarh\u00e6\u00f0irnar standa gj\u00f6reyddar, til \u00feess a\u00f0 \u00f6lturu y\u00f0ar s\u00e9u ni\u00f0ur brotin og \u00ed r\u00fastum, skur\u00f0go\u00f0 y\u00f0ar sundurbrotin og a\u00f0 engu gj\u00f6r\u00f0, s\u00f3ls\u00falur y\u00f0ar m\u00f6lva\u00f0ar og handaverk y\u00f0ar afm\u00e1\u00f0.<a name=\"7\"><span class=\"versanumer\">7<\/span><\/a>Og menn skulu vegnir \u00ed val falla y\u00f0ar \u00e1 me\u00f0al, til \u00feess a\u00f0 \u00fe\u00e9r vi\u00f0urkenni\u00f0, a\u00f0 \u00e9g er Drottinn.<a name=\"8\"><span class=\"versanumer\">8<\/span><\/a>En \u00e9g l\u00e6t nokkra y\u00f0ar komast undan sver\u00f0inu til annarra \u00fej\u00f3\u00f0a, og \u00feegar y\u00f0ur hefur veri\u00f0 dreift um l\u00f6ndin,<a name=\"9\"><span class=\"versanumer\">9<\/span><\/a>munu \u00feeir, sem undan komust, minnast m\u00edn me\u00f0al \u00fej\u00f3\u00f0anna, \u00feanga\u00f0 sem \u00feeir voru herleiddir, \u00feegar \u00e9g hefi beygt \u00feeirra bl\u00f3tf\u00edknu hj\u00f6rtu, sem gj\u00f6r\u00f0ust m\u00e9r fr\u00e1hverf, og \u00feeirra bl\u00f3tf\u00fasu augu, sem m\u00e6na eftir skur\u00f0go\u00f0unum, og \u00fe\u00e1 mun \u00feeim bj\u00f3\u00f0a vi\u00f0 sj\u00e1lfum s\u00e9r vegna illverka \u00feeirra, er \u00feeir hafa frami\u00f0 me\u00f0 \u00f6llum sv\u00edvir\u00f0ingum s\u00ednum.<a name=\"10\"><span class=\"versanumer\">10<\/span><\/a>Og \u00fe\u00e1 munu \u00feeir vi\u00f0 kannast, a\u00f0 \u00e9g, Drottinn, hefi ekki tala\u00f0 \u00fear um neinum h\u00e9g\u00f3maor\u00f0um, a\u00f0 l\u00e1ta \u00fe\u00e1 rata \u00ed \u00feessa \u00f3g\u00e6fu.<a name=\"11\"><span class=\"versanumer\">11<\/span><\/a>Svo segir Drottinn Gu\u00f0: Sl\u00e1 \u00fe\u00fa saman h\u00f6ndum \u00fe\u00ednum, stappa ni\u00f0ur f\u00e6ti \u00fe\u00ednum og kalla vei yfir \u00f6llum sv\u00edvir\u00f0ingum \u00cdsraels h\u00fass, \u00fev\u00ed a\u00f0 \u00feeir munu falla fyrir sver\u00f0i, hungri og dreps\u00f3tt.<a name=\"12\"><span class=\"versanumer\">12<\/span><\/a>S\u00e1 sem fj\u00e6r er, skal af dreps\u00f3tt deyja, og s\u00e1 sem n\u00e6r er, fyrir sver\u00f0i falla, og s\u00e1 sem eftir er og bjargast hefir, skal deyja af hungri, og \u00e9g vil \u00fathella allri heift minni yfir \u00fe\u00e1.<a name=\"13\"><span class=\"versanumer\">13<\/span><\/a>Og \u00fe\u00e9r skulu\u00f0 vi\u00f0urkenna, a\u00f0 \u00e9g er Drottinn, \u00feegar valkestirnir liggja mitt \u00e1 me\u00f0al skur\u00f0go\u00f0anna, kringum \u00f6lturu \u00feeirra \u00e1 hverri h\u00e1rri h\u00e6\u00f0, \u00e1 \u00f6llum fjallhnj\u00fakum, undir hverju gr\u00e6nu tr\u00e9 og undir hverri laufga\u00f0ri eik, \u00fear er \u00feeir f\u00e6r\u00f0u \u00f6llum skur\u00f0go\u00f0um s\u00ednum \u00fe\u00e6gilegan ilm.<a name=\"14\"><span class=\"versanumer\">14<\/span><\/a>Og \u00e9g vil r\u00e9tta \u00fat h\u00f6nd m\u00edna \u00ed m\u00f3ti \u00feeim og gj\u00f6ra landi\u00f0 a\u00f0 au\u00f0n og \u00f6r\u00e6fum fr\u00e1 ey\u00f0im\u00f6rkinni allt nor\u00f0ur a\u00f0 Ribla, alls sta\u00f0ar \u00fear sem \u00feeir b\u00faa, og \u00feeir skulu vi\u00f0urkenna, a\u00f0 \u00e9g er Drottinn.<\/p>\n<div class=\"footnote1981\"><b>6.3<\/b> Fj\u00f6ll og h\u00e6\u00f0ir 5M\u00f3s 12.2; Jer 3.6; H\u00f3s 4.13-15<br \/>\n<b>6.13<\/b> Gr\u00e6n tr\u00e9 1Kon 14.23; Jer 2.20; H\u00f3s 4.13-14<\/div>\n","protected":false},"excerpt":{"rendered":"<p>1Or\u00f0 Drottins kom til m\u00edn svohlj\u00f3\u00f0andi:2\u00de\u00fa mannsson, sn\u00fa \u00fe\u00fa augliti \u00fe\u00ednu gegn \u00cdsraels fj\u00f6llum og sp\u00e1 \u00ed m\u00f3ti \u00feeim3og seg: \u00de\u00e9r \u00cdsraels fj\u00f6ll, heyri\u00f0 or\u00f0 Drottins Gu\u00f0s! Svo talar Drottinn Gu\u00f0 til fjallanna og h\u00e6\u00f0anna, til hvammanna og dalanna: Sj\u00e1, \u00e9g l\u00e6t sver\u00f0i\u00f0 koma yfir y\u00f0ur og ey\u00f0i f\u00f3rnarh\u00e6\u00f0um y\u00f0ar.4\u00d6lturu y\u00f0ar skulu \u00ed ey\u00f0i l\u00f6g\u00f0 ver\u00f0a og s\u00f3ls\u00falur y\u00f0ar brotnar, og vegnum m\u00f6nnum y\u00f0ar mun \u00e9g kasta ni\u00f0ur fyrir framan skur\u00f0go\u00f0 y\u00f0ar,5og \u00e9g mun varpa hr\u00e6jum \u00cdsraelsmanna fyrir skur\u00f0go\u00f0 \u00feeirra og dreifa beinum y\u00f0ar umhverfis \u00f6lturu y\u00f0ar.6Svo langt sem bygg\u00f0 y\u00f0ar n\u00e6r, skulu borgirnar \u00ed ey\u00f0i liggja og f\u00f3rnarh\u00e6\u00f0irnar standa <a href=\"https:\/\/biblian.is\/1981\/esekiel-6-kafli\/\"> [&#8230;]<\/a><\/p>\n","protected":false},"author":1,"featured_media":0,"parent":0,"menu_order":0,"comment_status":"open","ping_status":"open","template":"bibliukaflar.php","meta":{"footnotes":""},"class_list":["post-2155","page","type-page","status-publish","hentry"],"_links":{"self":[{"href":"https:\/\/biblian.is\/1981\/wp-json\/wp\/v2\/pages\/2155","targetHints":{"allow":["GET"]}}],"collection":[{"href":"https:\/\/biblian.is\/1981\/wp-json\/wp\/v2\/pages"}],"about":[{"href":"https:\/\/biblian.is\/1981\/wp-json\/wp\/v2\/types\/page"}],"author":[{"embeddable":true,"href":"https:\/\/biblian.is\/1981\/wp-json\/wp\/v2\/users\/1"}],"replies":[{"embeddable":true,"href":"https:\/\/biblian.is\/1981\/wp-json\/wp\/v2\/comments?post=2155"}],"version-history":[{"count":0,"href":"https:\/\/biblian.is\/1981\/wp-json\/wp\/v2\/pages\/2155\/revisions"}],"wp:attachment":[{"href":"https:\/\/biblian.is\/1981\/wp-json\/wp\/v2\/media?parent=2155"}],"curies":[{"name":"wp","href":"https:\/\/api.w.org\/{rel}","templated":true}]}}