{"id":2154,"date":"2017-11-18T20:20:27","date_gmt":"2017-11-18T20:20:27","guid":{"rendered":"http:\/\/biblian.is\/1981\/esekiel-5-kafli\/"},"modified":"2021-06-06T10:50:58","modified_gmt":"2021-06-06T10:50:58","slug":"esekiel-5-kafli","status":"publish","type":"page","link":"https:\/\/biblian.is\/1981\/esekiel-5-kafli\/","title":{"rendered":"Esek\u00edel 5. kafli"},"content":{"rendered":"<p><a name=\"1\"><span class=\"versanumer\">1<\/span><\/a>\u00de\u00fa, mannsson, tak \u00fe\u00e9r hvasst sver\u00f0. Skalt \u00fe\u00fa hafa \u00fea\u00f0 fyrir rakhn\u00edf og l\u00e1t \u00fea\u00f0 ganga um h\u00f6fu\u00f0 \u00feitt og vanga. Tak s\u00ed\u00f0an vog og skipt h\u00e1rinu \u00ed sundur.<a name=\"2\"><span class=\"versanumer\">2<\/span><\/a>Einn \u00feri\u00f0junginn skalt \u00fe\u00fa \u00ed eldi brenna \u00ed mi\u00f0ri borginni, \u00fe\u00e1 er ums\u00e1tursdagarnir eru li\u00f0nir, annan \u00feri\u00f0junginn skalt \u00fe\u00fa taka og sl\u00e1 me\u00f0 sver\u00f0i hringinn \u00ed kringum hann, og s\u00ed\u00f0asta \u00feri\u00f0jungnum skalt \u00fe\u00fa dreifa \u00fat \u00ed vindinn, og \u00e9g mun vera \u00e1 h\u00e6lum \u00feeim me\u00f0 brug\u00f0nu sver\u00f0i.<a name=\"3\"><span class=\"versanumer\">3<\/span><\/a>\u00dev\u00ed n\u00e6st skalt \u00fe\u00fa taka f\u00e1ein h\u00e1r og binda \u00feau \u00ed skikkjulaf \u00feitt.<a name=\"4\"><span class=\"versanumer\">4<\/span><\/a>Og af \u00feeim skalt \u00fe\u00fa enn taka nokkur og kasta \u00feeim \u00e1 eld og brenna \u00feau \u00e1 eldi. \u00dea\u00f0an mun eldur koma yfir allt \u00cdsraels h\u00fas. Og seg vi\u00f0 allt \u00cdsraels h\u00fas:<a name=\"5\"><span class=\"versanumer\">5<\/span><\/a>Svo segir Drottinn Gu\u00f0: \u00deetta er Jer\u00fasalem, sem \u00e9g hefi sett mitt \u00e1 me\u00f0al \u00fej\u00f3\u00f0anna og l\u00f6nd umhverfis hana.<a name=\"6\"><span class=\"versanumer\">6<\/span><\/a>En h\u00fan hefir sett sig upp \u00e1 m\u00f3ti l\u00f6gum m\u00ednum me\u00f0 meira gu\u00f0leysi en hei\u00f0nu \u00fej\u00f3\u00f0irnar og m\u00f3ti bo\u00f0or\u00f0um m\u00ednum meir en l\u00f6ndin, sem umhverfis hana eru, \u00fev\u00ed a\u00f0 \u00feeir hafa hafna\u00f0 l\u00f6gum m\u00ednum og eigi breytt eftir bo\u00f0or\u00f0um m\u00ednum.<a name=\"7\"><span class=\"versanumer\">7<\/span><\/a>Fyrir \u00fev\u00ed segir Drottinn Gu\u00f0 svo: Af \u00fev\u00ed a\u00f0 \u00fe\u00e9r hafi\u00f0 veri\u00f0 \u00ferj\u00f3skari en hei\u00f0nu \u00fej\u00f3\u00f0irnar, sem umhverfis y\u00f0ur b\u00faa, eigi breytt eftir bo\u00f0or\u00f0um m\u00ednum, n\u00e9 haldi\u00f0 l\u00f6g m\u00edn, og jafnvel ekki fari\u00f0 eftir l\u00f6gum hei\u00f0nu \u00fej\u00f3\u00f0anna, sem umhverfis y\u00f0ur eru,<a name=\"8\"><span class=\"versanumer\">8<\/span><\/a>fyrir \u00fev\u00ed segir Drottinn Gu\u00f0 svo: Sj\u00e1, n\u00fa vil \u00e9g r\u00edsa gegn \u00fe\u00e9r og framkv\u00e6ma d\u00f3ma \u00ed \u00fe\u00e9r mi\u00f0ri \u00ed augs\u00fdn \u00fej\u00f3\u00f0anna.<a name=\"9\"><span class=\"versanumer\">9<\/span><\/a>Og \u00e9g vil gj\u00f6ra \u00fe\u00e9r \u00fea\u00f0, sem \u00e9g aldrei hefi \u00e1\u00f0ur gj\u00f6rt og mun ekki h\u00e9r eftir gj\u00f6ra, vegna sv\u00edvir\u00f0inga \u00feinna.<a name=\"10\"><span class=\"versanumer\">10<\/span><\/a>\u00deess vegna skulu \u00ed \u00fe\u00e9r fe\u00f0ur eta b\u00f6rn s\u00edn og b\u00f6rnin fe\u00f0ur s\u00edna, og \u00e9g vil framkv\u00e6ma d\u00f3ma \u00e1 \u00fe\u00e9r og dreifa leifum \u00fe\u00ednum \u00ed allar \u00e1ttir.<a name=\"11\"><span class=\"versanumer\">11<\/span><\/a>Fyrir \u00fev\u00ed, svo sannarlega sem \u00e9g lifi, segir Drottinn Gu\u00f0: Af \u00fev\u00ed a\u00f0 \u00fe\u00fa hefir saurga\u00f0 helgid\u00f3m minn me\u00f0 \u00f6llum vi\u00f0urstygg\u00f0um \u00fe\u00ednum og \u00f6llum sv\u00edvir\u00f0ingum \u00fe\u00ednum, \u00fe\u00e1 vil \u00e9g einnig \u00fatsk\u00fafa \u00fe\u00e9r, ekki l\u00edta \u00feig v\u00e6g\u00f0arauga og ekki s\u00fdna neina me\u00f0aumkun.<a name=\"12\"><span class=\"versanumer\">12<\/span><\/a>Einn \u00feri\u00f0jungurinn af \u00fe\u00e9r skal deyja af dreps\u00f3tt og ver\u00f0a hungurmor\u00f0a \u00ed \u00fe\u00e9r mi\u00f0ri, annar \u00feri\u00f0jungurinn skal fyrir sver\u00f0i falla umhverfis \u00feig, og s\u00ed\u00f0asta \u00feri\u00f0jungnum skal \u00e9g tv\u00edstra \u00ed allar \u00e1ttir, og \u00e9g mun vera \u00e1 h\u00e6lum \u00feeim me\u00f0 brug\u00f0nu sver\u00f0i.<a name=\"13\"><span class=\"versanumer\">13<\/span><\/a>Og \u00e9g skal \u00fathella allri rei\u00f0i minni og l\u00e1ta heift m\u00edna hv\u00edla yfir \u00feeim, og \u00e9g skal hefna m\u00edn. \u00deeir skulu \u00fe\u00e1 sanna, a\u00f0 \u00e9g, Drottinn, hefi tala\u00f0 \u00feetta \u00ed afbr\u00fd\u00f0i minni, \u00fe\u00e1 er \u00e9g n\u00e6 a\u00f0 \u00fathella heift minni yfir \u00fe\u00e1.<a name=\"14\"><span class=\"versanumer\">14<\/span><\/a>Og \u00e9g skal gj\u00f6ra \u00feig a\u00f0 au\u00f0n og a\u00f0 h\u00e1\u00f0ung me\u00f0al \u00fej\u00f3\u00f0anna, sem umhverfis \u00feig b\u00faa, j\u00e1, \u00ed augum allra, sem fram hj\u00e1 ganga.<a name=\"15\"><span class=\"versanumer\">15<\/span><\/a>Og \u00fe\u00fa skalt ver\u00f0a a\u00f0 h\u00e1\u00f0ung og spotti, til vi\u00f0v\u00f6runar og skelfingar \u00fej\u00f3\u00f0unum, sem umhverfis \u00feig b\u00faa, \u00fe\u00e1 er \u00e9g \u00ed rei\u00f0i og heift l\u00e6t d\u00f3ma yfir \u00feig ganga og me\u00f0 \u00e1k\u00f6fum refsingum. \u00c9g, Drottinn, hefi tala\u00f0 \u00fea\u00f0.<a name=\"16\"><span class=\"versanumer\">16<\/span><\/a>\u00deegar \u00e9g hleypi \u00e1 \u00fe\u00e1 hungursins sk\u00e6\u00f0u og ey\u00f0ileggjandi \u00f6rvum, \u00fe\u00e6r er \u00e9g mun senda y\u00f0ur til a\u00f0 tort\u00edma y\u00f0ur, og \u00e9g magna hungri\u00f0 me\u00f0al y\u00f0ar, \u00fe\u00e1 mun \u00e9g sundurbrj\u00f3ta staf brau\u00f0sins fyrir y\u00f0ur<a name=\"17\"><span class=\"versanumer\">17<\/span><\/a>og senda \u00ed m\u00f3ti y\u00f0ur hungur og \u00f3argad\u00fdr til \u00feess a\u00f0 gj\u00f6ra y\u00f0ur barnlausa, og dreps\u00f3tt og bl\u00f3\u00f0s\u00fathelling skal geisa hj\u00e1 \u00fe\u00e9r, og \u00e9g skal hafa sver\u00f0i\u00f0 \u00e1 lofti yfir \u00fe\u00e9r. \u00c9g, Drottinn, hefi tala\u00f0 \u00fea\u00f0.<\/p>\n<div class=\"footnote1981\"><b>5.3<\/b> F\u00e1einum ver\u00f0ur hl\u00edft Jes 4.3<br \/>\n<b>5.7<\/b> \u00derj\u00f3skari en \u00fej\u00f3\u00f0irnar Jer 18.13-15; sbr Esk 23.11+<br \/>\n<b>5.10<\/b> Eta hver annan Hlj 2.20 \u2013 dreifa 5M\u00f3s 28.64; Jer 8.3<br \/>\n<b>5.11<\/b> Enginn me\u00f0aumkun Jes 9.16; Jer 13.14; H\u00f3s 1.6<br \/>\n<b>5.12<\/b> Dreps\u00f3tt, hungur og sver\u00f0 Esk 5.17; 6.11-12; 7.15; 12.16; 14.21; 5M\u00f3s 28.15-45; Jer 14.12; 24.10<br \/>\n<b>5.13<\/b> Kannast vi\u00f0 Drottin Esk 6.7,10,14; 7.4,9,27; 11.10,12; 12.15,16,20; 13.9 o.fl. ; 2M\u00f3s 7.5; 14.4,18; Jes 49.26; Jer 16.21; sbr Esk 20.42+ &#8211; Gu\u00f0 hefnir s\u00edn 2M\u00f3s 20.5; 5M\u00f3s 4.24; 6.15<\/div>\n","protected":false},"excerpt":{"rendered":"<p>1\u00de\u00fa, mannsson, tak \u00fe\u00e9r hvasst sver\u00f0. Skalt \u00fe\u00fa hafa \u00fea\u00f0 fyrir rakhn\u00edf og l\u00e1t \u00fea\u00f0 ganga um h\u00f6fu\u00f0 \u00feitt og vanga. Tak s\u00ed\u00f0an vog og skipt h\u00e1rinu \u00ed sundur.2Einn \u00feri\u00f0junginn skalt \u00fe\u00fa \u00ed eldi brenna \u00ed mi\u00f0ri borginni, \u00fe\u00e1 er ums\u00e1tursdagarnir eru li\u00f0nir, annan \u00feri\u00f0junginn skalt \u00fe\u00fa taka og sl\u00e1 me\u00f0 sver\u00f0i hringinn \u00ed kringum hann, og s\u00ed\u00f0asta \u00feri\u00f0jungnum skalt \u00fe\u00fa dreifa \u00fat \u00ed vindinn, og \u00e9g mun vera \u00e1 h\u00e6lum \u00feeim me\u00f0 brug\u00f0nu sver\u00f0i.3\u00dev\u00ed n\u00e6st skalt \u00fe\u00fa taka f\u00e1ein h\u00e1r og binda \u00feau \u00ed skikkjulaf \u00feitt.4Og af \u00feeim skalt \u00fe\u00fa enn taka nokkur og kasta \u00feeim \u00e1 eld og <a href=\"https:\/\/biblian.is\/1981\/esekiel-5-kafli\/\"> [&#8230;]<\/a><\/p>\n","protected":false},"author":1,"featured_media":0,"parent":0,"menu_order":0,"comment_status":"open","ping_status":"open","template":"bibliukaflar.php","meta":{"footnotes":""},"class_list":["post-2154","page","type-page","status-publish","hentry"],"_links":{"self":[{"href":"https:\/\/biblian.is\/1981\/wp-json\/wp\/v2\/pages\/2154","targetHints":{"allow":["GET"]}}],"collection":[{"href":"https:\/\/biblian.is\/1981\/wp-json\/wp\/v2\/pages"}],"about":[{"href":"https:\/\/biblian.is\/1981\/wp-json\/wp\/v2\/types\/page"}],"author":[{"embeddable":true,"href":"https:\/\/biblian.is\/1981\/wp-json\/wp\/v2\/users\/1"}],"replies":[{"embeddable":true,"href":"https:\/\/biblian.is\/1981\/wp-json\/wp\/v2\/comments?post=2154"}],"version-history":[{"count":0,"href":"https:\/\/biblian.is\/1981\/wp-json\/wp\/v2\/pages\/2154\/revisions"}],"wp:attachment":[{"href":"https:\/\/biblian.is\/1981\/wp-json\/wp\/v2\/media?parent=2154"}],"curies":[{"name":"wp","href":"https:\/\/api.w.org\/{rel}","templated":true}]}}