{"id":2153,"date":"2017-11-18T20:20:27","date_gmt":"2017-11-18T20:20:27","guid":{"rendered":"http:\/\/biblian.is\/1981\/esekiel-4-kafli\/"},"modified":"2021-06-06T10:50:55","modified_gmt":"2021-06-06T10:50:55","slug":"esekiel-4-kafli","status":"publish","type":"page","link":"https:\/\/biblian.is\/1981\/esekiel-4-kafli\/","title":{"rendered":"Esek\u00edel 4. kafli"},"content":{"rendered":"<p><a name=\"1\"><span class=\"versanumer\">1<\/span><\/a>\u00de\u00fa mannsson, tak \u00fe\u00e9r tigulstein, legg hann fyrir framan \u00feig og drag \u00fear upp borg, sem s\u00e9 Jer\u00fasalem.<a name=\"2\"><span class=\"versanumer\">2<\/span><\/a>Og reis \u00fe\u00fa hervirki gegn henni og hla\u00f0 v\u00edggar\u00f0 gegn henni. Hleyp upp jar\u00f0hrygg gegn henni, skipa hersetuli\u00f0i um hana og set v\u00edghr\u00fata umhverfis hana.<a name=\"3\"><span class=\"versanumer\">3<\/span><\/a>Og tak \u00fe\u00e9r j\u00e1rnpl\u00f6tu og set hana sem j\u00e1rnvegg milli \u00fe\u00edn og borgarinnar. Sn\u00fa \u00fev\u00ed n\u00e6st andliti \u00fe\u00ednu gegn henni, svo a\u00f0 h\u00fan komist undir hersetu og \u00fe\u00fa sitjir um hana. \u00deetta skal vera \u00cdsraelsm\u00f6nnum t\u00e1kn.<a name=\"4\"><span class=\"versanumer\">4<\/span><\/a>En legg \u00fe\u00fa \u00feig \u00e1 vinstri hli\u00f0ina og tak \u00e1 \u00feig misgj\u00f6r\u00f0 \u00cdsraels h\u00fass. Alla \u00fe\u00e1 daga, er \u00fe\u00fa liggur \u00e1 henni, skalt \u00fe\u00fa bera misgj\u00f6r\u00f0 \u00feeirra.<a name=\"5\"><span class=\"versanumer\">5<\/span><\/a>Og tel \u00e9g \u00fe\u00e9r misgj\u00f6r\u00f0ar\u00e1r \u00feeirra til jafnmargra daga, \u00ferj\u00fahundru\u00f0 og n\u00edut\u00edu daga, og \u00feannig skalt \u00fe\u00fa bera misgj\u00f6r\u00f0 \u00cdsraels h\u00fass.<a name=\"6\"><span class=\"versanumer\">6<\/span><\/a>Og \u00feegar \u00fe\u00fa hefir fullna\u00f0 \u00feessa daga, \u00fe\u00e1 skalt \u00fe\u00fa leggjast \u00e1 h\u00e6gri hli\u00f0ina hi\u00f0 anna\u00f0 sinn og bera misgj\u00f6r\u00f0 J\u00fada h\u00fass, fj\u00f6rut\u00edu daga. Tel \u00e9g \u00fe\u00e9r dag fyrir \u00e1r hvert.<a name=\"7\"><span class=\"versanumer\">7<\/span><\/a>Og \u00fe\u00fa skalt sn\u00faa andliti \u00fe\u00ednu og n\u00f6ktum armlegg \u00fe\u00ednum gegn ums\u00e1tri Jer\u00fasalem, og \u00fe\u00fa skalt sp\u00e1 \u00ed gegn henni.<a name=\"8\"><span class=\"versanumer\">8<\/span><\/a>Og sj\u00e1, \u00e9g legg b\u00f6nd \u00e1 \u00feig, svo a\u00f0 \u00fe\u00fa skalt ekki n\u00e1 a\u00f0 sn\u00faa \u00fe\u00e9r af einni hli\u00f0 \u00e1 a\u00f0ra, uns \u00fe\u00fa hefir af loki\u00f0 ums\u00e1tursd\u00f6gum \u00fe\u00ednum.<a name=\"9\"><span class=\"versanumer\">9<\/span><\/a>En tak \u00fe\u00e9r hveiti, bygg, baunir, linsubaunir, hirsi og speldi. L\u00e1t \u00fea\u00f0 allt \u00ed eitt ker og gj\u00f6r \u00fe\u00e9r brau\u00f0 af. Skalt \u00fe\u00fa hafa \u00fea\u00f0 til matar allan \u00feann t\u00edma, er \u00fe\u00fa liggur \u00e1 hli\u00f0inni.<a name=\"10\"><span class=\"versanumer\">10<\/span><\/a>Og vega skal \u00fe\u00e9r mat \u00feinn, \u00feann er \u00fe\u00fa neytir, tuttugu sikla \u00e1 dag. Skalt \u00fe\u00fa neyta hans \u00e1 \u00e1kve\u00f0num t\u00edma einu sinni \u00e1 dag.<a name=\"11\"><span class=\"versanumer\">11<\/span><\/a>M\u00e6la skal \u00fe\u00e9r og vatn a\u00f0 drekka, sj\u00f6ttung h\u00ednar \u00ed hvert sinn. Skalt \u00fe\u00fa drekka \u00fea\u00f0 \u00e1 \u00e1kve\u00f0num t\u00edma einu sinni \u00e1 dag.<a name=\"12\"><span class=\"versanumer\">12<\/span><\/a>Skalt \u00fe\u00fa eta \u00fea\u00f0 sem byggk\u00f6kur, og \u00fe\u00e6r skaltu baka vi\u00f0 manna\u00ferekk fyrir augum \u00feeirra.<a name=\"13\"><span class=\"versanumer\">13<\/span><\/a>Og Drottinn sag\u00f0i: Svo munu \u00cdsraelsmenn eta brau\u00f0 sitt \u00f3hreint hj\u00e1 \u00fej\u00f3\u00f0um \u00feeim, er \u00e9g rek \u00fe\u00e1 til.<a name=\"14\"><span class=\"versanumer\">14<\/span><\/a>\u00de\u00e1 sag\u00f0i \u00e9g: \u00c6, Drottinn Gu\u00f0! Sj\u00e1, \u00e9g hefi aldrei saurga\u00f0 mig, og allt \u00ed fr\u00e1 barn\u00e6sku minni og fram \u00e1 \u00feennan dag hefi \u00e9g aldrei eti\u00f0 \u00fea\u00f0, er sj\u00e1lfdautt v\u00e6ri e\u00f0a d\u00fdrrifi\u00f0, og \u00f3hreint kj\u00f6t hefi \u00e9g aldrei lagt m\u00e9r til munns.<a name=\"15\"><span class=\"versanumer\">15<\/span><\/a>\u00de\u00e1 sag\u00f0i hann vi\u00f0 mig: Sj\u00e1 \u00fe\u00fa, \u00e9g leyfi \u00fe\u00e9r a\u00f0 hafa nautata\u00f0 \u00ed sta\u00f0 manna\u00ferekks. Vi\u00f0 \u00fea\u00f0 skalt \u00fe\u00fa gj\u00f6ra brau\u00f0 \u00feitt.<a name=\"16\"><span class=\"versanumer\">16<\/span><\/a>Og hann sag\u00f0i vi\u00f0 mig: \u00de\u00fa mannsson, sj\u00e1, \u00e9g br\u00fdt sundur staf brau\u00f0sins \u00ed Jer\u00fasalem, og \u00feeir skulu eta brau\u00f0i\u00f0 eftir skammti og me\u00f0 angist, og vatni\u00f0 skulu \u00feeir drekka eftir m\u00e6li og me\u00f0 skelfingu,<a name=\"17\"><span class=\"versanumer\">17<\/span><\/a>til \u00feess a\u00f0 \u00fe\u00e1 skorti brau\u00f0 og vatn og \u00feeir skelfist hver me\u00f0 \u00f6\u00f0rum og veslist upp vegna misgj\u00f6r\u00f0ar sinnar.<\/p>\n<div class=\"footnote1981\"><b>4.6<\/b> Fj\u00f6rut\u00edu Esk 29.11; 1M\u00f3s 7.4; Matt 4.2<br \/>\n<b>4.14<\/b> \u00d3hrein f\u00e6\u00f0a 3M\u00f3s 17.15; Post 10.14<\/div>\n","protected":false},"excerpt":{"rendered":"<p>1\u00de\u00fa mannsson, tak \u00fe\u00e9r tigulstein, legg hann fyrir framan \u00feig og drag \u00fear upp borg, sem s\u00e9 Jer\u00fasalem.2Og reis \u00fe\u00fa hervirki gegn henni og hla\u00f0 v\u00edggar\u00f0 gegn henni. Hleyp upp jar\u00f0hrygg gegn henni, skipa hersetuli\u00f0i um hana og set v\u00edghr\u00fata umhverfis hana.3Og tak \u00fe\u00e9r j\u00e1rnpl\u00f6tu og set hana sem j\u00e1rnvegg milli \u00fe\u00edn og borgarinnar. Sn\u00fa \u00fev\u00ed n\u00e6st andliti \u00fe\u00ednu gegn henni, svo a\u00f0 h\u00fan komist undir hersetu og \u00fe\u00fa sitjir um hana. \u00deetta skal vera \u00cdsraelsm\u00f6nnum t\u00e1kn.4En legg \u00fe\u00fa \u00feig \u00e1 vinstri hli\u00f0ina og tak \u00e1 \u00feig misgj\u00f6r\u00f0 \u00cdsraels h\u00fass. Alla \u00fe\u00e1 daga, er \u00fe\u00fa liggur \u00e1 henni, skalt \u00fe\u00fa <a href=\"https:\/\/biblian.is\/1981\/esekiel-4-kafli\/\"> [&#8230;]<\/a><\/p>\n","protected":false},"author":1,"featured_media":0,"parent":0,"menu_order":0,"comment_status":"open","ping_status":"open","template":"bibliukaflar.php","meta":{"footnotes":""},"class_list":["post-2153","page","type-page","status-publish","hentry"],"_links":{"self":[{"href":"https:\/\/biblian.is\/1981\/wp-json\/wp\/v2\/pages\/2153","targetHints":{"allow":["GET"]}}],"collection":[{"href":"https:\/\/biblian.is\/1981\/wp-json\/wp\/v2\/pages"}],"about":[{"href":"https:\/\/biblian.is\/1981\/wp-json\/wp\/v2\/types\/page"}],"author":[{"embeddable":true,"href":"https:\/\/biblian.is\/1981\/wp-json\/wp\/v2\/users\/1"}],"replies":[{"embeddable":true,"href":"https:\/\/biblian.is\/1981\/wp-json\/wp\/v2\/comments?post=2153"}],"version-history":[{"count":0,"href":"https:\/\/biblian.is\/1981\/wp-json\/wp\/v2\/pages\/2153\/revisions"}],"wp:attachment":[{"href":"https:\/\/biblian.is\/1981\/wp-json\/wp\/v2\/media?parent=2153"}],"curies":[{"name":"wp","href":"https:\/\/api.w.org\/{rel}","templated":true}]}}