{"id":2152,"date":"2017-11-18T20:20:27","date_gmt":"2017-11-18T20:20:27","guid":{"rendered":"http:\/\/biblian.is\/1981\/esekiel-3-kafli\/"},"modified":"2021-06-06T10:50:51","modified_gmt":"2021-06-06T10:50:51","slug":"esekiel-3-kafli","status":"publish","type":"page","link":"https:\/\/biblian.is\/1981\/esekiel-3-kafli\/","title":{"rendered":"Esek\u00edel 3. kafli"},"content":{"rendered":"<p><a name=\"1\"><span class=\"versanumer\">1<\/span><\/a>Og hann sag\u00f0i vi\u00f0 mig: Mannsson, et b\u00f3krollu \u00feessa, far s\u00ed\u00f0an og tala til \u00cdsraelsmanna!<a name=\"2\"><span class=\"versanumer\">2<\/span><\/a>\u00de\u00e1 upplauk \u00e9g munni m\u00ednum, en hann f\u00e9kk m\u00e9r b\u00f3krolluna a\u00f0 eta<a name=\"3\"><span class=\"versanumer\">3<\/span><\/a>og sag\u00f0i vi\u00f0 mig: \u00de\u00fa mannsson, \u00fe\u00fa skalt renna henni ni\u00f0ur \u00ed magann og fylla kvi\u00f0 \u00feinn me\u00f0 b\u00f3krollu \u00feeirri, er \u00e9g f\u00e6 \u00fe\u00e9r. Og \u00e9g \u00e1t hana og var h\u00fan \u00ed munni m\u00e9r s\u00e6t sem hunang.<a name=\"4\"><span class=\"versanumer\">4<\/span><\/a>\u00de\u00e1 sag\u00f0i hann vi\u00f0 mig: \u00de\u00fa mannsson, far n\u00fa til \u00cdsraelsmanna og tala m\u00ednum or\u00f0um til \u00feeirra.<a name=\"5\"><span class=\"versanumer\">5<\/span><\/a>\u00dev\u00ed a\u00f0 \u00fe\u00fa ert ekki sendur til f\u00f3lks, er m\u00e6li \u00e1 torskilda tungu,<a name=\"6\"><span class=\"versanumer\">6<\/span><\/a>eigi til margra \u00fej\u00f3\u00f0a, er \u00fe\u00fa skilur eigi, heldur hefi \u00e9g sent \u00feig til \u00cdsraelsmanna. \u00deeir geta skili\u00f0 \u00feig.<a name=\"7\"><span class=\"versanumer\">7<\/span><\/a>En \u00cdsraelsmenn munu eigi vilja hl\u00fd\u00f0a \u00e1 \u00feig, \u00fev\u00ed a\u00f0 \u00feeir vilja eigi hl\u00fd\u00f0a \u00e1 mig, \u00fev\u00ed a\u00f0 allir \u00cdsraelsmenn hafa h\u00f6r\u00f0 enni og \u00fever\u00fa\u00f0arfull hj\u00f6rtu.<a name=\"8\"><span class=\"versanumer\">8<\/span><\/a>Sj\u00e1, \u00e9g gj\u00f6ri andlit \u00feitt hart, eins og andlit \u00feeirra, og enni \u00feitt hart, eins og enni \u00feeirra,<a name=\"9\"><span class=\"versanumer\">9<\/span><\/a>\u00e9g gj\u00f6ri enni \u00feitt sem demant, har\u00f0ara en klett. \u00de\u00fa skalt eigi \u00f3ttast \u00fe\u00e1, n\u00e9 skelfast fyrir augliti \u00feeirra, \u00fev\u00ed a\u00f0 \u00feeir eru \u00fever\u00fa\u00f0ug kynsl\u00f3\u00f0.<a name=\"10\"><span class=\"versanumer\">10<\/span><\/a>Og hann sag\u00f0i vi\u00f0 mig: \u00de\u00fa mannsson, hugfest \u00fe\u00e9r \u00f6ll or\u00f0 m\u00edn, \u00feau er \u00e9g til \u00fe\u00edn tala, og l\u00e1t \u00feau \u00fe\u00e9r \u00ed eyrum lo\u00f0a.<a name=\"11\"><span class=\"versanumer\">11<\/span><\/a>Far s\u00ed\u00f0an til hinna herleiddu, til samlanda \u00feinna, og tala til \u00feeirra og seg vi\u00f0 \u00fe\u00e1: Svo segir Drottinn Gu\u00f0! hvort sem \u00feeir svo hl\u00fd\u00f0a \u00e1 \u00fea\u00f0 e\u00f0a gefa \u00fev\u00ed engan gaum.<a name=\"12\"><span class=\"versanumer\">12<\/span><\/a>\u00de\u00e1 h\u00f3f andinn mig upp, en a\u00f0 baki m\u00e9r heyr\u00f0i \u00e9g dunur af miklum landskj\u00e1lfta, er d\u00fdr\u00f0 Drottins h\u00f3fst upp af sta\u00f0 s\u00ednum,<a name=\"13\"><span class=\"versanumer\">13<\/span><\/a>svo og \u00feyt af v\u00e6ngjum veranna, er snertu hver a\u00f0ra, og hark fr\u00e1 hj\u00f3lunum samt\u00edmis og dunur af miklum landskj\u00e1lfta.<a name=\"14\"><span class=\"versanumer\">14<\/span><\/a>Og andinn h\u00f3f mig upp og hreif mig burt, og \u00e9g h\u00e9lt af sta\u00f0 hryggur og \u00ed mikilli ge\u00f0shr\u00e6ring, og h\u00f6nd Drottins l\u00e1 \u00feungt \u00e1 m\u00e9r.<a name=\"15\"><span class=\"versanumer\">15<\/span><\/a>Og \u00e9g kom til hinna herleiddu \u00ed Tel Ab\u00edb vi\u00f0 Kebarflj\u00f3ti\u00f0, \u00fear er \u00feeir bjuggu, og \u00e9g sat \u00fear sj\u00f6 daga utan vi\u00f0 mig me\u00f0al \u00feeirra.<a name=\"16\"><span class=\"versanumer\">16<\/span><\/a>A\u00f0 li\u00f0num sj\u00f6 d\u00f6gum kom or\u00f0 Drottins til m\u00edn, svohlj\u00f3\u00f0andi:<a name=\"17\"><span class=\"versanumer\">17<\/span><\/a>Mannsson, \u00e9g hefi skipa\u00f0 \u00feig var\u00f0mann yfir \u00cdsrael. \u00deegar \u00fe\u00fa heyrir or\u00f0 af m\u00ednum munni, skalt \u00fe\u00fa vara \u00fe\u00e1 vi\u00f0 \u00ed m\u00ednu nafni.<a name=\"18\"><span class=\"versanumer\">18<\/span><\/a>Ef \u00e9g segi vi\u00f0 hinn \u00f3gu\u00f0lega: \u00de\u00fa skalt deyja! og \u00fe\u00fa varar hann ekki vi\u00f0 og segir ekkert til \u00feess a\u00f0 vara hinn \u00f3gu\u00f0lega vi\u00f0 \u00f3gu\u00f0legri breytni hans, til \u00feess a\u00f0 bjarga l\u00edfi hans, \u00fe\u00e1 mun hinn \u00f3gu\u00f0legi a\u00f0 v\u00edsu deyja fyrir misgj\u00f6r\u00f0 s\u00edna, en bl\u00f3\u00f0s hans mun \u00e9g krefja af \u00feinni hendi.<a name=\"19\"><span class=\"versanumer\">19<\/span><\/a>En varir \u00fe\u00fa hinn \u00f3gu\u00f0lega vi\u00f0 og sn\u00fai hann s\u00e9r \u00fe\u00f3 ekki fr\u00e1 gu\u00f0leysi s\u00ednu og \u00f3gu\u00f0legri breytni sinni, \u00fe\u00e1 mun hann deyja fyrir misgj\u00f6r\u00f0 s\u00edna, en \u00fe\u00e1 hefir \u00fe\u00fa frelsa\u00f0 s\u00e1l \u00fe\u00edna.<a name=\"20\"><span class=\"versanumer\">20<\/span><\/a>Ef hins vegar r\u00e1\u00f0vandur ma\u00f0ur sn\u00fdr s\u00e9r fr\u00e1 r\u00e1\u00f0vendni sinni og fremur rangl\u00e6ti, og \u00e9g legg f\u00f3takefli fyrir hann, svo a\u00f0 hann deyr, hafir \u00fe\u00fa \u00fe\u00e1 eigi vara\u00f0 hann vi\u00f0, \u00fe\u00e1 mun hann deyja fyrir synd s\u00edna, og r\u00e1\u00f0vendni s\u00fa, er hann haf\u00f0i s\u00fdnt, eigi til \u00e1lita koma, en bl\u00f3\u00f0s hans mun \u00e9g krefja af \u00feinni hendi.<a name=\"21\"><span class=\"versanumer\">21<\/span><\/a>En varir \u00fe\u00fa hinn r\u00e1\u00f0vanda vi\u00f0 syndinni, og hann, hinn r\u00e1\u00f0vandi, syndgar \u00fe\u00e1 ekki, \u00fe\u00e1 mun hann l\u00edfi halda, af \u00fev\u00ed a\u00f0 hann var vara\u00f0ur vi\u00f0, og hefir \u00fe\u00fa \u00fe\u00e1 frelsa\u00f0 s\u00e1l \u00fe\u00edna.<a name=\"22\"><span class=\"versanumer\">22<\/span><\/a>H\u00f6nd Drottins kom \u00fear yfir mig, og hann sag\u00f0i vi\u00f0 mig: Statt upp, gakk ofan \u00ed dalinn, \u00fear vil \u00e9g tala vi\u00f0 \u00feig.<a name=\"23\"><span class=\"versanumer\">23<\/span><\/a>\u00de\u00e1 st\u00f3\u00f0 \u00e9g upp og gekk ni\u00f0ur \u00ed dalinn, og sj\u00e1, \u00fear st\u00f3\u00f0 d\u00fdr\u00f0 Drottins, s\u00fa hin sama, er \u00e9g haf\u00f0i s\u00e9\u00f0 vi\u00f0 Kebarflj\u00f3ti\u00f0. \u00de\u00e1 f\u00e9ll \u00e9g fram \u00e1 \u00e1sj\u00f3nu m\u00edna.<a name=\"24\"><span class=\"versanumer\">24<\/span><\/a>Og \u00ed mig kom andi, sem reisti mig \u00e1 f\u00e6tur, og hann tala\u00f0i til m\u00edn og sag\u00f0i vi\u00f0 mig: Far og loka \u00feig inni \u00ed h\u00fasi \u00fe\u00ednu.<a name=\"25\"><span class=\"versanumer\">25<\/span><\/a>Og sj\u00e1, \u00fe\u00fa mannsson, menn munu leggja b\u00f6nd \u00e1 \u00feig og fj\u00f6tra \u00feig me\u00f0 \u00feeim, til \u00feess a\u00f0 \u00fe\u00fa getir eigi gengi\u00f0 \u00fat og inn me\u00f0al \u00feeirra.<a name=\"26\"><span class=\"versanumer\">26<\/span><\/a>Og tungu \u00fe\u00edna mun \u00e9g l\u00e1ta lo\u00f0a vi\u00f0 g\u00f3m \u00fe\u00e9r, svo a\u00f0 \u00fe\u00fa ver\u00f0ir or\u00f0laus og n\u00e1ir ekki a\u00f0 hirta \u00fe\u00e1 me\u00f0 a\u00f0finningum, \u00fev\u00ed a\u00f0 \u00feeir eru \u00fever\u00fa\u00f0ug kynsl\u00f3\u00f0.<a name=\"27\"><span class=\"versanumer\">27<\/span><\/a>En \u00feegar \u00e9g tala vi\u00f0 \u00feig, mun \u00e9g lj\u00faka upp munni \u00fe\u00ednum, og \u00fe\u00fa skalt segja vi\u00f0 \u00fe\u00e1: Svo segir Drottinn Gu\u00f0! Hver sem heyra vill, hann heyri, og hver sem ekki vill gefa \u00fev\u00ed gaum, hann lei\u00f0i \u00fea\u00f0 hj\u00e1 s\u00e9r, \u00fev\u00ed a\u00f0 \u00feeir eru \u00fever\u00fa\u00f0ug kynsl\u00f3\u00f0.<\/p>\n<div class=\"footnote1981\"><b>3.8<\/b> Hart andlit Jes 50.7<br \/>\n<b>3.12<\/b> Mikill jar\u00f0skj\u00e1lfti Jes 6.3-4; Slm 29.8<br \/>\n<b>3.14<\/b> Borinn burt af andanum Esk 8.3; 43.5<br \/>\n<b>3.17<\/b> V\u00f6r\u00f0ur Esk 33.1-9; Jes 21.6-8<br \/>\n<b>3.20<\/b> R\u00e9ttl\u00e6ti, rangl\u00e6ti Esk 18.24; 2P\u00e9t 2.21<\/div>\n","protected":false},"excerpt":{"rendered":"<p>1Og hann sag\u00f0i vi\u00f0 mig: Mannsson, et b\u00f3krollu \u00feessa, far s\u00ed\u00f0an og tala til \u00cdsraelsmanna!2\u00de\u00e1 upplauk \u00e9g munni m\u00ednum, en hann f\u00e9kk m\u00e9r b\u00f3krolluna a\u00f0 eta3og sag\u00f0i vi\u00f0 mig: \u00de\u00fa mannsson, \u00fe\u00fa skalt renna henni ni\u00f0ur \u00ed magann og fylla kvi\u00f0 \u00feinn me\u00f0 b\u00f3krollu \u00feeirri, er \u00e9g f\u00e6 \u00fe\u00e9r. Og \u00e9g \u00e1t hana og var h\u00fan \u00ed munni m\u00e9r s\u00e6t sem hunang.4\u00de\u00e1 sag\u00f0i hann vi\u00f0 mig: \u00de\u00fa mannsson, far n\u00fa til \u00cdsraelsmanna og tala m\u00ednum or\u00f0um til \u00feeirra.5\u00dev\u00ed a\u00f0 \u00fe\u00fa ert ekki sendur til f\u00f3lks, er m\u00e6li \u00e1 torskilda tungu,6eigi til margra \u00fej\u00f3\u00f0a, er \u00fe\u00fa skilur eigi, heldur hefi \u00e9g <a href=\"https:\/\/biblian.is\/1981\/esekiel-3-kafli\/\"> [&#8230;]<\/a><\/p>\n","protected":false},"author":1,"featured_media":0,"parent":0,"menu_order":0,"comment_status":"open","ping_status":"open","template":"bibliukaflar.php","meta":{"footnotes":""},"class_list":["post-2152","page","type-page","status-publish","hentry"],"_links":{"self":[{"href":"https:\/\/biblian.is\/1981\/wp-json\/wp\/v2\/pages\/2152","targetHints":{"allow":["GET"]}}],"collection":[{"href":"https:\/\/biblian.is\/1981\/wp-json\/wp\/v2\/pages"}],"about":[{"href":"https:\/\/biblian.is\/1981\/wp-json\/wp\/v2\/types\/page"}],"author":[{"embeddable":true,"href":"https:\/\/biblian.is\/1981\/wp-json\/wp\/v2\/users\/1"}],"replies":[{"embeddable":true,"href":"https:\/\/biblian.is\/1981\/wp-json\/wp\/v2\/comments?post=2152"}],"version-history":[{"count":0,"href":"https:\/\/biblian.is\/1981\/wp-json\/wp\/v2\/pages\/2152\/revisions"}],"wp:attachment":[{"href":"https:\/\/biblian.is\/1981\/wp-json\/wp\/v2\/media?parent=2152"}],"curies":[{"name":"wp","href":"https:\/\/api.w.org\/{rel}","templated":true}]}}