{"id":2151,"date":"2017-11-18T20:20:27","date_gmt":"2017-11-18T20:20:27","guid":{"rendered":"http:\/\/biblian.is\/1981\/esekiel-2-kafli\/"},"modified":"2021-06-06T10:50:48","modified_gmt":"2021-06-06T10:50:48","slug":"esekiel-2-kafli","status":"publish","type":"page","link":"https:\/\/biblian.is\/1981\/esekiel-2-kafli\/","title":{"rendered":"Esek\u00edel 2. kafli"},"content":{"rendered":"<p><a name=\"1\"><span class=\"versanumer\">1<\/span><\/a>Hann sag\u00f0i vi\u00f0 mig: \u00de\u00fa mannsson, statt \u00e1 f\u00e6tur, a\u00f0 \u00e9g megi tala vi\u00f0 \u00feig.<a name=\"2\"><span class=\"versanumer\">2<\/span><\/a>\u00de\u00e1 kom andi \u00ed mig, er hann tala\u00f0i \u00feannig til m\u00edn, sem reisti mig \u00e1 f\u00e6tur, og \u00e9g heyr\u00f0i til \u00feess, er vi\u00f0 mig tala\u00f0i.<a name=\"3\"><span class=\"versanumer\">3<\/span><\/a>Og hann sag\u00f0i vi\u00f0 mig: \u00de\u00fa mannsson, \u00e9g \u00e6tla a\u00f0 senda \u00feig til \u00cdsraelsmanna, til hinna fr\u00e1horfnu, \u00feeirra er m\u00e9r hafa gj\u00f6rst fr\u00e1hverfir. \u00deeir og fe\u00f0ur \u00feeirra hafa rofi\u00f0 tr\u00fana vi\u00f0 mig allt fram \u00e1 \u00feennan dag.<a name=\"4\"><span class=\"versanumer\">4<\/span><\/a>\u00c9g sendi \u00feig til \u00feeirra, sem eru \u00ferj\u00f3skir \u00e1 svip og har\u00f0ir \u00ed hjarta, og \u00fe\u00fa skalt segja vi\u00f0 \u00fe\u00e1: Svo segir Drottinn Gu\u00f0!<a name=\"5\"><span class=\"versanumer\">5<\/span><\/a>Og hvort sem \u00feeir hl\u00fd\u00f0a \u00e1 \u00fea\u00f0 e\u00f0a gefa \u00fev\u00ed engan gaum \u00fev\u00ed a\u00f0 \u00feeir eru \u00fever\u00fa\u00f0ug kynsl\u00f3\u00f0 \u00fe\u00e1 skulu \u00feeir vita, a\u00f0 sp\u00e1ma\u00f0ur er \u00e1 me\u00f0al \u00feeirra.<a name=\"6\"><span class=\"versanumer\">6<\/span><\/a>En \u00fe\u00fa, mannsson, skalt ekki hr\u00e6\u00f0ast \u00fe\u00e1 og ekki \u00f3ttast or\u00f0 \u00feeirra, \u00fe\u00f3tt netlur og \u00feyrnar s\u00e9u hj\u00e1 \u00fe\u00e9r og \u00fe\u00f3tt \u00fe\u00fa b\u00fair me\u00f0al spor\u00f0dreka. Or\u00f0 \u00feeirra skalt \u00fe\u00fa ekki \u00f3ttast og ekki skelfast fyrir augliti \u00feeirra, \u00fev\u00ed a\u00f0 \u00feeir eru \u00fever\u00fa\u00f0ug kynsl\u00f3\u00f0.<a name=\"7\"><span class=\"versanumer\">7<\/span><\/a>Heldur skalt \u00fe\u00fa tala or\u00f0 m\u00edn til \u00feeirra, hvort sem \u00feeir hl\u00fd\u00f0a \u00e1 \u00feau e\u00f0a gefa \u00feeim engan gaum, \u00fev\u00ed a\u00f0 \u00feeir eru \u00fever\u00fa\u00f0in einber.<a name=\"8\"><span class=\"versanumer\">8<\/span><\/a>En \u00fe\u00fa, mannsson, heyr \u00fe\u00fa \u00fea\u00f0, er \u00e9g tala til \u00fe\u00edn! Ver \u00fe\u00fa eigi einber \u00fever\u00fa\u00f0, eins og hin \u00fever\u00fa\u00f0uga kynsl\u00f3\u00f0. L\u00fak upp munni \u00fe\u00ednum og et \u00fea\u00f0, er \u00e9g f\u00e6 \u00fe\u00e9r.<a name=\"9\"><span class=\"versanumer\">9<\/span><\/a>\u00c9g s\u00e1 \u00fe\u00e1, a\u00f0 h\u00f6nd var \u00fat r\u00e9tt m\u00f3ti m\u00e9r. \u00cd henni var b\u00f3krolla.<a name=\"10\"><span class=\"versanumer\">10<\/span><\/a>Og hann rakti hana sundur fyrir m\u00e9r, og var h\u00fan ritu\u00f0 b\u00e6\u00f0i utan og innan, og voru \u00e1 hana ritu\u00f0 harmlj\u00f3\u00f0, andv\u00f6rp og kveinstafir.<\/p>\n<div class=\"footnote1981\"><b>2.3<\/b> Fr\u00e1hvarf \u00cdsraelsmanna 2M\u00f3s 17.1-7; 4M\u00f3s 14.1-4<br \/>\n<b>2.6<\/b> \u00d3ttast ekki Esk 3.9; Jes 6.5-6; Jer 1.8<\/div>\n","protected":false},"excerpt":{"rendered":"<p>1Hann sag\u00f0i vi\u00f0 mig: \u00de\u00fa mannsson, statt \u00e1 f\u00e6tur, a\u00f0 \u00e9g megi tala vi\u00f0 \u00feig.2\u00de\u00e1 kom andi \u00ed mig, er hann tala\u00f0i \u00feannig til m\u00edn, sem reisti mig \u00e1 f\u00e6tur, og \u00e9g heyr\u00f0i til \u00feess, er vi\u00f0 mig tala\u00f0i.3Og hann sag\u00f0i vi\u00f0 mig: \u00de\u00fa mannsson, \u00e9g \u00e6tla a\u00f0 senda \u00feig til \u00cdsraelsmanna, til hinna fr\u00e1horfnu, \u00feeirra er m\u00e9r hafa gj\u00f6rst fr\u00e1hverfir. \u00deeir og fe\u00f0ur \u00feeirra hafa rofi\u00f0 tr\u00fana vi\u00f0 mig allt fram \u00e1 \u00feennan dag.4\u00c9g sendi \u00feig til \u00feeirra, sem eru \u00ferj\u00f3skir \u00e1 svip og har\u00f0ir \u00ed hjarta, og \u00fe\u00fa skalt segja vi\u00f0 \u00fe\u00e1: Svo segir Drottinn Gu\u00f0!5Og hvort sem <a href=\"https:\/\/biblian.is\/1981\/esekiel-2-kafli\/\"> [&#8230;]<\/a><\/p>\n","protected":false},"author":1,"featured_media":0,"parent":0,"menu_order":0,"comment_status":"open","ping_status":"open","template":"bibliukaflar.php","meta":{"footnotes":""},"class_list":["post-2151","page","type-page","status-publish","hentry"],"_links":{"self":[{"href":"https:\/\/biblian.is\/1981\/wp-json\/wp\/v2\/pages\/2151","targetHints":{"allow":["GET"]}}],"collection":[{"href":"https:\/\/biblian.is\/1981\/wp-json\/wp\/v2\/pages"}],"about":[{"href":"https:\/\/biblian.is\/1981\/wp-json\/wp\/v2\/types\/page"}],"author":[{"embeddable":true,"href":"https:\/\/biblian.is\/1981\/wp-json\/wp\/v2\/users\/1"}],"replies":[{"embeddable":true,"href":"https:\/\/biblian.is\/1981\/wp-json\/wp\/v2\/comments?post=2151"}],"version-history":[{"count":0,"href":"https:\/\/biblian.is\/1981\/wp-json\/wp\/v2\/pages\/2151\/revisions"}],"wp:attachment":[{"href":"https:\/\/biblian.is\/1981\/wp-json\/wp\/v2\/media?parent=2151"}],"curies":[{"name":"wp","href":"https:\/\/api.w.org\/{rel}","templated":true}]}}