{"id":2149,"date":"2017-11-18T20:20:27","date_gmt":"2017-11-18T20:20:27","guid":{"rendered":"http:\/\/biblian.is\/1981\/harmljodin-5-kafli\/"},"modified":"2017-11-18T20:20:27","modified_gmt":"2017-11-18T20:20:27","slug":"harmljodin-5-kafli","status":"publish","type":"page","link":"https:\/\/biblian.is\/1981\/harmljodin-5-kafli\/","title":{"rendered":"Harmlj\u00f3\u00f0in 5. kafli"},"content":{"rendered":"<p><a name=\"1\"><span class=\"versanumer\">1<\/span><\/a>Minnstu \u00feess, Drottinn, hva\u00f0 yfir oss hefir gengi\u00f0, l\u00edt \u00fe\u00fa \u00e1 og sj\u00e1 h\u00e1\u00f0ung vora.<a name=\"2\"><span class=\"versanumer\">2<\/span><\/a>Arfleif\u00f0 vor er komin \u00ed hendur annarra, h\u00fas vor \u00ed hendur \u00fatlendinga.<a name=\"3\"><span class=\"versanumer\">3<\/span><\/a>V\u00e9r erum or\u00f0nir muna\u00f0arleysingjar, f\u00f6\u00f0urlausir, m\u00e6\u00f0ur vorar or\u00f0nar sem ekkjur.<a name=\"4\"><span class=\"versanumer\">4<\/span><\/a>Vatni\u00f0 sem v\u00e9r drekkum, ver\u00f0um v\u00e9r a\u00f0 kaupa, vi\u00f0inn f\u00e1um v\u00e9r a\u00f0eins gegn borgun.<a name=\"5\"><span class=\"versanumer\">5<\/span><\/a>Ofs\u00e6kjendur vorir sitja \u00e1 h\u00e1lsi vorum, \u00fe\u00f3tt v\u00e9r s\u00e9um \u00fereyttir, f\u00e1um v\u00e9r enga hv\u00edld.<a name=\"6\"><span class=\"versanumer\">6<\/span><\/a>Til Egyptalands r\u00e9ttum v\u00e9r \u00fat h\u00f6ndina, til Ass\u00fdr\u00edu, til \u00feess a\u00f0 se\u00f0jast af mat.<a name=\"7\"><span class=\"versanumer\">7<\/span><\/a>Fe\u00f0ur vorir syndgu\u00f0u, \u00feeir eru eigi framar til, og v\u00e9r berum misgj\u00f6r\u00f0 \u00feeirra.<a name=\"8\"><span class=\"versanumer\">8<\/span><\/a>\u00der\u00e6lar drottna yfir oss, enginn hr\u00edfur oss \u00far h\u00f6ndum \u00feeirra.<a name=\"9\"><span class=\"versanumer\">9<\/span><\/a>Me\u00f0 l\u00edfsh\u00e1ska s\u00e6kjum v\u00e9r matbj\u00f6rg vora \u00ed ey\u00f0im\u00f6rkinni, \u00fear sem sver\u00f0i\u00f0 vofir yfir oss.<a name=\"10\"><span class=\"versanumer\">10<\/span><\/a>H\u00f6rund vort er or\u00f0i\u00f0 svart eins og ofn af hungurbruna.<a name=\"11\"><span class=\"versanumer\">11<\/span><\/a>Konur hafa \u00feeir sv\u00edvirt \u00ed S\u00edon, meyjar \u00ed J\u00fada-borgum.<a name=\"12\"><span class=\"versanumer\">12<\/span><\/a>H\u00f6f\u00f0ingja hengdu \u00feeir, \u00f6ldungnum s\u00fdndu \u00feeir enga vir\u00f0ingu.<a name=\"13\"><span class=\"versanumer\">13<\/span><\/a>\u00c6skumennirnir ur\u00f0u a\u00f0 \u00fer\u00e6la vi\u00f0 kv\u00f6rnina, og sveinarnir duttu undir vi\u00f0arbyr\u00f0unum.<a name=\"14\"><span class=\"versanumer\">14<\/span><\/a>\u00d6ldungarnir eru horfnir \u00far borgarhli\u00f0unum, \u00e6skumennirnir fr\u00e1 strengleikum.<a name=\"15\"><span class=\"versanumer\">15<\/span><\/a>F\u00f6gnu\u00f0ur hjarta vors er \u00ferotinn, gle\u00f0idans vor sn\u00fainn \u00ed sorg.<a name=\"16\"><span class=\"versanumer\">16<\/span><\/a>K\u00f3r\u00f3nan er fallin af h\u00f6f\u00f0i voru, vei oss, \u00fev\u00ed a\u00f0 v\u00e9r h\u00f6fum syndga\u00f0.<a name=\"17\"><span class=\"versanumer\">17<\/span><\/a>Af \u00fev\u00ed er hjarta vort sj\u00fakt or\u00f0i\u00f0, vegna \u00feess eru augu vor d\u00f6pur,<a name=\"18\"><span class=\"versanumer\">18<\/span><\/a>vegna S\u00edonarfjalls, sem er \u00ed ey\u00f0i og refir n\u00fa hlaupa um.<a name=\"19\"><span class=\"versanumer\">19<\/span><\/a>\u00de\u00fa, Drottinn, r\u00edkir a\u00f0 eil\u00edfu, \u00feitt h\u00e1s\u00e6ti stendur fr\u00e1 kyni til kyns.<a name=\"20\"><span class=\"versanumer\">20<\/span><\/a>Hv\u00ed vilt \u00fe\u00fa gleyma oss eil\u00edflega, yfirgefa oss um langan aldur?<a name=\"21\"><span class=\"versanumer\">21<\/span><\/a>Sn\u00fa \u00fe\u00fa oss til \u00fe\u00edn, Drottinn, \u00fe\u00e1 sn\u00faum v\u00e9r vi\u00f0, l\u00e1t \u00fe\u00fa daga vora aftur ver\u00f0a eins og for\u00f0um!<a name=\"22\"><span class=\"versanumer\">22<\/span><\/a>E\u00f0a hefir \u00fe\u00fa hafna\u00f0 oss fyrir fullt og allt, rei\u00f0st oss \u00far \u00f6llum m\u00e1ta?<\/p>\n<div class=\"footnote1981\"><b>5.1<\/b> Minnstu \u00feess D\u00f3m 16.28; 1Sam 1.11; 2Kon 20.3; Slm 89.51; 106.4; 137.7; L\u00fak 23.42 \u2013 l\u00edt og sj\u00e1 Hlj 1.9+ ; Jes 63.15<br \/>\n<b>5.2<\/b> Arflei\u00f0 vor \u00d3b 11; sbr Jes 60.5<br \/>\n<b>5.3<\/b> Muna\u00f0arlaus J\u00f3h 14.18 \u2013 ekkjur Slm 68.6<br \/>\n<b>5.4<\/b> Gegn borgun sbr Jes 55.1<br \/>\n<b>5.6<\/b> Ass\u00fdra, Egyptaland Hlj 4.17; Jer 2.18; H\u00f3s 12.2<br \/>\n<b>5.7<\/b> Syndir fe\u00f0ranna Jer 2.5; 7.25-26 \u2013 v\u00e9r berum \u00fe\u00e6r 2M\u00f3s 20.5; Jer 16.10-13; 31.29-30; Esk 18.2; sbr Jes 53.6<br \/>\n<b>5.9<\/b> H\u00e6tta l\u00edfinu 2Sam 23.17; 1Kro 11.19<br \/>\n<b>5.14<\/b> Borgarhli\u00f0in Rut 4.1,11<br \/>\n<b>5.16<\/b> Synd Hlj 1.18+<br \/>\n<b>5.17<\/b> Hjarta\u00f0 sj\u00fakt Hlj 1.13,20,22 \u2013 d\u00f6pur augu Hlj 4.14<br \/>\n<b>5.18<\/b> S\u00edon M\u00edk 3.12 \u2013 \u00ed ey\u00f0i Hlj 1.4,13,16; 3.11; 4.5 \u2013 refir hlaupa um Esk 13.4<br \/>\n<b>5.19<\/b> R\u00edkir a\u00f0 eil\u00edfu Slm 9.8+ &#8211; eil\u00edft h\u00e1s\u00e6ti Slm 146.10<br \/>\n<b>5.20<\/b> Hv\u00ed? Jer 14.8-9; Hab 1.13; Slm 10.1; 74.1 \u2013 gleyma Jes 49.14; Slm 42.10; 44.25 \u2013 yfirgefa Slm 22.2<br \/>\n<b>5.21<\/b> Sn\u00fa oss Jer 31.18 \u2013 sn\u00faa til Drottins Hlj 3.40+ ; Jes 44.22; H\u00f3s 2.9-10<br \/>\n<b>5.22<\/b> Hefur \u00fe\u00fa hafna\u00f0 oss? Jer 14.19; 33.24-26 \u2013 ert oss rei\u00f0ur? Jes 64.8<\/div>\n","protected":false},"excerpt":{"rendered":"<p>1Minnstu \u00feess, Drottinn, hva\u00f0 yfir oss hefir gengi\u00f0, l\u00edt \u00fe\u00fa \u00e1 og sj\u00e1 h\u00e1\u00f0ung vora.2Arfleif\u00f0 vor er komin \u00ed hendur annarra, h\u00fas vor \u00ed hendur \u00fatlendinga.3V\u00e9r erum or\u00f0nir muna\u00f0arleysingjar, f\u00f6\u00f0urlausir, m\u00e6\u00f0ur vorar or\u00f0nar sem ekkjur.4Vatni\u00f0 sem v\u00e9r drekkum, ver\u00f0um v\u00e9r a\u00f0 kaupa, vi\u00f0inn f\u00e1um v\u00e9r a\u00f0eins gegn borgun.5Ofs\u00e6kjendur vorir sitja \u00e1 h\u00e1lsi vorum, \u00fe\u00f3tt v\u00e9r s\u00e9um \u00fereyttir, f\u00e1um v\u00e9r enga hv\u00edld.6Til Egyptalands r\u00e9ttum v\u00e9r \u00fat h\u00f6ndina, til Ass\u00fdr\u00edu, til \u00feess a\u00f0 se\u00f0jast af mat.7Fe\u00f0ur vorir syndgu\u00f0u, \u00feeir eru eigi framar til, og v\u00e9r berum misgj\u00f6r\u00f0 \u00feeirra.8\u00der\u00e6lar drottna yfir oss, enginn hr\u00edfur oss \u00far h\u00f6ndum \u00feeirra.9Me\u00f0 l\u00edfsh\u00e1ska s\u00e6kjum v\u00e9r matbj\u00f6rg vora <a href=\"https:\/\/biblian.is\/1981\/harmljodin-5-kafli\/\"> [&#8230;]<\/a><\/p>\n","protected":false},"author":1,"featured_media":0,"parent":0,"menu_order":0,"comment_status":"open","ping_status":"open","template":"bibliukaflar.php","meta":{"footnotes":""},"class_list":["post-2149","page","type-page","status-publish","hentry"],"_links":{"self":[{"href":"https:\/\/biblian.is\/1981\/wp-json\/wp\/v2\/pages\/2149","targetHints":{"allow":["GET"]}}],"collection":[{"href":"https:\/\/biblian.is\/1981\/wp-json\/wp\/v2\/pages"}],"about":[{"href":"https:\/\/biblian.is\/1981\/wp-json\/wp\/v2\/types\/page"}],"author":[{"embeddable":true,"href":"https:\/\/biblian.is\/1981\/wp-json\/wp\/v2\/users\/1"}],"replies":[{"embeddable":true,"href":"https:\/\/biblian.is\/1981\/wp-json\/wp\/v2\/comments?post=2149"}],"version-history":[{"count":0,"href":"https:\/\/biblian.is\/1981\/wp-json\/wp\/v2\/pages\/2149\/revisions"}],"wp:attachment":[{"href":"https:\/\/biblian.is\/1981\/wp-json\/wp\/v2\/media?parent=2149"}],"curies":[{"name":"wp","href":"https:\/\/api.w.org\/{rel}","templated":true}]}}