{"id":2148,"date":"2017-11-18T20:20:27","date_gmt":"2017-11-18T20:20:27","guid":{"rendered":"http:\/\/biblian.is\/1981\/harmljodin-4-kafli\/"},"modified":"2017-11-18T20:20:27","modified_gmt":"2017-11-18T20:20:27","slug":"harmljodin-4-kafli","status":"publish","type":"page","link":"https:\/\/biblian.is\/1981\/harmljodin-4-kafli\/","title":{"rendered":"Harmlj\u00f3\u00f0in 4. kafli"},"content":{"rendered":"<p><a name=\"1\"><span class=\"versanumer\">1<\/span><\/a>\u00c6, hversu blakkt er gulli\u00f0 or\u00f0i\u00f0, umbreyttur m\u00e1lmurinn d\u00fdri, \u00e6, hversu var helgum steinum fleygt \u00fat \u00e1 \u00f6llum str\u00e6tam\u00f3tum.<a name=\"2\"><span class=\"versanumer\">2<\/span><\/a>S\u00edon-b\u00faar hinir d\u00fdrm\u00e6tu, jafnv\u00e6gir sk\u00edragulli, hversu voru \u00feeir metnir jafnt og leirker, jafnt og sm\u00ed\u00f0 \u00far pottara h\u00f6ndum.<a name=\"3\"><span class=\"versanumer\">3<\/span><\/a>Jafnvel sjakalarnir bj\u00f3\u00f0a j\u00fagri\u00f0 og gefa hvolpum s\u00ednum a\u00f0 sj\u00faga, en d\u00f3ttir \u00fej\u00f3\u00f0ar minnar er or\u00f0in har\u00f0brj\u00f3sta, eins og str\u00fatsfuglarnir \u00ed ey\u00f0im\u00f6rkinni.<a name=\"4\"><span class=\"versanumer\">4<\/span><\/a>Tunga brj\u00f3stmylkingsins loddi vi\u00f0 g\u00f3minn af \u00feorsta, b\u00f6rnin b\u00e1\u00f0u um brau\u00f0, en enginn mi\u00f0la\u00f0i \u00feeim neinu.<a name=\"5\"><span class=\"versanumer\">5<\/span><\/a>\u00deeir sem vanir hafa veri\u00f0 a\u00f0 eta kr\u00e1sir, \u00f6rmagnast n\u00fa \u00e1 str\u00e6tunum, \u00feeir sem bornir voru \u00e1 purpura, fa\u00f0ma n\u00fa mykjuhauga.<a name=\"6\"><span class=\"versanumer\">6<\/span><\/a>\u00dev\u00ed a\u00f0 misgj\u00f6r\u00f0 d\u00f3ttur \u00fej\u00f3\u00f0ar minnar var meiri en synd S\u00f3d\u00f3mu, sem umturna\u00f0 var svo a\u00f0 segja \u00e1 augabrag\u00f0i, \u00e1n \u00feess a\u00f0 manna hendur k\u00e6mu \u00fear n\u00e6rri.<a name=\"7\"><span class=\"versanumer\">7<\/span><\/a>H\u00f6f\u00f0ingjar hennar voru hreinni en mj\u00f6ll, hv\u00edtari en mj\u00f3lk, l\u00edkami \u00feeirra rau\u00f0ari en k\u00f3rallar, \u00e1s\u00fdnd \u00feeirra eins og saf\u00edr.<a name=\"8\"><span class=\"versanumer\">8<\/span><\/a>\u00datlit \u00feeirra er or\u00f0i\u00f0 blakkara en s\u00f3t, \u00feeir \u00feekkjast ekki \u00e1 str\u00e6tunum. Skinni\u00f0 \u00e1 \u00feeim er skorpi\u00f0 a\u00f0 beinum, \u00fea\u00f0 er \u00feorna\u00f0 eins og tr\u00e9.<a name=\"9\"><span class=\"versanumer\">9<\/span><\/a>S\u00e6lli voru \u00feeir er f\u00e9llu fyrir sver\u00f0i heldur en \u00feeir er f\u00e9llu fyrir hungri, \u00feeir er hnigu hungurmor\u00f0a, af \u00fev\u00ed a\u00f0 enginn var akurgr\u00f3\u00f0inn.<a name=\"10\"><span class=\"versanumer\">10<\/span><\/a>Vi\u00f0kv\u00e6mar konur su\u00f0u me\u00f0 eigin h\u00f6ndum b\u00f6rnin s\u00edn, \u00feau voru \u00feeim til n\u00e6ringar, \u00fe\u00e1 er d\u00f3ttir \u00fej\u00f3\u00f0ar minnar var eydd.<a name=\"11\"><span class=\"versanumer\">11<\/span><\/a>Drottinn t\u00e6mdi heift s\u00edna, \u00fathellti sinni brennandi rei\u00f0i og kveikti eld \u00ed S\u00edon, er eyddi henni til grunna.<a name=\"12\"><span class=\"versanumer\">12<\/span><\/a>Konungar jar\u00f0arinnar hef\u00f0u ekki tr\u00faa\u00f0 \u00fev\u00ed, n\u00e9 neinn af \u00edb\u00faum jar\u00f0r\u00edkis, a\u00f0 fjendur og \u00f3vinir mundu inn fara um hli\u00f0 Jer\u00fasalem.<a name=\"13\"><span class=\"versanumer\">13<\/span><\/a>Vegna synda sp\u00e1manna hennar, misgj\u00f6r\u00f0a presta hennar, er \u00fathelltu inni \u00ed henni bl\u00f3\u00f0i r\u00e9ttl\u00e1tra,<a name=\"14\"><span class=\"versanumer\">14<\/span><\/a>reika \u00feeir eins og blindir menn um str\u00e6tin, ata\u00f0ir bl\u00f3\u00f0i, svo a\u00f0 eigi m\u00e6ttu menn snerta kl\u00e6\u00f0i \u00feeirra.<a name=\"15\"><span class=\"versanumer\">15<\/span><\/a>V\u00edki\u00f0 \u00far vegi! \u00d3hreinn ma\u00f0ur! k\u00f6llu\u00f0u menn \u00e1 undan \u00feeim, v\u00edki\u00f0 \u00far vegi, v\u00edki\u00f0 \u00far vegi, snerti\u00f0 hann eigi! \u00deegar \u00feeir skj\u00f6gru\u00f0u, s\u00f6g\u00f0u menn me\u00f0al hei\u00f0ingjanna: \u00deeir skulu eigi dveljast h\u00e9r lengur.<a name=\"16\"><span class=\"versanumer\">16<\/span><\/a>Rei\u00f0itillit Drottins hefir tv\u00edstra\u00f0 \u00feeim, hann l\u00edtur eigi framar vi\u00f0 \u00feeim. Hann virti prestana a\u00f0 vettugi og miskunna\u00f0i sig ekki yfir gamalmennin.<a name=\"17\"><span class=\"versanumer\">17<\/span><\/a>Hversu lengi st\u00f6r\u00f0u augu vor sig \u00fereytt eftir hj\u00e1lp sem ekki kom. Af sj\u00f3narh\u00f3l vorum m\u00e6ndum v\u00e9r eftir \u00fej\u00f3\u00f0 sem ekki hj\u00e1lpar.<a name=\"18\"><span class=\"versanumer\">18<\/span><\/a>Menn r\u00f6ktu sl\u00f3\u00f0ir vorar, svo a\u00f0 v\u00e9r g\u00e1tum ekki gengi\u00f0 \u00e1 g\u00f6tum vorum. Endalok vor n\u00e1lgu\u00f0ust, dagar vorir fullnu\u00f0ust, j\u00e1, endalok vor komu.<a name=\"19\"><span class=\"versanumer\">19<\/span><\/a>Ofs\u00e6kjendur vorir voru l\u00e9ttf\u00e6rari en ernirnir \u00ed loftinu, \u00feeir eltu oss yfir fj\u00f6llin, s\u00e1tu um oss \u00ed ey\u00f0im\u00f6rkinni.<a name=\"20\"><span class=\"versanumer\">20<\/span><\/a>Andi nasa vorra, Drottins smur\u00f0i, var\u00f0 fanginn \u00ed gryfjum \u00feeirra hann sem v\u00e9r s\u00f6g\u00f0um um: \u00cd skj\u00f3li hans skulum v\u00e9r lifa me\u00f0al \u00fej\u00f3\u00f0anna!<a name=\"21\"><span class=\"versanumer\">21<\/span><\/a>Fagna \u00fe\u00fa og ver gl\u00f6\u00f0, d\u00f3ttirin Ed\u00f3m, \u00fe\u00fa sem b\u00fdr \u00ed \u00das-landi: Til \u00fe\u00edn mun og bikarinn koma, \u00fe\u00fa munt ver\u00f0a drukkin og bera blyg\u00f0an \u00fe\u00edna!<a name=\"22\"><span class=\"versanumer\">22<\/span><\/a>Sekt \u00fe\u00edn er \u00e1 enda, d\u00f3ttirin S\u00edon, hann mun eigi framar gj\u00f6ra \u00feig landr\u00e6ka. Hann vitjar misgj\u00f6r\u00f0ar \u00feinnar, d\u00f3ttirin Ed\u00f3m, dregur sk\u00fdluna af syndum \u00fe\u00ednum.<\/p>\n<div class=\"footnote1981\"><b>4.3<\/b> Sjakalarnir Jes 43.20 \u2013 str\u00fatarnir Job 39.13-18<br \/>\n<b>4.4<\/b> \u00deorsti Jes 41.17<br \/>\n<b>4.5<\/b> Sorphaugar 1Sam 2.8; Slm 113.7; Neh 2.13<br \/>\n<b>4.6<\/b> Sem S\u00f3d\u00f3ma Jes 1.10; Jer 23.14; Esk 16.46-52; Matt 10.15; 11.23-24 \u2013 \u00e1 augabrag\u00f0i 1M\u00f3s 19.23-25<br \/>\n<b>4.7<\/b> Hreinir, helga\u00f0ir 4M\u00f3s 6.1-21<br \/>\n<b>4.10<\/b> Su\u00f0u b\u00f6rnin s\u00edn Hlj 2.20+<br \/>\n<b>4.11<\/b> Heift Drottins Hlj 1.12+<br \/>\n<b>4.12<\/b> Hef\u00f0u ekki tr\u00faa\u00f0 Jes 52.15-53.1<br \/>\n<b>4.13<\/b> Svik presta og sp\u00e1manna Jer 5.31; 6.13<br \/>\n<b>4.14<\/b> Ata\u00f0ir bl\u00f3\u00f0i 4M\u00f3s 35.33; Jes 59.3<br \/>\n<b>4.15<\/b> \u00d3hreinn sbr 3M\u00f3s 13.45-46; Jes 52.11<br \/>\n<b>4.16<\/b> Gamalmennin Hlj 5.12<br \/>\n<b>4.17<\/b> Hj\u00e1lpar ekki Esk 29.6-16<br \/>\n<b>4.18<\/b> Endalok vor Esk 7.1-14<br \/>\n<b>4.20<\/b> \u00cd skj\u00f3li konungs sbr H\u00f3s 10.3<br \/>\n<b>4.21<\/b> Fagna \u00fe\u00fa Jes 66.10 \u2013 Ed\u00f3m Am 1.11+ &#8211; bikarinn Jer 25.15+ &#8211; drukkin og nakin Hab 2.15-16<br \/>\n<b>4.22<\/b> \u00c1 enda Jes 40.2 \u2013 misgj\u00f6r\u00f0 Ed\u00f3m Jl 3.19; \u00d3b 11+ &#8211; hegning Jer 49.8; Esk 25.14<\/div>\n","protected":false},"excerpt":{"rendered":"<p>1\u00c6, hversu blakkt er gulli\u00f0 or\u00f0i\u00f0, umbreyttur m\u00e1lmurinn d\u00fdri, \u00e6, hversu var helgum steinum fleygt \u00fat \u00e1 \u00f6llum str\u00e6tam\u00f3tum.2S\u00edon-b\u00faar hinir d\u00fdrm\u00e6tu, jafnv\u00e6gir sk\u00edragulli, hversu voru \u00feeir metnir jafnt og leirker, jafnt og sm\u00ed\u00f0 \u00far pottara h\u00f6ndum.3Jafnvel sjakalarnir bj\u00f3\u00f0a j\u00fagri\u00f0 og gefa hvolpum s\u00ednum a\u00f0 sj\u00faga, en d\u00f3ttir \u00fej\u00f3\u00f0ar minnar er or\u00f0in har\u00f0brj\u00f3sta, eins og str\u00fatsfuglarnir \u00ed ey\u00f0im\u00f6rkinni.4Tunga brj\u00f3stmylkingsins loddi vi\u00f0 g\u00f3minn af \u00feorsta, b\u00f6rnin b\u00e1\u00f0u um brau\u00f0, en enginn mi\u00f0la\u00f0i \u00feeim neinu.5\u00deeir sem vanir hafa veri\u00f0 a\u00f0 eta kr\u00e1sir, \u00f6rmagnast n\u00fa \u00e1 str\u00e6tunum, \u00feeir sem bornir voru \u00e1 purpura, fa\u00f0ma n\u00fa mykjuhauga.6\u00dev\u00ed a\u00f0 misgj\u00f6r\u00f0 d\u00f3ttur \u00fej\u00f3\u00f0ar minnar var meiri en <a href=\"https:\/\/biblian.is\/1981\/harmljodin-4-kafli\/\"> [&#8230;]<\/a><\/p>\n","protected":false},"author":1,"featured_media":0,"parent":0,"menu_order":0,"comment_status":"open","ping_status":"open","template":"bibliukaflar.php","meta":{"footnotes":""},"class_list":["post-2148","page","type-page","status-publish","hentry"],"_links":{"self":[{"href":"https:\/\/biblian.is\/1981\/wp-json\/wp\/v2\/pages\/2148","targetHints":{"allow":["GET"]}}],"collection":[{"href":"https:\/\/biblian.is\/1981\/wp-json\/wp\/v2\/pages"}],"about":[{"href":"https:\/\/biblian.is\/1981\/wp-json\/wp\/v2\/types\/page"}],"author":[{"embeddable":true,"href":"https:\/\/biblian.is\/1981\/wp-json\/wp\/v2\/users\/1"}],"replies":[{"embeddable":true,"href":"https:\/\/biblian.is\/1981\/wp-json\/wp\/v2\/comments?post=2148"}],"version-history":[{"count":0,"href":"https:\/\/biblian.is\/1981\/wp-json\/wp\/v2\/pages\/2148\/revisions"}],"wp:attachment":[{"href":"https:\/\/biblian.is\/1981\/wp-json\/wp\/v2\/media?parent=2148"}],"curies":[{"name":"wp","href":"https:\/\/api.w.org\/{rel}","templated":true}]}}