{"id":2147,"date":"2017-11-18T20:20:20","date_gmt":"2017-11-18T20:20:20","guid":{"rendered":"http:\/\/biblian.is\/1981\/harmljodin-3-kafli\/"},"modified":"2017-11-18T20:20:20","modified_gmt":"2017-11-18T20:20:20","slug":"harmljodin-3-kafli","status":"publish","type":"page","link":"https:\/\/biblian.is\/1981\/harmljodin-3-kafli\/","title":{"rendered":"Harmlj\u00f3\u00f0in 3. kafli"},"content":{"rendered":"<p><a name=\"1\"><span class=\"versanumer\">1<\/span><\/a>\u00c9g er ma\u00f0urinn, sem eymd hefi reynt undir sprota rei\u00f0i hans.<a name=\"2\"><span class=\"versanumer\">2<\/span><\/a>Mig hefir hann reki\u00f0 og f\u00e6rt \u00fat \u00ed myrkur og ni\u00f0dimmu.<a name=\"3\"><span class=\"versanumer\">3<\/span><\/a>J\u00e1, gegn m\u00e9r sn\u00fdr hann \u00e6 a\u00f0 n\u00fdju hendi sinni allan daginn.<a name=\"4\"><span class=\"versanumer\">4<\/span><\/a>Hann hefir t\u00e1lga\u00f0 af m\u00e9r hold mitt og h\u00f6rund, broti\u00f0 sundur bein m\u00edn,<a name=\"5\"><span class=\"versanumer\">5<\/span><\/a>hla\u00f0i\u00f0 hringinn \u00ed kring um mig f\u00e1ri og m\u00e6\u00f0u,<a name=\"6\"><span class=\"versanumer\">6<\/span><\/a>hneppt mig \u00ed myrkur eins og \u00fe\u00e1 sem d\u00e1nir eru fyrir l\u00f6ngu.<a name=\"7\"><span class=\"versanumer\">7<\/span><\/a>Hann hefir girt fyrir mig, svo a\u00f0 \u00e9g kemst ekki \u00fat, gj\u00f6rt fj\u00f6tra m\u00edna \u00feunga.<a name=\"8\"><span class=\"versanumer\">8<\/span><\/a>\u00de\u00f3tt \u00e9g hr\u00f3pi og kalli, hnekkir hann b\u00e6n minni.<a name=\"9\"><span class=\"versanumer\">9<\/span><\/a>Hann girti fyrir vegu m\u00edna me\u00f0 h\u00f6ggnum steinum, gj\u00f6r\u00f0i stigu m\u00edna \u00f3f\u00e6ra.<a name=\"10\"><span class=\"versanumer\">10<\/span><\/a>Hann var m\u00e9r eins og bj\u00f6rn, sem situr um br\u00e1\u00f0, eins og lj\u00f3n \u00ed launs\u00e1tri.<a name=\"11\"><span class=\"versanumer\">11<\/span><\/a>Hann hefir leitt mig aflei\u00f0is og t\u00e6tt mig sundur, hann hefir l\u00e1ti\u00f0 mig eyddan,<a name=\"12\"><span class=\"versanumer\">12<\/span><\/a>hann hefir bent boga sinn og reist mig a\u00f0 skotsp\u00e6ni fyrir \u00f6rina,<a name=\"13\"><span class=\"versanumer\">13<\/span><\/a>hefir sent \u00ed n\u00fdru m\u00edn sonu \u00f6rvam\u00e6lis s\u00edns.<a name=\"14\"><span class=\"versanumer\">14<\/span><\/a>\u00c9g var\u00f0 \u00f6llum \u00fej\u00f3\u00f0um a\u00f0 athl\u00e6gi, \u00feeim a\u00f0 h\u00e1\u00f0kv\u00e6\u00f0i li\u00f0langan daginn.<a name=\"15\"><span class=\"versanumer\">15<\/span><\/a>Hann metta\u00f0i mig \u00e1 beiskum jurtum, drykkja\u00f0i mig \u00e1 malurt<a name=\"16\"><span class=\"versanumer\">16<\/span><\/a>og l\u00e9t tennur m\u00ednar myljast sundur \u00e1 malarsteinum, l\u00e9t mig velta m\u00e9r \u00ed \u00f6sku.<a name=\"17\"><span class=\"versanumer\">17<\/span><\/a>\u00de\u00fa sviptir s\u00e1lu m\u00edna fri\u00f0i, \u00e9g gleymdi \u00fev\u00ed g\u00f3\u00f0a<a name=\"18\"><span class=\"versanumer\">18<\/span><\/a>og sag\u00f0i: Horfinn er l\u00edfskraftur minn, von m\u00edn fjarri Drottni.<a name=\"19\"><span class=\"versanumer\">19<\/span><\/a>Minnstu eymdar minnar og m\u00e6\u00f0u, malurtarinnar og eitursins.<a name=\"20\"><span class=\"versanumer\">20<\/span><\/a>S\u00e1l m\u00edn hugsar st\u00f6\u00f0ugt um \u00feetta og er d\u00f6pur \u00ed brj\u00f3sti m\u00e9r.<a name=\"21\"><span class=\"versanumer\">21<\/span><\/a>\u00deetta vil \u00e9g hugfesta, \u00feess vegna vil \u00e9g vona:<a name=\"22\"><span class=\"versanumer\">22<\/span><\/a>N\u00e1\u00f0 Drottins er ekki \u00ferotin, miskunn hans ekki \u00e1 enda,<a name=\"23\"><span class=\"versanumer\">23<\/span><\/a>h\u00fan er n\u00fd \u00e1 hverjum morgni, mikil er tr\u00fafesti \u00fe\u00edn!<a name=\"24\"><span class=\"versanumer\">24<\/span><\/a>Drottinn er hlutdeild m\u00edn, segir s\u00e1l m\u00edn, \u00feess vegna vil \u00e9g vona \u00e1 hann.<a name=\"25\"><span class=\"versanumer\">25<\/span><\/a>G\u00f3\u00f0ur er Drottinn \u00feeim er \u00e1 hann vona, og \u00feeirri s\u00e1l er til hans leitar.<a name=\"26\"><span class=\"versanumer\">26<\/span><\/a>Gott er a\u00f0 b\u00ed\u00f0a hlj\u00f3\u00f0ur eftir hj\u00e1lp Drottins.<a name=\"27\"><span class=\"versanumer\">27<\/span><\/a>Gott er fyrir manninn a\u00f0 bera ok \u00ed \u00e6sku.<a name=\"28\"><span class=\"versanumer\">28<\/span><\/a>Hann sitji einmana og hlj\u00f3\u00f0ur, af \u00fev\u00ed a\u00f0 Hann hefir lagt \u00fea\u00f0 \u00e1 hann.<a name=\"29\"><span class=\"versanumer\">29<\/span><\/a>Hann beygi munninn ofan a\u00f0 j\u00f6r\u00f0u, vera m\u00e1 a\u00f0 enn s\u00e9 von,<a name=\"30\"><span class=\"versanumer\">30<\/span><\/a>hann bj\u00f3\u00f0i \u00feeim kinnina sem sl\u00e6r hann, l\u00e1ti metta sig me\u00f0 sm\u00e1n.<a name=\"31\"><span class=\"versanumer\">31<\/span><\/a>\u00dev\u00ed a\u00f0 ekki \u00fatsk\u00fafar Drottinn um alla eil\u00edf\u00f0,<a name=\"32\"><span class=\"versanumer\">32<\/span><\/a>heldur miskunnar hann aftur, \u00feegar hann hrellir, eftir sinni miklu n\u00e1\u00f0.<a name=\"33\"><span class=\"versanumer\">33<\/span><\/a>\u00dev\u00ed a\u00f0 ekki langar hann til a\u00f0 \u00fej\u00e1 n\u00e9 hrella mannanna b\u00f6rn.<a name=\"34\"><span class=\"versanumer\">34<\/span><\/a>A\u00f0 menn tro\u00f0a undir f\u00f3tum alla bandingja landsins,<a name=\"35\"><span class=\"versanumer\">35<\/span><\/a>a\u00f0 menn halla r\u00e9tti manns fyrir augliti hins H\u00e6sta,<a name=\"36\"><span class=\"versanumer\">36<\/span><\/a>a\u00f0 menn beita mann rangl\u00e6ti \u00ed m\u00e1li hans, skyldi Drottinn ekki sj\u00e1 \u00fea\u00f0?<a name=\"37\"><span class=\"versanumer\">37<\/span><\/a>Hver er s\u00e1 er tala\u00f0i, og \u00fea\u00f0 var\u00f0, \u00e1n \u00feess a\u00f0 Drottinn hafi bo\u00f0i\u00f0 \u00fea\u00f0?<a name=\"38\"><span class=\"versanumer\">38<\/span><\/a>Fram gengur ekki af munni hins H\u00e6sta b\u00e6\u00f0i hamingja og \u00f3hamingja?<a name=\"39\"><span class=\"versanumer\">39<\/span><\/a>Hv\u00ed andvarpar ma\u00f0urinn alla \u00e6vi? Hver andvarpi yfir eigin syndum!<a name=\"40\"><span class=\"versanumer\">40<\/span><\/a>Ranns\u00f6kum breytni vora og pr\u00f3fum og sn\u00faum oss til Drottins.<a name=\"41\"><span class=\"versanumer\">41<\/span><\/a>F\u00f3rnum hjarta voru og h\u00f6ndum til Gu\u00f0s \u00ed himninum.<a name=\"42\"><span class=\"versanumer\">42<\/span><\/a>V\u00e9r h\u00f6fum syndga\u00f0 og veri\u00f0 \u00f3hl\u00fd\u00f0nir, \u00fe\u00fa hefir ekki fyrirgefi\u00f0,<a name=\"43\"><span class=\"versanumer\">43<\/span><\/a>\u00fe\u00fa hefir huli\u00f0 \u00feig \u00ed rei\u00f0i og ofs\u00f3tt oss, myrt v\u00e6g\u00f0arlaust,<a name=\"44\"><span class=\"versanumer\">44<\/span><\/a>\u00fe\u00fa hefir huli\u00f0 \u00feig \u00ed sk\u00fdi, svo a\u00f0 engin b\u00e6n kemst \u00ed gegn.<a name=\"45\"><span class=\"versanumer\">45<\/span><\/a>\u00de\u00fa gj\u00f6r\u00f0ir oss a\u00f0 afhraki og vi\u00f0bj\u00f3\u00f0 mitt \u00e1 me\u00f0al \u00fej\u00f3\u00f0anna.<a name=\"46\"><span class=\"versanumer\">46<\/span><\/a>Yfir oss glenntu upp gini\u00f0 allir \u00f3vinir vorir.<a name=\"47\"><span class=\"versanumer\">47<\/span><\/a>Geigur og gildra ur\u00f0u hlutskipti vort, ey\u00f0ing og tort\u00edming.<a name=\"48\"><span class=\"versanumer\">48<\/span><\/a>T\u00e1ral\u00e6kir streyma af augum m\u00e9r \u00fat af tort\u00edming \u00fej\u00f3\u00f0ar minnar.<a name=\"49\"><span class=\"versanumer\">49<\/span><\/a>Hv\u00edldarlaust flj\u00f3ta augu m\u00edn \u00ed t\u00e1rum, \u00e1n \u00feess a\u00f0 hl\u00e9 ver\u00f0i \u00e1,<a name=\"50\"><span class=\"versanumer\">50<\/span><\/a>uns ni\u00f0ur l\u00edtur og \u00e1 horfir Drottinn af himnum.<a name=\"51\"><span class=\"versanumer\">51<\/span><\/a>Auga mitt veldur s\u00e1l minni kv\u00f6l, vegna allra d\u00e6tra borgar minnar.<a name=\"52\"><span class=\"versanumer\">52<\/span><\/a>Me\u00f0 \u00e1kef\u00f0 eltu mig, eins og fugl, \u00feeir er voru \u00f3vinir m\u00ednir \u00e1n saka.<a name=\"53\"><span class=\"versanumer\">53<\/span><\/a>\u00deeir gj\u00f6r\u00f0u \u00fev\u00ed n\u00e6r \u00fat af vi\u00f0 mig \u00ed gryfju og k\u00f6stu\u00f0u steinum \u00e1 mig.<a name=\"54\"><span class=\"versanumer\">54<\/span><\/a>Vatn fl\u00f3\u00f0i yfir h\u00f6fu\u00f0 mitt, \u00e9g hugsa\u00f0i: \u00c9g er fr\u00e1.<a name=\"55\"><span class=\"versanumer\">55<\/span><\/a>\u00c9g hr\u00f3pa\u00f0i \u00e1 nafn \u00feitt, Drottinn, \u00far hyld\u00fdpi gryfjunnar.<a name=\"56\"><span class=\"versanumer\">56<\/span><\/a>\u00de\u00fa heyr\u00f0ir hr\u00f3p mitt: Byrg ekki eyra \u00feitt, kom m\u00e9r til fr\u00f3unar, kom m\u00e9r til hj\u00e1lpar.<a name=\"57\"><span class=\"versanumer\">57<\/span><\/a>\u00de\u00fa varst n\u00e1l\u00e6gur, \u00fe\u00e1 er \u00e9g hr\u00f3pa\u00f0i til \u00fe\u00edn, sag\u00f0ir: \u00d3ttastu ekki!<a name=\"58\"><span class=\"versanumer\">58<\/span><\/a>\u00de\u00fa var\u00f0ir, Drottinn, m\u00e1l mitt, leystir l\u00edf mitt.<a name=\"59\"><span class=\"versanumer\">59<\/span><\/a>\u00de\u00fa hefir, Drottinn, s\u00e9\u00f0 undirokun m\u00edna, r\u00e9tt \u00fe\u00fa hluta minn!<a name=\"60\"><span class=\"versanumer\">60<\/span><\/a>\u00de\u00fa hefir s\u00e9\u00f0 alla hefnigirni \u00feeirra, allt r\u00e1\u00f0abrugg \u00feeirra gegn m\u00e9r,<a name=\"61\"><span class=\"versanumer\">61<\/span><\/a>\u00fe\u00fa hefir heyrt sm\u00e1nanir \u00feeirra, Drottinn, allt r\u00e1\u00f0abrugg \u00feeirra \u00ed gegn m\u00e9r,<a name=\"62\"><span class=\"versanumer\">62<\/span><\/a>skraf m\u00f3tst\u00f6\u00f0umanna minna og hinar st\u00f6\u00f0ugu r\u00e1\u00f0agj\u00f6r\u00f0ir \u00feeirra gegn m\u00e9r.<a name=\"63\"><span class=\"versanumer\">63<\/span><\/a>L\u00edt \u00fe\u00fa \u00e1, hvort sem \u00feeir sitja e\u00f0a standa, \u00fe\u00e1 er \u00e9g h\u00e1\u00f0kv\u00e6\u00f0i \u00feeirra.<a name=\"64\"><span class=\"versanumer\">64<\/span><\/a>\u00de\u00fa munt endurgjalda \u00feeim, Drottinn, eins og \u00feeir hafa til unni\u00f0.<a name=\"65\"><span class=\"versanumer\">65<\/span><\/a>\u00de\u00fa munt leggja hulu yfir hjarta \u00feeirra, b\u00f6lvan \u00fe\u00edn komi yfir \u00fe\u00e1.<a name=\"66\"><span class=\"versanumer\">66<\/span><\/a>\u00de\u00fa munt ofs\u00e6kja \u00fe\u00e1 \u00ed rei\u00f0i og afm\u00e1 \u00fe\u00e1 undan himni Drottins.<\/p>\n<div class=\"footnote1981\"><b>3.2<\/b> Myrkur, lj\u00f3s 1M\u00f3s 1.3-5; Jes 9.1; Am 5.18; sbr Jes 45.7; J\u00f3h 8.12<br \/>\n<b>3.4<\/b> Hold mitt Job 30.30 \u2013 bein m\u00edn Hlj 1.13+<br \/>\n<b>3.10<\/b> Bj\u00f6rn, lj\u00f3n H\u00f3s 13.7-8; sbr Job 10.16<br \/>\n<b>3.12<\/b> Skotmark Job 16.12-13<br \/>\n<b>3.14<\/b> A\u00f0 athl\u00e6gi 5M\u00f3s 28.37; Jer 20.7; Slm 69.12-13; Job 30.9<br \/>\n<b>3.15<\/b> Malurt Jer 23.15; Slm 69.22; sbr Matt 27.34<br \/>\n<b>3.17<\/b> R\u00e6nt mig fri\u00f0i Jer 16.5<br \/>\n<b>3.18<\/b> Vonin horfin Job 17.15<br \/>\n<b>3.21<\/b> Hugfesta Jes 44.21; 46.8<br \/>\n<b>3.22<\/b> Miskunn Gu\u00f0s 2M\u00f3s 34.6-7<br \/>\n<b>3.24<\/b> Drottinn er hlutdeild m\u00edn Slm 16.5; 73.26 \u2013 vona \u00e1 hann M\u00edk 7.7<br \/>\n<b>3.25<\/b> Vona \u00e1 Drottin Jes 8.17; 25.9; Slm 25.3+ ; 40.2; 69.7 \u2013 leita Drottins Slm 9.11+<br \/>\n<b>3.28<\/b> Hlj\u00f3\u00f0ur Hlj 2.10 \u2013Drottinn hefur lagt \u00e1 Jer 15.17<br \/>\n<b>3.29<\/b> Enn von sbr 2Sam 12.15-23<br \/>\n<b>3.30<\/b> Bj\u00f3\u00f0a vangann Jes 50.6; Matt 5.39<br \/>\n<b>3.31<\/b> Ekki um eil\u00edf\u00f0 Jer 3.12<br \/>\n<b>3.32<\/b> Miskunnar Jes 54.8-9 \u2013 af n\u00e1\u00f0 sinni Jes 63.7<br \/>\n<b>3.33<\/b> Ekki viljandi Esk 33.11<br \/>\n<b>3.34<\/b> Tro\u00f0a bandingja f\u00f3tum Am 1.6-9<br \/>\n<b>3.35<\/b> Halla r\u00e9ttinum, Am 5.7,10<br \/>\n<b>3.37<\/b> Hver bau\u00f0 og \u00fea\u00f0 var\u00f0? 1M\u00f3s 1; Slm 33.9<br \/>\n<b>3.38<\/b> Hamingja og \u00f3hamingja Jes 45.7<br \/>\n<b>3.39<\/b> Ma\u00f0urinn kvartar 4M\u00f3s 11.1; Jer 45.5<br \/>\n<b>3.40<\/b> Sn\u00faum aftur Jes 55.7; Jer 3.22; H\u00f3s 6.1+<br \/>\n<b>3.41<\/b> F\u00f3rnum hjarta og h\u00f6ndum Hlj 2.19+<br \/>\n<b>3.42<\/b> V\u00e9r h\u00f6fum syndga\u00f0 Hlj 1.18+ ; Jer 3.25; 8.14; 14.7<br \/>\n<b>3.44<\/b> Hlustar ekki \u00e1 Hlj 3.8; sbr Jer 7.16; 11.14; 14.11<br \/>\n<b>3.50<\/b> L\u00edtur ni\u00f0ur Jes 63.15; Slm 14.2; 102.20<br \/>\n<b>3.52<\/b> \u00c1n tilefnis Slm 35.19; 69.5<br \/>\n<b>3.53<\/b> \u00cd gryfju 1M\u00f3s 37.20; Jer 38.6<br \/>\n<b>3.54<\/b> Yfir mig J\u00f3n 2.4; Slm 42.8; 69.2-3<br \/>\n<b>3.55<\/b> \u00dar dj\u00fapi Slm 130.1-2<br \/>\n<b>3.57<\/b> \u00d3ttast ekki Jes 41.10-14; Jer 1.8; 30.10<br \/>\n<b>3.59<\/b> \u00de\u00fa hefur s\u00e9\u00f0 Hlj 1.9+<br \/>\n<b>3.60<\/b> R\u00e1\u00f0abrugg Jer 11.19; 18.23<br \/>\n<b>3.63<\/b> H\u00e1\u00f0kv\u00e6\u00f0i Hlj 3.14+<br \/>\n<b>3.64<\/b> Endurgjald Jer 51.56<\/div>\n","protected":false},"excerpt":{"rendered":"<p>1\u00c9g er ma\u00f0urinn, sem eymd hefi reynt undir sprota rei\u00f0i hans.2Mig hefir hann reki\u00f0 og f\u00e6rt \u00fat \u00ed myrkur og ni\u00f0dimmu.3J\u00e1, gegn m\u00e9r sn\u00fdr hann \u00e6 a\u00f0 n\u00fdju hendi sinni allan daginn.4Hann hefir t\u00e1lga\u00f0 af m\u00e9r hold mitt og h\u00f6rund, broti\u00f0 sundur bein m\u00edn,5hla\u00f0i\u00f0 hringinn \u00ed kring um mig f\u00e1ri og m\u00e6\u00f0u,6hneppt mig \u00ed myrkur eins og \u00fe\u00e1 sem d\u00e1nir eru fyrir l\u00f6ngu.7Hann hefir girt fyrir mig, svo a\u00f0 \u00e9g kemst ekki \u00fat, gj\u00f6rt fj\u00f6tra m\u00edna \u00feunga.8\u00de\u00f3tt \u00e9g hr\u00f3pi og kalli, hnekkir hann b\u00e6n minni.9Hann girti fyrir vegu m\u00edna me\u00f0 h\u00f6ggnum steinum, gj\u00f6r\u00f0i stigu m\u00edna \u00f3f\u00e6ra.10Hann var m\u00e9r eins og <a href=\"https:\/\/biblian.is\/1981\/harmljodin-3-kafli\/\"> [&#8230;]<\/a><\/p>\n","protected":false},"author":1,"featured_media":0,"parent":0,"menu_order":0,"comment_status":"open","ping_status":"open","template":"bibliukaflar.php","meta":{"footnotes":""},"class_list":["post-2147","page","type-page","status-publish","hentry"],"_links":{"self":[{"href":"https:\/\/biblian.is\/1981\/wp-json\/wp\/v2\/pages\/2147","targetHints":{"allow":["GET"]}}],"collection":[{"href":"https:\/\/biblian.is\/1981\/wp-json\/wp\/v2\/pages"}],"about":[{"href":"https:\/\/biblian.is\/1981\/wp-json\/wp\/v2\/types\/page"}],"author":[{"embeddable":true,"href":"https:\/\/biblian.is\/1981\/wp-json\/wp\/v2\/users\/1"}],"replies":[{"embeddable":true,"href":"https:\/\/biblian.is\/1981\/wp-json\/wp\/v2\/comments?post=2147"}],"version-history":[{"count":0,"href":"https:\/\/biblian.is\/1981\/wp-json\/wp\/v2\/pages\/2147\/revisions"}],"wp:attachment":[{"href":"https:\/\/biblian.is\/1981\/wp-json\/wp\/v2\/media?parent=2147"}],"curies":[{"name":"wp","href":"https:\/\/api.w.org\/{rel}","templated":true}]}}