{"id":2146,"date":"2017-11-18T20:20:20","date_gmt":"2017-11-18T20:20:20","guid":{"rendered":"http:\/\/biblian.is\/1981\/harmljodin-2-kafli\/"},"modified":"2017-11-18T20:20:20","modified_gmt":"2017-11-18T20:20:20","slug":"harmljodin-2-kafli","status":"publish","type":"page","link":"https:\/\/biblian.is\/1981\/harmljodin-2-kafli\/","title":{"rendered":"Harmlj\u00f3\u00f0in 2. kafli"},"content":{"rendered":"<p><a name=\"1\"><span class=\"versanumer\">1<\/span><\/a>\u00c6, hversu hylur Drottinn \u00ed rei\u00f0i sinni d\u00f3tturina S\u00edon sk\u00fdi. Fr\u00e1 himni varpa\u00f0i hann til jar\u00f0ar vegsemd \u00cdsraels og minntist ekki f\u00f3tskarar sinnar \u00e1 degi rei\u00f0i sinnar.<a name=\"2\"><span class=\"versanumer\">2<\/span><\/a>V\u00e6g\u00f0arlaust eyddi Drottinn \u00f6ll beitil\u00f6nd Jakobs, reif ni\u00f0ur \u00ed br\u00e6\u00f0i sinni v\u00edgi J\u00fada-d\u00f3ttur, varpa\u00f0i til jar\u00f0ar, vanhelga\u00f0i r\u00edki\u00f0 og h\u00f6f\u00f0ingja \u00feess,<a name=\"3\"><span class=\"versanumer\">3<\/span><\/a>hj\u00f3 af \u00ed brennandi rei\u00f0i \u00f6ll horn \u00cdsraels, dr\u00f3 a\u00f0 s\u00e9r h\u00e6gri h\u00f6nd s\u00edna frammi fyrir \u00f3vinunum og brenndi Jakob eins og eldslogi, sem ey\u00f0ir \u00f6llu umhverfis.<a name=\"4\"><span class=\"versanumer\">4<\/span><\/a>Hann benti boga sinn eins og \u00f3vinur, h\u00e6gri h\u00f6nd hans st\u00f3\u00f0 f\u00f6st eins og m\u00f3tst\u00f6\u00f0uma\u00f0ur og myrti allt sem auganu var yndi \u00ed tjaldi d\u00f3tturinnar S\u00edon, j\u00f3s \u00fat heift sinni eins og eldi.<a name=\"5\"><span class=\"versanumer\">5<\/span><\/a>Drottinn kom fram sem \u00f3vinur, eyddi \u00cdsrael, eyddi allar hallir hans, umturna\u00f0i virkjum hans og hr\u00faga\u00f0i upp \u00ed J\u00fada-d\u00f3ttur hrygg\u00f0 og harmi.<a name=\"6\"><span class=\"versanumer\">6<\/span><\/a>Hann hefir rifi\u00f0 ni\u00f0ur sk\u00e1la sinn eins og gar\u00f0, umturna\u00f0 h\u00e1t\u00ed\u00f0asta\u00f0 s\u00ednum. Drottinn l\u00e9t gleymast \u00ed S\u00edon h\u00e1t\u00ed\u00f0ir og hv\u00edldardaga og \u00fatsk\u00fafa\u00f0i \u00ed sinni \u00e1k\u00f6fu rei\u00f0i konungi og prestum.<a name=\"7\"><span class=\"versanumer\">7<\/span><\/a>Drottinn hefir hafna\u00f0 altari s\u00ednu, sm\u00e1\u00f0 helgid\u00f3m sinn, ofurselt \u00ed \u00f3vina hendur hallarm\u00fara hennar. \u00deeir l\u00e9tu \u00f3p glymja \u00ed musteri Drottins eins og \u00e1 h\u00e1t\u00ed\u00f0ardegi.<a name=\"8\"><span class=\"versanumer\">8<\/span><\/a>Drottinn haf\u00f0i \u00e1sett s\u00e9r a\u00f0 ey\u00f0a m\u00far d\u00f3tturinnar S\u00edon. Hann \u00fat\u00feandi m\u00e6liva\u00f0inn, aftra\u00f0i eigi hendi sinni a\u00f0 ey\u00f0a og steypti sorg yfir varnarvirki og m\u00far, \u00feau harma b\u00e6\u00f0i saman.<a name=\"9\"><span class=\"versanumer\">9<\/span><\/a>Hli\u00f0 hennar eru sokkin \u00ed j\u00f6r\u00f0u, hann \u00f3n\u00fdtti og braut slagbranda hennar. Konungur hennar og h\u00f6f\u00f0ingjar eru me\u00f0al hei\u00f0ingjanna, l\u00f6gm\u00e1lslausir, sp\u00e1menn hennar f\u00e1 ekki heldur framar vitranir fr\u00e1 Drottni.<a name=\"10\"><span class=\"versanumer\">10<\/span><\/a>\u00deeir sitja \u00feegjandi \u00e1 j\u00f6r\u00f0inni, \u00f6ldungar d\u00f3tturinnar S\u00edon, \u00feeir hafa ausi\u00f0 mold yfir h\u00f6fu\u00f0 s\u00edn, gyrst h\u00e6rusekk, h\u00f6fu\u00f0 l\u00e9tu hn\u00edga a\u00f0 j\u00f6r\u00f0u Jer\u00fasalem-meyjar.<a name=\"11\"><span class=\"versanumer\">11<\/span><\/a>Augu m\u00edn daprast af gr\u00e1ti, i\u00f0ur m\u00edn \u00f3lga, hjarta mitt \u00e6tlar a\u00f0 springa yfir tort\u00edming d\u00f3ttur \u00fej\u00f3\u00f0ar minnar, er b\u00f6rn og brj\u00f3stmylkingar hn\u00edga magn\u00ferota \u00e1 str\u00e6tum borgarinnar.<a name=\"12\"><span class=\"versanumer\">12<\/span><\/a>\u00deau segja vi\u00f0 m\u00e6\u00f0ur s\u00ednar: Hvar er korn og v\u00edn? er \u00feau hn\u00edga magn\u00ferota eins og dau\u00f0s\u00e6r\u00f0ir menn \u00e1 str\u00e6tum borgarinnar, er \u00feau gefa upp \u00f6ndina \u00ed fa\u00f0mi m\u00e6\u00f0ra sinna.<a name=\"13\"><span class=\"versanumer\">13<\/span><\/a>Hva\u00f0 \u00e1 \u00e9g a\u00f0 taka til d\u00e6mis um \u00feig, vi\u00f0 hva\u00f0 l\u00edkja \u00fe\u00e9r, \u00fe\u00fa d\u00f3ttirin Jer\u00fasalem? Hverju \u00e1 \u00e9g a\u00f0 jafna vi\u00f0 \u00feig til a\u00f0 hugga \u00feig, \u00fe\u00fa m\u00e6rin, d\u00f3ttirin S\u00edon? J\u00e1, s\u00e1r \u00feitt er st\u00f3rt eins og hafi\u00f0, hver g\u00e6ti l\u00e6kna\u00f0 \u00feig?<a name=\"14\"><span class=\"versanumer\">14<\/span><\/a>Sp\u00e1menn \u00fe\u00ednir birtu \u00fe\u00e9r t\u00e1ls\u00fdnir og h\u00e9g\u00f3ma, en dr\u00f3gu ekki sk\u00fdluna af misgj\u00f6r\u00f0 \u00feinni til \u00feess a\u00f0 sn\u00faa vi\u00f0 h\u00f6gum \u00fe\u00ednum, heldur birtu \u00fe\u00e9r sp\u00e1r til t\u00e1ls og ginninga.<a name=\"15\"><span class=\"versanumer\">15<\/span><\/a>Yfir \u00fe\u00e9r skelltu l\u00f3fum saman allir \u00feeir er um veginn f\u00f3ru, bl\u00edstru\u00f0u og sk\u00f3ku h\u00f6fu\u00f0i\u00f0 yfir d\u00f3tturinni Jer\u00fasalem: Er \u00feetta borgin, hin alfagra, unun allrar jar\u00f0arinnar?<a name=\"16\"><span class=\"versanumer\">16<\/span><\/a>Yfir \u00fe\u00e9r glenntu upp gini\u00f0 allir \u00f3vinir \u00fe\u00ednir, bl\u00edstru\u00f0u og n\u00edstu t\u00f6nnum, s\u00f6g\u00f0u: V\u00e9r h\u00f6fum gj\u00f6reytt hana! J\u00e1, eftir \u00feessum degi h\u00f6fum v\u00e9r be\u00f0i\u00f0, v\u00e9r h\u00f6fum lifa\u00f0 hann, v\u00e9r h\u00f6fum s\u00e9\u00f0 hann!<a name=\"17\"><span class=\"versanumer\">17<\/span><\/a>Drottinn hefir framkv\u00e6mt \u00fea\u00f0, er hann haf\u00f0i \u00e1kve\u00f0i\u00f0, efnt or\u00f0 s\u00edn, \u00feau er hann hefir bo\u00f0i\u00f0 fr\u00e1 \u00fev\u00ed for\u00f0um daga, hefir rifi\u00f0 ni\u00f0ur v\u00e6g\u00f0arlaust og l\u00e1ti\u00f0 \u00f3vinina fagna yfir \u00fe\u00e9r, hann h\u00f3f horn fjenda \u00feinna.<a name=\"18\"><span class=\"versanumer\">18<\/span><\/a>Hr\u00f3pa \u00fe\u00fa h\u00e1tt til Drottins, \u00fe\u00fa m\u00e6rin, d\u00f3ttirin S\u00edon. L\u00e1t t\u00e1rin renna eins og l\u00e6k dag og n\u00f3tt, unn \u00fe\u00e9r engrar hv\u00edldar, auga \u00feitt l\u00e1ti ekki hl\u00e9 \u00e1 ver\u00f0a.<a name=\"19\"><span class=\"versanumer\">19<\/span><\/a>\u00c1 f\u00e6tur! Kveina um n\u00e6tur, \u00ed byrjun hverrar n\u00e6turv\u00f6ku, \u00fathell hjarta \u00fe\u00ednu eins og vatni frammi fyrir augliti Drottins, f\u00f3rna\u00f0u h\u00f6ndum til hans fyrir l\u00edfi barna \u00feinna, sem hn\u00edga magn\u00ferota af hungri \u00e1 \u00f6llum str\u00e6tam\u00f3tum.<a name=\"20\"><span class=\"versanumer\">20<\/span><\/a>Sj\u00e1, Drottinn, og l\u00edt \u00e1, hverjum \u00fe\u00fa hefir gj\u00f6rt sl\u00edkt! Eiga konur a\u00f0 eta l\u00edfsafkv\u00e6mi s\u00edn, b\u00f6rnin sem \u00fe\u00e6r bera \u00e1 \u00f6rmum? Eiga myrtir a\u00f0 ver\u00f0a \u00ed helgid\u00f3mi Drottins prestar og sp\u00e1menn?<a name=\"21\"><span class=\"versanumer\">21<\/span><\/a>Vegnir liggja \u00e1 str\u00e6tunum sveinar og \u00f6ldungar. Meyjar m\u00ednar og \u00e6skumenn f\u00e9llu fyrir sver\u00f0i, \u00fe\u00fa myrtir \u00e1 degi rei\u00f0i \u00feinnar, sl\u00e1tra\u00f0ir v\u00e6g\u00f0arlaust.<a name=\"22\"><span class=\"versanumer\">22<\/span><\/a>\u00de\u00fa stefnir eins og \u00e1 h\u00e1t\u00ed\u00f0ardegi skelfingum a\u00f0 m\u00e9r \u00far \u00f6llum \u00e1ttum. \u00c1 rei\u00f0idegi Drottins var enginn, er af k\u00e6mist og eftir yr\u00f0i. \u00de\u00e1 sem \u00e9g hefi f\u00f3stra\u00f0 og uppali\u00f0, \u00fe\u00e1 hefir \u00f3vinur minn afm\u00e1\u00f0.<\/p>\n<div class=\"footnote1981\"><b>2.1<\/b> Vegsemd \u00cdsraels Jes 60.7; 64.10 \u2013 f\u00f3tsk\u00f6r Drottins Jes 66.1; Esk 43.7; Slm 199.5; 132.7; 1Kro 28.2<br \/>\n<b>2.2<\/b> Reif ni\u00f0ur v\u00edgin 5M\u00f3s 28.52<br \/>\n<b>2.3<\/b> Horn afh\u00f6ggvin Jer 48.25; Slm 75.11<br \/>\n<b>2.4<\/b> Eins og fjandma\u00f0ur Jer 21.5-6 \u2013 heift Drottins Jes 42.25<br \/>\n<b>2.5<\/b> Hrygg\u00f0 og harmur Jes 29.2<br \/>\n<b>2.6<\/b> H\u00e1t\u00ed\u00f0astefnur Hlj 1.4+ &#8211; umturna Jer 52.13; 2Kro 36.19 \u2013 \u00e1k\u00f6f rei\u00f0i Sef 3.8<br \/>\n<b>2.7<\/b> Hafnar altari s\u00ednu Esk 24.21; Slm 89.40<br \/>\n<b>2.8<\/b> Spellvirki Jer 5.10 \u2013 m\u00e6lisn\u00fara 2Kon 21.13; Jes 34.11<br \/>\n<b>2.9<\/b> \u00cd \u00fatleg\u00f0 5M\u00f3s 28.36; 2Kon 25.7 \u2013 lei\u00f0s\u00f6gn 5M\u00f3s 4.5-8 \u2013 sp\u00e1menn Slm 74.9 \u2013 f\u00e1 ekki vitranir Esk 7.26<br \/>\n<b>2.10<\/b> Mold, h\u00e6rusekkur Jer 6.26<br \/>\n<b>2.11<\/b> Hels\u00e1r \u00fej\u00f3\u00f0 Jer 8.21-22<br \/>\n<b>2.13<\/b> D\u00f3ttirin Jer\u00fasalem Hlj 1.15+ &#8211; hugga \u00feig Jes 51.19 \u2013 hver l\u00e6knar? Jer 30.12<br \/>\n<b>2.14<\/b> T\u00e1ls\u00fdnir Jer 23.9-40; 28; 29.8-9; Esk 12.24; 13.6-23; 21.34; 22.28<br \/>\n<b>2.15<\/b> Hrista h\u00f6fu\u00f0u\u00f0 Slm 22.8+ &#8211; borgin alfagra Esk 16.14; Slm 50.2 \u2013 yndi gj\u00f6rvallrar jar\u00f0ar Jes 60.15; Slm 48.3<br \/>\n<b>2.17<\/b> Drottinn l\u00e6tur r\u00e6tast 5M\u00f3s 28.15<br \/>\n<b>2.19<\/b> F\u00f3rna h\u00f6ndum Hlj 3.41; Slm 28.2+ ; 44.21; 141.2 \u2013 \u00e1 \u00f6llum gatnam\u00f3tum Hlj 4.1; Jes 51.20<br \/>\n<b>2.20<\/b> Sj\u00e1, Drottinn &#8230; Hlj 1.9+ &#8211; eta b\u00f6rnin s\u00edn Hlj 4.10; 3M\u00f3s 26.29; 5M\u00f3s 28.53-57; 2Kon 6.28-29; Jes 49.26; Jer 19.9; Esk 5.10; Bar 2.3<br \/>\n<b>2.22<\/b> H\u00e1t\u00ed\u00f0 Hlj 1.4+ &#8211; hva\u00f0an\u00e6va Jer 6.25; 20.3,10; Slm 31.14<\/div>\n","protected":false},"excerpt":{"rendered":"<p>1\u00c6, hversu hylur Drottinn \u00ed rei\u00f0i sinni d\u00f3tturina S\u00edon sk\u00fdi. Fr\u00e1 himni varpa\u00f0i hann til jar\u00f0ar vegsemd \u00cdsraels og minntist ekki f\u00f3tskarar sinnar \u00e1 degi rei\u00f0i sinnar.2V\u00e6g\u00f0arlaust eyddi Drottinn \u00f6ll beitil\u00f6nd Jakobs, reif ni\u00f0ur \u00ed br\u00e6\u00f0i sinni v\u00edgi J\u00fada-d\u00f3ttur, varpa\u00f0i til jar\u00f0ar, vanhelga\u00f0i r\u00edki\u00f0 og h\u00f6f\u00f0ingja \u00feess,3hj\u00f3 af \u00ed brennandi rei\u00f0i \u00f6ll horn \u00cdsraels, dr\u00f3 a\u00f0 s\u00e9r h\u00e6gri h\u00f6nd s\u00edna frammi fyrir \u00f3vinunum og brenndi Jakob eins og eldslogi, sem ey\u00f0ir \u00f6llu umhverfis.4Hann benti boga sinn eins og \u00f3vinur, h\u00e6gri h\u00f6nd hans st\u00f3\u00f0 f\u00f6st eins og m\u00f3tst\u00f6\u00f0uma\u00f0ur og myrti allt sem auganu var yndi \u00ed tjaldi d\u00f3tturinnar S\u00edon, j\u00f3s \u00fat <a href=\"https:\/\/biblian.is\/1981\/harmljodin-2-kafli\/\"> [&#8230;]<\/a><\/p>\n","protected":false},"author":1,"featured_media":0,"parent":0,"menu_order":0,"comment_status":"open","ping_status":"open","template":"bibliukaflar.php","meta":{"footnotes":""},"class_list":["post-2146","page","type-page","status-publish","hentry"],"_links":{"self":[{"href":"https:\/\/biblian.is\/1981\/wp-json\/wp\/v2\/pages\/2146","targetHints":{"allow":["GET"]}}],"collection":[{"href":"https:\/\/biblian.is\/1981\/wp-json\/wp\/v2\/pages"}],"about":[{"href":"https:\/\/biblian.is\/1981\/wp-json\/wp\/v2\/types\/page"}],"author":[{"embeddable":true,"href":"https:\/\/biblian.is\/1981\/wp-json\/wp\/v2\/users\/1"}],"replies":[{"embeddable":true,"href":"https:\/\/biblian.is\/1981\/wp-json\/wp\/v2\/comments?post=2146"}],"version-history":[{"count":0,"href":"https:\/\/biblian.is\/1981\/wp-json\/wp\/v2\/pages\/2146\/revisions"}],"wp:attachment":[{"href":"https:\/\/biblian.is\/1981\/wp-json\/wp\/v2\/media?parent=2146"}],"curies":[{"name":"wp","href":"https:\/\/api.w.org\/{rel}","templated":true}]}}