{"id":2145,"date":"2017-11-18T20:20:20","date_gmt":"2017-11-18T20:20:20","guid":{"rendered":"http:\/\/biblian.is\/1981\/harmljodin-1-kafli\/"},"modified":"2017-11-18T20:20:20","modified_gmt":"2017-11-18T20:20:20","slug":"harmljodin-1-kafli","status":"publish","type":"page","link":"https:\/\/biblian.is\/1981\/harmljodin-1-kafli\/","title":{"rendered":"Harmlj\u00f3\u00f0in 1. kafli"},"content":{"rendered":"<p><a name=\"1\"><span class=\"versanumer\">1<\/span><\/a>\u00c6, hversu einmana er n\u00fa borgin, s\u00fa er \u00e1\u00f0ur var svo fj\u00f6lbygg\u00f0, or\u00f0in eins og ekkja, s\u00fa er voldug var me\u00f0al \u00fej\u00f3\u00f0anna, furstafr\u00fain me\u00f0al h\u00e9ra\u00f0anna or\u00f0in kva\u00f0arkona.<a name=\"2\"><span class=\"versanumer\">2<\/span><\/a>H\u00fan gr\u00e6tur s\u00e1ran um n\u00e6tur, og t\u00e1rin streyma ofan vanga hennar. Enginn er s\u00e1 er huggi hana af \u00f6llum \u00e1stm\u00f6nnum hennar. Allir vinir hennar hafa brug\u00f0ist henni, \u00feeir eru or\u00f0nir \u00f3vinir hennar.<a name=\"3\"><span class=\"versanumer\">3<\/span><\/a>J\u00fada hefir fl\u00fai\u00f0 land fyrir eymd og fyrir mikilli \u00e1nau\u00f0. Hann b\u00fdr me\u00f0al hei\u00f0ingjanna, finnur engan hv\u00edldarsta\u00f0. Allir ofs\u00e6kjendur hans n\u00e1\u00f0u honum \u00ed \u00ferengslunum.<a name=\"4\"><span class=\"versanumer\">4<\/span><\/a>Vegirnir til S\u00edonar syrgja, af \u00fev\u00ed a\u00f0 engir koma til h\u00e1t\u00ed\u00f0ahalds. \u00d6ll hli\u00f0 hennar eru eydd, prestar hennar andvarpa, meyjar hennar eru sorgbitnar, og sj\u00e1lf er h\u00fan hrygg \u00ed hjarta.<a name=\"5\"><span class=\"versanumer\">5<\/span><\/a>Fjendur hennar eru or\u00f0nir ofan \u00e1, \u00f3vinir hennar lifa \u00e1n\u00e6g\u00f0ir. \u00dev\u00ed a\u00f0 Drottinn hefir hrellt hana vegna hennar m\u00f6rgu synda, b\u00f6rn hennar f\u00f3ru burt herleidd fyrir k\u00fagaranum.<a name=\"6\"><span class=\"versanumer\">6<\/span><\/a>\u00deannig f\u00f3r burt fr\u00e1 S\u00edonarborg allt skraut hennar. H\u00f6f\u00f0ingjar hennar eru or\u00f0nir eins og hr\u00fatar, sem ekkert haglendi finna, og \u00feeir f\u00f3ru magn\u00ferota burt fyrir ofs\u00f3knaranum.<a name=\"7\"><span class=\"versanumer\">7<\/span><\/a>Jer\u00fasalem minnist \u00e1 eymdard\u00f6gum s\u00ednum og m\u00e6\u00f0ud\u00f6gum allra kj\u00f6rgripa sinna, er h\u00fan \u00e1tti for\u00f0um daga. \u00deegar l\u00fd\u00f0ur hennar f\u00e9ll \u00ed hendur k\u00fagarans, hj\u00e1lpa\u00f0i enginn henni. K\u00fagararnir horf\u00f0u \u00e1 \u00fea\u00f0, hl\u00f3gu a\u00f0 hrakf\u00f6rum hennar.<a name=\"8\"><span class=\"versanumer\">8<\/span><\/a>Jer\u00fasalem hefir syndga\u00f0 st\u00f3rlega, fyrir \u00fev\u00ed var\u00f0 h\u00fan a\u00f0 vi\u00f0urstygg\u00f0. Allir \u00feeir er d\u00e1\u00f0u hana, fyrirl\u00edta hana, af \u00fev\u00ed a\u00f0 \u00feeir hafa s\u00e9\u00f0 blyg\u00f0an hennar, og h\u00fan andvarpar sj\u00e1lf og sn\u00fdr s\u00e9r undan.<a name=\"9\"><span class=\"versanumer\">9<\/span><\/a>Saurugleiki hennar lo\u00f0ir vi\u00f0 kl\u00e6\u00f0afald hennar, h\u00fan hugsa\u00f0i ekki um endalokin. H\u00fan f\u00e9ll undradj\u00fapt, enginn ver\u00f0ur til a\u00f0 hugga hana. L\u00edt, Drottinn, \u00e1 eymd m\u00edna, \u00fev\u00ed a\u00f0 \u00f3vinirnir hr\u00f3sa sigri.<a name=\"10\"><span class=\"versanumer\">10<\/span><\/a>K\u00fagarinn r\u00e9tti \u00fat h\u00f6nd s\u00edna eftir \u00f6llum d\u00fdrgripum hennar. J\u00e1, h\u00fan s\u00e1, hversu hei\u00f0ingjarnir gengu inn \u00ed helgid\u00f3m hennar, sem \u00fe\u00fa hefir um bo\u00f0i\u00f0: \u00deeir skulu ekki koma \u00ed s\u00f6fnu\u00f0 \u00feinn.<a name=\"11\"><span class=\"versanumer\">11<\/span><\/a>Allur l\u00fd\u00f0ur hennar andvarpar, leitar s\u00e9r vi\u00f0urv\u00e6ris, gefur d\u00fdrgripi s\u00edna fyrir matbj\u00f6rg til \u00feess a\u00f0 draga fram l\u00edfi\u00f0. Sj\u00e1 \u00fe\u00fa, Drottinn, og l\u00edt \u00e1, hversu \u00e9g er fyrirlitin.<a name=\"12\"><span class=\"versanumer\">12<\/span><\/a>Komi\u00f0 til m\u00edn allir \u00fe\u00e9r, sem um veginn fari\u00f0, sj\u00e1i\u00f0 og sko\u00f0i\u00f0, hvort til s\u00e9 \u00f6nnur eins kv\u00f6l og m\u00edn, s\u00fa er m\u00e9r hefir veri\u00f0 gj\u00f6r\u00f0, m\u00e9r, sem Drottinn hrelldi \u00e1 degi sinnar brennandi rei\u00f0i.<a name=\"13\"><span class=\"versanumer\">13<\/span><\/a>Af h\u00e6\u00f0um sendi hann eld og l\u00e9t hann fara ni\u00f0ur \u00ed bein m\u00edn, lag\u00f0i net fyrir f\u00e6tur m\u00e9r, rak mig aftur, gj\u00f6r\u00f0i mig au\u00f0a, s\u00edfelldlega sj\u00faka.<a name=\"14\"><span class=\"versanumer\">14<\/span><\/a>Ok synda minna er \u00feungt or\u00f0i\u00f0 fyrir hendi hans. \u00de\u00e6r eru bundnar saman, lag\u00f0ar m\u00e9r \u00e1 h\u00e1ls, hann hefir lama\u00f0 \u00fer\u00f3tt minn. Drottinn hefir selt mig \u00ed hendur \u00feeirra, er \u00e9g f\u00e6 eigi sta\u00f0ist \u00ed m\u00f3ti.<a name=\"15\"><span class=\"versanumer\">15<\/span><\/a>Drottinn hefir hafna\u00f0 hetjum m\u00ednum, \u00f6llum \u00feeim, er \u00ed m\u00e9r voru, hann hefir bo\u00f0a\u00f0 h\u00e1t\u00ed\u00f0 gegn m\u00e9r til \u00feess a\u00f0 knosa \u00e6skumenn m\u00edna. Drottinn hefir tro\u00f0i\u00f0 v\u00ednlagar\u00fer\u00f3 meynni J\u00fada-d\u00f3ttur.<a name=\"16\"><span class=\"versanumer\">16<\/span><\/a>Yfir \u00feessu gr\u00e6t \u00e9g, augu m\u00edn flj\u00f3ta \u00ed t\u00e1rum. \u00dev\u00ed a\u00f0 huggarinn er langt \u00ed burtu fr\u00e1 m\u00e9r, s\u00e1 er hressti s\u00e1l m\u00edna. B\u00f6rn m\u00edn eru komin \u00ed \u00f6rbirg\u00f0, \u00fev\u00ed a\u00f0 \u00f3vinirnir b\u00e1ru h\u00e6rri hlut.<a name=\"17\"><span class=\"versanumer\">17<\/span><\/a>S\u00edon r\u00e9ttir \u00fat hendur s\u00ednar, enginn ver\u00f0ur til a\u00f0 hugga hana. Drottinn bau\u00f0 \u00fat \u00e1 m\u00f3ti Jakob fjendum hans allt \u00ed kring. Jer\u00fasalem er or\u00f0in a\u00f0 vi\u00f0urstygg\u00f0 me\u00f0al \u00feeirra.<a name=\"18\"><span class=\"versanumer\">18<\/span><\/a>Drottinn er r\u00e9ttl\u00e1tur, \u00fev\u00ed a\u00f0 \u00e9g \u00ferj\u00f3ska\u00f0ist gegn bo\u00f0i hans. \u00d3, heyri\u00f0 \u00fea\u00f0, allir l\u00fd\u00f0ir, og sj\u00e1i\u00f0 kv\u00f6l m\u00edna. Meyjar m\u00ednar og yngismenn f\u00f3ru burt herleidd.<a name=\"19\"><span class=\"versanumer\">19<\/span><\/a>\u00c9g kalla\u00f0i \u00e1 \u00e1stmenn m\u00edna, \u00feeir sviku mig. Prestar m\u00ednir og \u00f6ldungar \u00f6ndu\u00f0ust \u00ed borginni, \u00fe\u00e1 er \u00feeir leitu\u00f0u s\u00e9r bjargar til \u00feess a\u00f0 draga fram l\u00edfi\u00f0.<a name=\"20\"><span class=\"versanumer\">20<\/span><\/a>Sj\u00e1, Drottinn, hve \u00e9g er hr\u00e6dd, hve i\u00f0ur m\u00edn \u00f3lga. Hjarta\u00f0 berst \u00ed brj\u00f3sti m\u00e9r, \u00fev\u00ed a\u00f0 \u00e9g var svo \u00fever\u00fa\u00f0arfull. Sver\u00f0i\u00f0 svipti mig b\u00f6rnunum \u00fati fyrir, dreps\u00f3ttin \u00ed h\u00fasum inni.<a name=\"21\"><span class=\"versanumer\">21<\/span><\/a>\u00deeir heyr\u00f0u, hversu \u00e9g andvarpa\u00f0i, enginn var\u00f0 til a\u00f0 hugga mig. Allir \u00f3vinir m\u00ednir spur\u00f0u \u00f3hamingju m\u00edna, gl\u00f6ddust, af \u00fev\u00ed a\u00f0 \u00fe\u00fa hefir gj\u00f6rt \u00feetta. \u00de\u00fa l\u00e6tur \u00feann dag koma, er \u00fe\u00fa hefir bo\u00f0a\u00f0, \u00fe\u00e1 ver\u00f0a \u00feeir jafningjar m\u00ednir.<a name=\"22\"><span class=\"versanumer\">22<\/span><\/a>L\u00e1t alla illsku \u00feeirra koma fyrir auglit \u00feitt, og gj\u00f6r vi\u00f0 \u00fe\u00e1, eins og \u00fe\u00fa hefir gj\u00f6rt vi\u00f0 mig vegna allra synda minna. \u00dev\u00ed a\u00f0 andv\u00f6rp m\u00edn eru m\u00f6rg, og hjarta mitt er sj\u00fakt.<\/p>\n<div class=\"footnote1981\"><b>1.1<\/b> Einmana 3M\u00f3s 13.46 \u2013 eins og ekkja Hlj 5.3; Bar 4.12<br \/>\n<b>1.2<\/b> Gr\u00e6tur um n\u00e6tur Slm 6.7 \u2013 enginn huggar Hlj 1.9,16,17,21; Slm 69.21 \u2013 huggari, huggun Jes 12.1; 40.1; Slm 71.21; 86.17; L\u00fak 2.25; J\u00f3h 14.16,26; 15.26; 16.7 \u2013 or\u00f0nir \u00f3vinir Jer 30.14<br \/>\n<b>1.3<\/b> \u00derengingar Slm 116.3<br \/>\n<b>1.4<\/b> \u00cd sorg Jes 3.26; Jer 14.2 \u2013 h\u00e1t\u00ed\u00f0arhald Hlj 1.15; 2.6,22 \u2013 harm\u00ferungnar, beiskar 1Sam 15.32; Rut 1.13; Pr\u00e9d 7.26<br \/>\n<b>1.6<\/b> Skart horfi\u00f0 Esk 10.18-22; 11.22-23<br \/>\n<b>1.7<\/b> Enginn hj\u00e1lpa\u00f0i Jes 58.7 \u2013 hlakkar \u00ed \u00f3vinunum Slm 13.5; 35.19; 38.17<br \/>\n<b>1.8<\/b> Nekt hennar Jes 47.3; Esk 16.37<br \/>\n<b>1.9<\/b> Leiddi ekki hugann a\u00f0 5M\u00f3s 32.29; Jes 47.7; sbr L\u00fak 14.28 \u2013 l\u00edt, Drottinn &#8230; Hlj 1.11; 2.20; 3.59; 5.1<br \/>\n<b>1.10<\/b> D\u00fdrgripir hennar 2Kon 24.13; Jes 64.10 \u2013 hei\u00f0ingjar \u00ed helgid\u00f3minum 5M\u00f3s 23.3; Esk 44.7-9; Post 21.28<br \/>\n<b>1.11<\/b> Hungursney\u00f0 5M\u00f3s 28.51; Jer 52.6<br \/>\n<b>1.12<\/b> Kv\u00f6l m\u00edn Hlj 1.18; sbr 1.2,13,20; Dan 9.12; 12.1; Matt 24.21 \u2013 rei\u00f0idagur Hlj 2.1,21,22; 4.11; Esk 7.19; Sef 2.2-3; Slm 110.5; Job 20.28; Okv 11.4; R\u00f3m 2.5; Opb 6.17<br \/>\n<b>1.13<\/b> Bein m\u00edn Hlj 3.4; Jes 38.13; Slm 31.11; 51.10 \u2013 net Slm 9.16+ &#8211; au\u00f0n, yfirgefin 2Sam 13.20; Jes 24.1 \u2013 m\u00e1ttvana daginn langan 3M\u00f3s 15.33; 20.18<br \/>\n<b>1.14<\/b> Ok 5M\u00f3s 28.48; Jer 27.2<br \/>\n<b>1.15<\/b> Li\u00f0 gegn m\u00e9r Hlj 1.4+ &#8211; v\u00ednlagar\u00fer\u00f3 Jes 63.2; Jl 3.18 \u2013 meyjan \u00cdsrael Hlj 2.13; Jer 18.13; 31.4,21; Am 5.2<br \/>\n<b>1.16<\/b> Gr\u00e1ta yfir Jer\u00fasalem Jer 13.17<br \/>\n<b>1.18<\/b> Drottinn er r\u00e9ttl\u00e1tur Slm 51.6 \u2013 \u00e9g \u00f3hl\u00fd\u00f0na\u00f0ist Hlj 1.20,22; 3.42; 5.16; sbr 1.5,8 \u2013 horfi\u00f0 \u00e1 kv\u00f6l m\u00edna Hlj 1.12<br \/>\n<b>1.19<\/b> \u00c1stmenn m\u00ednir Jer 30.14 \u2013 brug\u00f0ust m\u00e9r Hlj 1.2<br \/>\n<b>1.20<\/b> \u00d3lga hi\u00f0 innra Hlj 2.11; Jes 16.11; Jer 4.19 \u2013 sver\u00f0i\u00f0 \u00fati fyrir 5M\u00f3s 32.25; Jer 9.21<br \/>\n<b>1.21<\/b> Huggari Hlj 1.2+ &#8211; dagur Drottins Jl 1.15+<br \/>\n<b>1.22<\/b> Hegn illgj\u00f6r\u00f0am\u00f6nnum Jer 17.18 \u2013 eins og me\u00f0 mig Jer 51.35<\/div>\n","protected":false},"excerpt":{"rendered":"<p>1\u00c6, hversu einmana er n\u00fa borgin, s\u00fa er \u00e1\u00f0ur var svo fj\u00f6lbygg\u00f0, or\u00f0in eins og ekkja, s\u00fa er voldug var me\u00f0al \u00fej\u00f3\u00f0anna, furstafr\u00fain me\u00f0al h\u00e9ra\u00f0anna or\u00f0in kva\u00f0arkona.2H\u00fan gr\u00e6tur s\u00e1ran um n\u00e6tur, og t\u00e1rin streyma ofan vanga hennar. Enginn er s\u00e1 er huggi hana af \u00f6llum \u00e1stm\u00f6nnum hennar. Allir vinir hennar hafa brug\u00f0ist henni, \u00feeir eru or\u00f0nir \u00f3vinir hennar.3J\u00fada hefir fl\u00fai\u00f0 land fyrir eymd og fyrir mikilli \u00e1nau\u00f0. Hann b\u00fdr me\u00f0al hei\u00f0ingjanna, finnur engan hv\u00edldarsta\u00f0. Allir ofs\u00e6kjendur hans n\u00e1\u00f0u honum \u00ed \u00ferengslunum.4Vegirnir til S\u00edonar syrgja, af \u00fev\u00ed a\u00f0 engir koma til h\u00e1t\u00ed\u00f0ahalds. \u00d6ll hli\u00f0 hennar eru eydd, prestar hennar andvarpa, meyjar <a href=\"https:\/\/biblian.is\/1981\/harmljodin-1-kafli\/\"> [&#8230;]<\/a><\/p>\n","protected":false},"author":1,"featured_media":0,"parent":0,"menu_order":0,"comment_status":"open","ping_status":"open","template":"bibliukaflar.php","meta":{"footnotes":""},"class_list":["post-2145","page","type-page","status-publish","hentry"],"_links":{"self":[{"href":"https:\/\/biblian.is\/1981\/wp-json\/wp\/v2\/pages\/2145","targetHints":{"allow":["GET"]}}],"collection":[{"href":"https:\/\/biblian.is\/1981\/wp-json\/wp\/v2\/pages"}],"about":[{"href":"https:\/\/biblian.is\/1981\/wp-json\/wp\/v2\/types\/page"}],"author":[{"embeddable":true,"href":"https:\/\/biblian.is\/1981\/wp-json\/wp\/v2\/users\/1"}],"replies":[{"embeddable":true,"href":"https:\/\/biblian.is\/1981\/wp-json\/wp\/v2\/comments?post=2145"}],"version-history":[{"count":0,"href":"https:\/\/biblian.is\/1981\/wp-json\/wp\/v2\/pages\/2145\/revisions"}],"wp:attachment":[{"href":"https:\/\/biblian.is\/1981\/wp-json\/wp\/v2\/media?parent=2145"}],"curies":[{"name":"wp","href":"https:\/\/api.w.org\/{rel}","templated":true}]}}