{"id":2144,"date":"2017-11-18T20:20:20","date_gmt":"2017-11-18T20:20:20","guid":{"rendered":"http:\/\/biblian.is\/1981\/jeremia-52-kafli\/"},"modified":"2017-11-18T20:20:20","modified_gmt":"2017-11-18T20:20:20","slug":"jeremia-52-kafli","status":"publish","type":"page","link":"https:\/\/biblian.is\/1981\/jeremia-52-kafli\/","title":{"rendered":"Jerem\u00eda 52. kafli"},"content":{"rendered":"<p><a name=\"1\"><span class=\"versanumer\">1<\/span><\/a>Sedek\u00eda var tuttugu og eins \u00e1rs a\u00f0 aldri, \u00fe\u00e1 er hann var\u00f0 konungur, og ellefu \u00e1r r\u00edkti hann \u00ed Jer\u00fasalem. M\u00f3\u00f0ir hans h\u00e9t Ham\u00fatal Jerem\u00edad\u00f3ttir og var fr\u00e1 L\u00edbna.<a name=\"2\"><span class=\"versanumer\">2<\/span><\/a>Hann gj\u00f6r\u00f0i \u00fea\u00f0 sem illt var \u00ed augum Drottins, me\u00f0 \u00f6llu svo sem gj\u00f6rt haf\u00f0i J\u00f3jak\u00edm.<a name=\"3\"><span class=\"versanumer\">3<\/span><\/a>Vegna rei\u00f0i Drottins f\u00f3r svo fyrir Jer\u00fasalem og J\u00fada, a\u00f0 hann varpa\u00f0i \u00feeim burt fr\u00e1 augliti s\u00ednu. Sedek\u00eda br\u00e1 tr\u00fana\u00f0i vi\u00f0 Babelkonung,<a name=\"4\"><span class=\"versanumer\">4<\/span><\/a>og \u00e1 n\u00edunda r\u00edkis\u00e1ri hans, \u00e1 t\u00edunda degi hins t\u00edunda m\u00e1na\u00f0ar, kom Neb\u00fakadresar Babelkonungur me\u00f0 allan her sinn til Jer\u00fasalem, og \u00feeir settust um hana og reistu hervirki hringinn \u00ed kringum hana.<a name=\"5\"><span class=\"versanumer\">5<\/span><\/a>Var\u00f0 borgin \u00feannig \u00ed ums\u00e1tri fram \u00e1 ellefta r\u00edkis\u00e1r Sedek\u00eda konungs.<a name=\"6\"><span class=\"versanumer\">6<\/span><\/a>\u00cd fj\u00f3r\u00f0a m\u00e1nu\u00f0inum, \u00e1 n\u00edunda degi m\u00e1na\u00f0arins, er hungri\u00f0 t\u00f3k a\u00f0 sverfa a\u00f0 borginni og landsl\u00fd\u00f0ur var or\u00f0inn vistalaus,<a name=\"7\"><span class=\"versanumer\">7<\/span><\/a>\u00fe\u00e1 var broti\u00f0 skar\u00f0 inn \u00ed borgina. Og konungur og allir hermennirnir fl\u00fd\u00f0u og f\u00f3ru \u00fat \u00far borginni um n\u00f3ttina gegnum hli\u00f0i\u00f0 milli beggja m\u00faranna, sem er hj\u00e1 konungsgar\u00f0inum, \u00fe\u00f3tt Kaldear umkringdu borgina, og h\u00e9ldu lei\u00f0ina til sl\u00e9ttlendisins.<a name=\"8\"><span class=\"versanumer\">8<\/span><\/a>Her Kaldea veitti konungi eftirf\u00f6r og n\u00e1\u00f0i Sedek\u00eda \u00e1 Jer\u00edk\u00f3v\u00f6llum, er allur her hans haf\u00f0i tv\u00edstrast burt fr\u00e1 honum.<a name=\"9\"><span class=\"versanumer\">9<\/span><\/a>T\u00f3ku \u00feeir konung h\u00f6ndum og fluttu hann til Ribla \u00ed Hamat-h\u00e9ra\u00f0i til Babelkonungs. Hann kva\u00f0 upp d\u00f3m hans.<a name=\"10\"><span class=\"versanumer\">10<\/span><\/a>L\u00e9t Babelkonungur drepa sonu Sedek\u00eda fyrir augum hans. S\u00f6mulei\u00f0is l\u00e9t hann drepa alla h\u00f6f\u00f0ingja J\u00fada \u00ed Ribla.<a name=\"11\"><span class=\"versanumer\">11<\/span><\/a>En Sedek\u00eda l\u00e9t hann blinda og binda eirfj\u00f6trum. S\u00ed\u00f0an l\u00e9t Babelkonungur flytja hann til Bab\u00fdlon og setja \u00ed fangelsi, og var hann \u00fear til dau\u00f0adags.<a name=\"12\"><span class=\"versanumer\">12<\/span><\/a>En \u00ed fimmta m\u00e1nu\u00f0i, \u00e1 t\u00edunda degi m\u00e1na\u00f0arins \u00fea\u00f0 er \u00e1 n\u00edtj\u00e1nda r\u00edkis\u00e1ri Neb\u00fakadresars Babelkonungs kom Neb\u00fasaradan l\u00edfvar\u00f0arforingi, vildar\u00fej\u00f3nn Babelkonungs, til Jer\u00fasalem<a name=\"13\"><span class=\"versanumer\">13<\/span><\/a>og brenndi musteri Drottins og konungsh\u00f6llina og \u00f6ll h\u00fas \u00ed Jer\u00fasalem, og \u00f6ll h\u00fas st\u00f3rmennanna brenndi hann \u00ed eldi.<a name=\"14\"><span class=\"versanumer\">14<\/span><\/a>En allur Kaldeaher, s\u00e1 er var me\u00f0 l\u00edfvar\u00f0arforingjanum, reif ni\u00f0ur alla m\u00farana umhverfis Jer\u00fasalem.<a name=\"15\"><span class=\"versanumer\">15<\/span><\/a>En leifar l\u00fd\u00f0sins, \u00fe\u00e1 er eftir voru \u00ed borginni, og li\u00f0hlaupana, \u00fe\u00e1 er hlaupist h\u00f6f\u00f0u \u00ed li\u00f0 me\u00f0 Babelkonungi, og \u00fe\u00e1 sem eftir voru af i\u00f0na\u00f0arm\u00f6nnum, herleiddi Neb\u00fasaradan l\u00edfvar\u00f0arforingi til Bab\u00fdlon.<a name=\"16\"><span class=\"versanumer\">16<\/span><\/a>En af alm\u00faga landsins l\u00e9t Neb\u00fasaradan l\u00edfvar\u00f0arforingi nokkra ver\u00f0a eftir sem v\u00edngar\u00f0smenn og akurkarla.<a name=\"17\"><span class=\"versanumer\">17<\/span><\/a>Eirs\u00falurnar, er voru vi\u00f0 musteri Drottins, og undirst\u00f6\u00f0upallana og eirhafi\u00f0, er voru \u00ed musteri Drottins, brutu Kaldear sundur og fluttu allan eirinn til Bab\u00fdlon.<a name=\"18\"><span class=\"versanumer\">18<\/span><\/a>Og katlana, eldspa\u00f0ana, skarb\u00edtana, \u00e1dreifingarsk\u00e1larnar, bollana og \u00f6ll eir\u00e1h\u00f6ldin, er notu\u00f0 voru vi\u00f0 gu\u00f0s\u00fej\u00f3nustuna, t\u00f3ku \u00feeir.<a name=\"19\"><span class=\"versanumer\">19<\/span><\/a>\u00de\u00e1 t\u00f3k og l\u00edfvar\u00f0arforinginn katlana, eldp\u00f6nnurnar, \u00e1dreifingarsk\u00e1larnar, pottana, lj\u00f3sastikurnar, bollana, kerin allt sem var af gulli og silfri.<a name=\"20\"><span class=\"versanumer\">20<\/span><\/a>S\u00falurnar tv\u00e6r, hafi\u00f0 og undirst\u00f6dupallana, er Sal\u00f3mon konungur haf\u00f0i gj\u00f6ra l\u00e1ti\u00f0 \u00ed musteri Drottins eirinn \u00far \u00f6llum \u00feessum \u00e1h\u00f6ldum var\u00f0 eigi veginn.<a name=\"21\"><span class=\"versanumer\">21<\/span><\/a>En hva\u00f0 s\u00falurnar snertir, \u00fe\u00e1 var \u00f6nnur s\u00falan \u00e1tj\u00e1n \u00e1lnir \u00e1 h\u00e6\u00f0, og t\u00f3lf \u00e1lna langan \u00fer\u00e1\u00f0 \u00feurfti til a\u00f0 n\u00e1 utan um hana, en h\u00fan var fj\u00f6gra fingra \u00feykk, hol a\u00f0 innan.<a name=\"22\"><span class=\"versanumer\">22<\/span><\/a>En ofan \u00e1 henni var s\u00falnah\u00f6fu\u00f0 af eiri og var \u00fea\u00f0 fimm \u00e1lnir \u00e1 h\u00e6\u00f0. Ri\u00f0i\u00f0 net og granatepli voru umhverfis h\u00f6fu\u00f0i\u00f0, allt af eiri, og eins var \u00e1 hinni s\u00falunni.<a name=\"23\"><span class=\"versanumer\">23<\/span><\/a>En granateplin voru n\u00edut\u00edu og sex, \u00feau er \u00fat sneru. \u00d6ll granateplin voru hundra\u00f0 \u00e1 ri\u00f0na netinu allt um kring.<a name=\"24\"><span class=\"versanumer\">24<\/span><\/a>Og l\u00edfvar\u00f0arforinginn t\u00f3k Seraja h\u00f6fu\u00f0prest og Sefan\u00eda annan prest og \u00fer\u00f6skuldsver\u00f0ina \u00ferj\u00e1.<a name=\"25\"><span class=\"versanumer\">25<\/span><\/a>Og \u00far borginni t\u00f3k hann hir\u00f0mann einn, er skipa\u00f0ur var yfir hermennina, og sj\u00f6 menn af \u00feeim, er daglega litu auglit konungs, er fundust \u00ed borginni, og ritara hersh\u00f6f\u00f0ingjans, \u00feess er bau\u00f0 \u00fat landsl\u00fd\u00f0num, og sext\u00edu manns af sveitaf\u00f3lki, \u00fev\u00ed er fannst \u00ed borginni.<a name=\"26\"><span class=\"versanumer\">26<\/span><\/a>\u00deessa menn t\u00f3k Neb\u00fasaradan l\u00edfvar\u00f0arforingi og flutti \u00fe\u00e1 til Ribla til Babelkonungs.<a name=\"27\"><span class=\"versanumer\">27<\/span><\/a>En Babelkonungur l\u00e9t drepa \u00fe\u00e1 \u00ed Ribla \u00ed Hamat-h\u00e9ra\u00f0i. \u00deannig var J\u00fada herleiddur \u00far landi s\u00ednu.<a name=\"28\"><span class=\"versanumer\">28<\/span><\/a>\u00deetta var mannf\u00f3lki\u00f0, sem Neb\u00fakadresar herleiddi: Sj\u00f6unda \u00e1ri\u00f0 3023 J\u00fadab\u00faa,<a name=\"29\"><span class=\"versanumer\">29<\/span><\/a>\u00e1tj\u00e1nda r\u00edkis\u00e1r Neb\u00fakadresars 832 s\u00e1lir \u00far Jer\u00fasalem.<a name=\"30\"><span class=\"versanumer\">30<\/span><\/a>Tuttugasta og \u00feri\u00f0ja r\u00edkis\u00e1r Neb\u00fakadresars herleiddi Neb\u00fasaradan l\u00edfvar\u00f0arforingi 745 s\u00e1lir af J\u00fadab\u00faum. Alls voru \u00fea\u00f0 4600 s\u00e1lir.<a name=\"31\"><span class=\"versanumer\">31<\/span><\/a>Og \u00e1 \u00fer\u00edtugasta og sj\u00f6unda \u00fatleg\u00f0ar\u00e1ri J\u00f3jak\u00edns J\u00fadakonungs, \u00ed t\u00f3lfta m\u00e1nu\u00f0inum, tuttugasta og fimmta dag m\u00e1na\u00f0arins, n\u00e1\u00f0a\u00f0i Ev\u00edl-Mer\u00f3dak Babelkonungur \u00e1ri\u00f0 sem hann kom til r\u00edkis J\u00f3jak\u00edn J\u00fadakonung og t\u00f3k hann \u00fat \u00far d\u00fdflissunni.<a name=\"32\"><span class=\"versanumer\">32<\/span><\/a>Og hann tala\u00f0i vingjarnlega vi\u00f0 hann og setti st\u00f3l hans ofar st\u00f3lum hinna konunganna, sem hj\u00e1 honum voru \u00ed Bab\u00fdlon.<a name=\"33\"><span class=\"versanumer\">33<\/span><\/a>Og hann f\u00f3r \u00far bandingjaf\u00f6tum s\u00ednum og bor\u00f0a\u00f0i st\u00f6\u00f0uglega me\u00f0 honum, me\u00f0an hann lif\u00f0i.<a name=\"34\"><span class=\"versanumer\">34<\/span><\/a>En uppeldi hans hi\u00f0 st\u00f6\u00f0uga uppeldi var honum veitt af Babelkonungi, \u00fea\u00f0 er hann \u00feurfti \u00e1 degi hverjum, alla \u00e6vi hans, allt \u00fear til er hann d\u00f3.<\/p>\n<div class=\"footnote1981\"><b>52.1-27<\/b> \u00cd t\u00ed\u00f0 Sedek\u00eda 2Kon 24.18-25,26; Jer 39.1-10; 2Kro 36.11-13,17-21<br \/>\n<b>52.1<\/b> Sedek\u00eda Jer 1.3+ &#8211; L\u00edbna J\u00f3s 10.29; 2Kon 8.22; 19.8; 23.31<br \/>\n<b>52.2<\/b> Eins og J\u00f3jak\u00edm Jer 22.13-17; sbr 1.3+<br \/>\n<b>52.3<\/b> Vegna rei\u00f0i Drottins Jer 32.31<br \/>\n<b>52.4<\/b> \u00c1 n\u00edunda stj\u00f3rnar\u00e1ri Jer 39.1 \u2013 Neb\u00fakadresar Jer 21.2+<br \/>\n<b>52.5<\/b> Ellefta \u00e1ri\u00f0 Jer 39.2<br \/>\n<b>52.7<\/b> Hli\u00f0i\u00f0 2Kon 25.4; Jer 39.4 \u2013 gar\u00f0ur konungs Neh 3.15<br \/>\n<b>52.9<\/b> Hamat Jer 49.23+<br \/>\n<b>52.11<\/b> Til Bab\u00fdlon Jer 32.5; Esk 12.13<br \/>\n<b>52.12<\/b> Neb\u00fasaradan Jer 39.9+<br \/>\n<b>52.13<\/b> Jer\u00fasalem brennd Jer 17.27+<br \/>\n<b>52.14<\/b> Reif ni\u00f0ur m\u00farana sbr Jer 1.10<br \/>\n<b>52.16<\/b> F\u00e1t\u00e6klingar 2Kon 24.14<br \/>\n<b>52.17-23<\/b> S\u00falur, grindur, bronshaf 1Kon 7.15-50<br \/>\n<b>52.18<\/b> Ker, sk\u00f3flur &#8230; 1Kon 7.40,45,50 \u2013 teki\u00f0 Jer 27.19-22+<br \/>\n<b>52.24<\/b> Yfirprestur 2Kon 25.18; 2Kro 19.11; 24.6,11; 26.20 \u2013 Sefanja Jer 21.1+ &#8211; annar prestur 2Kon 23.4; 25.18<br \/>\n<b>52.27<\/b> \u00cdb\u00faar J\u00fada fluttir \u00ed \u00fatleg\u00f0 Hlj 1.3<br \/>\n<b>52.28<\/b> Fyrsta herlei\u00f0ing 2Kon 24.14-15; Jer 22.26-27; 28.4; 29.1-2; Esk 1.2<br \/>\n<b>52.29<\/b> \u00c1tj\u00e1nda \u00e1r Jer 32.1 \u2013 \u00f6nnur herlei\u00f0ing Jer 39.9<br \/>\n<b>52.31-34<\/b> \u00c1 \u00fer\u00edtugasta og sj\u00f6unda \u00e1ri 2Kon 25.27-30<\/div>\n","protected":false},"excerpt":{"rendered":"<p>1Sedek\u00eda var tuttugu og eins \u00e1rs a\u00f0 aldri, \u00fe\u00e1 er hann var\u00f0 konungur, og ellefu \u00e1r r\u00edkti hann \u00ed Jer\u00fasalem. M\u00f3\u00f0ir hans h\u00e9t Ham\u00fatal Jerem\u00edad\u00f3ttir og var fr\u00e1 L\u00edbna.2Hann gj\u00f6r\u00f0i \u00fea\u00f0 sem illt var \u00ed augum Drottins, me\u00f0 \u00f6llu svo sem gj\u00f6rt haf\u00f0i J\u00f3jak\u00edm.3Vegna rei\u00f0i Drottins f\u00f3r svo fyrir Jer\u00fasalem og J\u00fada, a\u00f0 hann varpa\u00f0i \u00feeim burt fr\u00e1 augliti s\u00ednu. Sedek\u00eda br\u00e1 tr\u00fana\u00f0i vi\u00f0 Babelkonung,4og \u00e1 n\u00edunda r\u00edkis\u00e1ri hans, \u00e1 t\u00edunda degi hins t\u00edunda m\u00e1na\u00f0ar, kom Neb\u00fakadresar Babelkonungur me\u00f0 allan her sinn til Jer\u00fasalem, og \u00feeir settust um hana og reistu hervirki hringinn \u00ed kringum hana.5Var\u00f0 borgin \u00feannig \u00ed ums\u00e1tri <a href=\"https:\/\/biblian.is\/1981\/jeremia-52-kafli\/\"> [&#8230;]<\/a><\/p>\n","protected":false},"author":1,"featured_media":0,"parent":0,"menu_order":0,"comment_status":"open","ping_status":"open","template":"bibliukaflar.php","meta":{"footnotes":""},"class_list":["post-2144","page","type-page","status-publish","hentry"],"_links":{"self":[{"href":"https:\/\/biblian.is\/1981\/wp-json\/wp\/v2\/pages\/2144","targetHints":{"allow":["GET"]}}],"collection":[{"href":"https:\/\/biblian.is\/1981\/wp-json\/wp\/v2\/pages"}],"about":[{"href":"https:\/\/biblian.is\/1981\/wp-json\/wp\/v2\/types\/page"}],"author":[{"embeddable":true,"href":"https:\/\/biblian.is\/1981\/wp-json\/wp\/v2\/users\/1"}],"replies":[{"embeddable":true,"href":"https:\/\/biblian.is\/1981\/wp-json\/wp\/v2\/comments?post=2144"}],"version-history":[{"count":0,"href":"https:\/\/biblian.is\/1981\/wp-json\/wp\/v2\/pages\/2144\/revisions"}],"wp:attachment":[{"href":"https:\/\/biblian.is\/1981\/wp-json\/wp\/v2\/media?parent=2144"}],"curies":[{"name":"wp","href":"https:\/\/api.w.org\/{rel}","templated":true}]}}