{"id":2142,"date":"2017-11-18T20:20:20","date_gmt":"2017-11-18T20:20:20","guid":{"rendered":"http:\/\/biblian.is\/1981\/jeremia-50-kafli\/"},"modified":"2017-11-18T20:20:20","modified_gmt":"2017-11-18T20:20:20","slug":"jeremia-50-kafli","status":"publish","type":"page","link":"https:\/\/biblian.is\/1981\/jeremia-50-kafli\/","title":{"rendered":"Jerem\u00eda 50. kafli"},"content":{"rendered":"<p><a name=\"1\"><span class=\"versanumer\">1<\/span><\/a>Or\u00f0i\u00f0 sem Drottinn tala\u00f0i um Bab\u00fdlon, um land Kaldea, fyrir munn Jerem\u00eda sp\u00e1manns.<a name=\"2\"><span class=\"versanumer\">2<\/span><\/a>Kunngj\u00f6ri\u00f0 \u00fea\u00f0 me\u00f0al \u00fej\u00f3\u00f0anna, bo\u00f0i\u00f0 \u00fea\u00f0 og setji\u00f0 upp merki! Bo\u00f0i\u00f0 \u00fea\u00f0, dylji\u00f0 \u00fea\u00f0 ekki! Segi\u00f0: Bab\u00fdlon er unnin! Bel er or\u00f0in til skammar! Mard\u00fak ni\u00f0ur brotinn! L\u00edkneskin eru or\u00f0in til skammar, skur\u00f0go\u00f0in ni\u00f0ur brotin!<a name=\"3\"><span class=\"versanumer\">3<\/span><\/a>\u00dej\u00f3\u00f0 kemur \u00e1 m\u00f3ti henni \u00far nor\u00f0ur\u00e1tt, h\u00fan gj\u00f6rir land hennar a\u00f0 au\u00f0n, svo a\u00f0 enginn ma\u00f0ur b\u00fdr \u00fear framar, b\u00e6\u00f0i menn og skepnur fl\u00fdja, fara burt.<a name=\"4\"><span class=\"versanumer\">4<\/span><\/a>\u00c1 \u00feeim d\u00f6gum og \u00e1 \u00feeim t\u00edma segir Drottinn munu \u00cdsraelsmenn koma, \u00e1samt J\u00fadam\u00f6nnum. Gr\u00e1tandi munu \u00feeir ganga og leita Drottins, Gu\u00f0s s\u00edns.<a name=\"5\"><span class=\"versanumer\">5<\/span><\/a>\u00deeir spyrja eftir S\u00edon, \u00feanga\u00f0 stefna \u00feeir. \u00deeir koma og ganga Drottni \u00e1 h\u00f6nd me\u00f0 eil\u00edfum s\u00e1ttm\u00e1la, sem ekki mun gleymast.<a name=\"6\"><span class=\"versanumer\">6<\/span><\/a>\u00dej\u00f3\u00f0 m\u00edn var sem t\u00fdndir sau\u00f0ir, hir\u00f0ar \u00feeirra leiddu \u00fe\u00e1 afvega, t\u00e6ldu \u00fe\u00e1 upp \u00ed fj\u00f6ll, \u00feeir reiku\u00f0u af h\u00e1lsi \u00e1 h\u00e6\u00f0, gleymdu b\u00f3li s\u00ednu.<a name=\"7\"><span class=\"versanumer\">7<\/span><\/a>Allir, sem hittu \u00fe\u00e1, \u00e1tu \u00fe\u00e1, og m\u00f3tst\u00f6\u00f0umenn \u00feeirra s\u00f6g\u00f0u: V\u00e9r b\u00f6kum oss enga sekt, vegna \u00feess a\u00f0 \u00feeir syndgu\u00f0u gegn Drottni, haglendi r\u00e9ttl\u00e6tisins og von fe\u00f0ra \u00feeirra, Drottni.<a name=\"8\"><span class=\"versanumer\">8<\/span><\/a>Fl\u00fdi\u00f0 burt \u00far Bab\u00fdlon og fari\u00f0 burt \u00far landi Kaldea og veri\u00f0 sem hafrar \u00e1 undan hj\u00f6r\u00f0inni.<a name=\"9\"><span class=\"versanumer\">9<\/span><\/a>Sj\u00e1, \u00e9g l\u00e6t upp r\u00edsa safn mikilla \u00fej\u00f3\u00f0a fr\u00e1 nor\u00f0l\u00e6gum l\u00f6ndum, er fer \u00e1 m\u00f3ti Bab\u00fdlon. \u00de\u00e6r munu skipa s\u00e9r m\u00f3ti henni. \u00dea\u00f0an mun h\u00fan unnin ver\u00f0a. \u00d6rvar \u00feeirra eru eins og giftus\u00f6m hetja, er ekki hverfur aftur vi\u00f0 svo b\u00fai\u00f0.<a name=\"10\"><span class=\"versanumer\">10<\/span><\/a>Kaldea skal ver\u00f0a a\u00f0 herfangi, allir, sem hana r\u00e6na, f\u00e1 n\u00e6gju s\u00edna segir Drottinn.<a name=\"11\"><span class=\"versanumer\">11<\/span><\/a>Gle\u00f0jist, j\u00e1 fagni\u00f0, \u00fe\u00e9r r\u00e1nsmenn eignar minnar, j\u00e1 st\u00f6kkvi\u00f0 eins og \u00fereskjandi kv\u00edga og hv\u00edi\u00f0 eins og st\u00f3\u00f0hestar.<a name=\"12\"><span class=\"versanumer\">12<\/span><\/a>M\u00f3\u00f0ir y\u00f0ar ver\u00f0ur mj\u00f6g til skammar, h\u00fan, sem \u00f3l y\u00f0ur, m\u00e1 fyrirver\u00f0a sig. Sj\u00e1, h\u00fan er hin s\u00ed\u00f0asta me\u00f0al \u00fej\u00f3\u00f0anna, ey\u00f0im\u00f6rk, \u00feurrt land, hei\u00f0i!<a name=\"13\"><span class=\"versanumer\">13<\/span><\/a>Vegna rei\u00f0i Drottins mun h\u00fan ver\u00f0a \u00f3bygg\u00f0 og ver\u00f0a algj\u00f6rlega a\u00f0 au\u00f0n. Hvern, sem fer fram hj\u00e1 Bab\u00fdlon, mun hrylla vi\u00f0, og hann mun h\u00e6\u00f0ast a\u00f0 \u00f6llum \u00e1f\u00f6llunum, sem h\u00fan hefir or\u00f0i\u00f0 fyrir.<a name=\"14\"><span class=\"versanumer\">14<\/span><\/a>Skipi\u00f0 y\u00f0ur ni\u00f0ur kringum Bab\u00fdlon, allir \u00fe\u00e9r bogmenn! Skj\u00f3ti\u00f0 \u00e1 hana, spari\u00f0 ekki \u00f6rvarnar, \u00fev\u00ed a\u00f0 gegn Drottni hefir h\u00fan syndga\u00f0.<a name=\"15\"><span class=\"versanumer\">15<\/span><\/a>Lj\u00f3sti\u00f0 upp \u00f3pi hringinn \u00ed kringum hana: H\u00fan hefir gefist upp, sto\u00f0ir hennar eru fallnar, m\u00farar hennar ni\u00f0ur rifnir, \u00fea\u00f0 er hefnd Drottins. Hefni\u00f0 y\u00f0ar \u00e1 henni. Gj\u00f6ri\u00f0 vi\u00f0 hana eins og h\u00fan hefir til gj\u00f6rt.<a name=\"16\"><span class=\"versanumer\">16<\/span><\/a>Afm\u00e1i\u00f0 \u00ed Bab\u00fdlon s\u00e1\u00f0manninn og \u00feann, er sig\u00f0ina ber um uppskerut\u00edmann. Fyrir hinu v\u00edgfreka sver\u00f0i munu \u00feeir hver og einn hverfa til sinnar \u00fej\u00f3\u00f0ar og fl\u00fdja hver og einn til s\u00edns lands.<a name=\"17\"><span class=\"versanumer\">17<\/span><\/a>\u00cdsrael er sem burtfl\u00e6mdur sau\u00f0ur, er lj\u00f3n hafa elt: Fyrst \u00e1t Ass\u00fdr\u00edukonungur hann og n\u00fa s\u00ed\u00f0ast hefir Neb\u00fakadresar Babelkonungur naga\u00f0 bein hans.<a name=\"18\"><span class=\"versanumer\">18<\/span><\/a>Fyrir \u00fev\u00ed segir Drottinn allsherjar, \u00cdsraels Gu\u00f0, svo: Sj\u00e1, \u00e9g vitja Babelkonungs og lands hans, eins og \u00e9g vitja\u00f0i Ass\u00fdr\u00edukonungs.<a name=\"19\"><span class=\"versanumer\">19<\/span><\/a>\u00c9g lei\u00f0i \u00cdsrael aftur heim \u00ed haglendi sitt, og hann skal vera \u00e1 beit \u00e1 Karmel og \u00ed Basan og se\u00f0ja hungur sitt \u00e1 Efra\u00edm-fj\u00f6llum og \u00ed G\u00edlea\u00f0.<a name=\"20\"><span class=\"versanumer\">20<\/span><\/a>\u00c1 \u00feeim d\u00f6gum og \u00e1 \u00feeim t\u00edma segir Drottinn mun leita\u00f0 ver\u00f0a a\u00f0 sekt \u00cdsraels, en h\u00fan er ekki framar til, og a\u00f0 syndum J\u00fada, en \u00fe\u00e6r finnast ekki, \u00fev\u00ed a\u00f0 \u00e9g mun fyrirgefa \u00feeim, sem \u00e9g l\u00e6t eftir ver\u00f0a.<a name=\"21\"><span class=\"versanumer\">21<\/span><\/a>Far m\u00f3ti Marataj\u00edm-h\u00e9ra\u00f0i og gegn \u00edb\u00faum Pekod. Ey\u00f0 \u00feeim og helga \u00fe\u00e1 banni segir Drottinn og gj\u00f6r me\u00f0 \u00f6llu svo sem \u00e9g hefi fyrir \u00feig lagt.<a name=\"22\"><span class=\"versanumer\">22<\/span><\/a>Heyr! Str\u00ed\u00f0 \u00ed landinu og mikil ey\u00f0ilegging!<a name=\"23\"><span class=\"versanumer\">23<\/span><\/a>Hversu er hamarinn, sem laust alla j\u00f6r\u00f0ina, h\u00f6ggvinn af skafti og sundurbrotinn! Hversu er Bab\u00fdlon or\u00f0in a\u00f0 skelfingu me\u00f0al \u00fej\u00f3\u00f0anna!<a name=\"24\"><span class=\"versanumer\">24<\/span><\/a>\u00c9g lag\u00f0i sn\u00f6ru fyrir \u00feig Bab\u00fdlon, og \u00fe\u00fa festist og vissir ekki af. \u00de\u00fa n\u00e1\u00f0ist og \u00fe\u00fa varst gripin, \u00fev\u00ed a\u00f0 \u00fe\u00fa haf\u00f0ir dirfst a\u00f0 berjast gegn Drottni.<a name=\"25\"><span class=\"versanumer\">25<\/span><\/a>Drottinn hefir loki\u00f0 upp vopnab\u00fari s\u00ednu og teki\u00f0 \u00fat vopn rei\u00f0i sinnar, \u00fev\u00ed a\u00f0 herrann, Drottinn allsherjar, hefir verk me\u00f0 h\u00f6ndum \u00ed landi Kaldea.<a name=\"26\"><span class=\"versanumer\">26<\/span><\/a>Komi\u00f0 m\u00f3ti henni \u00far \u00f6llum \u00e1ttum, lj\u00faki\u00f0 upp hl\u00f6\u00f0um hennar, kasti\u00f0 henni eins og bundinum \u00ed bing og helgi\u00f0 hana banni! L\u00e1ti\u00f0 engar leifar af henni eftir ver\u00f0a!<a name=\"27\"><span class=\"versanumer\">27<\/span><\/a>Drepi\u00f0 alla uxa hennar, \u00feeir skulu hn\u00edga ni\u00f0ur til sl\u00e1trunar. Vei \u00feeim, \u00fev\u00ed a\u00f0 dagur \u00feeirra er kominn, hegningart\u00edmi \u00feeirra.<a name=\"28\"><span class=\"versanumer\">28<\/span><\/a>Heyr! H\u00e9r eru menn, sem fl\u00fai\u00f0 hafa og komist undan fr\u00e1 Bab\u00fdlon til \u00feess a\u00f0 bo\u00f0a \u00ed S\u00edon a\u00f0 Drottinn, Gu\u00f0 vor, hefnir, hefnir fyrir musteri sitt.<a name=\"29\"><span class=\"versanumer\">29<\/span><\/a>Bj\u00f3\u00f0i\u00f0 skyttum \u00fat gegn Bab\u00fdlon, \u00f6llum \u00feeim sem benda boga! Setji\u00f0 herb\u00fa\u00f0ir allt \u00ed kringum hana! L\u00e1ti\u00f0 engan komast undan! Gjaldi\u00f0 henni eftir verkum hennar! Gj\u00f6ri\u00f0 vi\u00f0 hana a\u00f0 \u00f6llu svo sem h\u00fan hefir til gj\u00f6rt, \u00fev\u00ed a\u00f0 h\u00fan hefir ofmetnast gegn Drottni, gegn Hinum heilaga \u00ed \u00cdsrael.<a name=\"30\"><span class=\"versanumer\">30<\/span><\/a>Fyrir \u00fev\u00ed skulu \u00e6skumenn hennar falla \u00e1 torgunum og allir hermenn hennar farast \u00e1 \u00feeim degi segir Drottinn.<a name=\"31\"><span class=\"versanumer\">31<\/span><\/a>Sj\u00e1, \u00e9g \u00e6tla a\u00f0 finna \u00feig, Drambsemi segir herrann, Drottinn allsherjar \u00fev\u00ed a\u00f0 dagur \u00feinn er kominn, hegningart\u00edmi \u00feinn.<a name=\"32\"><span class=\"versanumer\">32<\/span><\/a>N\u00fa skal Drambsemi hrasa og falla, og enginn skal reisa hana \u00e1 f\u00e6tur, og \u00e9g mun leggja eld \u00ed borgir hennar, og hann skal ey\u00f0a \u00f6llu \u00fev\u00ed, sem umhverfis hana er.<a name=\"33\"><span class=\"versanumer\">33<\/span><\/a>Svo segir Drottinn allsherjar: K\u00faga\u00f0ir eru \u00cdsraelsmenn og J\u00fadamenn allir saman. Allir \u00feeir, er \u00fe\u00e1 hafa herleitt, halda \u00feeim f\u00f6stum, vilja ekki l\u00e1ta \u00fe\u00e1 lausa.<a name=\"34\"><span class=\"versanumer\">34<\/span><\/a>En lausnari \u00feeirra er sterkur, Drottinn allsherjar heitir hann. Hann mun reka m\u00e1l \u00feeirra me\u00f0 dugna\u00f0i, til \u00feess a\u00f0 hann speki j\u00f6r\u00f0ina, en \u00f3speki Bab\u00fdlonsb\u00faa.<a name=\"35\"><span class=\"versanumer\">35<\/span><\/a>Sver\u00f0 komi yfir Kaldea segir Drottinn og yfir Bab\u00fdlonsb\u00faa og yfir h\u00f6f\u00f0ingja hennar og vitringa!<a name=\"36\"><span class=\"versanumer\">36<\/span><\/a>Sver\u00f0 komi yfir \u00feva\u00f0rarana, svo a\u00f0 \u00feeir standi eins og afglapar! Sver\u00f0 komi yfir kappa hennar, svo a\u00f0 \u00feeir ver\u00f0i huglausir!<a name=\"37\"><span class=\"versanumer\">37<\/span><\/a>Sver\u00f0 komi yfir hesta hennar og vagna og yfir allan \u00fej\u00f3\u00f0blendinginn, sem \u00ed henni er, svo a\u00f0 \u00feeir ver\u00f0i a\u00f0 konum! Sver\u00f0 komi yfir fj\u00e1rsj\u00f3\u00f0u hennar, svo a\u00f0 \u00feeim ver\u00f0i r\u00e6nt!<a name=\"38\"><span class=\"versanumer\">38<\/span><\/a>Sver\u00f0 komi yfir v\u00f6tn hennar, svo a\u00f0 \u00feau \u00feorni! \u00dev\u00ed a\u00f0 skur\u00f0go\u00f0aland er \u00fea\u00f0, og \u00feeir l\u00e1ta sem vitfirringar me\u00f0 skelfingar-l\u00edkneskin.<a name=\"39\"><span class=\"versanumer\">39<\/span><\/a>Fyrir \u00fev\u00ed munu ur\u00f0arkettir b\u00faa hj\u00e1 sj\u00f6kulum, og str\u00fatsfuglar b\u00faa \u00ed henni, og h\u00fan skal ekki framar bygg\u00f0 vera a\u00f0 eil\u00edfu, n\u00e9 \u00fear ver\u00f0a b\u00fai\u00f0 fr\u00e1 kyni til kyns.<a name=\"40\"><span class=\"versanumer\">40<\/span><\/a>Eins og Gu\u00f0 umturna\u00f0i S\u00f3d\u00f3mu og G\u00f3morru og n\u00e1grannaborgunum segir Drottinn svo skal og enginn ma\u00f0ur b\u00faa \u00fear n\u00e9 nokkurt mannsbarn hafast vi\u00f0 \u00ed henni.<a name=\"41\"><span class=\"versanumer\">41<\/span><\/a>Sj\u00e1, l\u00fd\u00f0ur kemur \u00far nor\u00f0ur\u00e1tt og mikil \u00fej\u00f3\u00f0 og voldugir konungar r\u00edsa upp \u00e1 \u00fatkj\u00e1lkum jar\u00f0ar.<a name=\"42\"><span class=\"versanumer\">42<\/span><\/a>\u00deeir bera boga og skotspj\u00f3t, \u00feeir eru grimmir og s\u00fdna enga miskunn, h\u00e1reysti \u00feeirra er sem hafgn\u00fdr, og \u00feeir r\u00ed\u00f0a hestum, b\u00fanir sem hermenn til bardaga gegn \u00fe\u00e9r, d\u00f3ttirin Bab\u00fdlon.<a name=\"43\"><span class=\"versanumer\">43<\/span><\/a>Babelkonungur hefir fengi\u00f0 fregnir af \u00feeim, hendur hans eru magnlausar, angist hefir gripi\u00f0 hann, kvalir, eins og j\u00f3\u00f0sj\u00faka konu.<a name=\"44\"><span class=\"versanumer\">44<\/span><\/a>Sj\u00e1, eins og lj\u00f3n, sem kemur \u00fat \u00far kjarrinu \u00e1 J\u00f3rdanb\u00f6kkum og st\u00edgur upp \u00e1 s\u00edgr\u00e6nt engi\u00f0, svo mun \u00e9g skyndilega reka \u00fe\u00e1 burt \u00fea\u00f0an, og hvern \u00feann, sem \u00fatvalinn er, mun \u00e9g setja yfir hana. \u00dev\u00ed a\u00f0 hver er minn l\u00edki? Hver vill stefna m\u00e9r? Hver er s\u00e1 hir\u00f0ir, er f\u00e1i sta\u00f0ist fyrir m\u00e9r?<a name=\"45\"><span class=\"versanumer\">45<\/span><\/a>Heyri\u00f0 \u00fev\u00ed r\u00e1\u00f0s\u00e1lyktun Drottins, er hann hefir gj\u00f6rt vi\u00f0v\u00edkjandi Bab\u00fdlon, og \u00fe\u00e6r fyrir\u00e6tlanir, er hann hefir \u00ed huga vi\u00f0v\u00edkjandi landi Kaldea: Sannarlega munu \u00feeir draga \u00fe\u00e1 burt, hina l\u00edtilm\u00f3tlegustu \u00far hj\u00f6r\u00f0inni. Sannarlega skal haglendi\u00f0 ver\u00f0a agndofa yfir \u00feeim.<a name=\"46\"><span class=\"versanumer\">46<\/span><\/a>Af \u00f3pinu: Bab\u00fdlon er unnin n\u00f6trar j\u00f6r\u00f0in, og ney\u00f0arkvein heyrist me\u00f0al \u00fej\u00f3\u00f0anna.<\/p>\n<div class=\"footnote1981\"><b>50.1<\/b> Bab\u00fdlon Jer 25.26; Jes 13-14; 21.1-10; 47.1-15; 48.14; Slm 137.8-9; Opb 18<br \/>\n<b>50.2<\/b> Bab\u00fdlon er sigru\u00f0 Jer 50.24; 51.31; Jes 21.9 \u2013 Bel Jer 51.44; Jes 46.1 \u2013 skur\u00f0go\u00f0 Jer 50.38; 3M\u00f3s 26.1; 1Kon 15.12; 21.26; 2Kon 21.11; Jes 21.9; Esk 6.6<br \/>\n<b>50.3<\/b> \u00dar nor\u00f0ri Jer 50.9,41; 1.14+ &#8211; engin framar Jer 9.10<br \/>\n<b>50.4<\/b> \u00cdsraelsmenn og J\u00fadamenn Jer 3.18; Jes 11.13; Esk 37.15-28; H\u00f3s 2.2; Sak 9.13; 10.6 \u2013 gr\u00e1tandi Jer 31.9; H\u00f3s 3.5 \u2013 leita Drottins Jer 2.21-25; Slm 9.11+<br \/>\n<b>50.5<\/b> Til S\u00edon Jer 31.6 \u2013 \u00e6varandi s\u00e1ttm\u00e1li Jer 32.40+<br \/>\n<b>50.6<\/b> Villur\u00e1fandi hj\u00f6r\u00f0 Jer 50.17; 4M\u00f3s 27.17; 1Kon 22.17, Jes 53.6, Esk 34.4-5; Slm 119.176; Matt 10.6; L\u00fak 15.6 \u2013 afvegaleiddir Jer 23.1; Sak 10.2<br \/>\n<b>50.7<\/b> R\u00e9tt haglendi Jer 31.23 \u2013 von Jer 14.8<br \/>\n<b>50.8<\/b> Fari\u00f0 fr\u00e1 Bab\u00fdlon Jer 50.16; 51.6,45; Jes 48.20+; Sak 2.10-11; sbr Mrk 13.14 og hlst. \u2013 forystysau\u00f0ir J\u00f3h 10.4<br \/>\n<b>50.13<\/b> Vegna heiftar Drottins Jer 4.26; 10.10; 12.13; 25.37; Jes 13.13 \u2013 h\u00e6\u00f0ast a\u00f0 Jer 18.16+<br \/>\n<b>50.15<\/b> \u00d3p Jer 4.19; 49.2; J\u00f3s 6.5,20; Jes 44.23 \u2013 hefnd Drottins Jer 5.9; 51.6 \u2013 gjalda l\u00edku l\u00edkt Jer 50.29+ ; Opb 18.6<br \/>\n<b>50.17<\/b> Neb\u00fakadresar Jer 21.2+<br \/>\n<b>50.18<\/b> Eins og Ass\u00fdr\u00edukonung Jes 10.12<br \/>\n<b>50.19<\/b> \u00cd haglendi sitt Jer 23.3+ &#8211; Karmel og Basan Jes 33.9+<br \/>\n<b>50.20<\/b> Sektin horfin Jer 3.22 \u2013 skil eftir Jes 4.3+ &#8211; fyrirgefa Jer 31.34; Jes 33.24<br \/>\n<b>50.21<\/b> Pekod Esk 23.23 \u2013 helga banni Jer 50.26-27; 51.3<br \/>\n<b>50.23<\/b> Kylfan sbr Jer 51.20; Jes 10.5; 14.5 \u2013 Bab\u00fdlon a\u00f0 hrygg\u00f0armynd Jer 50.3,13; Opb 18.19<br \/>\n<b>50.27<\/b> T\u00edmi uppgj\u00f6rs Jer 8.12+<br \/>\n<b>50.28<\/b> Greina fr\u00e1 \u00e1 S\u00edon Jer 51.10<br \/>\n<b>50.29<\/b> Gjaldi\u00f0 verk hennar Jer 50.15; 25.14+ &#8211; hreykti s\u00e9r Jer 48.26,42 \u2013 Hinn heilagi Jes 1.4+<br \/>\n<b>50.31<\/b> Fer gegn \u00fe\u00e9r Jer 21.13+<br \/>\n<b>50.34<\/b> Drottinn hersveitanna Jer 46.18+ &#8211; rekur r\u00e9tt Jer 51.36; Jes 51.22<br \/>\n<b>50.36<\/b> Sp\u00e1prestar Jes 44.25<br \/>\n<b>50.37<\/b> Allar \u00fej\u00f3\u00f0irnar \u00ed henni Jer 25.20<br \/>\n<b>50.38<\/b> V\u00f6tni\u00f0 \u00feornar Jer 51.36<br \/>\n<b>50.39<\/b> Yfirgefin borg Jes 13.21+<br \/>\n<b>50.40<\/b> Eins og &#8230; Jer 49.18 \u2013 S\u00f3d\u00f3ma og G\u00f3morra Jes 1.9+<br \/>\n<b>50.41-43<\/b> \u00dej\u00f3\u00f0 kemur Jer 6.22-24<br \/>\n<b>50.44-46<\/b> L\u00edkt og lj\u00f3n Jer 49.19-21<\/div>\n","protected":false},"excerpt":{"rendered":"<p>1Or\u00f0i\u00f0 sem Drottinn tala\u00f0i um Bab\u00fdlon, um land Kaldea, fyrir munn Jerem\u00eda sp\u00e1manns.2Kunngj\u00f6ri\u00f0 \u00fea\u00f0 me\u00f0al \u00fej\u00f3\u00f0anna, bo\u00f0i\u00f0 \u00fea\u00f0 og setji\u00f0 upp merki! Bo\u00f0i\u00f0 \u00fea\u00f0, dylji\u00f0 \u00fea\u00f0 ekki! Segi\u00f0: Bab\u00fdlon er unnin! Bel er or\u00f0in til skammar! Mard\u00fak ni\u00f0ur brotinn! L\u00edkneskin eru or\u00f0in til skammar, skur\u00f0go\u00f0in ni\u00f0ur brotin!3\u00dej\u00f3\u00f0 kemur \u00e1 m\u00f3ti henni \u00far nor\u00f0ur\u00e1tt, h\u00fan gj\u00f6rir land hennar a\u00f0 au\u00f0n, svo a\u00f0 enginn ma\u00f0ur b\u00fdr \u00fear framar, b\u00e6\u00f0i menn og skepnur fl\u00fdja, fara burt.4\u00c1 \u00feeim d\u00f6gum og \u00e1 \u00feeim t\u00edma segir Drottinn munu \u00cdsraelsmenn koma, \u00e1samt J\u00fadam\u00f6nnum. Gr\u00e1tandi munu \u00feeir ganga og leita Drottins, Gu\u00f0s s\u00edns.5\u00deeir spyrja eftir S\u00edon, \u00feanga\u00f0 stefna <a href=\"https:\/\/biblian.is\/1981\/jeremia-50-kafli\/\"> [&#8230;]<\/a><\/p>\n","protected":false},"author":1,"featured_media":0,"parent":0,"menu_order":0,"comment_status":"open","ping_status":"open","template":"bibliukaflar.php","meta":{"footnotes":""},"class_list":["post-2142","page","type-page","status-publish","hentry"],"_links":{"self":[{"href":"https:\/\/biblian.is\/1981\/wp-json\/wp\/v2\/pages\/2142","targetHints":{"allow":["GET"]}}],"collection":[{"href":"https:\/\/biblian.is\/1981\/wp-json\/wp\/v2\/pages"}],"about":[{"href":"https:\/\/biblian.is\/1981\/wp-json\/wp\/v2\/types\/page"}],"author":[{"embeddable":true,"href":"https:\/\/biblian.is\/1981\/wp-json\/wp\/v2\/users\/1"}],"replies":[{"embeddable":true,"href":"https:\/\/biblian.is\/1981\/wp-json\/wp\/v2\/comments?post=2142"}],"version-history":[{"count":0,"href":"https:\/\/biblian.is\/1981\/wp-json\/wp\/v2\/pages\/2142\/revisions"}],"wp:attachment":[{"href":"https:\/\/biblian.is\/1981\/wp-json\/wp\/v2\/media?parent=2142"}],"curies":[{"name":"wp","href":"https:\/\/api.w.org\/{rel}","templated":true}]}}