{"id":2140,"date":"2017-11-18T20:20:20","date_gmt":"2017-11-18T20:20:20","guid":{"rendered":"http:\/\/biblian.is\/1981\/jeremia-48-kafli\/"},"modified":"2017-11-18T20:20:20","modified_gmt":"2017-11-18T20:20:20","slug":"jeremia-48-kafli","status":"publish","type":"page","link":"https:\/\/biblian.is\/1981\/jeremia-48-kafli\/","title":{"rendered":"Jerem\u00eda 48. kafli"},"content":{"rendered":"<p><a name=\"1\"><span class=\"versanumer\">1<\/span><\/a>Um M\u00f3ab. Svo segir Drottinn allsherjar, \u00cdsraels Gu\u00f0: Vei yfir Neb\u00f3, \u00fev\u00ed a\u00f0 h\u00fan er eydd, or\u00f0in til skammar, Kirjata\u00edm er unnin, h\u00e1borgin er or\u00f0in til skammar og skelfd.<a name=\"2\"><span class=\"versanumer\">2<\/span><\/a>Fr\u00e6g\u00f0 M\u00f3abs er farin. \u00cd Hesbon brugga menn ill r\u00e1\u00f0 gegn borginni: Komi\u00f0, v\u00e9r skulum uppr\u00e6ta hana, svo a\u00f0 h\u00fan s\u00e9 eigi framar \u00fej\u00f3\u00f0! Einnig \u00fe\u00fa, Madmen, munt gj\u00f6reydd ver\u00f0a, sver\u00f0i\u00f0 eltir \u00feig!<a name=\"3\"><span class=\"versanumer\">3<\/span><\/a>Ney\u00f0arkvein heyrist fr\u00e1 H\u00f3r\u00f3na\u00edm: Ey\u00f0ing og \u00f3gurleg tort\u00edming!<a name=\"4\"><span class=\"versanumer\">4<\/span><\/a>M\u00f3ab er \u00ed ey\u00f0i lag\u00f0ur, \u00feeir l\u00e1ta ney\u00f0arkvein heyrast allt til S\u00f3ar,<a name=\"5\"><span class=\"versanumer\">5<\/span><\/a>\u00fev\u00ed a\u00f0 gr\u00e1tandi ganga \u00feeir upp st\u00edginn hj\u00e1 L\u00fak\u00edt, j\u00e1, \u00ed hl\u00ed\u00f0inni hj\u00e1 H\u00f3r\u00f3na\u00edm heyra menn ney\u00f0arkvein tort\u00edmingarinnar.<a name=\"6\"><span class=\"versanumer\">6<\/span><\/a>Fl\u00fdi\u00f0, for\u00f0i\u00f0 l\u00edfi y\u00f0ar, og ver\u00f0i\u00f0 eins og einirunnur \u00ed ey\u00f0im\u00f6rkinni!<a name=\"7\"><span class=\"versanumer\">7<\/span><\/a>Af \u00fev\u00ed a\u00f0 \u00fe\u00fa reiddir \u00feig \u00e1 k\u00e1ksm\u00ed\u00f0ar \u00fe\u00ednar og fj\u00e1rsj\u00f3\u00f0u \u00fe\u00edna, ver\u00f0ur \u00fe\u00fa og unnin, og Kamos ver\u00f0ur a\u00f0 fara \u00ed \u00fatleg\u00f0, prestar hans og h\u00f6f\u00f0ingjar hver me\u00f0 \u00f6\u00f0rum.<a name=\"8\"><span class=\"versanumer\">8<\/span><\/a>Ey\u00f0andinn kemur yfir hverja borg, engin borg kemst undan. Dalurinn ferst og sl\u00e9ttlendi\u00f0 ey\u00f0ileggst, eins og Drottinn hefir sagt.<a name=\"9\"><span class=\"versanumer\">9<\/span><\/a>F\u00e1i\u00f0 M\u00f3ab v\u00e6ngi, \u00fev\u00ed a\u00f0 \u00e1 flugfer\u00f0 skal hann brott fara, og borgir hans skulu ver\u00f0a a\u00f0 au\u00f0n og enginn \u00ed \u00feeim b\u00faa.<a name=\"10\"><span class=\"versanumer\">10<\/span><\/a>B\u00f6lva\u00f0ur s\u00e9 s\u00e1, sem sl\u00e6lega framkv\u00e6mir verk Drottins, og b\u00f6lva\u00f0ur s\u00e9 s\u00e1, sem synjar sver\u00f0i s\u00ednu um bl\u00f3\u00f0!<a name=\"11\"><span class=\"versanumer\">11<\/span><\/a>M\u00f3ab hefir lifa\u00f0 \u00ed fri\u00f0i fr\u00e1 \u00e6sku og legi\u00f0 \u00ed n\u00e1\u00f0um \u00e1 dreggjum s\u00ednum. Honum hefir ekki veri\u00f0 hellt \u00far einu kerinu \u00ed anna\u00f0, og aldrei hefir hann fari\u00f0 \u00ed \u00fatleg\u00f0. Fyrir \u00fev\u00ed hefir brag\u00f0i\u00f0 af honum haldist og ilmurinn af honum eigi breytst.<a name=\"12\"><span class=\"versanumer\">12<\/span><\/a>Sj\u00e1, \u00feeir dagar munu \u00fev\u00ed koma, segir Drottinn, a\u00f0 \u00e9g sendi honum t\u00e6mendur, sem t\u00e6ma hann. \u00deeir skulu hella \u00far kerum hans og m\u00f6lva sundur kr\u00fasir hans.<a name=\"13\"><span class=\"versanumer\">13<\/span><\/a>\u00de\u00e1 mun M\u00f3ab ver\u00f0a til skammar vegna Kamoss, eins og \u00cdsraels h\u00fas var\u00f0 til skammar vegna Betel, er \u00fea\u00f0 treysti \u00e1.<a name=\"14\"><span class=\"versanumer\">14<\/span><\/a>Hvernig geti\u00f0 \u00fe\u00e9r sagt: V\u00e9r erum hetjur og \u00f6flugir hermenn?<a name=\"15\"><span class=\"versanumer\">15<\/span><\/a>Ey\u00f0andi M\u00f3abs og borga hans kemur \u00feegar, og \u00farval \u00e6skumanna hans hn\u00edgur ni\u00f0ur til sl\u00e1trunar segir konungurinn. Drottinn allsherjar er nafn hans.<a name=\"16\"><span class=\"versanumer\">16<\/span><\/a>Ey\u00f0ilegging M\u00f3abs er komin n\u00e6rri og \u00f3hamingja hans hra\u00f0ar s\u00e9r mj\u00f6g.<a name=\"17\"><span class=\"versanumer\">17<\/span><\/a>Votti\u00f0 honum hluttekning, allir \u00fe\u00e9r n\u00e1b\u00faar hans, og allir \u00fe\u00e9r, sem \u00feekki\u00f0 nafn hans. Segi\u00f0: Hvernig brotna\u00f0i stafurinn sterki, sprotinn d\u00fdrlegi!<a name=\"18\"><span class=\"versanumer\">18<\/span><\/a>St\u00edg ni\u00f0ur \u00far vegsemdinni og sest \u00ed dufti\u00f0, \u00fe\u00fa sem \u00fear b\u00fdr, d\u00f3ttirin D\u00edbon, \u00fev\u00ed a\u00f0 ey\u00f0andi M\u00f3abs kemur \u00ed m\u00f3ti \u00fe\u00e9r, ey\u00f0ir v\u00edgi \u00fe\u00edn.<a name=\"19\"><span class=\"versanumer\">19<\/span><\/a>Gakk \u00fat \u00e1 veginn og skyggnst um, \u00fe\u00fa sem b\u00fdr \u00ed Ar\u00f3er, spyr fl\u00f3ttamanninn og \u00fe\u00e1 konu, er undan hefir komist, og seg: Hva\u00f0 hefir til bori\u00f0?<a name=\"20\"><span class=\"versanumer\">20<\/span><\/a>M\u00f3ab var\u00f0 til skammar, j\u00e1 skelfdist. Hlj\u00f3\u00f0i\u00f0 og kveini\u00f0! Kunngj\u00f6ri\u00f0 hj\u00e1 Arnon, a\u00f0 M\u00f3ab s\u00e9 eyddur.<a name=\"21\"><span class=\"versanumer\">21<\/span><\/a>D\u00f3mur er genginn yfir sl\u00e9ttulandi\u00f0, yfir H\u00f3lon og Jahsa og Mefaat,<a name=\"22\"><span class=\"versanumer\">22<\/span><\/a>yfir D\u00edbon, Neb\u00f3 og Bet-D\u00edblata\u00edm,<a name=\"23\"><span class=\"versanumer\">23<\/span><\/a>yfir Kirjata\u00edm, Bet-Gam\u00fal og Bet-Meon,<a name=\"24\"><span class=\"versanumer\">24<\/span><\/a>yfir Ker\u00ed\u00f3t, Bosra, og allar borgir M\u00f3abslands, fj\u00e6r og n\u00e6r.<a name=\"25\"><span class=\"versanumer\">25<\/span><\/a>Horn M\u00f3abs er afh\u00f6ggvi\u00f0 og armur hans brotinn segir Drottinn.<a name=\"26\"><span class=\"versanumer\">26<\/span><\/a>Gj\u00f6ri\u00f0 hann drukkinn \u00fev\u00ed a\u00f0 gegn Drottni hefir hann miklast, til \u00feess a\u00f0 M\u00f3ab skelli ofan \u00ed sp\u00fdju s\u00edna og ver\u00f0i l\u00edka a\u00f0 athl\u00e6gi.<a name=\"27\"><span class=\"versanumer\">27<\/span><\/a>E\u00f0a var \u00cdsrael \u00fe\u00e9r eigi hl\u00e1tursefni? Var hann gripinn me\u00f0 \u00fej\u00f3fum, \u00fear sem \u00fe\u00fa hristir h\u00f6fu\u00f0i\u00f0 \u00ed hvert sinn sem \u00fe\u00fa talar um hann?<a name=\"28\"><span class=\"versanumer\">28<\/span><\/a>Yfirgefi\u00f0 borgirnar og setjist a\u00f0 \u00ed klettaskorum, \u00fe\u00e9r \u00edb\u00faar M\u00f3abs, og veri\u00f0 eins og d\u00fafan, sem hrei\u00f0rar sig hinum megin \u00e1 gj\u00e1rbarminum.<a name=\"29\"><span class=\"versanumer\">29<\/span><\/a>Heyrt h\u00f6fum v\u00e9r um drambsemi M\u00f3abs hann er mj\u00f6g hrokafullur um hroka hans, drambsemi, ofmetna\u00f0 og yfirl\u00e6ti hans.<a name=\"30\"><span class=\"versanumer\">30<\/span><\/a>J\u00e1, \u00e9g \u00feekki segir Drottinn ofsa hans: Svo marklaus eru st\u00f3ryr\u00f0i hans, svo marklaust \u00fea\u00f0, er \u00feeir gj\u00f6ra.<a name=\"31\"><span class=\"versanumer\">31<\/span><\/a>Fyrir \u00fev\u00ed kveina \u00e9g yfir M\u00f3ab og hlj\u00f3\u00f0a yfir M\u00f3ab \u00f6llum, yfir m\u00f6nnunum fr\u00e1 K\u00edr-Heres mun andvarpa\u00f0 ver\u00f0a.<a name=\"32\"><span class=\"versanumer\">32<\/span><\/a>Meir en gr\u00e1ti\u00f0 ver\u00f0ur yfir Jaser, gr\u00e6t \u00e9g yfir \u00fe\u00e9r, v\u00ednvi\u00f0ur S\u00edbma. Greinar \u00fe\u00ednar f\u00f3ru yfir hafi\u00f0, komust til Jaser, \u00e1 sumargr\u00f3\u00f0a \u00feinn og v\u00ednberjatekju hefir ey\u00f0andinn r\u00e1\u00f0ist.<a name=\"33\"><span class=\"versanumer\">33<\/span><\/a>F\u00f6gnu\u00f0ur og k\u00e6ti er horfin \u00far alding\u00f6r\u00f0unum og \u00far M\u00f3abslandi. V\u00edni\u00f0 l\u00e6t \u00e9g \u00feverra \u00ed v\u00edn\u00fer\u00f6ngunum, tro\u00f0sluma\u00f0urinn mun eigi framar tro\u00f0a, fagna\u00f0ar\u00f3pi\u00f0 er ekkert fagna\u00f0ar\u00f3p.<a name=\"34\"><span class=\"versanumer\">34<\/span><\/a>Fr\u00e1 hinni kveinandi Hesbon allt til Eleale, allt til Jahas l\u00e1ta \u00feeir raust s\u00edna glymja, fr\u00e1 S\u00f3ar allt til H\u00f3r\u00f3na\u00edm, allt til Eglat-Selis\u00eda, \u00fev\u00ed a\u00f0 einnig Nimr\u00edmv\u00f6tn ver\u00f0a a\u00f0 \u00f6r\u00e6fum.<a name=\"35\"><span class=\"versanumer\">35<\/span><\/a>Og \u00e9g ey\u00f0i \u00far M\u00f3ab segir Drottinn s\u00e9rhverjum \u00feeim, sem st\u00edgur upp \u00e1 f\u00f3rnarh\u00e6\u00f0 og f\u00e6rir gu\u00f0i s\u00ednum reykelsi.<a name=\"36\"><span class=\"versanumer\">36<\/span><\/a>Fyrir \u00fev\u00ed kveinar hjarta mitt yfir M\u00f3ab eins og hlj\u00f3\u00f0p\u00edpur og hjarta mitt kveinar yfir m\u00f6nnunum fr\u00e1 K\u00edr-Heres eins og hlj\u00f3\u00f0p\u00edpur, fyrir \u00fev\u00ed misstu \u00feeir \u00fea\u00f0, er \u00feeir h\u00f6f\u00f0u dregi\u00f0 saman.<a name=\"37\"><span class=\"versanumer\">37<\/span><\/a>\u00dev\u00ed a\u00f0 hvert h\u00f6fu\u00f0 er sk\u00f6ll\u00f3tt or\u00f0i\u00f0 og allt skegg af raka\u00f0, \u00e1 \u00f6llum handleggjum eru skinnsprettur, og h\u00e6rusekkur um mja\u00f0mir.<a name=\"38\"><span class=\"versanumer\">38<\/span><\/a>Uppi \u00e1 \u00f6llum \u00fe\u00f6kum \u00ed M\u00f3ab og \u00e1 torgunum heyrist ekki anna\u00f0 en harmakvein, \u00fev\u00ed a\u00f0 \u00e9g hefi broti\u00f0 M\u00f3ab eins og ker, sem engum manni ge\u00f0jast a\u00f0, segir Drottinn.<a name=\"39\"><span class=\"versanumer\">39<\/span><\/a>Hversu er hann skelfdur! Hlj\u00f3\u00f0i\u00f0! Hversu hefir M\u00f3ab sn\u00fai\u00f0 baki vi\u00f0! Fyrirver\u00f0 \u00feig! Og M\u00f3ab skal ver\u00f0a til athl\u00e6gis og skelfingar \u00f6llum n\u00e1gr\u00f6nnum s\u00ednum.<a name=\"40\"><span class=\"versanumer\">40<\/span><\/a>Svo segir Drottinn: Sj\u00e1, hann kemur flj\u00fagandi eins og \u00f6rn og brei\u00f0ir v\u00e6ngi s\u00edna \u00fat yfir M\u00f3ab.<a name=\"41\"><span class=\"versanumer\">41<\/span><\/a>Borgirnar eru teknar og v\u00edgin unnin, og hjarta M\u00f3abs kappa mun \u00e1 \u00feeim degi ver\u00f0a eins og hjarta konu, sem er \u00ed barnsnau\u00f0.<a name=\"42\"><span class=\"versanumer\">42<\/span><\/a>En M\u00f3ab mun afm\u00e1\u00f0ur ver\u00f0a, svo a\u00f0 hann ver\u00f0i eigi \u00fej\u00f3\u00f0 framar, \u00fev\u00ed a\u00f0 hann hefir miklast gegn Drottni.<a name=\"43\"><span class=\"versanumer\">43<\/span><\/a>Geigur, gr\u00f6f og gildra koma yfir \u00feig, M\u00f3absb\u00fai segir Drottinn.<a name=\"44\"><span class=\"versanumer\">44<\/span><\/a>S\u00e1, sem fl\u00fdr undan geignum, fellur \u00ed gr\u00f6fina, og s\u00e1, sem kemst upp \u00far gr\u00f6finni, festist \u00ed gildrunni. \u00dev\u00ed a\u00f0 \u00feetta lei\u00f0i \u00e9g yfir M\u00f3ab \u00e1ri\u00f0, sem \u00feeim ver\u00f0ur hegnt segir Drottinn.<a name=\"45\"><span class=\"versanumer\">45<\/span><\/a>\u00cd skugga Hesbon nema fl\u00f3ttamenn sta\u00f0ar magnlausir, en eldur br\u00fdst \u00fat \u00far Hesbon og logi \u00far h\u00f6ll S\u00edhons, hann ey\u00f0ir \u00feunnvanganum \u00e1 M\u00f3ab og hvirflinum \u00e1 h\u00e1va\u00f0am\u00f6nnum.<a name=\"46\"><span class=\"versanumer\">46<\/span><\/a>Vei \u00fe\u00e9r, M\u00f3ab! \u00dea\u00f0 er \u00fati um l\u00fd\u00f0 Kamoss! \u00dev\u00ed a\u00f0 synir \u00fe\u00ednir munu ver\u00f0a fluttir burt til herlei\u00f0ingar og d\u00e6tur \u00fe\u00ednar hernumdar.<a name=\"47\"><span class=\"versanumer\">47<\/span><\/a>En \u00e9g mun sn\u00faa vi\u00f0 h\u00f6gum M\u00f3abs, \u00fe\u00e1 er fram l\u00ed\u00f0a stundir segir Drottinn. H\u00e9r l\u00fdkur d\u00f3msor\u00f0unum yfir M\u00f3ab.<\/p>\n<div class=\"footnote1981\"><b>48.1<\/b> Um M\u00f3ab Jer 25.21; Am 2.1+ ; sbr 1M\u00f3s 19.30-38; 4M\u00f3s 22-24; 5M\u00f3s 23.3-6 \u2013 Kirjata\u00edm 4M\u00f3s 32.37; J\u00f3s 13.19<br \/>\n<b>48.2<\/b> Hesbon 4M\u00f3s 21.26-27; 32.37; 5M\u00f3s 1.4; 2.24-25; J\u00f3s 9.10; 13.1,17 o.fl.<br \/>\n<b>48.5<\/b> St\u00edgurinn vi\u00f0 L\u00fak\u00edt Jes 15.5<br \/>\n<b>48.7<\/b> Eigin verk Jer 17.5; Jes 2.22; Fil 3.4 \u2013 og au\u00f0i Jer 49.4; Slm 25.9, Okv 11.28 \u2013 Kamos 1Kon 11.7; 2Kon 23.13 \u2013 \u00ed \u00fatleg\u00f0 Jer 49.3<br \/>\n<b>48.11<\/b> Land v\u00ednvi\u00f0arins Jer 48.32-33; Jes 16.7-10<br \/>\n<b>48.13<\/b> Sm\u00e1na\u00f0ur Jer 46.15; 49.3; 50.2; sbr Jes 46.1-2 &#8211; falstraust Jer 2.37<br \/>\n<b>48.15<\/b> Drottinn hersveitanna Jer 46.18+<br \/>\n<b>48.18<\/b> D\u00edbon 4M\u00f3s 32.34; J\u00f3s 13.17; Jes 15.2<br \/>\n<b>48.19<\/b> Ar\u00f3er 4M\u00f3s 32.34; 5M\u00f3s 2.36; 3.12; J\u00f3s 13.9<br \/>\n<b>48.20<\/b> Arnon 4M\u00f3s 21.13; 22.36; 5M\u00f3s 2.24,36; J\u00f3s 13.9; D\u00f3m 11.13<br \/>\n<b>48.25<\/b> Brotinn armur Esk 30.21; Slm 37.17<br \/>\n<b>48.26<\/b> Drukkinn (d\u00f3mur) Jer 25.15+ &#8211; hreykja s\u00e9r gegn Drottni Jer 48.42; sbr 50.29; Jes 2.12; Sef 2.8,10; Slm 35.26; 38.17; 55.13; Job 19.5; Dan 5.23<br \/>\n<b>48.27<\/b> Me\u00f0al \u00fej\u00f3fa Jer 2.26<br \/>\n<b>48.29<\/b> Hroki M\u00f3abs Jes 16.6; Sef 2.8-10<br \/>\n<b>48.30<\/b> Marklaus g\u00edfuryr\u00f0i Jer 8.6<br \/>\n<b>48.32<\/b> Jaser 4M\u00f3s 21.32; 32.1; J\u00f3s 13.25; 21.39; 2Sam 24.5 \u2013 v\u00ednvi\u00f0ur S\u00edbma Jes 16.8-9; sbr 4M\u00f3s 32.38; J\u00f3s 13.19<br \/>\n<b>48.33<\/b>  F\u00f6gnu\u00f0ur horfin Jes 16.10<br \/>\n<b>48.34<\/b> Eleale 4M\u00f3s 32.3,37 \u2013 Jahas Jes 15.4 \u2013 S\u00f3ar 1M\u00f3s 19.22-23 \u2013 Eglat-Selis\u00eda Jes 15.5 \u2013 Nimr\u00edm Jes 15.6<br \/>\n<b>48.35<\/b> F\u00f3rnarh\u00e6\u00f0 Jer 17.3<br \/>\n<b>48.36<\/b> Hjarta mitt titrar Jer 4.19 \u2013 vegna M\u00f3ab Jes 16.11<br \/>\n<b>48.37<\/b> H\u00f6fu\u00f0 raka\u00f0, skinnsprettur Jes 15.2-3; Jer 49.3<br \/>\n<b>48.38<\/b> Gagnslaust Jer 22.28<br \/>\n<b>48.41<\/b> Kona \u00ed barnsnau\u00f0 Jer 4.31<br \/>\n<b>48.42<\/b> Hreykti s\u00e9r Jer 48.26+<br \/>\n<b>48.43<\/b> Geigur, gryfja og gildra Jes 24.17-18; Hlj 3.47<br \/>\n<b>48.44<\/b> S\u00e1, sem fl\u00fdr Am 5.19 \u2013 geigur Jer 49.5; 1M\u00f3s 31.42,53 \u2013 hegningar\u00e1r Jer 8.12+<br \/>\n<b>48.45<\/b> Eldur \u00far Hesbon 4M\u00f3s 21.28 \u2013 \u00feunnvanga 4M\u00f3s 24.17<br \/>\n<b>48.46<\/b> Kamos er gl\u00f6tu\u00f0 4M\u00f3s 21.29<br \/>\n<b>48.47<\/b> Sn\u00faa vi\u00f0 h\u00f6gum Jer 12.15+<br \/>\n<b>49.1<\/b> Um Amm\u00f3n\u00edta Jer 25.21; Am 1.13+ ; 1M\u00f3s 19.38; 5M\u00f3s 2.19; 2Kon 24.2 \u2013 Milk\u00f3m 1Kon 11.5,33; 2Kon 23.13 \u2013 Ga\u00f0 4M\u00f3s 32.1-36; J\u00f3s 13.24-28<\/div>\n","protected":false},"excerpt":{"rendered":"<p>1Um M\u00f3ab. Svo segir Drottinn allsherjar, \u00cdsraels Gu\u00f0: Vei yfir Neb\u00f3, \u00fev\u00ed a\u00f0 h\u00fan er eydd, or\u00f0in til skammar, Kirjata\u00edm er unnin, h\u00e1borgin er or\u00f0in til skammar og skelfd.2Fr\u00e6g\u00f0 M\u00f3abs er farin. \u00cd Hesbon brugga menn ill r\u00e1\u00f0 gegn borginni: Komi\u00f0, v\u00e9r skulum uppr\u00e6ta hana, svo a\u00f0 h\u00fan s\u00e9 eigi framar \u00fej\u00f3\u00f0! Einnig \u00fe\u00fa, Madmen, munt gj\u00f6reydd ver\u00f0a, sver\u00f0i\u00f0 eltir \u00feig!3Ney\u00f0arkvein heyrist fr\u00e1 H\u00f3r\u00f3na\u00edm: Ey\u00f0ing og \u00f3gurleg tort\u00edming!4M\u00f3ab er \u00ed ey\u00f0i lag\u00f0ur, \u00feeir l\u00e1ta ney\u00f0arkvein heyrast allt til S\u00f3ar,5\u00fev\u00ed a\u00f0 gr\u00e1tandi ganga \u00feeir upp st\u00edginn hj\u00e1 L\u00fak\u00edt, j\u00e1, \u00ed hl\u00ed\u00f0inni hj\u00e1 H\u00f3r\u00f3na\u00edm heyra menn ney\u00f0arkvein tort\u00edmingarinnar.6Fl\u00fdi\u00f0, for\u00f0i\u00f0 l\u00edfi y\u00f0ar, og <a href=\"https:\/\/biblian.is\/1981\/jeremia-48-kafli\/\"> [&#8230;]<\/a><\/p>\n","protected":false},"author":1,"featured_media":0,"parent":0,"menu_order":0,"comment_status":"open","ping_status":"open","template":"bibliukaflar.php","meta":{"footnotes":""},"class_list":["post-2140","page","type-page","status-publish","hentry"],"_links":{"self":[{"href":"https:\/\/biblian.is\/1981\/wp-json\/wp\/v2\/pages\/2140","targetHints":{"allow":["GET"]}}],"collection":[{"href":"https:\/\/biblian.is\/1981\/wp-json\/wp\/v2\/pages"}],"about":[{"href":"https:\/\/biblian.is\/1981\/wp-json\/wp\/v2\/types\/page"}],"author":[{"embeddable":true,"href":"https:\/\/biblian.is\/1981\/wp-json\/wp\/v2\/users\/1"}],"replies":[{"embeddable":true,"href":"https:\/\/biblian.is\/1981\/wp-json\/wp\/v2\/comments?post=2140"}],"version-history":[{"count":0,"href":"https:\/\/biblian.is\/1981\/wp-json\/wp\/v2\/pages\/2140\/revisions"}],"wp:attachment":[{"href":"https:\/\/biblian.is\/1981\/wp-json\/wp\/v2\/media?parent=2140"}],"curies":[{"name":"wp","href":"https:\/\/api.w.org\/{rel}","templated":true}]}}