{"id":2139,"date":"2017-11-18T20:20:20","date_gmt":"2017-11-18T20:20:20","guid":{"rendered":"http:\/\/biblian.is\/1981\/jeremia-47-kafli\/"},"modified":"2017-11-18T20:20:20","modified_gmt":"2017-11-18T20:20:20","slug":"jeremia-47-kafli","status":"publish","type":"page","link":"https:\/\/biblian.is\/1981\/jeremia-47-kafli\/","title":{"rendered":"Jerem\u00eda 47. kafli"},"content":{"rendered":"<p><a name=\"1\"><span class=\"versanumer\">1<\/span><\/a>\u00deetta birtist Jerem\u00eda sp\u00e1manni sem or\u00f0 Drottins um Filista, \u00e1\u00f0ur en Fara\u00f3 vann Gasa:<a name=\"2\"><span class=\"versanumer\">2<\/span><\/a>Svo segir Drottinn: Sj\u00e1, vatn kemur streymandi \u00far nor\u00f0ri og ver\u00f0ur a\u00f0 \u00e1, sem fl\u00e6\u00f0ir yfir. \u00dea\u00f0 fl\u00f3ir yfir landi\u00f0 og \u00fea\u00f0, sem \u00ed \u00fev\u00ed er, yfir borgir og \u00edb\u00faa \u00feeirra, svo a\u00f0 menn \u00e6pa h\u00e1tt og allir \u00edb\u00faar landsins hlj\u00f3\u00f0a<a name=\"3\"><span class=\"versanumer\">3<\/span><\/a>vegna dynsins af h\u00f3fastappi hesta hans, vegna skr\u00f6ltsins \u00ed v\u00f6gnum hans og glymsins \u00ed hj\u00f3lum hans. Fe\u00f0urnir l\u00edta ekki vi\u00f0 til barna sinna af \u00fev\u00ed a\u00f0 hendur \u00feeirra eru or\u00f0nar l\u00e9magna<a name=\"4\"><span class=\"versanumer\">4<\/span><\/a>vegna dagsins, sem kominn er til a\u00f0 ey\u00f0a \u00f6llum Filistum, til a\u00f0 uppr\u00e6ta fyrir T\u00fdrus og S\u00eddon s\u00e9rhvern hj\u00e1lparmann sem enn er eftir. \u00dev\u00ed a\u00f0 Drottinn mun ey\u00f0a Filistum, leifum Kaft\u00f3r strandar.<a name=\"5\"><span class=\"versanumer\">5<\/span><\/a>&#8222;Gasa er or\u00f0in sk\u00f6ll\u00f3tt, Askalon \u00ed ey\u00f0i l\u00f6g\u00f0; \u00fe\u00e9r leifar Anak\u00edta, hversu lengi \u00e6tli\u00f0 \u00fe\u00e9r a\u00f0 rista \u00e1 y\u00f0ur skinnsprettur?&#8220;<a name=\"6\"><span class=\"versanumer\">6<\/span><\/a>\u00c6, sver\u00f0 Drottins, hve lengi \u00e6tlar \u00fe\u00fa a\u00f0 vera hv\u00edldarlaust? Drag \u00feig aftur \u00ed sl\u00ed\u00f0rar \u00fe\u00ednar, still \u00feig og hlj\u00f3\u00f0na!<a name=\"7\"><span class=\"versanumer\">7<\/span><\/a>Hvernig \u00e6tti \u00fea\u00f0 a\u00f0 hv\u00edlast, \u00fear sem Drottinn hefir gefi\u00f0 \u00fev\u00ed skipun? Til Askalon og til strandar hafsins, \u00feanga\u00f0 hefir hann \u00e6tla\u00f0 \u00fev\u00ed f\u00f6r.<\/p>\n<div class=\"footnote1981\"><b>47.1<\/b> Um Filistea Jer 25.20; Am 1.6+<br \/>\n<b>47.2<\/b> Sem fl\u00f3\u00f0 Jer 46.7-8; Jes 30.28; Nah 1.8; Slm 124.4-5<br \/>\n<b>47.3<\/b> L\u00e9magnast Jer 6.24+<br \/>\n<b>47.4<\/b> Kaft\u00f3r 5M\u00f3s 2.23<br \/>\n<b>47.5<\/b> Skalli Jer 48.37; Jes 3.24; Am 8.10 \u2013 skinnsprettur Jer 16.6; 5M\u00f3s 14.1<br \/>\n<b>47.6<\/b> Vei! Jer 48.1 \u2013 sver\u00f0 Drottins Jer 46.10; 50.35-38<\/div>\n","protected":false},"excerpt":{"rendered":"<p>1\u00deetta birtist Jerem\u00eda sp\u00e1manni sem or\u00f0 Drottins um Filista, \u00e1\u00f0ur en Fara\u00f3 vann Gasa:2Svo segir Drottinn: Sj\u00e1, vatn kemur streymandi \u00far nor\u00f0ri og ver\u00f0ur a\u00f0 \u00e1, sem fl\u00e6\u00f0ir yfir. \u00dea\u00f0 fl\u00f3ir yfir landi\u00f0 og \u00fea\u00f0, sem \u00ed \u00fev\u00ed er, yfir borgir og \u00edb\u00faa \u00feeirra, svo a\u00f0 menn \u00e6pa h\u00e1tt og allir \u00edb\u00faar landsins hlj\u00f3\u00f0a3vegna dynsins af h\u00f3fastappi hesta hans, vegna skr\u00f6ltsins \u00ed v\u00f6gnum hans og glymsins \u00ed hj\u00f3lum hans. Fe\u00f0urnir l\u00edta ekki vi\u00f0 til barna sinna af \u00fev\u00ed a\u00f0 hendur \u00feeirra eru or\u00f0nar l\u00e9magna4vegna dagsins, sem kominn er til a\u00f0 ey\u00f0a \u00f6llum Filistum, til a\u00f0 uppr\u00e6ta fyrir T\u00fdrus og S\u00eddon <a href=\"https:\/\/biblian.is\/1981\/jeremia-47-kafli\/\"> [&#8230;]<\/a><\/p>\n","protected":false},"author":1,"featured_media":0,"parent":0,"menu_order":0,"comment_status":"open","ping_status":"open","template":"bibliukaflar.php","meta":{"footnotes":""},"class_list":["post-2139","page","type-page","status-publish","hentry"],"_links":{"self":[{"href":"https:\/\/biblian.is\/1981\/wp-json\/wp\/v2\/pages\/2139","targetHints":{"allow":["GET"]}}],"collection":[{"href":"https:\/\/biblian.is\/1981\/wp-json\/wp\/v2\/pages"}],"about":[{"href":"https:\/\/biblian.is\/1981\/wp-json\/wp\/v2\/types\/page"}],"author":[{"embeddable":true,"href":"https:\/\/biblian.is\/1981\/wp-json\/wp\/v2\/users\/1"}],"replies":[{"embeddable":true,"href":"https:\/\/biblian.is\/1981\/wp-json\/wp\/v2\/comments?post=2139"}],"version-history":[{"count":0,"href":"https:\/\/biblian.is\/1981\/wp-json\/wp\/v2\/pages\/2139\/revisions"}],"wp:attachment":[{"href":"https:\/\/biblian.is\/1981\/wp-json\/wp\/v2\/media?parent=2139"}],"curies":[{"name":"wp","href":"https:\/\/api.w.org\/{rel}","templated":true}]}}