{"id":2138,"date":"2017-11-18T20:20:20","date_gmt":"2017-11-18T20:20:20","guid":{"rendered":"http:\/\/biblian.is\/1981\/jeremia-46-kafli\/"},"modified":"2017-11-18T20:20:20","modified_gmt":"2017-11-18T20:20:20","slug":"jeremia-46-kafli","status":"publish","type":"page","link":"https:\/\/biblian.is\/1981\/jeremia-46-kafli\/","title":{"rendered":"Jerem\u00eda 46. kafli"},"content":{"rendered":"<p><a name=\"1\"><span class=\"versanumer\">1<\/span><\/a>\u00deetta birtist Jerem\u00eda sp\u00e1manni sem or\u00f0 Drottins um \u00fej\u00f3\u00f0irnar.<a name=\"2\"><span class=\"versanumer\">2<\/span><\/a>Um Egyptaland. Vi\u00f0v\u00edkjandi her Fara\u00f3s, Nek\u00f3s Egyptalandskonungs. Herinn var vi\u00f0 Efratflj\u00f3t, hj\u00e1 Karkemis, er Neb\u00fakadresar Babelkonungur vann sigur \u00e1 honum \u00e1 fj\u00f3r\u00f0a r\u00edkis\u00e1ri J\u00f3jak\u00edms J\u00f3s\u00edasonar, J\u00fadakonungs:<a name=\"3\"><span class=\"versanumer\">3<\/span><\/a>B\u00fai\u00f0 \u00fat t\u00f6rgu og skj\u00f6ld og gangi\u00f0 fram til orustu!<a name=\"4\"><span class=\"versanumer\">4<\/span><\/a>Beiti\u00f0 fyrir hestana og st\u00edgi\u00f0 \u00e1 bak herf\u00e1kunum og fylki\u00f0 y\u00f0ur hj\u00e1lma\u00f0ir! F\u00e6gi\u00f0 lensurnar! Kl\u00e6\u00f0ist pansara!<a name=\"5\"><span class=\"versanumer\">5<\/span><\/a>Hv\u00ed s\u00e9 \u00e9g \u00fe\u00e1 skelfda h\u00f6rfa aftur \u00e1 bak? Og kappar \u00feeirra eru yfirkomnir af \u00f3tta og fl\u00fdja allt hva\u00f0 af tekur og l\u00edta ekki vi\u00f0 skelfing allt um kring segir Drottinn.<a name=\"6\"><span class=\"versanumer\">6<\/span><\/a>Eigi mun hinn fr\u00e1i for\u00f0a s\u00e9r n\u00e9 kappinn komast undan. Nor\u00f0ur fr\u00e1, \u00e1 b\u00f6kkum Efratflj\u00f3ts, hrasa \u00feeir og falla.<a name=\"7\"><span class=\"versanumer\">7<\/span><\/a>Hver var \u00fea\u00f0, sem belgdist upp eins og N\u00edl, hvers v\u00f6tn komu \u00e6\u00f0andi eins og flj\u00f3t?<a name=\"8\"><span class=\"versanumer\">8<\/span><\/a>Egyptaland belgdist upp eins og N\u00edl, og v\u00f6tn \u00feess komu \u00e6\u00f0andi eins og flj\u00f3t, og \u00fea\u00f0 sag\u00f0i: \u00c9g vil st\u00edga upp, \u00feekja landi\u00f0, ey\u00f0a borgir og \u00edb\u00faa \u00feeirra.<a name=\"9\"><span class=\"versanumer\">9<\/span><\/a>Komi\u00f0, hestar, og \u00e6\u00f0i\u00f0, vagnar, og kapparnir leggi af sta\u00f0, Bl\u00e1lendingar og P\u00fat-menn, sem bera skj\u00f6ld, og L\u00fad\u00edtar, sem benda boga!<a name=\"10\"><span class=\"versanumer\">10<\/span><\/a>En s\u00e1 dagur er hefndardagur herranum, Drottni allsherjar, a\u00f0 hann hefni s\u00edn \u00e1 m\u00f3tst\u00f6\u00f0um\u00f6nnum s\u00ednum. \u00de\u00e1 mun sver\u00f0i\u00f0 eta og se\u00f0jast og drekka sig drukki\u00f0 af bl\u00f3\u00f0i \u00feeirra, \u00fev\u00ed a\u00f0 herrann, Drottinn allsherjar, heldur f\u00f3rnarh\u00e1t\u00ed\u00f0 \u00ed landinu nor\u00f0ur fr\u00e1, vi\u00f0 Efratflj\u00f3t.<a name=\"11\"><span class=\"versanumer\">11<\/span><\/a>Far upp til G\u00edlea\u00f0 og s\u00e6k smyrsl, \u00fe\u00fa m\u00e6rin, d\u00f3ttirin Egyptaland! Til einskis munt \u00fe\u00fa vi\u00f0hafa m\u00f6rg l\u00e6knislyf, enginn pl\u00e1stur er til handa \u00fe\u00e9r!<a name=\"12\"><span class=\"versanumer\">12<\/span><\/a>\u00dej\u00f3\u00f0irnar fr\u00e9ttu sm\u00e1n \u00fe\u00edna, og j\u00f6r\u00f0in er full af harmakveini \u00fe\u00ednu, \u00fev\u00ed a\u00f0 einn kappinn hrasa\u00f0i um annan, f\u00e9llu b\u00e1\u00f0ir jafnsaman.<a name=\"13\"><span class=\"versanumer\">13<\/span><\/a>Or\u00f0i\u00f0 sem Drottinn tala\u00f0i til Jerem\u00eda sp\u00e1manns, um \u00fea\u00f0 a\u00f0 Neb\u00fakadresar Babelkonungur mundi vinna sigur \u00e1 Egyptalandi.<a name=\"14\"><span class=\"versanumer\">14<\/span><\/a>Kunngj\u00f6ri\u00f0 \u00ed Egyptalandi og bo\u00f0i\u00f0 \u00ed Migd\u00f3l, j\u00e1 bo\u00f0i\u00f0 \u00ed N\u00f3f og Takpanes, segi\u00f0: Gakk fram og gj\u00f6r \u00feig v\u00edgb\u00fainn, \u00fev\u00ed a\u00f0 sver\u00f0i\u00f0 hefir \u00feegar eti\u00f0 umhverfis \u00feig!<a name=\"15\"><span class=\"versanumer\">15<\/span><\/a>Hv\u00ed eru \u00fe\u00ednir sterku menn a\u00f0 velli lag\u00f0ir? \u00deeir fengu eigi sta\u00f0ist, \u00fev\u00ed a\u00f0 Drottinn kollvarpa\u00f0i \u00feeim.<a name=\"16\"><span class=\"versanumer\">16<\/span><\/a>Hann l\u00e9t marga hrasa, og \u00feeir f\u00e9llu hver um annan \u00feveran, svo a\u00f0 \u00feeir s\u00f6g\u00f0u: \u00c1 f\u00e6tur, og hverfum aftur til \u00fej\u00f3\u00f0ar vorrar, til \u00e6ttlands vors, undan hinu v\u00edgfreka sver\u00f0i!<a name=\"17\"><span class=\"versanumer\">17<\/span><\/a>\u00deeir munu nefna Fara\u00f3, Egyptalandskonung: Tort\u00edming! hann l\u00e9t hinn hentuga t\u00edma l\u00ed\u00f0a hj\u00e1.<a name=\"18\"><span class=\"versanumer\">18<\/span><\/a>Svo sannarlega sem \u00e9g lifi, segir konungurinn, Drottinn allsherjar er nafn hans: L\u00edkur Tabor me\u00f0al fjallanna og l\u00edkur Karmel vi\u00f0 sj\u00f3inn mun hann koma.<a name=\"19\"><span class=\"versanumer\">19<\/span><\/a>Gj\u00f6r \u00fe\u00e9r \u00e1h\u00f6ld til brottfarar, \u00fe\u00fa sem \u00fear b\u00fdr, d\u00f3ttirin Egyptaland, \u00fev\u00ed a\u00f0 N\u00f3f mun ver\u00f0a a\u00f0 au\u00f0n og h\u00fan mun ver\u00f0a brennd og ver\u00f0a mannau\u00f0.<a name=\"20\"><span class=\"versanumer\">20<\/span><\/a>Egyptaland er mj\u00f6g f\u00f6gur kv\u00edga, kleggjar \u00far nor\u00f0ri koma yfir hana.<a name=\"21\"><span class=\"versanumer\">21<\/span><\/a>Jafnvel m\u00e1lali\u00f0i\u00f0, sem \u00fea\u00f0 hefir hj\u00e1 s\u00e9r, eins og alik\u00e1lfa j\u00e1, jafnvel \u00fea\u00f0 sn\u00fdr vi\u00f0, fl\u00fdr allt saman, f\u00e6r eigi sta\u00f0ist. \u00dev\u00ed a\u00f0 gl\u00f6tunardagur \u00feeirra er yfir \u00fe\u00e1 kominn, hegningart\u00edmi \u00feeirra.<a name=\"22\"><span class=\"versanumer\">22<\/span><\/a>R\u00f6dd \u00feess er or\u00f0in eins og \u00feruski\u00f0 \u00ed h\u00f6ggorminum, sem skr\u00ed\u00f0ur burt, \u00fev\u00ed me\u00f0 herli\u00f0i bruna \u00feeir \u00e1fram og me\u00f0 \u00f6xum ry\u00f0jast \u00feeir inn \u00e1 \u00fea\u00f0, eins og vi\u00f0arh\u00f6ggsmenn.<a name=\"23\"><span class=\"versanumer\">23<\/span><\/a>\u00deeir h\u00f6ggva upp sk\u00f3g \u00feess segir Drottinn \u00fev\u00ed a\u00f0 um hann ver\u00f0ur ekki fari\u00f0, \u00fev\u00ed a\u00f0 \u00feeir eru fleiri en engisprettur og \u00e1 \u00fe\u00e1 ver\u00f0ur engri t\u00f6lu komi\u00f0.<a name=\"24\"><span class=\"versanumer\">24<\/span><\/a>D\u00f3ttirin Egyptaland var\u00f0 til skammar, h\u00fan var seld \u00e1 vald \u00fej\u00f3\u00f0 a\u00f0 nor\u00f0an.<a name=\"25\"><span class=\"versanumer\">25<\/span><\/a>Drottinn allsherjar, \u00cdsraels Gu\u00f0, segir: Sj\u00e1, \u00e9g vitja Am\u00f3ns fr\u00e1 \u00deebu og Fara\u00f3s og \u00feeirra, sem \u00e1 hann treysta,<a name=\"26\"><span class=\"versanumer\">26<\/span><\/a>og sel \u00fe\u00e1 \u00e1 vald \u00feeirra, er s\u00e6kjast eftir l\u00edfi \u00feeirra, og \u00e1 vald Neb\u00fakadresars Babelkonungs og \u00e1 vald \u00fej\u00f3na hans. En eftir \u00fea\u00f0 skal \u00fea\u00f0 byggt vera, eins og fyrri \u00e1 d\u00f6gum segir Drottinn.<a name=\"27\"><span class=\"versanumer\">27<\/span><\/a>En \u00f3ttast \u00fe\u00fa ekki, \u00fej\u00f3nn minn Jakob, og hr\u00e6\u00f0st \u00fe\u00fa ekki, \u00cdsrael, \u00fev\u00ed a\u00f0 \u00e9g frelsa \u00feig \u00far fjarl\u00e6gu landi og ni\u00f0ja \u00fe\u00edna \u00far landinu, \u00fear sem \u00feeir eru herleiddir, til \u00feess a\u00f0 Jakob hverfi heim aftur og nj\u00f3ti hv\u00edldar og b\u00fai \u00f3hultur, \u00e1n \u00feess nokkur hr\u00e6\u00f0i hann.<a name=\"28\"><span class=\"versanumer\">28<\/span><\/a>&#8222;\u00d3ttast \u00fe\u00fa ekki, \u00fej\u00f3nn minn Jakob segir Drottinn \u00fev\u00ed a\u00f0 \u00e9g er me\u00f0 \u00fe\u00e9r! \u00dev\u00ed a\u00f0 \u00e9g vil gj\u00f6rey\u00f0a \u00f6llum \u00feeim \u00fej\u00f3\u00f0um, er \u00e9g hefi reki\u00f0 \u00feig til, en \u00fe\u00e9r vil \u00e9g ekki gj\u00f6rey\u00f0a, heldur vil \u00e9g hirta \u00feig \u00ed h\u00f3fi; en \u00e9g vil ekki l\u00e1ta \u00fe\u00e9r me\u00f0 \u00f6llu \u00f3hegnt.&#8220;<\/p>\n<div class=\"footnote1981\"><b>46.1<\/b> Um \u00fej\u00f3\u00f0irnar Jer 1.10+<br \/>\n<b>46.2<\/b> Um Egyptaland Jer 25.19+ &#8211; Nek\u00f3 2Kon 23.29; 2Kro 35.20 \u2013 fj\u00f3r\u00f0a stj\u00f3rnar\u00e1r J\u00f3jak\u00edms Jer 25.1<br \/>\n<b>46.5<\/b> Skelfing Jer 6.25+<br \/>\n<b>46.6<\/b> Hinn fr\u00e1i, kappinn Am 2.15<br \/>\n<b>46.7<\/b> Eins og vatsflaumur Jer 47.2; Jes 8.7; Dan 11.10<br \/>\n<b>46.10<\/b> F\u00f3rnarveisla Sef 1.7 \u2013 fyrir nor\u00f0an Jer 1.14+<br \/>\n<b>46.11<\/b> Smyrsl fr\u00e1 G\u00edlea\u00f0 Jer 8.22; 1M\u00f3s 37.25 \u2013 gr\u00e6r ekki Jer 10.19+<br \/>\n<b>46.13<\/b> Sigur \u00e1 Egyptalandi Jer 43.11+<br \/>\n<b>46.14<\/b> Migd\u00f3l Jer 44.1+ &#8211; N\u00f3f, Takpanes Jer 2.16+<br \/>\n<b>46.17<\/b> Fara\u00f3 uppnefndur sbr Jes 30.7; 36.6<br \/>\n<b>46.18<\/b> Konungurinn Slm 93.1+ &#8211; nafn hans Jer 10.16; 16.21; 48.15; 50.34; 51.19,57; Jes 48.2; 51.15<br \/>\n<b>46.19<\/b> Farangur til \u00fatleg\u00f0ar Jer 10.17; Esk 12.3<br \/>\n<b>46.21<\/b> Stund uppgj\u00f6rsins Jer 8.12+<br \/>\n<b>46.24<\/b> \u00dar nor\u00f0ri Jer 1.14+<br \/>\n<b>46.26<\/b> Selja \u00e1 vald Jer 44.30 \u2013 endurreisn \u00ed Egyptalandi Jes 19.1-25; Esk 29.13-15; sbr Jer 12.15+<br \/>\n<b>46.27-28<\/b> En \u00fe\u00fa &#8230; Jer 30.10-11<br \/>\n<b>46.27<\/b> \u00d3ttastu ekki Jes 41.13-14 \u2013 enginn mun \u00f3gna honum 3M\u00f3s 26.6; Esk 34.28; Job 11.19<br \/>\n<b>46.28<\/b> \u00c9g er me\u00f0 \u00fe\u00e9r Jer 1.8; Jes 43.5 \u2013 l\u00e1ti\u00f0 \u00f3hegnt 2M\u00f3s 24.7; Nah 1.3; Slm 99.8<\/div>\n","protected":false},"excerpt":{"rendered":"<p>1\u00deetta birtist Jerem\u00eda sp\u00e1manni sem or\u00f0 Drottins um \u00fej\u00f3\u00f0irnar.2Um Egyptaland. Vi\u00f0v\u00edkjandi her Fara\u00f3s, Nek\u00f3s Egyptalandskonungs. Herinn var vi\u00f0 Efratflj\u00f3t, hj\u00e1 Karkemis, er Neb\u00fakadresar Babelkonungur vann sigur \u00e1 honum \u00e1 fj\u00f3r\u00f0a r\u00edkis\u00e1ri J\u00f3jak\u00edms J\u00f3s\u00edasonar, J\u00fadakonungs:3B\u00fai\u00f0 \u00fat t\u00f6rgu og skj\u00f6ld og gangi\u00f0 fram til orustu!4Beiti\u00f0 fyrir hestana og st\u00edgi\u00f0 \u00e1 bak herf\u00e1kunum og fylki\u00f0 y\u00f0ur hj\u00e1lma\u00f0ir! F\u00e6gi\u00f0 lensurnar! Kl\u00e6\u00f0ist pansara!5Hv\u00ed s\u00e9 \u00e9g \u00fe\u00e1 skelfda h\u00f6rfa aftur \u00e1 bak? Og kappar \u00feeirra eru yfirkomnir af \u00f3tta og fl\u00fdja allt hva\u00f0 af tekur og l\u00edta ekki vi\u00f0 skelfing allt um kring segir Drottinn.6Eigi mun hinn fr\u00e1i for\u00f0a s\u00e9r n\u00e9 kappinn komast undan. Nor\u00f0ur fr\u00e1, <a href=\"https:\/\/biblian.is\/1981\/jeremia-46-kafli\/\"> [&#8230;]<\/a><\/p>\n","protected":false},"author":1,"featured_media":0,"parent":0,"menu_order":0,"comment_status":"open","ping_status":"open","template":"bibliukaflar.php","meta":{"footnotes":""},"class_list":["post-2138","page","type-page","status-publish","hentry"],"_links":{"self":[{"href":"https:\/\/biblian.is\/1981\/wp-json\/wp\/v2\/pages\/2138","targetHints":{"allow":["GET"]}}],"collection":[{"href":"https:\/\/biblian.is\/1981\/wp-json\/wp\/v2\/pages"}],"about":[{"href":"https:\/\/biblian.is\/1981\/wp-json\/wp\/v2\/types\/page"}],"author":[{"embeddable":true,"href":"https:\/\/biblian.is\/1981\/wp-json\/wp\/v2\/users\/1"}],"replies":[{"embeddable":true,"href":"https:\/\/biblian.is\/1981\/wp-json\/wp\/v2\/comments?post=2138"}],"version-history":[{"count":0,"href":"https:\/\/biblian.is\/1981\/wp-json\/wp\/v2\/pages\/2138\/revisions"}],"wp:attachment":[{"href":"https:\/\/biblian.is\/1981\/wp-json\/wp\/v2\/media?parent=2138"}],"curies":[{"name":"wp","href":"https:\/\/api.w.org\/{rel}","templated":true}]}}