{"id":2135,"date":"2017-11-18T20:20:20","date_gmt":"2017-11-18T20:20:20","guid":{"rendered":"http:\/\/biblian.is\/1981\/jeremia-43-kafli\/"},"modified":"2017-11-18T20:20:20","modified_gmt":"2017-11-18T20:20:20","slug":"jeremia-43-kafli","status":"publish","type":"page","link":"https:\/\/biblian.is\/1981\/jeremia-43-kafli\/","title":{"rendered":"Jerem\u00eda 43. kafli"},"content":{"rendered":"<p><a name=\"1\"><span class=\"versanumer\">1<\/span><\/a>En er Jerem\u00eda haf\u00f0i loki\u00f0 a\u00f0 m\u00e6la til alls l\u00fd\u00f0sins \u00f6ll or\u00f0 Drottins, Gu\u00f0s \u00feeirra, \u00f6ll \u00feau or\u00f0, er Drottinn, Gu\u00f0 \u00feeirra, haf\u00f0i sent hann me\u00f0 til \u00feeirra,<a name=\"2\"><span class=\"versanumer\">2<\/span><\/a>\u00fe\u00e1 s\u00f6g\u00f0u Asarja H\u00f3sajason og J\u00f3hanan Kareason og allir ofstopafullu mennirnir vi\u00f0 Jerem\u00eda: \u00de\u00fa talar lygi! Drottinn, Gu\u00f0 vor, hefir eigi sent \u00feig og sagt: \u00de\u00e9r skulu\u00f0 eigi fara til Egyptalands, til \u00feess a\u00f0 dveljast \u00fear sem fl\u00f3ttamenn!<a name=\"3\"><span class=\"versanumer\">3<\/span><\/a>heldur egnir Bar\u00fak Ner\u00edason \u00feig upp \u00e1 m\u00f3ti oss, til \u00feess a\u00f0 selja oss \u00e1 vald Kaldeum, a\u00f0 \u00feeir drepi oss e\u00f0a herlei\u00f0i oss til Bab\u00fdlon.<a name=\"4\"><span class=\"versanumer\">4<\/span><\/a>Og ekki hl\u00fdddu J\u00f3hanan Kareason og allir hersh\u00f6f\u00f0ingjarnir og allur l\u00fd\u00f0urinn skipun Drottins, a\u00f0 vera kyrrir \u00ed J\u00fada,<a name=\"5\"><span class=\"versanumer\">5<\/span><\/a>heldur t\u00f3ku \u00feeir J\u00f3hanan Kareason og allir hersh\u00f6f\u00f0ingjarnir allar leifar J\u00fadamanna, er aftur voru heim komnar fr\u00e1 \u00f6llum \u00feeim \u00fej\u00f3\u00f0um, \u00feanga\u00f0 sem \u00feeir h\u00f6f\u00f0u veri\u00f0 brott reknir, til \u00feess a\u00f0 dveljast \u00ed J\u00fada,<a name=\"6\"><span class=\"versanumer\">6<\/span><\/a>menn og konur og b\u00f6rn og konungsd\u00e6turnar og allar \u00fe\u00e6r s\u00e1lir, sem Neb\u00fasaradan l\u00edfvar\u00f0arforingi haf\u00f0i skili\u00f0 eftir hj\u00e1 Gedalja Ah\u00edkamssyni, Safanssonar, svo og Jerem\u00eda sp\u00e1mann og Bar\u00fak Ner\u00edason,<a name=\"7\"><span class=\"versanumer\">7<\/span><\/a>og f\u00f3ru til Egyptalands, \u00fev\u00ed a\u00f0 \u00feeir hl\u00fdddu ekki skipun Drottins. Og \u00feeir f\u00f3ru til Takpanes.<a name=\"8\"><span class=\"versanumer\">8<\/span><\/a>Or\u00f0 Drottins kom til Jerem\u00eda \u00ed Takpanes:<a name=\"9\"><span class=\"versanumer\">9<\/span><\/a>Tak \u00fe\u00e9r \u00ed h\u00f6nd st\u00f3ra steina og graf \u00fe\u00e1 \u00ed steinl\u00edmi ni\u00f0ur \u00ed steinhla\u00f0i\u00f0, sem er \u00fati fyrir dyrum hallar Fara\u00f3s \u00ed Takpanes, \u00ed vi\u00f0urvist fl\u00f3ttamannanna fr\u00e1 J\u00fada<a name=\"10\"><span class=\"versanumer\">10<\/span><\/a>og seg vi\u00f0 \u00fe\u00e1: Svo segir Drottinn allsherjar, \u00cdsraels Gu\u00f0: Sj\u00e1, \u00e9g sendi og l\u00e6t s\u00e6kja Neb\u00fakadresar Babelkonung, \u00fej\u00f3n minn, og reisi h\u00e1s\u00e6ti hans yfir \u00feessum steinum, er \u00e9g hefi grafi\u00f0 ni\u00f0ur, og hann skal brei\u00f0a h\u00e1s\u00e6tisd\u00fak sinn yfir \u00fe\u00e1.<a name=\"11\"><span class=\"versanumer\">11<\/span><\/a>Og hann mun koma og lj\u00f3sta Egyptaland: Hann mun framselja dau\u00f0anum \u00feann, sem dau\u00f0a er \u00e6tla\u00f0ur, herlei\u00f0ingunni \u00feann, sem herlei\u00f0ingu er \u00e6tla\u00f0ur, og sver\u00f0inu \u00feann, sem sver\u00f0i er \u00e6tla\u00f0ur!<a name=\"12\"><span class=\"versanumer\">12<\/span><\/a>\u00c9g mun leggja eld \u00ed musteri gu\u00f0a Egyptalands, og hann mun brenna \u00feau til \u00f6sku og flytja burt gu\u00f0i \u00feeirra, og hann mun vefja um sig Egyptalandi, eins og hir\u00f0ir vefur um sig skikkju sinni. S\u00ed\u00f0an mun hann fara \u00fea\u00f0an \u00f3\u00e1reittur.<a name=\"13\"><span class=\"versanumer\">13<\/span><\/a>Og hann mun brj\u00f3ta sundur s\u00falurnar \u00ed Betsemes \u00ed Egyptalandi og brenna musteri gu\u00f0a Egyptalands \u00ed eldi.<\/p>\n<div class=\"footnote1981\"><b>43.2<\/b> Hersh\u00f6f\u00f0ingjar Jer 42.1 \u2013 hrokagikkir Jes 13.11; sbr Mal 3.19<br \/>\n<b>43.3<\/b> Bar\u00fak Jer 32.12+<br \/>\n<b>43.4<\/b> Hl\u00fdddu ekki Jer 42.13+<br \/>\n<b>43.5<\/b> J\u00fadamenn tv\u00edstra\u00f0ir Jer 40.11<br \/>\n<b>43.6<\/b> Neb\u00fasaradan Jer 39.9+ &#8211; hj\u00e1 Gedalja Jer 39.14<br \/>\n<b>43.7<\/b> Til Egyptalands 2Kon 25.26 \u2013 Takpanes Jer 2.16+<br \/>\n<b>43.9<\/b> T\u00e1knr\u00e6nar athafnir Jer 13.1+<br \/>\n<b>43.10<\/b> \u00dej\u00f3nn minn Jer 25.9+ ; sbr 21.2+<br \/>\n<b>43.11<\/b> Sigra Egypta Jer 46.13; Esk 29.19-20 \u2013 til dau\u00f0a Jer 15.2+<br \/>\n<b>43.12<\/b> Gu\u00f0ir Egypta Jer 46.25; Esk 30.13<\/div>\n","protected":false},"excerpt":{"rendered":"<p>1En er Jerem\u00eda haf\u00f0i loki\u00f0 a\u00f0 m\u00e6la til alls l\u00fd\u00f0sins \u00f6ll or\u00f0 Drottins, Gu\u00f0s \u00feeirra, \u00f6ll \u00feau or\u00f0, er Drottinn, Gu\u00f0 \u00feeirra, haf\u00f0i sent hann me\u00f0 til \u00feeirra,2\u00fe\u00e1 s\u00f6g\u00f0u Asarja H\u00f3sajason og J\u00f3hanan Kareason og allir ofstopafullu mennirnir vi\u00f0 Jerem\u00eda: \u00de\u00fa talar lygi! Drottinn, Gu\u00f0 vor, hefir eigi sent \u00feig og sagt: \u00de\u00e9r skulu\u00f0 eigi fara til Egyptalands, til \u00feess a\u00f0 dveljast \u00fear sem fl\u00f3ttamenn!3heldur egnir Bar\u00fak Ner\u00edason \u00feig upp \u00e1 m\u00f3ti oss, til \u00feess a\u00f0 selja oss \u00e1 vald Kaldeum, a\u00f0 \u00feeir drepi oss e\u00f0a herlei\u00f0i oss til Bab\u00fdlon.4Og ekki hl\u00fdddu J\u00f3hanan Kareason og allir hersh\u00f6f\u00f0ingjarnir og allur l\u00fd\u00f0urinn <a href=\"https:\/\/biblian.is\/1981\/jeremia-43-kafli\/\"> [&#8230;]<\/a><\/p>\n","protected":false},"author":1,"featured_media":0,"parent":0,"menu_order":0,"comment_status":"open","ping_status":"open","template":"bibliukaflar.php","meta":{"footnotes":""},"class_list":["post-2135","page","type-page","status-publish","hentry"],"_links":{"self":[{"href":"https:\/\/biblian.is\/1981\/wp-json\/wp\/v2\/pages\/2135","targetHints":{"allow":["GET"]}}],"collection":[{"href":"https:\/\/biblian.is\/1981\/wp-json\/wp\/v2\/pages"}],"about":[{"href":"https:\/\/biblian.is\/1981\/wp-json\/wp\/v2\/types\/page"}],"author":[{"embeddable":true,"href":"https:\/\/biblian.is\/1981\/wp-json\/wp\/v2\/users\/1"}],"replies":[{"embeddable":true,"href":"https:\/\/biblian.is\/1981\/wp-json\/wp\/v2\/comments?post=2135"}],"version-history":[{"count":0,"href":"https:\/\/biblian.is\/1981\/wp-json\/wp\/v2\/pages\/2135\/revisions"}],"wp:attachment":[{"href":"https:\/\/biblian.is\/1981\/wp-json\/wp\/v2\/media?parent=2135"}],"curies":[{"name":"wp","href":"https:\/\/api.w.org\/{rel}","templated":true}]}}