{"id":2132,"date":"2017-11-18T20:20:20","date_gmt":"2017-11-18T20:20:20","guid":{"rendered":"http:\/\/biblian.is\/1981\/jeremia-40-kafli\/"},"modified":"2017-11-18T20:20:20","modified_gmt":"2017-11-18T20:20:20","slug":"jeremia-40-kafli","status":"publish","type":"page","link":"https:\/\/biblian.is\/1981\/jeremia-40-kafli\/","title":{"rendered":"Jerem\u00eda 40. kafli"},"content":{"rendered":"<p><a name=\"1\"><span class=\"versanumer\">1<\/span><\/a>Or\u00f0i\u00f0 sem kom til Jerem\u00eda fr\u00e1 Drottni, eftir a\u00f0 Neb\u00fasaradan l\u00edfvar\u00f0arforingi haf\u00f0i l\u00e1ti\u00f0 hann lausan \u00ed Rama, er hann haf\u00f0i flutt hann bundinn fj\u00f6trum \u00e1samt hinum herteknu fr\u00e1 Jer\u00fasalem og J\u00fada, er flytjast \u00e1ttu til Bab\u00fdlon.<a name=\"2\"><span class=\"versanumer\">2<\/span><\/a>L\u00edfvar\u00f0arforinginn l\u00e9t s\u00e6kja Jerem\u00eda og sag\u00f0i vi\u00f0 hann: Drottinn, Gu\u00f0 \u00feinn, h\u00f3ta\u00f0i \u00feessum sta\u00f0 \u00feessari \u00f3g\u00e6fu<a name=\"3\"><span class=\"versanumer\">3<\/span><\/a>og l\u00e9t hana fram koma, og Drottinn gj\u00f6r\u00f0i eins og hann haf\u00f0i h\u00f3ta\u00f0, \u00fev\u00ed a\u00f0 \u00fe\u00e9r syndgu\u00f0u\u00f0 gegn Drottni og hl\u00fdddu\u00f0 eigi hans raustu, og fyrir \u00fev\u00ed hefir y\u00f0ur \u00feetta a\u00f0 h\u00f6ndum bori\u00f0.<a name=\"4\"><span class=\"versanumer\">4<\/span><\/a>Og sj\u00e1, n\u00fa leysi \u00e9g fj\u00f6trana af h\u00f6ndum \u00fe\u00ednum. Ef \u00fe\u00e9r \u00fe\u00f3knast a\u00f0 koma me\u00f0 m\u00e9r til Bab\u00fdlon, \u00fe\u00e1 kom \u00fe\u00fa og \u00e9g skal ala \u00f6nn fyrir \u00fe\u00e9r. En ef \u00fe\u00e9r \u00fe\u00f3knast ekki a\u00f0 koma me\u00f0 m\u00e9r til Bab\u00fdlon, \u00fe\u00e1 l\u00e1t \u00fea\u00f0 \u00f3gj\u00f6rt. Sj\u00e1 \u00fe\u00fa, allt landi\u00f0 liggur opi\u00f0 fyrir \u00fe\u00e9r. Hvert sem \u00fe\u00e9r l\u00edst gott og r\u00e9tt a\u00f0 fara, \u00feanga\u00f0 m\u00e1tt \u00fe\u00fa fara.<a name=\"5\"><span class=\"versanumer\">5<\/span><\/a>En ef \u00fe\u00e9r \u00fe\u00f3knast a\u00f0 vera um kyrrt, skalt \u00fe\u00fa fara til Gedalja Ah\u00edkamssonar, Safanssonar, er Babelkonungur hefir skipa\u00f0 yfir J\u00fadaborgir, og ver me\u00f0 honum me\u00f0al l\u00fd\u00f0sins, e\u00f0a far hvert sem \u00fe\u00e9r \u00fe\u00f3knast a\u00f0 fara. Og l\u00edfvar\u00f0arforinginn f\u00e9kk honum uppeldi og gjafir og l\u00e9t hann \u00ed brott fara.<a name=\"6\"><span class=\"versanumer\">6<\/span><\/a>Og Jerem\u00eda f\u00f3r til Mispa til Gedalja Ah\u00edkamssonar, og var me\u00f0 honum me\u00f0al l\u00fd\u00f0sins, \u00feeirra er eftir voru \u00ed landinu.<a name=\"7\"><span class=\"versanumer\">7<\/span><\/a>Og er allir hersh\u00f6f\u00f0ingjarnir, sem enn voru \u00fati, og menn \u00feeirra, fr\u00e9ttu, a\u00f0 Babelkonungur hef\u00f0i skipa\u00f0 Gedalja Ah\u00edkamsson landstj\u00f3ra og a\u00f0 hann hef\u00f0i fali\u00f0 umsj\u00e1 hans menn og konur og b\u00f6rn og \u00fe\u00e1 af alm\u00faga landsins, er eigi voru herleiddir til Bab\u00fdlon,<a name=\"8\"><span class=\"versanumer\">8<\/span><\/a>f\u00f3ru \u00feeir til Mispa \u00e1 fund Gedalja, \u00feeir \u00cdsmael Netanjason, J\u00f3hanan Kareason, Seraja Tanh\u00fametsson, synir Efa\u00ed fr\u00e1 Net\u00f3fa, og Jesanja, sonur Maakat\u00edtans, og menn \u00feeirra.<a name=\"9\"><span class=\"versanumer\">9<\/span><\/a>Vann Gedalja Ah\u00edkamsson, Safanssonar, \u00feeim ei\u00f0 og m\u00f6nnum \u00feeirra og sag\u00f0i: \u00d3ttist eigi a\u00f0 vera Kaldeum l\u00fd\u00f0skyldir. Veri\u00f0 kyrrir \u00ed landinu og \u00fej\u00f3ni\u00f0 Babelkonungi, og mun y\u00f0ur vel vegna.<a name=\"10\"><span class=\"versanumer\">10<\/span><\/a>Og sj\u00e1, \u00e9g ver\u00f0 kyrr \u00ed Mispa til \u00feess a\u00f0 taka \u00e1 m\u00f3ti \u00feeim Kaldeum, er til vor kunna a\u00f0 koma, en safni\u00f0 \u00fe\u00e9r uppskeru af v\u00edni, \u00e1v\u00f6xtum og ol\u00edu og l\u00e1ti\u00f0 \u00ed \u00edl\u00e1t y\u00f0ar og veri\u00f0 kyrrir \u00ed borgum y\u00f0ar, er \u00fe\u00e9r hafi\u00f0 teki\u00f0 til eignar.<a name=\"11\"><span class=\"versanumer\">11<\/span><\/a>S\u00f6mulei\u00f0is fr\u00e9ttu allir J\u00fadamenn, sem voru \u00ed M\u00f3ab og hj\u00e1 Amm\u00f3n\u00edtum og \u00ed Ed\u00f3m og \u00ed \u00f6llum \u00f6\u00f0rum l\u00f6ndum, a\u00f0 Babelkonungur hef\u00f0i skili\u00f0 leifar eftir af J\u00fada og a\u00f0 hann hef\u00f0i sett Gedalja Ah\u00edkamsson, Safanssonar, yfir \u00fe\u00e1.<a name=\"12\"><span class=\"versanumer\">12<\/span><\/a>Sneru \u00feeir \u00fev\u00ed aftur fr\u00e1 \u00f6llum \u00feeim st\u00f6\u00f0um, \u00feanga\u00f0 sem \u00feeir h\u00f6f\u00f0u hraktir veri\u00f0, og komu til J\u00fada, til Gedalja \u00ed Mispa, og \u00feeir s\u00f6fnu\u00f0u mj\u00f6g mikilli uppskeru af v\u00edni og \u00e1v\u00f6xtum.<a name=\"13\"><span class=\"versanumer\">13<\/span><\/a>J\u00f3hanan Kareason og allir hersh\u00f6f\u00f0ingjarnir, sem enn voru \u00fati \u00e1 landi, f\u00f3ru til Mispa \u00e1 fund Gedalja<a name=\"14\"><span class=\"versanumer\">14<\/span><\/a>og s\u00f6g\u00f0u vi\u00f0 hann: Veist \u00fe\u00fa a\u00f0 Baalis Amm\u00f3n\u00edtakonungur hefir sent \u00cdsmael Netanjason til \u00feess a\u00f0 r\u00e1\u00f0a \u00fe\u00e9r bana? En Gedalja Ah\u00edkamsson tr\u00fa\u00f0i \u00feeim ekki.<a name=\"15\"><span class=\"versanumer\">15<\/span><\/a>Og J\u00f3hanan Kareason sag\u00f0i vi\u00f0 Gedalja \u00e1 laun \u00ed Mispa: Leyf m\u00e9r a\u00f0 fara og drepa \u00cdsmael Netanjason, og enginn ma\u00f0ur skal ver\u00f0a \u00feess v\u00eds! Hv\u00ed skal hann r\u00e1\u00f0a \u00fe\u00e9r bana og allir J\u00fadamenn tv\u00edstrast, \u00feeir er til \u00fe\u00edn hafa safnast, og leifar J\u00fada ver\u00f0a a\u00f0 engu?<a name=\"16\"><span class=\"versanumer\">16<\/span><\/a>En Gedalja Ah\u00edkamsson sag\u00f0i vi\u00f0 J\u00f3hanan Kareason: \u00de\u00fa skalt ekki gj\u00f6ra \u00fea\u00f0, \u00fev\u00ed a\u00f0 \u00fe\u00fa talar lygar um \u00cdsmael.<\/p>\n<div class=\"footnote1981\"><b>40.1<\/b> Jerem\u00eda l\u00e1tinn laus Jer 39.14<br \/>\n<b>40.4<\/b> Annast Jer 39.12<br \/>\n<b>40.5<\/b> Til Gedalja Jer 39.14<br \/>\n<b>40.6<\/b> Mispa D\u00f3m 20.1,3; 21.1,5; 1Sam 7.5-7; 1Kon 15.22; 2Kon 25.23; Neh 3.7<br \/>\n<b>40.7<\/b> Landstj\u00f3ri 2Kon 25.23<br \/>\n<b>40.15<\/b> \u00dea\u00f0 sem eftir er af J\u00fadam\u00f6nnum Jer 42.15<\/div>\n","protected":false},"excerpt":{"rendered":"<p>1Or\u00f0i\u00f0 sem kom til Jerem\u00eda fr\u00e1 Drottni, eftir a\u00f0 Neb\u00fasaradan l\u00edfvar\u00f0arforingi haf\u00f0i l\u00e1ti\u00f0 hann lausan \u00ed Rama, er hann haf\u00f0i flutt hann bundinn fj\u00f6trum \u00e1samt hinum herteknu fr\u00e1 Jer\u00fasalem og J\u00fada, er flytjast \u00e1ttu til Bab\u00fdlon.2L\u00edfvar\u00f0arforinginn l\u00e9t s\u00e6kja Jerem\u00eda og sag\u00f0i vi\u00f0 hann: Drottinn, Gu\u00f0 \u00feinn, h\u00f3ta\u00f0i \u00feessum sta\u00f0 \u00feessari \u00f3g\u00e6fu3og l\u00e9t hana fram koma, og Drottinn gj\u00f6r\u00f0i eins og hann haf\u00f0i h\u00f3ta\u00f0, \u00fev\u00ed a\u00f0 \u00fe\u00e9r syndgu\u00f0u\u00f0 gegn Drottni og hl\u00fdddu\u00f0 eigi hans raustu, og fyrir \u00fev\u00ed hefir y\u00f0ur \u00feetta a\u00f0 h\u00f6ndum bori\u00f0.4Og sj\u00e1, n\u00fa leysi \u00e9g fj\u00f6trana af h\u00f6ndum \u00fe\u00ednum. Ef \u00fe\u00e9r \u00fe\u00f3knast a\u00f0 koma me\u00f0 m\u00e9r til Bab\u00fdlon, <a href=\"https:\/\/biblian.is\/1981\/jeremia-40-kafli\/\"> [&#8230;]<\/a><\/p>\n","protected":false},"author":1,"featured_media":0,"parent":0,"menu_order":0,"comment_status":"open","ping_status":"open","template":"bibliukaflar.php","meta":{"footnotes":""},"class_list":["post-2132","page","type-page","status-publish","hentry"],"_links":{"self":[{"href":"https:\/\/biblian.is\/1981\/wp-json\/wp\/v2\/pages\/2132","targetHints":{"allow":["GET"]}}],"collection":[{"href":"https:\/\/biblian.is\/1981\/wp-json\/wp\/v2\/pages"}],"about":[{"href":"https:\/\/biblian.is\/1981\/wp-json\/wp\/v2\/types\/page"}],"author":[{"embeddable":true,"href":"https:\/\/biblian.is\/1981\/wp-json\/wp\/v2\/users\/1"}],"replies":[{"embeddable":true,"href":"https:\/\/biblian.is\/1981\/wp-json\/wp\/v2\/comments?post=2132"}],"version-history":[{"count":0,"href":"https:\/\/biblian.is\/1981\/wp-json\/wp\/v2\/pages\/2132\/revisions"}],"wp:attachment":[{"href":"https:\/\/biblian.is\/1981\/wp-json\/wp\/v2\/media?parent=2132"}],"curies":[{"name":"wp","href":"https:\/\/api.w.org\/{rel}","templated":true}]}}