{"id":2131,"date":"2017-11-18T20:20:20","date_gmt":"2017-11-18T20:20:20","guid":{"rendered":"http:\/\/biblian.is\/1981\/jeremia-39-kafli\/"},"modified":"2017-11-18T20:20:20","modified_gmt":"2017-11-18T20:20:20","slug":"jeremia-39-kafli","status":"publish","type":"page","link":"https:\/\/biblian.is\/1981\/jeremia-39-kafli\/","title":{"rendered":"Jerem\u00eda 39. kafli"},"content":{"rendered":"<p><a name=\"1\"><span class=\"versanumer\">1<\/span><\/a>\u00c1 n\u00edunda r\u00edkis\u00e1ri Sedek\u00eda konungs \u00ed J\u00fada, \u00ed t\u00edunda m\u00e1nu\u00f0inum, kom Neb\u00fakadresar konungur \u00ed Bab\u00fdlon og allur her hans til Jer\u00fasalem, og settust um hana.<a name=\"2\"><span class=\"versanumer\">2<\/span><\/a>En \u00e1 ellefta r\u00edkis\u00e1ri Sedek\u00eda, \u00ed fj\u00f3r\u00f0a m\u00e1nu\u00f0inum, n\u00edunda dag m\u00e1na\u00f0arins, var broti\u00f0 skar\u00f0 inn \u00ed borgina.<a name=\"3\"><span class=\"versanumer\">3<\/span><\/a>En er Jer\u00fasalem var unnin, komu allir hersh\u00f6f\u00f0ingjar Babelkonungs og settust a\u00f0 \u00ed Mi\u00f0hli\u00f0inu, \u00feeir Nergalsareser, h\u00f6f\u00f0ingi \u00ed S\u00edmmagir, Neb\u00fasarsek\u00edm hir\u00f0stj\u00f3ri og margir a\u00f0rir h\u00f6f\u00f0ingjar Babelkonungs.<a name=\"4\"><span class=\"versanumer\">4<\/span><\/a>En er Sedek\u00eda J\u00fadakonungur og allir hermennirnir s\u00e1u \u00feetta, fl\u00fd\u00f0u \u00feeir og f\u00f3ru um n\u00f3ttina \u00fat \u00far borginni, veginn sem liggur \u00fat a\u00f0 konungsgar\u00f0inum, gegnum hli\u00f0i\u00f0 milli beggja m\u00faranna og h\u00e9ldu lei\u00f0ina til J\u00f3rdandalsins.<a name=\"5\"><span class=\"versanumer\">5<\/span><\/a>En her Kaldea veitti \u00feeim eftirf\u00f6r og n\u00e1\u00f0i Sedek\u00eda \u00e1 Jer\u00edk\u00f3-v\u00f6llum. T\u00f3ku \u00feeir hann og fluttu hann til Ribla \u00ed Hamath\u00e9ra\u00f0i til Neb\u00fakadresars Babelkonungs. Hann kva\u00f0 upp d\u00f3m hans.<a name=\"6\"><span class=\"versanumer\">6<\/span><\/a>L\u00e9t Babelkonungur drepa sonu Sedek\u00eda \u00ed Ribla fyrir augum hans. S\u00f6mulei\u00f0is l\u00e9t Babelkonungur drepa alla tignarmenn \u00ed J\u00fada.<a name=\"7\"><span class=\"versanumer\">7<\/span><\/a>En Sedek\u00eda l\u00e9t hann blinda og binda eirfj\u00f6trum til \u00feess a\u00f0 flytja hann til Bab\u00fdlon.<a name=\"8\"><span class=\"versanumer\">8<\/span><\/a>Kaldear brenndu konungsh\u00f6llina og h\u00fas l\u00fd\u00f0sins og rifu ni\u00f0ur m\u00fara Jer\u00fasalem.<a name=\"9\"><span class=\"versanumer\">9<\/span><\/a>En leifar l\u00fd\u00f0sins, \u00fe\u00e1 er eftir voru \u00ed borginni, og li\u00f0hlaupana, \u00fe\u00e1 er hlaupist h\u00f6f\u00f0u \u00ed li\u00f0 me\u00f0 honum, og leifar l\u00fd\u00f0sins, \u00fe\u00e1 er eftir voru, herleiddi Neb\u00fasaradan l\u00edfvar\u00f0arforingi til Bab\u00fdlon,<a name=\"10\"><span class=\"versanumer\">10<\/span><\/a>en af alm\u00fagam\u00f6nnum, sem ekkert \u00e1ttu, l\u00e9t Neb\u00fasaradan l\u00edfvar\u00f0arforingi nokkra ver\u00f0a eftir \u00ed J\u00fada og gaf \u00feeim \u00feann dag v\u00edngar\u00f0a og akra.<a name=\"11\"><span class=\"versanumer\">11<\/span><\/a>En um Jerem\u00eda gaf Neb\u00fakadresar Babelkonungur \u00fat svol\u00e1tandi skipun fyrir millig\u00f6ngu Neb\u00fasaradans l\u00edfvar\u00f0arforingja:<a name=\"12\"><span class=\"versanumer\">12<\/span><\/a>Tak hann og annast hann og gj\u00f6r honum ekkert illt, heldur gj\u00f6r vi\u00f0 hann svo sem hann m\u00e6list til vi\u00f0 \u00feig!<a name=\"13\"><span class=\"versanumer\">13<\/span><\/a>\u00de\u00e1 sendu \u00feeir Neb\u00fasaradan l\u00edfvar\u00f0arforingi og Neb\u00fasasban hir\u00f0stj\u00f3ri og Nergalsareser hersh\u00f6f\u00f0ingi og allir yfirmenn Babelkonungs<a name=\"14\"><span class=\"versanumer\">14<\/span><\/a>menn og l\u00e9tu s\u00e6kja Jerem\u00eda \u00ed var\u00f0gar\u00f0inn og seldu hann \u00ed hendur Gedalja Ah\u00edkamssyni, Safanssonar, a\u00f0 hann f\u00e6ri me\u00f0 hann heim. Og \u00feannig var\u00f0 hann kyrr me\u00f0al l\u00fd\u00f0sins.<a name=\"15\"><span class=\"versanumer\">15<\/span><\/a>Me\u00f0an Jerem\u00eda sat inniloka\u00f0ur \u00ed var\u00f0gar\u00f0inum, haf\u00f0i or\u00f0 Drottins komi\u00f0 til hans:<a name=\"16\"><span class=\"versanumer\">16<\/span><\/a>Far og seg vi\u00f0 Ebed-Melek Bl\u00e1lending: Svo segir Drottinn allsherjar, \u00cdsraels Gu\u00f0: Sj\u00e1, \u00e9g l\u00e6t or\u00f0 m\u00edn um \u00f3g\u00e6fu, en eigi um hamingju, koma fram \u00e1 \u00feessari borg, og \u00feau skulu r\u00e6tast fyrir augum \u00fe\u00ednum \u00e1 \u00feeim degi.<a name=\"17\"><span class=\"versanumer\">17<\/span><\/a>En \u00e9g skal frelsa \u00feig \u00e1 \u00feeim degi segir Drottinn og \u00fe\u00fa skalt ekki seldur ver\u00f0a \u00e1 vald m\u00f6nnum \u00feeim, er \u00fe\u00fa hr\u00e6\u00f0ist,<a name=\"18\"><span class=\"versanumer\">18<\/span><\/a>heldur skal \u00e9g l\u00e1ta \u00feig komast undan og \u00fe\u00fa skalt ekki falla fyrir sver\u00f0i, og \u00fe\u00fa skalt hlj\u00f3ta l\u00edf \u00feitt a\u00f0 herfangi, af \u00fev\u00ed a\u00f0 \u00fe\u00fa hefir treyst m\u00e9r segir Drottinn.<\/p>\n<div class=\"footnote1981\"><b>39.1<\/b> N\u00edunda \u00e1r, t\u00edundi m\u00e1nu\u00f0ur Jer 52.4; 2Kon 25.1 \u2013 Neb\u00fakadresar Jer 21.2+<br \/>\n<b>39.2<\/b> Rofinn Jer 52.7; 2Kon 25.4<br \/>\n<b>39.3<\/b> Hir\u00f0stj\u00f3ri Jer 39.13; sbr Dan 1.3<br \/>\n<b>39.4-10<\/b> Sedek\u00eda fl\u00fdr, n\u00e6st og er d\u00e6mdur Jer 52.7-11; 2Kon 25.4-7<br \/>\n<b>39.8<\/b> H\u00fas almennings Jer 17.27<br \/>\n<b>39.9<\/b> Neb\u00fasaradan Jer 39.11; 41.10; 52.12; 2Kon 25.8<br \/>\n<b>39.12<\/b> G\u00e6ta Jer 40.4<br \/>\n<b>39.14<\/b> Var\u00f0hald Jer 32.2+ &#8211; Gedalja Jer 26.24+<br \/>\n<b>39.16<\/b> Ebed-Melek Jer 38.7-13<br \/>\n<b>39.17<\/b> Bj\u00f6rgun Jer 20.13<br \/>\n<b>39.18<\/b> Komast undan Jer 21.9<\/div>\n","protected":false},"excerpt":{"rendered":"<p>1\u00c1 n\u00edunda r\u00edkis\u00e1ri Sedek\u00eda konungs \u00ed J\u00fada, \u00ed t\u00edunda m\u00e1nu\u00f0inum, kom Neb\u00fakadresar konungur \u00ed Bab\u00fdlon og allur her hans til Jer\u00fasalem, og settust um hana.2En \u00e1 ellefta r\u00edkis\u00e1ri Sedek\u00eda, \u00ed fj\u00f3r\u00f0a m\u00e1nu\u00f0inum, n\u00edunda dag m\u00e1na\u00f0arins, var broti\u00f0 skar\u00f0 inn \u00ed borgina.3En er Jer\u00fasalem var unnin, komu allir hersh\u00f6f\u00f0ingjar Babelkonungs og settust a\u00f0 \u00ed Mi\u00f0hli\u00f0inu, \u00feeir Nergalsareser, h\u00f6f\u00f0ingi \u00ed S\u00edmmagir, Neb\u00fasarsek\u00edm hir\u00f0stj\u00f3ri og margir a\u00f0rir h\u00f6f\u00f0ingjar Babelkonungs.4En er Sedek\u00eda J\u00fadakonungur og allir hermennirnir s\u00e1u \u00feetta, fl\u00fd\u00f0u \u00feeir og f\u00f3ru um n\u00f3ttina \u00fat \u00far borginni, veginn sem liggur \u00fat a\u00f0 konungsgar\u00f0inum, gegnum hli\u00f0i\u00f0 milli beggja m\u00faranna og h\u00e9ldu lei\u00f0ina til J\u00f3rdandalsins.5En her <a href=\"https:\/\/biblian.is\/1981\/jeremia-39-kafli\/\"> [&#8230;]<\/a><\/p>\n","protected":false},"author":1,"featured_media":0,"parent":0,"menu_order":0,"comment_status":"open","ping_status":"open","template":"bibliukaflar.php","meta":{"footnotes":""},"class_list":["post-2131","page","type-page","status-publish","hentry"],"_links":{"self":[{"href":"https:\/\/biblian.is\/1981\/wp-json\/wp\/v2\/pages\/2131","targetHints":{"allow":["GET"]}}],"collection":[{"href":"https:\/\/biblian.is\/1981\/wp-json\/wp\/v2\/pages"}],"about":[{"href":"https:\/\/biblian.is\/1981\/wp-json\/wp\/v2\/types\/page"}],"author":[{"embeddable":true,"href":"https:\/\/biblian.is\/1981\/wp-json\/wp\/v2\/users\/1"}],"replies":[{"embeddable":true,"href":"https:\/\/biblian.is\/1981\/wp-json\/wp\/v2\/comments?post=2131"}],"version-history":[{"count":0,"href":"https:\/\/biblian.is\/1981\/wp-json\/wp\/v2\/pages\/2131\/revisions"}],"wp:attachment":[{"href":"https:\/\/biblian.is\/1981\/wp-json\/wp\/v2\/media?parent=2131"}],"curies":[{"name":"wp","href":"https:\/\/api.w.org\/{rel}","templated":true}]}}