{"id":2127,"date":"2017-11-18T20:20:14","date_gmt":"2017-11-18T20:20:14","guid":{"rendered":"http:\/\/biblian.is\/1981\/jeremia-35-kafli\/"},"modified":"2017-11-18T20:20:14","modified_gmt":"2017-11-18T20:20:14","slug":"jeremia-35-kafli","status":"publish","type":"page","link":"https:\/\/biblian.is\/1981\/jeremia-35-kafli\/","title":{"rendered":"Jerem\u00eda 35. kafli"},"content":{"rendered":"<p><a name=\"1\"><span class=\"versanumer\">1<\/span><\/a>Or\u00f0i\u00f0 sem kom til Jerem\u00eda fr\u00e1 Drottni \u00e1 d\u00f6gum J\u00f3jak\u00edms J\u00f3s\u00edasonar, J\u00fadakonungs:<a name=\"2\"><span class=\"versanumer\">2<\/span><\/a>Gakk til \u00e6ttflokks Rekab\u00edta og tala vi\u00f0 \u00fe\u00e1 og kom me\u00f0 \u00fe\u00e1 \u00ed musteri Drottins, inn \u00ed eitt herbergi\u00f0, og gef \u00feeim v\u00edn a\u00f0 drekka.<a name=\"3\"><span class=\"versanumer\">3<\/span><\/a>\u00de\u00e1 s\u00f3tti \u00e9g Jaasanja Jerem\u00edason, Habasinjasonar, og br\u00e6\u00f0ur hans og alla sonu hans og allan Rekab\u00edta-\u00e6ttflokkinn<a name=\"4\"><span class=\"versanumer\">4<\/span><\/a>og f\u00f3r me\u00f0 \u00fe\u00e1 \u00ed musteri Drottins, inn \u00ed herbergi sona Hanans, Jigdaljasonar, gu\u00f0smannsins, sem er vi\u00f0 hli\u00f0ina \u00e1 herbergi h\u00f6f\u00f0ingjanna, uppi yfir herbergi Maaseja Sall\u00famssonar \u00fer\u00f6skuldsvar\u00f0ar.<a name=\"5\"><span class=\"versanumer\">5<\/span><\/a>Og \u00e9g setti sk\u00e1lar fullar af v\u00edni og bikara fyrir \u00e6ttmenn Rekab\u00edta-flokksins og sag\u00f0i vi\u00f0 \u00fe\u00e1: Drekki\u00f0 v\u00edn!<a name=\"6\"><span class=\"versanumer\">6<\/span><\/a>\u00de\u00e1 s\u00f6g\u00f0u \u00feeir: V\u00e9r drekkum ekki v\u00edn, \u00fev\u00ed a\u00f0 J\u00f3nadab Rekabsson \u00e6ttfa\u00f0ir vor hefir lagt svo fyrir oss: \u00de\u00e9r skulu\u00f0 aldrei drekka v\u00edn a\u00f0 eil\u00edfu, hvorki \u00fe\u00e9r n\u00e9 synir y\u00f0ar,<a name=\"7\"><span class=\"versanumer\">7<\/span><\/a>og \u00fe\u00e9r skulu\u00f0 ekki reisa h\u00fas, n\u00e9 s\u00e1 s\u00e6\u00f0i, n\u00e9 planta v\u00edngar\u00f0a, n\u00e9 eiga nokku\u00f0 sl\u00edkt, heldur skulu\u00f0 \u00fe\u00e9r b\u00faa \u00ed tj\u00f6ldum alla \u00e6vi y\u00f0ar, til \u00feess a\u00f0 \u00fe\u00e9r lifi\u00f0 langa \u00e6vi \u00ed \u00fev\u00ed landi, \u00fear er \u00fe\u00e9r dvelji\u00f0 sem \u00fatlendingar.<a name=\"8\"><span class=\"versanumer\">8<\/span><\/a>Og v\u00e9r h\u00f6fum hl\u00fdtt skipun J\u00f3nadabs Rekabssonar \u00e6ttf\u00f6\u00f0ur vors \u00ed \u00f6llu \u00fev\u00ed, er hann bau\u00f0 oss, svo a\u00f0 v\u00e9r drekkum alls ekki v\u00edn alla \u00e6vi vora, hvorki v\u00e9r sj\u00e1lfir, konur vorar, synir vorir n\u00e9 d\u00e6tur vorar,<a name=\"9\"><span class=\"versanumer\">9<\/span><\/a>og reisum oss ekki h\u00fas til a\u00f0 b\u00faa \u00ed og eigum hvorki v\u00edngar\u00f0a, akra n\u00e9 s\u00e1\u00f0.<a name=\"10\"><span class=\"versanumer\">10<\/span><\/a>V\u00e9r h\u00f6fum \u00fev\u00ed b\u00fai\u00f0 \u00ed tj\u00f6ldum og hl\u00fdtt og fari\u00f0 eftir \u00f6llu \u00fev\u00ed, er J\u00f3nadab \u00e6ttfa\u00f0ir vor bau\u00f0 oss.<a name=\"11\"><span class=\"versanumer\">11<\/span><\/a>En er Neb\u00fakadresar Babelkonungur braust inn \u00ed landi\u00f0, s\u00f6g\u00f0um v\u00e9r: Komi\u00f0, v\u00e9r skulum halda inn \u00ed Jer\u00fasalem undan her Kaldea og undan her S\u00fdrlendinga! og settumst a\u00f0 \u00ed Jer\u00fasalem.<a name=\"12\"><span class=\"versanumer\">12<\/span><\/a>\u00de\u00e1 kom or\u00f0 Drottins til Jerem\u00eda:<a name=\"13\"><span class=\"versanumer\">13<\/span><\/a>Svo segir Drottinn allsherjar, \u00cdsraels Gu\u00f0: Far og seg vi\u00f0 J\u00fadamenn og Jer\u00fasalemb\u00faa: Vilji\u00f0 \u00fe\u00e9r ekki taka umv\u00f6ndun, svo a\u00f0 \u00fe\u00e9r hl\u00fd\u00f0i\u00f0 \u00e1 or\u00f0 m\u00edn? segir Drottinn.<a name=\"14\"><span class=\"versanumer\">14<\/span><\/a>Or\u00f0 J\u00f3nadabs Rekabssonar eru haldin, \u00feau er hann lag\u00f0i fyrir sonu s\u00edna, a\u00f0 drekka ekki v\u00edn. \u00deeir hafa ekki v\u00edn drukki\u00f0 allt fram \u00e1 \u00feennan dag, af \u00fev\u00ed a\u00f0 \u00feeir hafa hl\u00fdtt skipun \u00e6ttf\u00f6\u00f0ur s\u00edns. En \u00e9g hefi tala\u00f0 til y\u00f0ar seint og snemma, en \u00fe\u00e9r hafi\u00f0 ekki hl\u00fdtt m\u00e9r.<a name=\"15\"><span class=\"versanumer\">15<\/span><\/a>Og \u00e9g hefi sent til y\u00f0ar alla \u00fej\u00f3na m\u00edna, sp\u00e1mennina, seint og snemma, til \u00feess a\u00f0 segja: Sn\u00fai\u00f0 y\u00f0ur, hver fr\u00e1 s\u00ednum vonda vegi, og b\u00e6ti\u00f0 gj\u00f6r\u00f0ir y\u00f0ar og elti\u00f0 ekki a\u00f0ra gu\u00f0i til \u00feess a\u00f0 \u00fej\u00f3na \u00feeim, \u00fe\u00e1 skulu\u00f0 \u00fe\u00e9r b\u00faa kyrrir \u00ed landinu, sem \u00e9g gaf y\u00f0ur og fe\u00f0rum y\u00f0ar! en \u00fe\u00e9r l\u00f6g\u00f0u\u00f0 ekki vi\u00f0 eyrun og hl\u00fdddu\u00f0 ekki \u00e1 mig.<a name=\"16\"><span class=\"versanumer\">16<\/span><\/a>J\u00e1, ni\u00f0jar J\u00f3nadabs Rekabssonar hafa haldi\u00f0 skipun \u00e6ttf\u00f6\u00f0ur s\u00edns, \u00fe\u00e1 er hann fyrir \u00fe\u00e1 lag\u00f0i, en \u00feessi l\u00fd\u00f0ur hefir ekki hl\u00fdtt m\u00e9r.<a name=\"17\"><span class=\"versanumer\">17<\/span><\/a>Fyrir \u00fev\u00ed segir Drottinn, Gu\u00f0 allsherjar, \u00cdsraels Gu\u00f0, svo: Sj\u00e1, n\u00fa lei\u00f0i \u00e9g yfir J\u00fada og alla Jer\u00fasalemb\u00faa alla \u00f3g\u00e6funa, er \u00e9g hefi h\u00f3ta\u00f0 \u00feeim, af \u00fev\u00ed a\u00f0 \u00feeir hafa ekki hl\u00fdtt, \u00fe\u00f3tt \u00e9g hafi tala\u00f0 til \u00feeirra, n\u00e9 svara\u00f0, \u00fe\u00f3tt \u00e9g hafi kalla\u00f0 til \u00feeirra.<a name=\"18\"><span class=\"versanumer\">18<\/span><\/a>En vi\u00f0 \u00e6ttflokk Rekab\u00edta sag\u00f0i Jerem\u00eda: Svo segir Drottinn allsherjar, \u00cdsraels Gu\u00f0: Af \u00fev\u00ed a\u00f0 \u00fe\u00e9r hafi\u00f0 hl\u00fdtt skipun J\u00f3nadabs \u00e6ttf\u00f6\u00f0ur y\u00f0ar og haldi\u00f0 allar skipanir hans og fari\u00f0 \u00ed \u00f6llu eftir \u00fev\u00ed, er hann fyrir y\u00f0ur lag\u00f0i,<a name=\"19\"><span class=\"versanumer\">19<\/span><\/a>fyrir \u00fev\u00ed segir Drottinn allsherjar, \u00cdsraels Gu\u00f0, svo: J\u00f3nadab Rekabsson skal aldrei vanta mann, er standi frammi fyrir m\u00e9r.<\/p>\n<div class=\"footnote1981\"><b>35.1<\/b> J\u00f3jak\u00edm Jer 1.3+<br \/>\n<b>35.2<\/b> Rekab\u00edtar 2Kon 10.15-16<br \/>\n<b>34.4<\/b> Gu\u00f0sma\u00f0ur 1Kon 12.22; 13.1; 17.18,24; 20.28; 2Kon 1.9<br \/>\n<b>35.9<\/b> Allslausir 1Kro 29.15; Heb 11.13; 1P\u00e9t 2.11<br \/>\n<b>35.11<\/b> Neb\u00fakadresar Jer 21.2+<br \/>\n<b>35.13<\/b> L\u00e1ta y\u00f0ur segjast Jer 6.8+<br \/>\n<b>35.15<\/b> Hva\u00f0 eftir anna\u00f0 Jer 44.4 \u2013 sn\u00fai\u00f0 y\u00f0ur Jer 18.11+ ; Post 3.19; R\u00f3m 2.4 \u2013 elta a\u00f0ra gu\u00f0i Jer 7.9+ &#8211; hl\u00fdddu\u00f0 ekki Jer 7.26+<br \/>\n<b>35.17<\/b> Hr\u00f3pa\u00f0i \u00e1rangurslaust Jer 7.13+<br \/>\n<b>35.19<\/b> Fyrir augliti Drottins Jer 7.10+<\/div>\n","protected":false},"excerpt":{"rendered":"<p>1Or\u00f0i\u00f0 sem kom til Jerem\u00eda fr\u00e1 Drottni \u00e1 d\u00f6gum J\u00f3jak\u00edms J\u00f3s\u00edasonar, J\u00fadakonungs:2Gakk til \u00e6ttflokks Rekab\u00edta og tala vi\u00f0 \u00fe\u00e1 og kom me\u00f0 \u00fe\u00e1 \u00ed musteri Drottins, inn \u00ed eitt herbergi\u00f0, og gef \u00feeim v\u00edn a\u00f0 drekka.3\u00de\u00e1 s\u00f3tti \u00e9g Jaasanja Jerem\u00edason, Habasinjasonar, og br\u00e6\u00f0ur hans og alla sonu hans og allan Rekab\u00edta-\u00e6ttflokkinn4og f\u00f3r me\u00f0 \u00fe\u00e1 \u00ed musteri Drottins, inn \u00ed herbergi sona Hanans, Jigdaljasonar, gu\u00f0smannsins, sem er vi\u00f0 hli\u00f0ina \u00e1 herbergi h\u00f6f\u00f0ingjanna, uppi yfir herbergi Maaseja Sall\u00famssonar \u00fer\u00f6skuldsvar\u00f0ar.5Og \u00e9g setti sk\u00e1lar fullar af v\u00edni og bikara fyrir \u00e6ttmenn Rekab\u00edta-flokksins og sag\u00f0i vi\u00f0 \u00fe\u00e1: Drekki\u00f0 v\u00edn!6\u00de\u00e1 s\u00f6g\u00f0u \u00feeir: V\u00e9r drekkum ekki v\u00edn, <a href=\"https:\/\/biblian.is\/1981\/jeremia-35-kafli\/\"> [&#8230;]<\/a><\/p>\n","protected":false},"author":1,"featured_media":0,"parent":0,"menu_order":0,"comment_status":"open","ping_status":"open","template":"bibliukaflar.php","meta":{"footnotes":""},"class_list":["post-2127","page","type-page","status-publish","hentry"],"_links":{"self":[{"href":"https:\/\/biblian.is\/1981\/wp-json\/wp\/v2\/pages\/2127","targetHints":{"allow":["GET"]}}],"collection":[{"href":"https:\/\/biblian.is\/1981\/wp-json\/wp\/v2\/pages"}],"about":[{"href":"https:\/\/biblian.is\/1981\/wp-json\/wp\/v2\/types\/page"}],"author":[{"embeddable":true,"href":"https:\/\/biblian.is\/1981\/wp-json\/wp\/v2\/users\/1"}],"replies":[{"embeddable":true,"href":"https:\/\/biblian.is\/1981\/wp-json\/wp\/v2\/comments?post=2127"}],"version-history":[{"count":0,"href":"https:\/\/biblian.is\/1981\/wp-json\/wp\/v2\/pages\/2127\/revisions"}],"wp:attachment":[{"href":"https:\/\/biblian.is\/1981\/wp-json\/wp\/v2\/media?parent=2127"}],"curies":[{"name":"wp","href":"https:\/\/api.w.org\/{rel}","templated":true}]}}