{"id":2124,"date":"2017-11-18T20:20:14","date_gmt":"2017-11-18T20:20:14","guid":{"rendered":"http:\/\/biblian.is\/1981\/jeremia-32-kafli\/"},"modified":"2017-11-18T20:20:14","modified_gmt":"2017-11-18T20:20:14","slug":"jeremia-32-kafli","status":"publish","type":"page","link":"https:\/\/biblian.is\/1981\/jeremia-32-kafli\/","title":{"rendered":"Jerem\u00eda 32. kafli"},"content":{"rendered":"<p><a name=\"1\"><span class=\"versanumer\">1<\/span><\/a>Or\u00f0i\u00f0 sem kom til Jerem\u00eda fr\u00e1 Drottni \u00e1 t\u00edunda r\u00edkis\u00e1ri Sedek\u00eda konungs \u00ed J\u00fada, \u00fea\u00f0 var \u00e1tj\u00e1nda r\u00edkis\u00e1r Neb\u00fakadresars.<a name=\"2\"><span class=\"versanumer\">2<\/span><\/a>\u00de\u00e1 sat her Babelkonungs um Jer\u00fasalem, en Jerem\u00eda sp\u00e1ma\u00f0ur var \u00ed var\u00f0haldi \u00ed var\u00f0gar\u00f0inum, sem heyrir til hallar J\u00fadakonungs.<a name=\"3\"><span class=\"versanumer\">3<\/span><\/a>En Sedek\u00eda J\u00fadakonungur haf\u00f0i l\u00e1ti\u00f0 setja hann inn me\u00f0 \u00feeim umm\u00e6lum: Hv\u00ed sp\u00e1ir \u00fe\u00fa og segir: Svo segir Drottinn: Sj\u00e1, \u00e9g sel \u00feessa borg \u00ed hendur Babelkonungi, a\u00f0 hann vinni hana,<a name=\"4\"><span class=\"versanumer\">4<\/span><\/a>og Sedek\u00eda J\u00fadakonungur mun ekki komast undan valdi Kaldea, heldur mun hann \u00e1rei\u00f0anlega ver\u00f0a seldur \u00e1 vald Babelkonungi, og hann mun tala vi\u00f0 hann munni til munns og sj\u00e1 hann augliti til auglitis,<a name=\"5\"><span class=\"versanumer\">5<\/span><\/a>og til Bab\u00fdlon mun hann flytja Sedek\u00eda, og \u00fear mun hann ver\u00f0a, uns \u00e9g vitja hans segir Drottinn. \u00deegar \u00fe\u00e9r berjist vi\u00f0 Kaldea, munu\u00f0 \u00fe\u00e9r enga sigurf\u00f6r fara?<a name=\"6\"><span class=\"versanumer\">6<\/span><\/a>Jerem\u00eda svara\u00f0i: Or\u00f0 Drottins kom til m\u00edn, svohlj\u00f3\u00f0andi:<a name=\"7\"><span class=\"versanumer\">7<\/span><\/a>Sj\u00e1, Hanameel, sonur Sall\u00fams f\u00f6\u00f0urbr\u00f3\u00f0ur \u00fe\u00edns, mun til \u00fe\u00edn koma og segja: Kaup \u00fe\u00fa akur minn \u00ed Anat\u00f3t, \u00fev\u00ed a\u00f0 \u00fe\u00fa \u00e1tt innlausnarr\u00e9ttinn a\u00f0 kaupa hann.<a name=\"8\"><span class=\"versanumer\">8<\/span><\/a>Og Hanameel fr\u00e6ndi minn kom til m\u00edn \u00ed var\u00f0gar\u00f0inn, eins og Drottinn haf\u00f0i fyrir sagt, og sag\u00f0i vi\u00f0 mig: Kaup \u00fe\u00fa akur minn \u00ed Anat\u00f3t, sem er \u00ed Benjam\u00ednslandi, \u00fev\u00ed a\u00f0 \u00fe\u00fa \u00e1tt erf\u00f0a- og innlausnarr\u00e9ttinn kaup \u00fe\u00fa hann! \u00de\u00e1 s\u00e1 \u00e9g, a\u00f0 \u00fea\u00f0 var or\u00f0 fr\u00e1 Drottni,<a name=\"9\"><span class=\"versanumer\">9<\/span><\/a>keypti akurinn \u00ed Anat\u00f3t af Hanameel fr\u00e6nda m\u00ednum og v\u00f3 honum \u00fat andvir\u00f0i\u00f0, seytj\u00e1n sikla silfurs.<a name=\"10\"><span class=\"versanumer\">10<\/span><\/a>Og \u00e9g skrifa\u00f0i \u00fea\u00f0 \u00e1 br\u00e9f og innsigla\u00f0i \u00fea\u00f0 og t\u00f3k votta a\u00f0 og v\u00f3 silfri\u00f0 \u00e1 vog.<a name=\"11\"><span class=\"versanumer\">11<\/span><\/a>S\u00ed\u00f0an t\u00f3k \u00e9g kaupbr\u00e9fi\u00f0, hi\u00f0 innsigla\u00f0a \u00e1kv\u00e6\u00f0in og skilm\u00e1lana og opna br\u00e9fi\u00f0,<a name=\"12\"><span class=\"versanumer\">12<\/span><\/a>og f\u00e9kk kaupbr\u00e9fi\u00f0 Bar\u00fak Ner\u00edasyni, Mahasejasonar, \u00ed vi\u00f0urvist Hanameels fr\u00e6nda m\u00edns og \u00ed vi\u00f0urvist vottanna, er skrifa\u00f0 h\u00f6f\u00f0u undir kaupbr\u00e9fi\u00f0, \u00ed vi\u00f0urvist allra \u00feeirra J\u00fadamanna, er s\u00e1tu \u00ed var\u00f0gar\u00f0inum,<a name=\"13\"><span class=\"versanumer\">13<\/span><\/a>og lag\u00f0i svo fyrir Bar\u00fak \u00ed vi\u00f0urvist \u00feeirra:<a name=\"14\"><span class=\"versanumer\">14<\/span><\/a>Svo segir Drottinn allsherjar, \u00cdsraels Gu\u00f0: Tak \u00feessi br\u00e9f, \u00feetta innsigla\u00f0a kaupbr\u00e9f og \u00feetta opna kaupbr\u00e9f, og legg \u00feau \u00ed leirker, til \u00feess a\u00f0 \u00feau var\u00f0veitist lengi.<a name=\"15\"><span class=\"versanumer\">15<\/span><\/a>\u00dev\u00ed a\u00f0 svo segir Drottinn allsherjar, \u00cdsraels Gu\u00f0: Enn skulu h\u00fas keypt ver\u00f0a og akrar og v\u00edngar\u00f0ar \u00ed \u00feessu landi.<a name=\"16\"><span class=\"versanumer\">16<\/span><\/a>Og er \u00e9g haf\u00f0i fengi\u00f0 Bar\u00fak Ner\u00edasyni kaupbr\u00e9fi\u00f0, ba\u00f0 \u00e9g til Drottins \u00e1 \u00feessa lei\u00f0:<a name=\"17\"><span class=\"versanumer\">17<\/span><\/a>\u00c6, herra Drottinn, sj\u00e1, \u00fe\u00fa hefir me\u00f0 \u00fe\u00ednum mikla m\u00e6tti og \u00fatr\u00e9tta armlegg gj\u00f6rt himin og j\u00f6r\u00f0. \u00de\u00e9r er enginn hlutur um megn!<a name=\"18\"><span class=\"versanumer\">18<\/span><\/a>\u00de\u00fa sem au\u00f0s\u00fdnir miskunn \u00fe\u00fasundum og geldur misgj\u00f6r\u00f0 fe\u00f0ranna \u00ed skaut sonum \u00feeirra eftir \u00fe\u00e1, \u00fe\u00fa mikli, voldugi Gu\u00f0, er nefnist Drottinn allsherjar,<a name=\"19\"><span class=\"versanumer\">19<\/span><\/a>mikill \u00ed r\u00e1\u00f0um og m\u00e1ttugur \u00ed ath\u00f6fnum, \u00fe\u00fa hvers augu standa opin yfir \u00f6llum vegum mannanna barna til \u00feess a\u00f0 gjalda s\u00e9rhverjum eftir breytni hans og eftir \u00e1vexti verka hans,<a name=\"20\"><span class=\"versanumer\">20<\/span><\/a>\u00fe\u00fa sem hefir gj\u00f6rt t\u00e1kn og undur \u00e1 Egyptalandi og allt fram \u00e1 \u00feennan dag, b\u00e6\u00f0i \u00e1 \u00cdsrael og \u00e1 \u00f6\u00f0rum m\u00f6nnum, og afreka\u00f0 \u00fe\u00e9r miki\u00f0 nafn fram \u00e1 \u00feennan dag.<a name=\"21\"><span class=\"versanumer\">21<\/span><\/a>\u00de\u00fa fluttir \u00fej\u00f3\u00f0 \u00fe\u00edna \u00cdsrael af Egyptalandi me\u00f0 t\u00e1knum og undrum og me\u00f0 sterkri hendi og \u00fatr\u00e9ttum armlegg og mikilli skelfingu<a name=\"22\"><span class=\"versanumer\">22<\/span><\/a>og gafst \u00feeim \u00feetta land, er \u00fe\u00fa s\u00f3rst fe\u00f0rum \u00feeirra a\u00f0 gefa \u00feeim, land, sem fl\u00fdtur \u00ed mj\u00f3lk og hunangi.<a name=\"23\"><span class=\"versanumer\">23<\/span><\/a>En er \u00feeir voru komnir inn \u00ed \u00fea\u00f0 og h\u00f6f\u00f0u teki\u00f0 \u00fea\u00f0 til eignar, \u00fe\u00e1 hl\u00fdddu \u00feeir ekki \u00feinni raustu, breyttu ekki eftir l\u00f6gm\u00e1li \u00fe\u00ednu og gj\u00f6r\u00f0u ekki neitt af \u00fev\u00ed, er \u00fe\u00fa haf\u00f0ir bo\u00f0i\u00f0 \u00feeim a\u00f0 gj\u00f6ra. \u00de\u00e1 l\u00e9st \u00fe\u00fa alla \u00feessa \u00f3g\u00e6fu \u00feeim a\u00f0 h\u00f6ndum bera.<a name=\"24\"><span class=\"versanumer\">24<\/span><\/a>Sj\u00e1, s\u00f3knarvirkin eru \u00feegar komin a\u00f0 borginni til a\u00f0 vinna hana, og borgin er fyrir sakir sver\u00f0s, hungurs og dreps\u00f3ttar seld \u00e1 vald Kaldea, sem \u00e1 hana herja, og \u00fea\u00f0, sem \u00fe\u00fa h\u00f3ta\u00f0ir, er fram komi\u00f0, og sj\u00e1, \u00fe\u00fa horfir \u00e1 \u00fea\u00f0.<a name=\"25\"><span class=\"versanumer\">25<\/span><\/a>Og \u00fe\u00f3 sag\u00f0ir \u00fe\u00fa vi\u00f0 mig, herra Drottinn: Kaup \u00fe\u00e9r akurinn fyrir silfur og tak votta a\u00f0! \u00fe\u00f3tt borgin s\u00e9 seld \u00e1 vald Kaldea.<a name=\"26\"><span class=\"versanumer\">26<\/span><\/a>\u00de\u00e1 kom or\u00f0 Drottins til Jerem\u00eda:<a name=\"27\"><span class=\"versanumer\">27<\/span><\/a>Sj\u00e1, \u00e9g er Drottinn, Gu\u00f0 alls holds. Er m\u00e9r nokkur hlutur um megn?<a name=\"28\"><span class=\"versanumer\">28<\/span><\/a>Fyrir \u00fev\u00ed segir Drottinn svo: Sj\u00e1, \u00e9g sel \u00feessa borg \u00e1 vald Kaldea og \u00e1 vald Neb\u00fakadresars Babelkonungs, a\u00f0 hann vinni hana,<a name=\"29\"><span class=\"versanumer\">29<\/span><\/a>og Kaldear, sem herja \u00e1 \u00feessa borg, munu brj\u00f3tast inn \u00ed hana, og leggja eld \u00ed \u00feessa borg og brenna hana og h\u00fasin, \u00fear sem \u00feeir \u00e1 \u00fe\u00f6kunum f\u00e6r\u00f0u Baal reykelsisf\u00f3rnir og f\u00e6r\u00f0u \u00f6\u00f0rum gu\u00f0um dreypif\u00f3rnir til \u00feess a\u00f0 egna mig til rei\u00f0i.<a name=\"30\"><span class=\"versanumer\">30<\/span><\/a>\u00dev\u00ed a\u00f0 \u00cdsraelsmenn og J\u00fadamenn hafa fr\u00e1 \u00e6sku sinni veri\u00f0 vanir a\u00f0 gj\u00f6ra \u00fea\u00f0 eitt, sem m\u00e9r misl\u00edka\u00f0i, \u00fev\u00ed a\u00f0 \u00cdsraelsmenn hafa a\u00f0eins egnt mig til rei\u00f0i me\u00f0 handaverkum s\u00ednum segir Drottinn.<a name=\"31\"><span class=\"versanumer\">31<\/span><\/a>J\u00e1, \u00feessi borg hefir veri\u00f0 m\u00e9r tilefni til rei\u00f0i og gremi fr\u00e1 \u00feeim degi, er h\u00fan var reist, allt fram \u00e1 \u00feennan dag, svo a\u00f0 \u00e9g ver\u00f0 a\u00f0 taka hana burt fr\u00e1 augliti m\u00ednu,<a name=\"32\"><span class=\"versanumer\">32<\/span><\/a>s\u00f6kum allrar illsku \u00cdsraelsmanna og J\u00fadamanna, er \u00feeir hafa \u00ed frammi haft til \u00feess a\u00f0 egna mig til rei\u00f0i, konungar \u00feeirra, h\u00f6f\u00f0ingjar \u00feeirra, prestar \u00feeirra og sp\u00e1menn \u00feeirra, J\u00fadamenn og Jer\u00fasalemb\u00faar.<a name=\"33\"><span class=\"versanumer\">33<\/span><\/a>\u00deeir sneru vi\u00f0 m\u00e9r bakinu, en ekki andlitinu, og \u00fe\u00f3tt \u00e9g fr\u00e6ddi \u00fe\u00e1 seint og snemma, \u00fe\u00e1 hl\u00fdddu \u00feeir ekki, svo a\u00f0 \u00feeir t\u00e6kju umv\u00f6ndun.<a name=\"34\"><span class=\"versanumer\">34<\/span><\/a>Heldur reistu \u00feeir vi\u00f0urstygg\u00f0ir s\u00ednar upp \u00ed h\u00fasi \u00fev\u00ed, sem kennt er vi\u00f0 nafn mitt, til \u00feess a\u00f0 saurga \u00fea\u00f0.<a name=\"35\"><span class=\"versanumer\">35<\/span><\/a>\u00deeir bygg\u00f0u Baal f\u00f3rnarh\u00e6\u00f0ir \u00ed Hinnomssonar-dal, til \u00feess a\u00f0 l\u00e1ta sonu s\u00edna og d\u00e6tur ganga gegnum eldinn M\u00f3lok til handa, sem \u00e9g hefi ekki bo\u00f0i\u00f0 \u00feeim og m\u00e9r hefir ekki \u00ed hug komi\u00f0, a\u00f0 \u00feeir mundu fremja sl\u00edka sv\u00edvir\u00f0ing, til \u00feess a\u00f0 t\u00e6la J\u00fada til syndar.<a name=\"36\"><span class=\"versanumer\">36<\/span><\/a>Og n\u00fa fyrir \u00fev\u00ed segir Drottinn, \u00cdsraels Gu\u00f0, svo um \u00feessa borg, er \u00fe\u00e9r segi\u00f0 a\u00f0 seld s\u00e9 \u00e1 vald Babelkonungs me\u00f0 sver\u00f0i, hungri og dreps\u00f3tt:<a name=\"37\"><span class=\"versanumer\">37<\/span><\/a>Sj\u00e1, \u00e9g safna \u00feeim saman \u00far \u00f6llum \u00feeim l\u00f6ndum, \u00feanga\u00f0 sem \u00e9g hefi reki\u00f0 \u00fe\u00e1 \u00ed rei\u00f0i minni og heift og \u00ed mikilli gremi, og l\u00e6t \u00fe\u00e1 sn\u00faa aftur hinga\u00f0 og b\u00faa h\u00e9r \u00f3hulta.<a name=\"38\"><span class=\"versanumer\">38<\/span><\/a>\u00de\u00e1 skulu \u00feeir vera m\u00edn \u00fej\u00f3\u00f0 og \u00e9g skal vera \u00feeirra Gu\u00f0,<a name=\"39\"><span class=\"versanumer\">39<\/span><\/a>og \u00e9g vil gefa \u00feeim eitt hjarta og eina breytni, svo a\u00f0 \u00feeir \u00f3ttist mig alla daga, \u00feeim sj\u00e1lfum til heilla og sonum \u00feeirra eftir \u00fe\u00e1.<a name=\"40\"><span class=\"versanumer\">40<\/span><\/a>Og \u00e9g vil gj\u00f6ra vi\u00f0 \u00fe\u00e1 eil\u00edfan s\u00e1ttm\u00e1la, a\u00f0 \u00e9g muni aldrei sn\u00faa fr\u00e1 \u00feeim me\u00f0 velgj\u00f6r\u00f0ir m\u00ednar, og \u00e9g vil leggja \u00f3tta fyrir m\u00e9r \u00ed hj\u00f6rtu \u00feeirra, til \u00feess a\u00f0 \u00feeir v\u00edki ekki fr\u00e1 m\u00e9r.<a name=\"41\"><span class=\"versanumer\">41<\/span><\/a>Og \u00fea\u00f0 skal ver\u00f0a unun m\u00edn a\u00f0 gj\u00f6ra vel vi\u00f0 \u00fe\u00e1, og \u00e9g mun gr\u00f3\u00f0ursetja \u00fe\u00e1 \u00ed \u00feessu landi \u00ed tr\u00fafesti, af \u00f6llu hjarta og af allri s\u00e1lu.<a name=\"42\"><span class=\"versanumer\">42<\/span><\/a>\u00dev\u00ed a\u00f0 svo segir Drottinn: Eins og \u00e9g hefi leitt yfir \u00feessa \u00fej\u00f3\u00f0 alla \u00feessa miklu \u00f3hamingju, svo lei\u00f0i \u00e9g og yfir \u00fe\u00e1 alla \u00fe\u00e1 hamingju, sem \u00e9g heiti \u00feeim.<a name=\"43\"><span class=\"versanumer\">43<\/span><\/a>Og akrar munu aftur keyptir ver\u00f0a \u00ed \u00feessu landi, sem \u00fe\u00e9r segi\u00f0 um: \u00dea\u00f0 er au\u00f0n, mannlaust og skepnulaust! \u00dea\u00f0 er selt \u00e1 vald Kaldea!<a name=\"44\"><span class=\"versanumer\">44<\/span><\/a>Akra munu menn kaupa fyrir silfur og skrifa kaupbr\u00e9f og innsigla og taka votta a\u00f0, b\u00e6\u00f0i \u00ed Benjam\u00ednslandi og \u00ed umhverfi Jer\u00fasalem og \u00ed borgum J\u00fada og \u00ed fjallborgunum og \u00ed borgunum \u00e1 sl\u00e9ttlendinu og \u00ed borgunum \u00ed Su\u00f0urlandinu, \u00fev\u00ed a\u00f0 \u00e9g mun lei\u00f0a heim aftur hina herleiddu menn \u00feeirra segir Drottinn.<\/p>\n<div class=\"footnote1981\"><b>32.1<\/b> Sedek\u00eda Jer 1.3+ &#8211; atj\u00e1nda stj\u00f3rnar\u00e1r Jer 52.29<br \/>\n<b>32.2<\/b> \u00cd gar\u00f0i var\u00f0li\u00f0sins Jer 32.8,12; 33.1; 37.21; 38.6,13,28; 39.14-15<br \/>\n<b>32.4<\/b> Augliti til auglitis Jer 34.3<br \/>\n<b>32.5<\/b> Bab\u00fdlon 2Kon 25.7 \u2013 \u00fear til \u00e9g vitja Jer 27.22+ ; sbr 23.2 \u2013 ekki erindi sem erfi\u00f0i Jer 37.9-10<br \/>\n<b>32.9<\/b> T\u00e1knr\u00e6nar athafnir Jer 13.1+<br \/>\n<b>32.12<\/b> Bar\u00fak Jer 36.4-32; 43.3; 45.1<br \/>\n<b>32.17<\/b> Skapari himins og jar\u00f0ar Jer 51.15-19; Slm 121.2+ &#8211; me\u00f0 miklum m\u00e6tti Jer 21.5+ &#8211; ekkert um megn Jer 32.27; 1M\u00f3s 18.14; Sak 8.6; Matt 19.26<br \/>\n<b>32.18<\/b> Au\u00f0s\u00fdna \u00fe\u00fasundum trygg\u00f0 2M\u00f3s 20.6; 5M\u00f3s 5.10 \u2013 sterki Gu\u00f0 Jer 20.11+ &#8211; nafn hans Jer 31.35+<br \/>\n<b>32.19<\/b> Gu\u00f0 vakir Jer 11.20+ ; 16.17; Okv 5.21 \u2013 eftir verkum Jer 17.10+<br \/>\n<b>32.20<\/b> T\u00e1kn og st\u00f3rmerki Slm 78.43+ ; Post 7.36<br \/>\n<b>32.22<\/b> Mj\u00f3lk og hunang Jer 11.5+<br \/>\n<b>32.23<\/b> R\u00f3t \u00f3g\u00e6funnar Neh 9.30<br \/>\n<b>32.27<\/b> Gu\u00f0 allra 4M\u00f3s 16.22 \u2013 nokku\u00f0 um megn? Jer 32.17+<br \/>\n<b>32.29<\/b> F\u00e6ra \u00f6\u00f0rum gu\u00f0um f\u00f3rnir Jer 19.13<br \/>\n<b>32.30<\/b> Fr\u00e1 \u00e6sku Jer 3.25 \u2013 illt \u00ed augm Drottins Jer 25.6<br \/>\n<b>32.31<\/b> Vaki\u00f0 rei\u00f0i Jer 7.20 \u2013 fr\u00e1 upphafi Jer 2.20; Esk 16.3-5,45; 23.3 \u2013 fr\u00e1 augliti m\u00ednu 2Kon 17.18,23; 23.27<br \/>\n<b>32.32<\/b> Vekja rei\u00f0i Jer 44.3<br \/>\n<b>32.33<\/b> Sn\u00faa vi\u00f0 bakinu Jer 2.27; 15.6 \u2013 hl\u00fd\u00f0a ekki Jer 5.3+<br \/>\n<b>32.34-35<\/b> Koma fyrir &#8230; Jer 7.30-31<br \/>\n<b>32.34<\/b> Vi\u00f0urstyggilegu Jer 4.1+ &#8211; \u00ed h\u00fasinu Jer 7.10+<br \/>\n<b>32.35<\/b> Hinnomsonardalur Jer 2.23+ &#8211; fyrir M\u00f3lok 3M\u00f3s 18.21; 20.2; 1Kon 11.7; 2Kon 23.10; sbr Post 7.43<br \/>\n<b>32.37<\/b> Safna saman Jer 23.3+ &#8211; \u00f3hultir Jer 23.6<br \/>\n<b>32.38<\/b> M\u00edn \u00fej\u00f3\u00f0 Jer 7.23+<br \/>\n<b>32.39<\/b> Eitt hjarta, ein breytni sbr Jer 24.7<br \/>\n<b>32.40<\/b> \u00c6varandi s\u00e1ttm\u00e1li Jes 24.5+ ; Jer 50.5 \u2013 Gu\u00f0 reynist vel Jer 29.11,32; Slm 23.6 \u2013 \u00f3tti Jer 5.22,24; Post 10.2; sbr Jer 2.19<br \/>\n<b>32.41<\/b> Drottinn gle\u00f0st Sef 3.17; sbr L\u00fak 15.7 \u2013 gr\u00f3\u00f0ursetja Jer 1.10+ ; Am 9.15; sbr Jer 2.21<br \/>\n<b>32.42<\/b> Eins og &#8230; Jer 31.28<br \/>\n<b>32.43<\/b> Segi\u00f0 um Jer 32.36; 33.10<br \/>\n<b>32.44<\/b> Sn\u00faa vi\u00f0 Jer 29.14+<\/div>\n","protected":false},"excerpt":{"rendered":"<p>1Or\u00f0i\u00f0 sem kom til Jerem\u00eda fr\u00e1 Drottni \u00e1 t\u00edunda r\u00edkis\u00e1ri Sedek\u00eda konungs \u00ed J\u00fada, \u00fea\u00f0 var \u00e1tj\u00e1nda r\u00edkis\u00e1r Neb\u00fakadresars.2\u00de\u00e1 sat her Babelkonungs um Jer\u00fasalem, en Jerem\u00eda sp\u00e1ma\u00f0ur var \u00ed var\u00f0haldi \u00ed var\u00f0gar\u00f0inum, sem heyrir til hallar J\u00fadakonungs.3En Sedek\u00eda J\u00fadakonungur haf\u00f0i l\u00e1ti\u00f0 setja hann inn me\u00f0 \u00feeim umm\u00e6lum: Hv\u00ed sp\u00e1ir \u00fe\u00fa og segir: Svo segir Drottinn: Sj\u00e1, \u00e9g sel \u00feessa borg \u00ed hendur Babelkonungi, a\u00f0 hann vinni hana,4og Sedek\u00eda J\u00fadakonungur mun ekki komast undan valdi Kaldea, heldur mun hann \u00e1rei\u00f0anlega ver\u00f0a seldur \u00e1 vald Babelkonungi, og hann mun tala vi\u00f0 hann munni til munns og sj\u00e1 hann augliti til auglitis,5og til <a href=\"https:\/\/biblian.is\/1981\/jeremia-32-kafli\/\"> [&#8230;]<\/a><\/p>\n","protected":false},"author":1,"featured_media":0,"parent":0,"menu_order":0,"comment_status":"open","ping_status":"open","template":"bibliukaflar.php","meta":{"footnotes":""},"class_list":["post-2124","page","type-page","status-publish","hentry"],"_links":{"self":[{"href":"https:\/\/biblian.is\/1981\/wp-json\/wp\/v2\/pages\/2124","targetHints":{"allow":["GET"]}}],"collection":[{"href":"https:\/\/biblian.is\/1981\/wp-json\/wp\/v2\/pages"}],"about":[{"href":"https:\/\/biblian.is\/1981\/wp-json\/wp\/v2\/types\/page"}],"author":[{"embeddable":true,"href":"https:\/\/biblian.is\/1981\/wp-json\/wp\/v2\/users\/1"}],"replies":[{"embeddable":true,"href":"https:\/\/biblian.is\/1981\/wp-json\/wp\/v2\/comments?post=2124"}],"version-history":[{"count":0,"href":"https:\/\/biblian.is\/1981\/wp-json\/wp\/v2\/pages\/2124\/revisions"}],"wp:attachment":[{"href":"https:\/\/biblian.is\/1981\/wp-json\/wp\/v2\/media?parent=2124"}],"curies":[{"name":"wp","href":"https:\/\/api.w.org\/{rel}","templated":true}]}}