{"id":2122,"date":"2017-11-18T20:20:14","date_gmt":"2017-11-18T20:20:14","guid":{"rendered":"http:\/\/biblian.is\/1981\/jeremia-30-kafli\/"},"modified":"2017-11-18T20:20:14","modified_gmt":"2017-11-18T20:20:14","slug":"jeremia-30-kafli","status":"publish","type":"page","link":"https:\/\/biblian.is\/1981\/jeremia-30-kafli\/","title":{"rendered":"Jerem\u00eda 30. kafli"},"content":{"rendered":"<p><a name=\"1\"><span class=\"versanumer\">1<\/span><\/a>Or\u00f0i\u00f0 sem kom til Jerem\u00eda fr\u00e1 Drottni:<a name=\"2\"><span class=\"versanumer\">2<\/span><\/a>Svo segir Drottinn, \u00cdsraels Gu\u00f0: Skrifa \u00fe\u00fa \u00f6ll \u00feau or\u00f0, er \u00e9g hefi til \u00fe\u00edn tala\u00f0, \u00ed b\u00f3k.<a name=\"3\"><span class=\"versanumer\">3<\/span><\/a>\u00dev\u00ed sj\u00e1, \u00feeir dagar munu koma segir Drottinn a\u00f0 \u00e9g mun sn\u00faa vi\u00f0 hag l\u00fd\u00f0s m\u00edns, \u00cdsraels og J\u00fada segir Drottinn og l\u00e1ta \u00fe\u00e1 hverfa aftur til \u00feess lands, sem \u00e9g gaf fe\u00f0rum \u00feeirra, og \u00feeir skulu taka \u00fea\u00f0 til eignar.<a name=\"4\"><span class=\"versanumer\">4<\/span><\/a>\u00deessi eru or\u00f0in, sem Drottinn tala\u00f0i um \u00cdsrael og J\u00fada.<a name=\"5\"><span class=\"versanumer\">5<\/span><\/a>Svo segir Drottinn: Hr\u00e6\u00f0slu\u00f3p heyrum v\u00e9r, \u00f3tti er \u00e1 fer\u00f0um, en engin heill!<a name=\"6\"><span class=\"versanumer\">6<\/span><\/a>Spyrji\u00f0 um og g\u00e6ti\u00f0 a\u00f0, hvort karlma\u00f0ur ali barn! Hvers vegna s\u00e9 \u00e9g \u00fe\u00e1 alla menn me\u00f0 hendur \u00e1 lendum, l\u00edkt og j\u00f3\u00f0sj\u00fak kona v\u00e6ri, og hvers vegna eru \u00f6ll andlit or\u00f0in n\u00e1bleik?<a name=\"7\"><span class=\"versanumer\">7<\/span><\/a>Vei, mikill er s\u00e1 dagur, hann \u00e1 ekki sinn l\u00edka og angistart\u00edmi er \u00fea\u00f0 fyrir Jakob, en hann mun frelsast fr\u00e1 \u00fev\u00ed.<a name=\"8\"><span class=\"versanumer\">8<\/span><\/a>\u00c1 \u00feeim degi segir Drottinn allsherjar mun \u00e9g sundur brj\u00f3ta oki\u00f0 af h\u00e1lsi hans og sl\u00edta af honum b\u00f6ndin, og \u00fatlendir menn skulu ekki lengur halda honum \u00ed \u00fer\u00e6ld\u00f3mi.<a name=\"9\"><span class=\"versanumer\">9<\/span><\/a>\u00deeir skulu \u00fej\u00f3na Drottni, Gu\u00f0i s\u00ednum, og Dav\u00ed\u00f0, konungi s\u00ednum, er \u00e9g mun uppvekja \u00feeim.<a name=\"10\"><span class=\"versanumer\">10<\/span><\/a>\u00d3ttast \u00fe\u00fa ekki, \u00fej\u00f3nn minn Jakob segir Drottinn og hr\u00e6\u00f0st \u00fe\u00fa ekki, \u00cdsrael, \u00fev\u00ed a\u00f0 \u00e9g frelsa \u00feig \u00far fjarl\u00e6gu landi og leysi ni\u00f0ja \u00fe\u00edna \u00far landinu, \u00fear sem \u00feeir eru herleiddir, til \u00feess a\u00f0 Jakob hverfi heim aftur og nj\u00f3ti hv\u00edldar og b\u00fai \u00f3hultur, \u00e1n \u00feess nokkur hr\u00e6\u00f0i hann.<a name=\"11\"><span class=\"versanumer\">11<\/span><\/a>\u00c9g er me\u00f0 \u00fe\u00e9r segir Drottinn til \u00feess a\u00f0 frelsa \u00feig. \u00c9g vil gj\u00f6rey\u00f0a \u00f6llum \u00feeim \u00fej\u00f3\u00f0um, sem \u00e9g hefi tv\u00edstra\u00f0 \u00fe\u00e9r \u00e1 me\u00f0al. \u00de\u00e9r einni vil \u00e9g ekki gj\u00f6rey\u00f0a, heldur vil \u00e9g hirta \u00feig \u00ed h\u00f3fi, en \u00e9g vil ekki l\u00e1ta \u00fe\u00e9r me\u00f0 \u00f6llu \u00f3hegnt.<a name=\"12\"><span class=\"versanumer\">12<\/span><\/a>Svo segir Drottinn: \u00c1verki \u00feinn er illkynja\u00f0ur, s\u00e1r \u00feitt \u00f3l\u00e6knandi.<a name=\"13\"><span class=\"versanumer\">13<\/span><\/a>Enginn tekur a\u00f0 s\u00e9r m\u00e1lefni \u00feitt, vi\u00f0 meininu er engin l\u00e6kning, engin smyrsl til handa \u00fe\u00e9r.<a name=\"14\"><span class=\"versanumer\">14<\/span><\/a>Allir \u00e1stmenn \u00fe\u00ednir hafa gleymt \u00fe\u00e9r, \u00feeir spyrja ekki eftir \u00fe\u00e9r, af \u00fev\u00ed a\u00f0 \u00e9g hefi losti\u00f0 \u00feig, eins og \u00f3vinur l\u00fdstur, me\u00f0 grimmilegri hirting, sakir fj\u00f6lda misgj\u00f6r\u00f0a \u00feinna, sakir \u00feess a\u00f0 syndir \u00fe\u00ednar eru margar.<a name=\"15\"><span class=\"versanumer\">15<\/span><\/a>Hv\u00ed \u00e6pir \u00fe\u00fa af \u00e1verka \u00fe\u00ednum, af \u00feinni \u00f3l\u00e6knandi kv\u00f6l? Sakir fj\u00f6lda misgj\u00f6r\u00f0a \u00feinna, sakir \u00feess a\u00f0 syndir \u00fe\u00ednar eru margar, hefi \u00e9g gj\u00f6rt \u00fe\u00e9r \u00feetta.<a name=\"16\"><span class=\"versanumer\">16<\/span><\/a>Fyrir \u00fev\u00ed skulu allir \u00feeir, sem \u00feig eta, etnir ver\u00f0a, og allir \u00feeir, sem \u00fe\u00e9r \u00fer\u00f6ngva, herleiddir ver\u00f0a. Og \u00feeir, sem rupla \u00feig, skulu ver\u00f0a \u00f6\u00f0rum a\u00f0 herfangi, og alla \u00fe\u00e1, sem \u00feig r\u00e6na, mun \u00e9g framselja til r\u00e1ns.<a name=\"17\"><span class=\"versanumer\">17<\/span><\/a>\u00c9g mun l\u00e1ta koma hyldgan \u00e1 s\u00e1r \u00fe\u00edn og l\u00e6kna \u00feig af \u00e1verkum \u00fe\u00ednum segir Drottinn af \u00fev\u00ed a\u00f0 \u00feeir kalla \u00feig hina brottreknu, S\u00edon, sem enginn spyr eftir.<a name=\"18\"><span class=\"versanumer\">18<\/span><\/a>Svo segir Drottinn: Sj\u00e1, \u00e9g sn\u00fd vi\u00f0 h\u00f6gum Jakobs tjalda og miskunna mig yfir b\u00fasta\u00f0i hans, til \u00feess a\u00f0 borgin ver\u00f0i aftur reist \u00e1 h\u00e6\u00f0 sinni og aftur ver\u00f0i b\u00fai\u00f0 \u00ed h\u00f6llinni \u00e1 hennar vanasta\u00f0.<a name=\"19\"><span class=\"versanumer\">19<\/span><\/a>Og \u00fea\u00f0an skal hlj\u00f3ma \u00feakkargj\u00f6r\u00f0 og gle\u00f0ihlj\u00f3\u00f0, og \u00e9g l\u00e6t \u00feeim fj\u00f6lga og eigi f\u00e6kka, og \u00e9g gj\u00f6ri \u00fe\u00e1 vegsamlega, svo a\u00f0 \u00feeir s\u00e9u ekki lengur l\u00edtilsvirtir.<a name=\"20\"><span class=\"versanumer\">20<\/span><\/a>Synir hans skulu vera m\u00e9r sem \u00e1\u00f0ur, og s\u00f6fnu\u00f0ur hans skal vera grundvalla\u00f0ur frammi fyrir m\u00e9r, en allra k\u00fagara hans mun \u00e9g vitja.<a name=\"21\"><span class=\"versanumer\">21<\/span><\/a>H\u00f6f\u00f0ingi hans mun fr\u00e1 honum koma og drottnari hans fram ganga \u00far flokki hans. Og \u00e9g mun l\u00e1ta hann n\u00e1lgast mig, og hann mun koma til m\u00edn, \u00fev\u00ed a\u00f0 hver skyldi af sj\u00e1lfsd\u00e1\u00f0um h\u00e6tta l\u00edfi s\u00ednu \u00ed \u00fea\u00f0 a\u00f0 koma til m\u00edn? segir Drottinn.<a name=\"22\"><span class=\"versanumer\">22<\/span><\/a>Og \u00fe\u00e1 munu\u00f0 \u00fe\u00e9r vera m\u00edn \u00fej\u00f3\u00f0, og \u00e9g mun vera y\u00f0ar Gu\u00f0.<a name=\"23\"><span class=\"versanumer\">23<\/span><\/a>Sj\u00e1, stormur Drottins br\u00fdst fram rei\u00f0i og hvirfilbylur hann steypist yfir h\u00f6fu\u00f0 hinna \u00f3gu\u00f0legu.<a name=\"24\"><span class=\"versanumer\">24<\/span><\/a>Hinni brennandi rei\u00f0i Drottins linnir ekki fyrr en hann hefir framkv\u00e6mt fyrir\u00e6tlanir hjarta s\u00edns og komi\u00f0 \u00feeim til vegar. S\u00ed\u00f0ar meir munu\u00f0 \u00fe\u00e9r skilja \u00fea\u00f0.<\/p>\n<div class=\"footnote1981\"><b>30.2<\/b> \u00cd b\u00f3k Jer 36.2; 51.60<br \/>\n<b>30.3<\/b> Endurreisn \u00cdsraels Jer 29.14+ ; sbr Jer 3.11-18 \u2013 lei\u00f0a aftur til lansins &#8230; Jer 32.27; Sak 10.10; sbr Jer 23.3+<br \/>\n<b>30.5<\/b> Angistar\u00f3p Jer 8.15<br \/>\n<b>30.6<\/b> Spyrji\u00f0 Jer 18.13 \u2013 kona me\u00f0 j\u00f3\u00f0s\u00f3tt Jer 4.31+ ; J\u00f3h 16.21<br \/>\n<b>30.7<\/b> Dagur Drottins Jl 1.15 \u2013 engum \u00f6\u00f0rum l\u00edkur Dan 12.1; Opb 16.18 \u2013 \u00ferengingat\u00ed\u00f0 Jer 14.8<br \/>\n<b>30.8<\/b> Brj\u00f3ta ok, sl\u00edta hlekki Jer 2.20; 28.11; 3M\u00f3s 26.13; Jes 14.25; Esk 34.27; Slm 107.14 \u2013 Drottinn endurleysir Jes 10.27; Nah 1.13<br \/>\n<b>30.9<\/b> \u00dej\u00f3na Drottni 2M\u00f3s 3.12; L\u00fak 1.74 \u2013 Dav\u00ed\u00f0 konungur Jer 23.5-6; Esk 37.24; H\u00f3s 3.5<br \/>\n<b>30.10-11<\/b> sbr Jer 46.27-28<br \/>\n<b>30.10<\/b> \u00d3ttastu ekki Jes 44.2 \u2013 ekki hugfallast Jer 1.17 \u2013 bjarga \u00fe\u00e9r Jer 42.11 \u2013 \u00f3hultur M\u00edk 4.4; Sef 3.13<br \/>\n<b>30.11<\/b> Me\u00f0 \u00fe\u00e9r Jer 1.8+ &#8211; dreif\u00f0i Jer 9.15 \u2013 ekki ey\u00f0a Jer 4.27+ &#8211; ekki \u00f3hengt 2M\u00f3s 34.7; 4M\u00f3s 14.18<br \/>\n<b>30.12<\/b> \u00d3l\u00e6knandi Jer 10.19+ ; Nah 3.19<br \/>\n<b>30.13<\/b> Engin b\u00f3t Jer 46.11<br \/>\n<b>30.14<\/b> Vinir \u00fe\u00ednir Jer 4.30+ &#8211; gleyma \u00fe\u00e9r Hlj 1.2,18 \u2013 Gu\u00f0 sem fjandma\u00f0ur Job 19.11 \u2013 mikil sekt Jer 7.12; 22.22<br \/>\n<b>30.16<\/b> Sem gleyptu \u00feig Jer 10.25 \u2013 gleyptir ver\u00f0a Jes 20.4; Nah 3.10 \u2013 r\u00e1nsmenn r\u00e6ndir Nah 2.11; sbr Jes 33.1+<br \/>\n<b>30.17<\/b> L\u00e6kning Jer 33.6<br \/>\n<b>30.18<\/b> Sn\u00fd vi\u00f0 h\u00f6gum Jer 29.14+<br \/>\n<b>30.19<\/b> Frj\u00f3semi Jer 3.16+ ; 3M\u00f3s 26.9; Esk 36.11,37; 37.26<br \/>\n<b>30.20<\/b> Sem for\u00f0um Jes 1.26 \u2013 draga k\u00fagara til \u00e1byrg\u00f0ar Jer 25.12<br \/>\n<b>31.21<\/b> Af \u00e6tt hans 5M\u00f3s 17.15; sbr Sak 10.4 \u2013 n\u00e1lgast Drottin 3M\u00f3s 9.5-9; 4M\u00f3s 8.19 \u2013 h\u00e6tta l\u00edfi s\u00ednu 2M\u00f3s 33.20; D\u00f3m 6.22-23; 13.22; Jes 6.5<br \/>\n<b>30.22<\/b> M\u00edn \u00fej\u00f3\u00f0, y\u00f0ar Gu\u00f0 Jer 7.23+<br \/>\n<b>30.23-24<\/b> Stormur Jer 23.19-20; 25.32 \u2013 s\u00ed\u00f0ar J\u00f3h 13.7<\/div>\n","protected":false},"excerpt":{"rendered":"<p>1Or\u00f0i\u00f0 sem kom til Jerem\u00eda fr\u00e1 Drottni:2Svo segir Drottinn, \u00cdsraels Gu\u00f0: Skrifa \u00fe\u00fa \u00f6ll \u00feau or\u00f0, er \u00e9g hefi til \u00fe\u00edn tala\u00f0, \u00ed b\u00f3k.3\u00dev\u00ed sj\u00e1, \u00feeir dagar munu koma segir Drottinn a\u00f0 \u00e9g mun sn\u00faa vi\u00f0 hag l\u00fd\u00f0s m\u00edns, \u00cdsraels og J\u00fada segir Drottinn og l\u00e1ta \u00fe\u00e1 hverfa aftur til \u00feess lands, sem \u00e9g gaf fe\u00f0rum \u00feeirra, og \u00feeir skulu taka \u00fea\u00f0 til eignar.4\u00deessi eru or\u00f0in, sem Drottinn tala\u00f0i um \u00cdsrael og J\u00fada.5Svo segir Drottinn: Hr\u00e6\u00f0slu\u00f3p heyrum v\u00e9r, \u00f3tti er \u00e1 fer\u00f0um, en engin heill!6Spyrji\u00f0 um og g\u00e6ti\u00f0 a\u00f0, hvort karlma\u00f0ur ali barn! Hvers vegna s\u00e9 \u00e9g \u00fe\u00e1 alla menn <a href=\"https:\/\/biblian.is\/1981\/jeremia-30-kafli\/\"> [&#8230;]<\/a><\/p>\n","protected":false},"author":1,"featured_media":0,"parent":0,"menu_order":0,"comment_status":"open","ping_status":"open","template":"bibliukaflar.php","meta":{"footnotes":""},"class_list":["post-2122","page","type-page","status-publish","hentry"],"_links":{"self":[{"href":"https:\/\/biblian.is\/1981\/wp-json\/wp\/v2\/pages\/2122","targetHints":{"allow":["GET"]}}],"collection":[{"href":"https:\/\/biblian.is\/1981\/wp-json\/wp\/v2\/pages"}],"about":[{"href":"https:\/\/biblian.is\/1981\/wp-json\/wp\/v2\/types\/page"}],"author":[{"embeddable":true,"href":"https:\/\/biblian.is\/1981\/wp-json\/wp\/v2\/users\/1"}],"replies":[{"embeddable":true,"href":"https:\/\/biblian.is\/1981\/wp-json\/wp\/v2\/comments?post=2122"}],"version-history":[{"count":0,"href":"https:\/\/biblian.is\/1981\/wp-json\/wp\/v2\/pages\/2122\/revisions"}],"wp:attachment":[{"href":"https:\/\/biblian.is\/1981\/wp-json\/wp\/v2\/media?parent=2122"}],"curies":[{"name":"wp","href":"https:\/\/api.w.org\/{rel}","templated":true}]}}