{"id":2121,"date":"2017-11-18T20:20:14","date_gmt":"2017-11-18T20:20:14","guid":{"rendered":"http:\/\/biblian.is\/1981\/jeremia-29-kafli\/"},"modified":"2017-11-18T20:20:14","modified_gmt":"2017-11-18T20:20:14","slug":"jeremia-29-kafli","status":"publish","type":"page","link":"https:\/\/biblian.is\/1981\/jeremia-29-kafli\/","title":{"rendered":"Jerem\u00eda 29. kafli"},"content":{"rendered":"<p><a name=\"1\"><span class=\"versanumer\">1<\/span><\/a>\u00deessi eru or\u00f0 br\u00e9fsins, sem Jerem\u00eda sp\u00e1ma\u00f0ur sendi fr\u00e1 Jer\u00fasalem til \u00f6ldunga hinna herleiddu og til prestanna og til sp\u00e1mannanna og til alls l\u00fd\u00f0sins, sem Neb\u00fakadnesar haf\u00f0i herleitt fr\u00e1 Jer\u00fasalem til Bab\u00fdlon<a name=\"2\"><span class=\"versanumer\">2<\/span><\/a>eftir a\u00f0 Jekonja konungur og konungsm\u00f3\u00f0ir og hir\u00f0mennirnir, h\u00f6f\u00f0ingjar J\u00fada og Jer\u00fasalem, og tr\u00e9smi\u00f0irnir og j\u00e1rnsmi\u00f0irnir voru farnir burt \u00far Jer\u00fasalem ,<a name=\"3\"><span class=\"versanumer\">3<\/span><\/a>me\u00f0 Elasa Safanssyni og Gemar\u00eda Hilk\u00edasyni, sem Sedek\u00eda J\u00fadakonungur sendi til Neb\u00fakadnesars Babelkonungs til Bab\u00fdlon:<a name=\"4\"><span class=\"versanumer\">4<\/span><\/a>Svo segir Drottinn allsherjar, \u00cdsraels Gu\u00f0, \u00f6llum hinum herleiddu, \u00feeim er \u00e9g herleiddi fr\u00e1 Jer\u00fasalem til Bab\u00fdlon:<a name=\"5\"><span class=\"versanumer\">5<\/span><\/a>Reisi\u00f0 h\u00fas og b\u00fai\u00f0 \u00ed \u00feeim, planti\u00f0 gar\u00f0a og eti\u00f0 \u00e1v\u00f6xtu \u00feeirra.<a name=\"6\"><span class=\"versanumer\">6<\/span><\/a>Taki\u00f0 y\u00f0ur konur og geti\u00f0 sonu og d\u00e6tur, og taki\u00f0 sonum y\u00f0ar konur og gifti\u00f0 d\u00e6tur y\u00f0ar, til \u00feess a\u00f0 \u00fe\u00e6r megi f\u00e6\u00f0a sonu og d\u00e6tur og y\u00f0ur fj\u00f6lgi \u00fear, en f\u00e6kki ekki.<a name=\"7\"><span class=\"versanumer\">7<\/span><\/a>L\u00e1ti\u00f0 y\u00f0ur umhuga\u00f0 um heill borgarinnar, sem \u00e9g herleiddi y\u00f0ur til, og bi\u00f0ji\u00f0 til Drottins fyrir henni, \u00fev\u00ed a\u00f0 heill hennar er heill sj\u00e1lfra y\u00f0ar.<a name=\"8\"><span class=\"versanumer\">8<\/span><\/a>\u00dev\u00ed a\u00f0 svo segir Drottinn allsherjar, \u00cdsraels Gu\u00f0: L\u00e1ti\u00f0 eigi sp\u00e1menn y\u00f0ar, sem me\u00f0al y\u00f0ar eru, n\u00e9 sp\u00e1sagnamenn y\u00f0ar t\u00e6la y\u00f0ur, og tr\u00fai\u00f0 ekki \u00e1 drauma y\u00f0ar, sem y\u00f0ur dreymir.<a name=\"9\"><span class=\"versanumer\">9<\/span><\/a>\u00dev\u00ed a\u00f0 \u00feeir sp\u00e1 y\u00f0ur ranglega \u00ed m\u00ednu nafni, \u00e9g hefi ekki sent \u00fe\u00e1! segir Drottinn.<a name=\"10\"><span class=\"versanumer\">10<\/span><\/a>Svo segir Drottinn: \u00deegar sj\u00f6t\u00edu \u00e1r eru umli\u00f0in fyrir Bab\u00fdlon, mun \u00e9g vitja y\u00f0ar og efna vi\u00f0 y\u00f0ur fyrirheit mitt a\u00f0 flytja y\u00f0ur aftur \u00e1 \u00feennan sta\u00f0.<a name=\"11\"><span class=\"versanumer\">11<\/span><\/a>\u00dev\u00ed a\u00f0 \u00e9g \u00feekki \u00fe\u00e6r fyrir\u00e6tlanir, sem \u00e9g hefi \u00ed hyggju me\u00f0 y\u00f0ur segir Drottinn fyrir\u00e6tlanir til heilla, en ekki til \u00f3hamingju, a\u00f0 veita y\u00f0ur vonarr\u00edka framt\u00ed\u00f0.<a name=\"12\"><span class=\"versanumer\">12<\/span><\/a>\u00de\u00e1 munu\u00f0 \u00fe\u00e9r \u00e1kalla mig og fara og bi\u00f0ja til m\u00edn, og \u00e9g mun b\u00e6nheyra y\u00f0ur.<a name=\"13\"><span class=\"versanumer\">13<\/span><\/a>Og \u00fe\u00e9r munu\u00f0 leita m\u00edn og finna mig. \u00deegar \u00fe\u00e9r leiti\u00f0 m\u00edn af \u00f6llu hjarta,<a name=\"14\"><span class=\"versanumer\">14<\/span><\/a>vil \u00e9g l\u00e1ta y\u00f0ur finna mig segir Drottinn og sn\u00faa vi\u00f0 h\u00f6gum y\u00f0ar og safna y\u00f0ur saman fr\u00e1 \u00f6llum \u00fej\u00f3\u00f0um og \u00far \u00f6llum \u00feeim st\u00f6\u00f0um, \u00feanga\u00f0 sem \u00e9g hefi reki\u00f0 y\u00f0ur segir Drottinn og flytja y\u00f0ur aftur \u00e1 \u00feann sta\u00f0, \u00fea\u00f0an sem \u00e9g herleiddi y\u00f0ur.<a name=\"15\"><span class=\"versanumer\">15<\/span><\/a>\u00de\u00e9r segi\u00f0: Drottinn hefir vaki\u00f0 oss upp sp\u00e1menn \u00ed Bab\u00fdlon.<a name=\"16\"><span class=\"versanumer\">16<\/span><\/a>Svo segir Drottinn um konunginn, sem situr \u00ed h\u00e1s\u00e6ti Dav\u00ed\u00f0s, og um allan l\u00fd\u00f0inn, sem b\u00fdr \u00ed \u00feessari borg, br\u00e6\u00f0ur y\u00f0ar, sem ekki voru herleiddir me\u00f0 y\u00f0ur<a name=\"17\"><span class=\"versanumer\">17<\/span><\/a>svo segir Drottinn allsherjar: Sj\u00e1, \u00e9g sendi yfir \u00fe\u00e1 sver\u00f0, hungur og dreps\u00f3tt og gj\u00f6ri \u00fe\u00e1 eins og vi\u00f0bj\u00f3\u00f0slegar f\u00edkjur, sem eru svo vondar, a\u00f0 \u00fe\u00e6r eru ekki \u00e6tar,<a name=\"18\"><span class=\"versanumer\">18<\/span><\/a>og \u00e9g elti \u00fe\u00e1 me\u00f0 sver\u00f0i, hungri og dreps\u00f3tt og gj\u00f6ri \u00fe\u00e1 a\u00f0 gr\u00fdlu \u00f6llum konungsr\u00edkjum jar\u00f0ar, a\u00f0 form\u00e6ling, a\u00f0 skelfing, a\u00f0 spotti og h\u00e1\u00f0ung me\u00f0al allra \u00fej\u00f3\u00f0a, \u00feanga\u00f0 sem \u00e9g rek \u00fe\u00e1,<a name=\"19\"><span class=\"versanumer\">19<\/span><\/a>fyrir \u00fea\u00f0 a\u00f0 \u00feeir hl\u00fdddu ekki or\u00f0um m\u00ednum segir Drottinn er \u00e9g hefi \u00f3afl\u00e1tanlega sent \u00fej\u00f3na m\u00edna, sp\u00e1mennina, me\u00f0 til \u00feeirra, en \u00fe\u00e9r heyr\u00f0u\u00f0 ekki segir Drottinn.<a name=\"20\"><span class=\"versanumer\">20<\/span><\/a>En heyri\u00f0 \u00fe\u00e9r or\u00f0 Drottins, allir \u00fe\u00e9r hinir herleiddu, er \u00e9g hefi sent fr\u00e1 Jer\u00fasalem til Bab\u00fdlon.<a name=\"21\"><span class=\"versanumer\">21<\/span><\/a>Svo segir Drottinn allsherjar, \u00cdsraels Gu\u00f0, um Ahab K\u00f3lajason og um Sedek\u00eda Maasejason, sem bo\u00f0a y\u00f0ur lygar \u00ed m\u00ednu nafni: Sj\u00e1, \u00e9g gef \u00fe\u00e1 Neb\u00fakadresar Babelkonungi \u00e1 vald, og hann mun l\u00e1ta drepa \u00fe\u00e1 fyrir augum y\u00f0ar.<a name=\"22\"><span class=\"versanumer\">22<\/span><\/a>Og \u00feeir munu ver\u00f0a b\u00f6lb\u00e6nar-form\u00e1li fyrir alla hina herleiddu \u00far J\u00fada, sem eru \u00ed Bab\u00fdlon, svo a\u00f0 menn kve\u00f0i svo a\u00f0 or\u00f0i: Drottinn fari me\u00f0 \u00feig eins og Sedek\u00eda og Ahab, sem Babelkonungur steikti \u00e1 eldi.<a name=\"23\"><span class=\"versanumer\">23<\/span><\/a>S\u00f6k \u00feeirra er, a\u00f0 \u00feeir fr\u00f6mdu \u00f3h\u00e6fuverk \u00ed \u00cdsrael og dr\u00fdg\u00f0u h\u00f3r me\u00f0 konum vina sinna og t\u00f6lu\u00f0u or\u00f0 \u00ed m\u00ednu nafni, er \u00e9g haf\u00f0i \u00feeim eigi um bo\u00f0i\u00f0, j\u00e1 \u00e9g \u00feekki \u00fea\u00f0 sj\u00e1lfur og er vottur a\u00f0 \u00fev\u00ed! segir Drottinn.<a name=\"24\"><span class=\"versanumer\">24<\/span><\/a>En vi\u00f0 Semaja fr\u00e1 Nehalam skalt \u00fe\u00fa segja \u00e1 \u00feessa lei\u00f0:<a name=\"25\"><span class=\"versanumer\">25<\/span><\/a>Svo segir Drottinn allsherjar, \u00cdsraels Gu\u00f0: \u00de\u00fa hefir sent br\u00e9f \u00ed \u00fe\u00ednu eigin nafni til alls l\u00fd\u00f0sins, sem er \u00ed Jer\u00fasalem, og til Sefan\u00eda Maasejasonar prests og til allra prestanna, \u00feess efnis:<a name=\"26\"><span class=\"versanumer\">26<\/span><\/a>Drottinn hefir sett \u00feig prest \u00ed sta\u00f0 J\u00f3jada prests, til \u00feess a\u00f0 \u00fe\u00fa hafir n\u00e1kv\u00e6mar g\u00e6tur \u00ed musteri Drottins \u00e1 \u00f6llum \u00f3\u00f0um m\u00f6nnum og \u00feeim, er sp\u00e1manns\u00e6\u00f0i er \u00e1, og setjir \u00fe\u00e1 \u00ed stokk og h\u00e1lsj\u00e1rn!<a name=\"27\"><span class=\"versanumer\">27<\/span><\/a>Hv\u00ed hefir \u00fe\u00fa \u00fe\u00e1 ekki \u00e1v\u00edta\u00f0 Jerem\u00eda fr\u00e1 Anat\u00f3t, sem h\u00e9r i\u00f0kar sp\u00e1d\u00f3ma?<a name=\"28\"><span class=\"versanumer\">28<\/span><\/a>\u00deannig hefir hann gj\u00f6rt oss svol\u00e1tandi or\u00f0sending til Bab\u00fdlon: \u00dea\u00f0 ver\u00f0ur langvinnt! Reisi\u00f0 h\u00fas og b\u00fai\u00f0 \u00ed \u00feeim og planti\u00f0 gar\u00f0a og eti\u00f0 \u00e1v\u00f6xtu \u00feeirra.<a name=\"29\"><span class=\"versanumer\">29<\/span><\/a>En Sefan\u00eda prestur las \u00feetta br\u00e9f upph\u00e1tt fyrir Jerem\u00eda sp\u00e1manni.<a name=\"30\"><span class=\"versanumer\">30<\/span><\/a>\u00de\u00e1 kom or\u00f0 Drottins til Jerem\u00eda, svo hlj\u00f3\u00f0andi:<a name=\"31\"><span class=\"versanumer\">31<\/span><\/a>Gj\u00f6r \u00f6llum hinum herleiddu svo hlj\u00f3\u00f0andi or\u00f0sending: Svo segir Drottinn um Semaja fr\u00e1 Nehalam: S\u00f6kum \u00feess a\u00f0 Semaja hefir sp\u00e1\u00f0 y\u00f0ur \u00e1n \u00feess a\u00f0 \u00e9g hafi sent hann og ginnt y\u00f0ur til \u00feess a\u00f0 rei\u00f0a y\u00f0ur \u00e1 lygar,<a name=\"32\"><span class=\"versanumer\">32<\/span><\/a>fyrir \u00fev\u00ed segir Drottinn svo: Sj\u00e1, \u00e9g mun hefna \u00feess \u00e1 Semaja fr\u00e1 Nehalam og ni\u00f0jum hans. Hann skal ekki eiga neinn ni\u00f0ja, sem b\u00fai me\u00f0al \u00feessarar \u00fej\u00f3\u00f0ar, og hann skal ekki f\u00e1 liti\u00f0 \u00feau g\u00e6\u00f0i, sem \u00e9g b\u00fd \u00fej\u00f3\u00f0 minni segir Drottinn \u00fev\u00ed a\u00f0 hann hefir pr\u00e9dika\u00f0 fr\u00e1hvarf fr\u00e1 Drottni.<\/p>\n<div class=\"footnote1981\"><b>29.1<\/b> Br\u00e9f sbr BJer \u2013 fyrsta herlei\u00f0ingin Jer 28.4; 52.28; 2Kon 24.15 \u2013 Neb\u00fakadnesar Jer 21.2+<br \/>\n<b>29.2<\/b> Jekonja og m\u00f3\u00f0ir hans Jer 22.24-27; sbr 13.18<br \/>\n<b>29.3<\/b> Sonur Safans Jer 26.24 \u2013 Hilk\u00eda 2Kon 22.4-20<br \/>\n<b>29.6<\/b> Frj\u00f3semi Jer 30.19; 1M\u00f3s 1.28; 9.1-7<br \/>\n<b>29.7<\/b> Hags\u00e6ld borgarinnar Esr 6.10; Bar 1.11; 1T\u00edm2.1-2<br \/>\n<b>29.8<\/b> L\u00e1ti\u00f0 ekki blekkjast Matt 7.15<br \/>\n<b>29.9<\/b> Bo\u00f0a lygi, ekki sendir Jer 14.14+<br \/>\n<b>29.10<\/b> Sj\u00f6t\u00edu \u00e1r Jer 25.11+ &#8211; \u00e9g vitja Jer 27.22+ ; sbr 23.2 \u2013 standa vi\u00f0 heit mitt Jer 33.14<br \/>\n<b>29.11<\/b> Fyrir\u00e6tlanir Jer 24.5 \u2013 framt\u00ed\u00f0 Jer 31.17<br \/>\n<b>29.12<\/b> \u00c1kalli\u00f0 mig Jer 33.3<br \/>\n<b>29.13<\/b> Leita og finna 5M\u00f3s 4.29; Jes 55.6; 2Kro 15.4; SSal 6.13<br \/>\n<b>29.14<\/b> Endurreisn Jer 30.3,18; 31.23; 32.44; 33.7,11,26; Jl 4.1; Hlj 2.14; sbr H\u00f3s 6.11+ ; Jer 12.15+ &#8211; safna saman Jer 23.3+<br \/>\n<b>29.16<\/b> \u00datlagarnir og \u00feau sem eftir ur\u00f0u Jer 24.3-10<br \/>\n<b>29.17<\/b> Sver\u00f0 &#8230; Jer 14.12+ &#8211; \u00f3\u00e6tar Jer 24.2<br \/>\n<b>29.18<\/b> Valda skelfingu Jer 34.17 \u2013 form\u00e6ling Jer 24.9+ ; 26.6; 42.18 \u2013 skelfing og spott Jer 18.16+<br \/>\n<b>29.19<\/b> \u00dej\u00f3nar m\u00ednir Jer 7.25+<br \/>\n<b>29.22<\/b> N\u00f6fn \u00feeirra notu\u00f0 til b\u00f6lb\u00e6na Jes 65.15<br \/>\n<b>29.23<\/b> Lygissp\u00e1menn Jer 23.9-40 \u2013 \u00f3h\u00e6fuverk \u00ed \u00cdsrael 1M\u00f3s 34.7; 5M\u00f3s 22.21; J\u00f3s 7.15; D\u00f3m 20.6; 2Sam 13.12 \u2013 h\u00f3rkarlar Jer 9.1+ &#8211; Drottinn veit Jer 15.15<br \/>\n<b>29.25<\/b> Sefan\u00eda Jer 21.1+<br \/>\n<b>29.26<\/b> \u00cd stokk Jer 20.2<br \/>\n<b>29.31<\/b> Ekki sendur Jer 29.9; 14.14+ &#8211; lygar Jer 13.25+<br \/>\n<b>29.32<\/b> Frahvarf Jer 28.16<\/div>\n","protected":false},"excerpt":{"rendered":"<p>1\u00deessi eru or\u00f0 br\u00e9fsins, sem Jerem\u00eda sp\u00e1ma\u00f0ur sendi fr\u00e1 Jer\u00fasalem til \u00f6ldunga hinna herleiddu og til prestanna og til sp\u00e1mannanna og til alls l\u00fd\u00f0sins, sem Neb\u00fakadnesar haf\u00f0i herleitt fr\u00e1 Jer\u00fasalem til Bab\u00fdlon2eftir a\u00f0 Jekonja konungur og konungsm\u00f3\u00f0ir og hir\u00f0mennirnir, h\u00f6f\u00f0ingjar J\u00fada og Jer\u00fasalem, og tr\u00e9smi\u00f0irnir og j\u00e1rnsmi\u00f0irnir voru farnir burt \u00far Jer\u00fasalem ,3me\u00f0 Elasa Safanssyni og Gemar\u00eda Hilk\u00edasyni, sem Sedek\u00eda J\u00fadakonungur sendi til Neb\u00fakadnesars Babelkonungs til Bab\u00fdlon:4Svo segir Drottinn allsherjar, \u00cdsraels Gu\u00f0, \u00f6llum hinum herleiddu, \u00feeim er \u00e9g herleiddi fr\u00e1 Jer\u00fasalem til Bab\u00fdlon:5Reisi\u00f0 h\u00fas og b\u00fai\u00f0 \u00ed \u00feeim, planti\u00f0 gar\u00f0a og eti\u00f0 \u00e1v\u00f6xtu \u00feeirra.6Taki\u00f0 y\u00f0ur konur og geti\u00f0 sonu og <a href=\"https:\/\/biblian.is\/1981\/jeremia-29-kafli\/\"> [&#8230;]<\/a><\/p>\n","protected":false},"author":1,"featured_media":0,"parent":0,"menu_order":0,"comment_status":"open","ping_status":"open","template":"bibliukaflar.php","meta":{"footnotes":""},"class_list":["post-2121","page","type-page","status-publish","hentry"],"_links":{"self":[{"href":"https:\/\/biblian.is\/1981\/wp-json\/wp\/v2\/pages\/2121","targetHints":{"allow":["GET"]}}],"collection":[{"href":"https:\/\/biblian.is\/1981\/wp-json\/wp\/v2\/pages"}],"about":[{"href":"https:\/\/biblian.is\/1981\/wp-json\/wp\/v2\/types\/page"}],"author":[{"embeddable":true,"href":"https:\/\/biblian.is\/1981\/wp-json\/wp\/v2\/users\/1"}],"replies":[{"embeddable":true,"href":"https:\/\/biblian.is\/1981\/wp-json\/wp\/v2\/comments?post=2121"}],"version-history":[{"count":0,"href":"https:\/\/biblian.is\/1981\/wp-json\/wp\/v2\/pages\/2121\/revisions"}],"wp:attachment":[{"href":"https:\/\/biblian.is\/1981\/wp-json\/wp\/v2\/media?parent=2121"}],"curies":[{"name":"wp","href":"https:\/\/api.w.org\/{rel}","templated":true}]}}