{"id":2120,"date":"2017-11-18T20:20:14","date_gmt":"2017-11-18T20:20:14","guid":{"rendered":"http:\/\/biblian.is\/1981\/jeremia-28-kafli\/"},"modified":"2017-11-18T20:20:14","modified_gmt":"2017-11-18T20:20:14","slug":"jeremia-28-kafli","status":"publish","type":"page","link":"https:\/\/biblian.is\/1981\/jeremia-28-kafli\/","title":{"rendered":"Jerem\u00eda 28. kafli"},"content":{"rendered":"<p><a name=\"1\"><span class=\"versanumer\">1<\/span><\/a>\u00deetta \u00e1r \u00ed upphafi r\u00edkisstj\u00f3rnar Sedek\u00eda konungs \u00ed J\u00fada, fj\u00f3r\u00f0a \u00e1ri\u00f0, \u00ed fimmta m\u00e1nu\u00f0inum sag\u00f0i Hananja sp\u00e1ma\u00f0ur Ass\u00farsson fr\u00e1 G\u00edbeon vi\u00f0 mig \u00ed musteri Drottins \u00ed vi\u00f0urvist prestanna og alls l\u00fd\u00f0sins:<a name=\"2\"><span class=\"versanumer\">2<\/span><\/a>Svo segir Drottinn allsherjar, \u00cdsraels Gu\u00f0: \u00c9g br\u00fdt sundur ok Babelkonungs!<a name=\"3\"><span class=\"versanumer\">3<\/span><\/a>\u00c1\u00f0ur en tv\u00f6 \u00e1r eru li\u00f0in, flyt \u00e9g aftur \u00e1 \u00feennan sta\u00f0 \u00f6ll \u00e1h\u00f6ldin \u00far musteri Drottins, \u00feau er Neb\u00fakadnesar Babelkonungur t\u00f3k \u00e1 \u00feessum sta\u00f0 og flutti til Bab\u00fdlon.<a name=\"4\"><span class=\"versanumer\">4<\/span><\/a>Jekonja J\u00f3jak\u00edmsson, J\u00fadakonung, og alla hina herleiddu \u00far J\u00fada, \u00fe\u00e1 er komnir eru til Bab\u00fdlon, flyt \u00e9g og aftur \u00e1 \u00feennan sta\u00f0 segir Drottinn \u00fev\u00ed a\u00f0 \u00e9g br\u00fdt sundur ok Babelkonungs!<a name=\"5\"><span class=\"versanumer\">5<\/span><\/a>\u00de\u00e1 tala\u00f0i Jerem\u00eda sp\u00e1ma\u00f0ur til Hananja sp\u00e1manns \u00ed vi\u00f0urvist prestanna og alls l\u00fd\u00f0sins, sem st\u00f3\u00f0 \u00ed musteri Drottins,<a name=\"6\"><span class=\"versanumer\">6<\/span><\/a>og Jerem\u00eda sp\u00e1ma\u00f0ur m\u00e6lti: Ver\u00f0i svo! Drottinn gj\u00f6ri \u00fea\u00f0! Drottinn l\u00e1ti or\u00f0 \u00fe\u00edn, er \u00fe\u00fa hefir sp\u00e1\u00f0, r\u00e6tast, svo a\u00f0 hann flytji aftur fr\u00e1 Bab\u00fdlon \u00e1 \u00feennan sta\u00f0 \u00e1h\u00f6ldin \u00far musteri Drottins og alla hina herleiddu!<a name=\"7\"><span class=\"versanumer\">7<\/span><\/a>En heyr \u00feessi or\u00f0, sem \u00e9g kunngj\u00f6ri \u00fe\u00e9r og \u00f6llum l\u00fd\u00f0num:<a name=\"8\"><span class=\"versanumer\">8<\/span><\/a>\u00deeir sp\u00e1menn, sem komi\u00f0 hafa fram \u00e1 undan m\u00e9r og \u00e1 undan \u00fe\u00e9r fr\u00e1 alda \u00f6\u00f0li, \u00feeir sp\u00e1\u00f0u voldugum l\u00f6ndum og st\u00f3rum konungsr\u00edkjum \u00f3fri\u00f0i, \u00f3hamingju og dreps\u00f3tt.<a name=\"9\"><span class=\"versanumer\">9<\/span><\/a>En s\u00e1 sp\u00e1ma\u00f0ur, sem sp\u00e1ir heill, ef or\u00f0 hans r\u00e6tast, \u00fe\u00e1 \u00feekkist \u00e1 \u00fev\u00ed s\u00e1 sp\u00e1ma\u00f0ur, er Drottinn hefir sannarlega sent.<a name=\"10\"><span class=\"versanumer\">10<\/span><\/a>\u00de\u00e1 t\u00f3k Hananja sp\u00e1ma\u00f0ur oki\u00f0 af h\u00e1lsi Jerem\u00eda sp\u00e1manns og braut \u00fea\u00f0 sundur.<a name=\"11\"><span class=\"versanumer\">11<\/span><\/a>S\u00ed\u00f0an m\u00e6lti Hananja \u00ed vi\u00f0urvist alls l\u00fd\u00f0sins \u00e1 \u00feessa lei\u00f0: Svo segir Drottinn: Eins skal \u00e9g sundurbrj\u00f3ta ok Neb\u00fakadnesars Babelkonungs \u00e1\u00f0ur tv\u00f6 \u00e1r eru li\u00f0in af h\u00e1lsi allra \u00fej\u00f3\u00f0a! En Jerem\u00eda sp\u00e1ma\u00f0ur f\u00f3r lei\u00f0ar sinnar.<a name=\"12\"><span class=\"versanumer\">12<\/span><\/a>En or\u00f0 Drottins kom til Jerem\u00eda, eftir a\u00f0 Hananja sp\u00e1ma\u00f0ur haf\u00f0i sundurbroti\u00f0 oki\u00f0 af h\u00e1lsi Jerem\u00eda sp\u00e1manns:<a name=\"13\"><span class=\"versanumer\">13<\/span><\/a>Far og seg vi\u00f0 Hananja: Svo segir Drottinn: Tr\u00e9-ok hefir \u00fe\u00fa sundurbroti\u00f0, en \u00e9g vil \u00ed \u00feess sta\u00f0 gj\u00f6ra j\u00e1rn-ok!<a name=\"14\"><span class=\"versanumer\">14<\/span><\/a>\u00dev\u00ed a\u00f0 svo segir Drottinn allsherjar, \u00cdsraels Gu\u00f0: J\u00e1rnok legg \u00e9g \u00e1 h\u00e1ls allra \u00feessara \u00fej\u00f3\u00f0a, til \u00feess a\u00f0 \u00fe\u00e6r ver\u00f0i \u00feegnskyldar Neb\u00fakadnesar Babelkonungi og \u00fej\u00f3ni honum, j\u00e1, jafnvel d\u00fdr merkurinnar gef \u00e9g honum.<a name=\"15\"><span class=\"versanumer\">15<\/span><\/a>\u00de\u00e1 sag\u00f0i Jerem\u00eda sp\u00e1ma\u00f0ur vi\u00f0 Hananja sp\u00e1mann: Heyr \u00fe\u00fa, Hananja! Drottinn hefir ekki sent \u00feig, og \u00fe\u00f3 hefir \u00fe\u00fa ginnt l\u00fd\u00f0 \u00feennan til a\u00f0 rei\u00f0a sig \u00e1 lygar!<a name=\"16\"><span class=\"versanumer\">16<\/span><\/a>Fyrir \u00fev\u00ed segir Drottinn svo: Sj\u00e1, \u00e9g kippi \u00fe\u00e9r burt af j\u00f6r\u00f0inni. \u00c1 \u00feessu \u00e1ri skalt \u00fe\u00fa deyja, \u00fev\u00ed a\u00f0 \u00fe\u00fa hefir pr\u00e9dika\u00f0 fr\u00e1hvarf fr\u00e1 Drottni.<a name=\"17\"><span class=\"versanumer\">17<\/span><\/a>Og Hananja sp\u00e1ma\u00f0ur d\u00f3 \u00feetta \u00e1r, \u00ed sj\u00f6unda m\u00e1nu\u00f0inum.<\/p>\n<div class=\"footnote1981\"><b>28.1<\/b> Sedek\u00eda Jer 1.3+ &#8211; fj\u00f3r\u00f0a \u00e1ri\u00f0 Jer 51.59<br \/>\n<b>28.2<\/b> Ok konungsins \u00ed Bab\u00fdlon Jer 27.8+<br \/>\n<b>28.3<\/b> Ker Jer 27.19-22; 2Kon 24.13<br \/>\n<b>28.4<\/b> Jekonja Jer 22.24+ &#8211; \u00fatlagar 2Kon 24.12,14-16<br \/>\n<b>28.5<\/b> Jerem\u00eda svarar Jer 28.12; 42.7-8; sbr Matt 10.19<br \/>\n<b>28.6<\/b> Vill ekki sp\u00e1 h\u00f6rmungum Jer 17.16; 20.8 \u2013 vonandi&#8230; 1Kon 1.36<br \/>\n<b>28.8<\/b> Fyrri sp\u00e1menn Jer 26.18; sbr Am 1.3-2.3; Jes 13-23 \u2013 str\u00ed\u00f0, b\u00f6l sbr Jer 14.12+<br \/>\n<b>28.9<\/b> \u00cd nafni Drottins 5M\u00f3s 18.22<br \/>\n<b>28.14<\/b> J\u00e1rnok 5M\u00f3s 28.48<br \/>\n<b>28.15<\/b> Ekki fr\u00e1 Drottni Jer 14.14+ &#8211; lygi Jer 13.25+<br \/>\n<b>28.16<\/b> Fr\u00e1hvarf Jer 29.32; 5M\u00f3s 13.5<\/div>\n","protected":false},"excerpt":{"rendered":"<p>1\u00deetta \u00e1r \u00ed upphafi r\u00edkisstj\u00f3rnar Sedek\u00eda konungs \u00ed J\u00fada, fj\u00f3r\u00f0a \u00e1ri\u00f0, \u00ed fimmta m\u00e1nu\u00f0inum sag\u00f0i Hananja sp\u00e1ma\u00f0ur Ass\u00farsson fr\u00e1 G\u00edbeon vi\u00f0 mig \u00ed musteri Drottins \u00ed vi\u00f0urvist prestanna og alls l\u00fd\u00f0sins:2Svo segir Drottinn allsherjar, \u00cdsraels Gu\u00f0: \u00c9g br\u00fdt sundur ok Babelkonungs!3\u00c1\u00f0ur en tv\u00f6 \u00e1r eru li\u00f0in, flyt \u00e9g aftur \u00e1 \u00feennan sta\u00f0 \u00f6ll \u00e1h\u00f6ldin \u00far musteri Drottins, \u00feau er Neb\u00fakadnesar Babelkonungur t\u00f3k \u00e1 \u00feessum sta\u00f0 og flutti til Bab\u00fdlon.4Jekonja J\u00f3jak\u00edmsson, J\u00fadakonung, og alla hina herleiddu \u00far J\u00fada, \u00fe\u00e1 er komnir eru til Bab\u00fdlon, flyt \u00e9g og aftur \u00e1 \u00feennan sta\u00f0 segir Drottinn \u00fev\u00ed a\u00f0 \u00e9g br\u00fdt sundur ok Babelkonungs!5\u00de\u00e1 tala\u00f0i <a href=\"https:\/\/biblian.is\/1981\/jeremia-28-kafli\/\"> [&#8230;]<\/a><\/p>\n","protected":false},"author":1,"featured_media":0,"parent":0,"menu_order":0,"comment_status":"open","ping_status":"open","template":"bibliukaflar.php","meta":{"footnotes":""},"class_list":["post-2120","page","type-page","status-publish","hentry"],"_links":{"self":[{"href":"https:\/\/biblian.is\/1981\/wp-json\/wp\/v2\/pages\/2120","targetHints":{"allow":["GET"]}}],"collection":[{"href":"https:\/\/biblian.is\/1981\/wp-json\/wp\/v2\/pages"}],"about":[{"href":"https:\/\/biblian.is\/1981\/wp-json\/wp\/v2\/types\/page"}],"author":[{"embeddable":true,"href":"https:\/\/biblian.is\/1981\/wp-json\/wp\/v2\/users\/1"}],"replies":[{"embeddable":true,"href":"https:\/\/biblian.is\/1981\/wp-json\/wp\/v2\/comments?post=2120"}],"version-history":[{"count":0,"href":"https:\/\/biblian.is\/1981\/wp-json\/wp\/v2\/pages\/2120\/revisions"}],"wp:attachment":[{"href":"https:\/\/biblian.is\/1981\/wp-json\/wp\/v2\/media?parent=2120"}],"curies":[{"name":"wp","href":"https:\/\/api.w.org\/{rel}","templated":true}]}}